{"id":18360,"date":"2023-06-19T10:29:41","date_gmt":"2023-06-19T08:29:41","guid":{"rendered":"http:\/\/cedrat-technologies.com\/produit\/actionneurs-transducteurs-et-moteurs-bases-sur-des-materiaux-magnetostrictifs-geants\/"},"modified":"2023-07-20T11:21:21","modified_gmt":"2023-07-20T09:21:21","slug":"actionneurs-transducteurs-et-moteurs-bases-sur-des-materiaux-magnetostrictifs-geants","status":"publish","type":"product","link":"https:\/\/cedrat-technologies.com\/fr\/produit\/actionneurs-transducteurs-et-moteurs-bases-sur-des-materiaux-magnetostrictifs-geants\/","title":{"rendered":"Actionneurs, transducteurs et moteurs bas\u00e9s sur des mat\u00e9riaux magn\u00e9tostrictifs g\u00e9ants"},"content":{"rendered":"","protected":false},"excerpt":{"rendered":"<p>Les alliages magn\u00e9tostrictifs terres rares-fer, en particulier le Terfenol-D, pr\u00e9sentent des d\u00e9formations magn\u00e9tiques \u00ab\u00a0g\u00e9antes\u00a0\u00bb : des d\u00e9formations statiques de 1000-2000 ppm et des d\u00e9formations dynamiques de 3500 ppm ont \u00e9t\u00e9 rapport\u00e9es.<\/p>\n","protected":false},"featured_media":14760,"comment_status":"closed","ping_status":"open","template":"","meta":{"_acf_changed":false,"_seopress_robots_primary_cat":"none","_seopress_titles_title":"","_seopress_titles_desc":"","_seopress_robots_index":"yes"},"product_brand":[],"product_cat":[1383,1385,1464],"product_tag":[],"class_list":{"0":"post-18360","1":"product","2":"type-product","3":"status-publish","4":"has-post-thumbnail","6":"product_cat-actionneurs-lineaires","7":"product_cat-actionneurs-piezo-fr","8":"product_cat-publications-fr","10":"first","11":"instock","12":"downloadable","13":"virtual","14":"purchasable","15":"product-type-simple"},"acf":[],"_links":{"self":[{"href":"https:\/\/cedrat-technologies.com\/fr\/wp-json\/wp\/v2\/product\/18360","targetHints":{"allow":["GET"]}}],"collection":[{"href":"https:\/\/cedrat-technologies.com\/fr\/wp-json\/wp\/v2\/product"}],"about":[{"href":"https:\/\/cedrat-technologies.com\/fr\/wp-json\/wp\/v2\/types\/product"}],"replies":[{"embeddable":true,"href":"https:\/\/cedrat-technologies.com\/fr\/wp-json\/wp\/v2\/comments?post=18360"}],"version-history":[{"count":0,"href":"https:\/\/cedrat-technologies.com\/fr\/wp-json\/wp\/v2\/product\/18360\/revisions"}],"wp:featuredmedia":[{"embeddable":true,"href":"https:\/\/cedrat-technologies.com\/fr\/wp-json\/wp\/v2\/media\/14760"}],"wp:attachment":[{"href":"https:\/\/cedrat-technologies.com\/fr\/wp-json\/wp\/v2\/media?parent=18360"}],"wp:term":[{"taxonomy":"product_brand","embeddable":true,"href":"https:\/\/cedrat-technologies.com\/fr\/wp-json\/wp\/v2\/product_brand?post=18360"},{"taxonomy":"product_cat","embeddable":true,"href":"https:\/\/cedrat-technologies.com\/fr\/wp-json\/wp\/v2\/product_cat?post=18360"},{"taxonomy":"product_tag","embeddable":true,"href":"https:\/\/cedrat-technologies.com\/fr\/wp-json\/wp\/v2\/product_tag?post=18360"}],"curies":[{"name":"wp","href":"https:\/\/api.w.org\/{rel}","templated":true}]}}