{"id":18359,"date":"2023-06-19T10:29:41","date_gmt":"2023-06-19T08:29:41","guid":{"rendered":"http:\/\/cedrat-technologies.com\/produit\/actionneurs-en-adaptronique-actionneurs-piezoelectriques\/"},"modified":"2023-07-20T11:21:18","modified_gmt":"2023-07-20T09:21:18","slug":"actionneurs-en-adaptronique-actionneurs-piezoelectriques","status":"publish","type":"product","link":"https:\/\/cedrat-technologies.com\/fr\/produit\/actionneurs-en-adaptronique-actionneurs-piezoelectriques\/","title":{"rendered":"Actionneurs en adaptronique : actionneurs pi\u00e9zo\u00e9lectriques"},"content":{"rendered":"","protected":false},"excerpt":{"rendered":"<p>Les actionneurs pi\u00e9zo\u00e9lectriques ont vu leur nombre d&rsquo;applications en adaptronique augmenter au cours de la derni\u00e8re d\u00e9cennie [1]. Ils peuvent \u00eatre utilis\u00e9s avec plusieurs strat\u00e9gies de commande et de contr\u00f4le et sont plus adapt\u00e9s aux applications m\u00e9catroniques n\u00e9cessitant une largeur de bande, une pr\u00e9cision et\/ou une l\u00e9g\u00e8ret\u00e9. L&rsquo;objectif de ce papier est de rappeler les diff\u00e9rents actionneurs pi\u00e9zo existants, les diff\u00e9rentes techniques d&rsquo;entra\u00eenement et de contr\u00f4le et enfin de passer en revue plusieurs applications dans les machines-outils, l&rsquo;optique.<\/p>\n","protected":false},"featured_media":14757,"comment_status":"closed","ping_status":"open","template":"","meta":{"_acf_changed":false,"_seopress_robots_primary_cat":"none","_seopress_titles_title":"","_seopress_titles_desc":"","_seopress_robots_index":"yes"},"product_brand":[],"product_cat":[1383,1385,1413,1491,1496,1497,1464,1403],"product_tag":[],"class_list":{"0":"post-18359","1":"product","2":"type-product","3":"status-publish","4":"has-post-thumbnail","6":"product_cat-actionneurs-lineaires","7":"product_cat-actionneurs-piezo-fr","8":"product_cat-controle-actif-de-vibration","9":"product_cat-domaine-fr","10":"product_cat-optronique-fr","11":"product_cat-productique-machine-outil-fr","12":"product_cat-publications-fr","13":"product_cat-systemes-mecatroniques","15":"first","16":"instock","17":"downloadable","18":"virtual","19":"purchasable","20":"product-type-simple"},"acf":[],"_links":{"self":[{"href":"https:\/\/cedrat-technologies.com\/fr\/wp-json\/wp\/v2\/product\/18359","targetHints":{"allow":["GET"]}}],"collection":[{"href":"https:\/\/cedrat-technologies.com\/fr\/wp-json\/wp\/v2\/product"}],"about":[{"href":"https:\/\/cedrat-technologies.com\/fr\/wp-json\/wp\/v2\/types\/product"}],"replies":[{"embeddable":true,"href":"https:\/\/cedrat-technologies.com\/fr\/wp-json\/wp\/v2\/comments?post=18359"}],"version-history":[{"count":0,"href":"https:\/\/cedrat-technologies.com\/fr\/wp-json\/wp\/v2\/product\/18359\/revisions"}],"wp:featuredmedia":[{"embeddable":true,"href":"https:\/\/cedrat-technologies.com\/fr\/wp-json\/wp\/v2\/media\/14757"}],"wp:attachment":[{"href":"https:\/\/cedrat-technologies.com\/fr\/wp-json\/wp\/v2\/media?parent=18359"}],"wp:term":[{"taxonomy":"product_brand","embeddable":true,"href":"https:\/\/cedrat-technologies.com\/fr\/wp-json\/wp\/v2\/product_brand?post=18359"},{"taxonomy":"product_cat","embeddable":true,"href":"https:\/\/cedrat-technologies.com\/fr\/wp-json\/wp\/v2\/product_cat?post=18359"},{"taxonomy":"product_tag","embeddable":true,"href":"https:\/\/cedrat-technologies.com\/fr\/wp-json\/wp\/v2\/product_tag?post=18359"}],"curies":[{"name":"wp","href":"https:\/\/api.w.org\/{rel}","templated":true}]}}