{"id":18358,"date":"2023-06-19T10:29:27","date_gmt":"2023-06-19T08:29:27","guid":{"rendered":"http:\/\/cedrat-technologies.com\/produit\/actionneurs-pour-les-applications-spatiales-etat-de-lart-et-nouvelles-technologies\/"},"modified":"2023-07-20T11:21:23","modified_gmt":"2023-07-20T09:21:23","slug":"actionneurs-pour-les-applications-spatiales-etat-de-lart-et-nouvelles-technologies","status":"publish","type":"product","link":"https:\/\/cedrat-technologies.com\/fr\/produit\/actionneurs-pour-les-applications-spatiales-etat-de-lart-et-nouvelles-technologies\/","title":{"rendered":"Actionneurs pour les applications spatiales : \u00c9tat de l&rsquo;art et nouvelles technologies"},"content":{"rendered":"","protected":false},"excerpt":{"rendered":"<p>Dans l&rsquo;espace, les actionneurs sont largement utilis\u00e9s pour faire fonctionner les plates-formes et les charges utiles des satellites. Malgr\u00e9 leur utilisation courante, les actionneurs repr\u00e9sentent toujours des sous-syst\u00e8mes critiques, car leur d\u00e9faillance peut souvent avoir des effets graves, voire catastrophiques, sur le fonctionnement de l&rsquo;engin spatial. Les conditions environnementales auxquelles les actionneurs sont expos\u00e9s dans l&rsquo;espace ne sont g\u00e9n\u00e9ralement pas favorables : les plages de temp\u00e9rature de fonctionnement et le vide profond sont certainement les plus critiques.<\/p>\n","protected":false},"featured_media":14754,"comment_status":"closed","ping_status":"open","template":"","meta":{"_acf_changed":false,"_seopress_robots_primary_cat":"none","_seopress_titles_title":"","_seopress_titles_desc":"","_seopress_robots_index":"yes"},"product_brand":[],"product_cat":[1383,1385,1491,1390,1386,1464,1403],"product_tag":[],"class_list":{"0":"post-18358","1":"product","2":"type-product","3":"status-publish","4":"has-post-thumbnail","6":"product_cat-actionneurs-lineaires","7":"product_cat-actionneurs-piezo-fr","8":"product_cat-domaine-fr","9":"product_cat-mecanismes","10":"product_cat-moteurs-piezo-fr","11":"product_cat-publications-fr","12":"product_cat-systemes-mecatroniques","14":"first","15":"instock","16":"downloadable","17":"virtual","18":"purchasable","19":"product-type-simple"},"acf":[],"_links":{"self":[{"href":"https:\/\/cedrat-technologies.com\/fr\/wp-json\/wp\/v2\/product\/18358","targetHints":{"allow":["GET"]}}],"collection":[{"href":"https:\/\/cedrat-technologies.com\/fr\/wp-json\/wp\/v2\/product"}],"about":[{"href":"https:\/\/cedrat-technologies.com\/fr\/wp-json\/wp\/v2\/types\/product"}],"replies":[{"embeddable":true,"href":"https:\/\/cedrat-technologies.com\/fr\/wp-json\/wp\/v2\/comments?post=18358"}],"version-history":[{"count":0,"href":"https:\/\/cedrat-technologies.com\/fr\/wp-json\/wp\/v2\/product\/18358\/revisions"}],"wp:featuredmedia":[{"embeddable":true,"href":"https:\/\/cedrat-technologies.com\/fr\/wp-json\/wp\/v2\/media\/14754"}],"wp:attachment":[{"href":"https:\/\/cedrat-technologies.com\/fr\/wp-json\/wp\/v2\/media?parent=18358"}],"wp:term":[{"taxonomy":"product_brand","embeddable":true,"href":"https:\/\/cedrat-technologies.com\/fr\/wp-json\/wp\/v2\/product_brand?post=18358"},{"taxonomy":"product_cat","embeddable":true,"href":"https:\/\/cedrat-technologies.com\/fr\/wp-json\/wp\/v2\/product_cat?post=18358"},{"taxonomy":"product_tag","embeddable":true,"href":"https:\/\/cedrat-technologies.com\/fr\/wp-json\/wp\/v2\/product_tag?post=18358"}],"curies":[{"name":"wp","href":"https:\/\/api.w.org\/{rel}","templated":true}]}}