{"id":18357,"date":"2002-01-06T00:00:00","date_gmt":"2002-01-05T23:00:00","guid":{"rendered":"http:\/\/cedrat-technologies.com\/produit\/actionneurs-bases-sur-des-materiaux-magnetostrictifs-geants\/"},"modified":"2023-07-20T11:22:29","modified_gmt":"2023-07-20T09:22:29","slug":"actionneurs-bases-sur-des-materiaux-magnetostrictifs-geants","status":"publish","type":"product","link":"https:\/\/cedrat-technologies.com\/fr\/produit\/actionneurs-bases-sur-des-materiaux-magnetostrictifs-geants\/","title":{"rendered":"Actionneurs bas\u00e9s sur des mat\u00e9riaux magn\u00e9tostrictifs g\u00e9ants"},"content":{"rendered":"","protected":false},"excerpt":{"rendered":"<p>Les mat\u00e9riaux \u00e0 d\u00e9formation induite par le champ magn\u00e9tique sont classiquement repr\u00e9sent\u00e9s par les mat\u00e9riaux magn\u00e9tostrictifs g\u00e9ants (GMM) tels que les alliages Tb-Dy-Fe offrant une d\u00e9formation magn\u00e9tique de 0,1 \u00e0 0,2 %. Cette famille de mat\u00e9riaux intelligents a \u00e9t\u00e9 \u00e9largie depuis quelques ann\u00e9es par des mat\u00e9riaux magn\u00e9tostrictifs cryog\u00e9niques tels que Td-Dy et (Tb1-xDyx)Zn offrant une d\u00e9formation magn\u00e9tique de 0,2 \u00e0 1 %. Plus r\u00e9cemment, elle a \u00e9t\u00e9 compl\u00e9t\u00e9e par de nouveaux mat\u00e9riaux magn\u00e9tiques \u00e0 m\u00e9moire de forme (MSM) tels que le Ni-MnGa, qui offrent une d\u00e9formation magn\u00e9tique de 2 \u00e0 6 %. Ces mat\u00e9riaux ont donn\u00e9 naissance \u00e0 une grande vari\u00e9t\u00e9 d&rsquo;actionneurs \u00e0 grande course et \u00e0 grande force. Certains de ces actionneurs r\u00e9pondent aux exigences d&rsquo;applications dans diff\u00e9rents domaines tels que l&rsquo;espace ou les machines-outils. L&rsquo;objet de cet article est de passer en revue la situation actuelle et les progr\u00e8s r\u00e9cents dans le domaine des mat\u00e9riaux de d\u00e9formation induite par le champ magn\u00e9tique, des actionneurs, de la mod\u00e9lisation et des applications, y compris les aspects commerciaux.<\/p>\n","protected":false},"featured_media":14751,"comment_status":"closed","ping_status":"open","template":"","meta":{"_acf_changed":false,"_seopress_robots_primary_cat":"none","_seopress_titles_title":"","_seopress_titles_desc":"","_seopress_robots_index":"yes"},"product_brand":[],"product_cat":[1383,1385,1414,1413,1411,1464],"product_tag":[],"class_list":{"0":"post-18357","1":"product","2":"type-product","3":"status-publish","4":"has-post-thumbnail","6":"product_cat-actionneurs-lineaires","7":"product_cat-actionneurs-piezo-fr","8":"product_cat-amortisseur-a-masse-depreuve","9":"product_cat-controle-actif-de-vibration","10":"product_cat-materiaux-essais","11":"product_cat-publications-fr","13":"first","14":"instock","15":"downloadable","16":"virtual","17":"purchasable","18":"product-type-simple"},"acf":[],"_links":{"self":[{"href":"https:\/\/cedrat-technologies.com\/fr\/wp-json\/wp\/v2\/product\/18357","targetHints":{"allow":["GET"]}}],"collection":[{"href":"https:\/\/cedrat-technologies.com\/fr\/wp-json\/wp\/v2\/product"}],"about":[{"href":"https:\/\/cedrat-technologies.com\/fr\/wp-json\/wp\/v2\/types\/product"}],"replies":[{"embeddable":true,"href":"https:\/\/cedrat-technologies.com\/fr\/wp-json\/wp\/v2\/comments?post=18357"}],"version-history":[{"count":0,"href":"https:\/\/cedrat-technologies.com\/fr\/wp-json\/wp\/v2\/product\/18357\/revisions"}],"wp:featuredmedia":[{"embeddable":true,"href":"https:\/\/cedrat-technologies.com\/fr\/wp-json\/wp\/v2\/media\/14751"}],"wp:attachment":[{"href":"https:\/\/cedrat-technologies.com\/fr\/wp-json\/wp\/v2\/media?parent=18357"}],"wp:term":[{"taxonomy":"product_brand","embeddable":true,"href":"https:\/\/cedrat-technologies.com\/fr\/wp-json\/wp\/v2\/product_brand?post=18357"},{"taxonomy":"product_cat","embeddable":true,"href":"https:\/\/cedrat-technologies.com\/fr\/wp-json\/wp\/v2\/product_cat?post=18357"},{"taxonomy":"product_tag","embeddable":true,"href":"https:\/\/cedrat-technologies.com\/fr\/wp-json\/wp\/v2\/product_tag?post=18357"}],"curies":[{"name":"wp","href":"https:\/\/api.w.org\/{rel}","templated":true}]}}