{"id":18354,"date":"2023-06-19T10:29:27","date_gmt":"2023-06-19T08:29:27","guid":{"rendered":"http:\/\/cedrat-technologies.com\/produit\/actuator2008-actionneurs-mrf-abstract\/"},"modified":"2023-07-20T11:21:24","modified_gmt":"2023-07-20T09:21:24","slug":"actuator2008-actionneurs-mrf-abstract","status":"publish","type":"product","link":"https:\/\/cedrat-technologies.com\/fr\/produit\/actuator2008-actionneurs-mrf-abstract\/","title":{"rendered":"ACTUATOR2008 Actionneurs MRF Abstract"},"content":{"rendered":"","protected":false},"excerpt":{"rendered":"<p>Les actionneurs MRF sont de nouveaux composants \u00e9lectrom\u00e9caniques utilisant des fluides magn\u00e9torh\u00e9ologiques (MRF). Lorsqu&rsquo;ils sont soumis \u00e0 un champ magn\u00e9tique suffisamment \u00e9lev\u00e9, les MRF passent d&rsquo;un \u00e9tat liquide \u00e0 un \u00e9tat presque solide. Les nouveaux actionneurs MRF ont trois objectifs : offrir une force de blocage au repos, qui peut \u00eatre fortement r\u00e9duite par l&rsquo;application d&rsquo;un courant, fournir une force r\u00e9sistive contr\u00f4lable \u00e9lectriquement sur une course de 30 mm, effectuer le contr\u00f4le de la force en un temps tr\u00e8s court, typiquement en quelques millisecondes.<\/p>\n","protected":false},"featured_media":14742,"comment_status":"closed","ping_status":"open","template":"","meta":{"_acf_changed":false,"_seopress_robots_primary_cat":"none","_seopress_titles_title":"","_seopress_titles_desc":"","_seopress_robots_index":"yes"},"product_brand":[],"product_cat":[1383,1384,1413,1406,1464,1403],"product_tag":[],"class_list":{"0":"post-18354","1":"product","2":"type-product","3":"status-publish","4":"has-post-thumbnail","6":"product_cat-actionneurs-lineaires","7":"product_cat-actionneurs-lineaires-magnetiques","8":"product_cat-controle-actif-de-vibration","9":"product_cat-micropositionnement","10":"product_cat-publications-fr","11":"product_cat-systemes-mecatroniques","13":"first","14":"instock","15":"downloadable","16":"virtual","17":"purchasable","18":"product-type-simple"},"acf":[],"_links":{"self":[{"href":"https:\/\/cedrat-technologies.com\/fr\/wp-json\/wp\/v2\/product\/18354","targetHints":{"allow":["GET"]}}],"collection":[{"href":"https:\/\/cedrat-technologies.com\/fr\/wp-json\/wp\/v2\/product"}],"about":[{"href":"https:\/\/cedrat-technologies.com\/fr\/wp-json\/wp\/v2\/types\/product"}],"replies":[{"embeddable":true,"href":"https:\/\/cedrat-technologies.com\/fr\/wp-json\/wp\/v2\/comments?post=18354"}],"version-history":[{"count":0,"href":"https:\/\/cedrat-technologies.com\/fr\/wp-json\/wp\/v2\/product\/18354\/revisions"}],"wp:featuredmedia":[{"embeddable":true,"href":"https:\/\/cedrat-technologies.com\/fr\/wp-json\/wp\/v2\/media\/14742"}],"wp:attachment":[{"href":"https:\/\/cedrat-technologies.com\/fr\/wp-json\/wp\/v2\/media?parent=18354"}],"wp:term":[{"taxonomy":"product_brand","embeddable":true,"href":"https:\/\/cedrat-technologies.com\/fr\/wp-json\/wp\/v2\/product_brand?post=18354"},{"taxonomy":"product_cat","embeddable":true,"href":"https:\/\/cedrat-technologies.com\/fr\/wp-json\/wp\/v2\/product_cat?post=18354"},{"taxonomy":"product_tag","embeddable":true,"href":"https:\/\/cedrat-technologies.com\/fr\/wp-json\/wp\/v2\/product_tag?post=18354"}],"curies":[{"name":"wp","href":"https:\/\/api.w.org\/{rel}","templated":true}]}}