{"id":18353,"date":"2008-01-06T00:00:00","date_gmt":"2008-01-05T23:00:00","guid":{"rendered":"http:\/\/cedrat-technologies.com\/produit\/actuator2008-moving-iron-controllable-actuators\/"},"modified":"2023-07-20T11:22:25","modified_gmt":"2023-07-20T09:22:25","slug":"actuator2008-moving-iron-controllable-actuators","status":"publish","type":"product","link":"https:\/\/cedrat-technologies.com\/fr\/produit\/actuator2008-moving-iron-controllable-actuators\/","title":{"rendered":"ACTUATOR2008 Moving Iron Controllable Actuators"},"content":{"rendered":"","protected":false},"excerpt":{"rendered":"<p>Pour r\u00e9pondre \u00e0 la demande d&rsquo;actionneurs contr\u00f4lables \u00e0 course millim\u00e9trique, il y a deux points de d\u00e9part possibles. L&rsquo;un consiste \u00e0 envisager l&rsquo;am\u00e9lioration des actionneurs \u00e0 bobine mobile, l&rsquo;autre \u00e0 envisager l&rsquo;am\u00e9lioration des actionneurs \u00e0 fer mobile. En suivant cette approche et en s&rsquo;appuyant sur son exp\u00e9rience des diff\u00e9rents types d&rsquo;actionneurs magn\u00e9tiques, Cedrat Technologies a mis au point de nouveaux actionneurs sp\u00e9cifiques \u00e0 fer mobile contr\u00f4lables, appel\u00e9s MICA. Cet actionneur contourne les limitations de contr\u00f4le des actionneurs \u00e0 fer mobile standard tout en conservant leurs capacit\u00e9s de forces \u00e9lev\u00e9es. Par rapport aux bobines mobiles de m\u00eame force, le MICA est deux fois moins lourd et n\u00e9cessite trois fois moins d&rsquo;\u00e9nergie \u00e9lectrique. Un autre avantage significatif du MICA est une bien meilleure dissipation de la chaleur et une plus grande fiabilit\u00e9 car la bobine du MICA est fix\u00e9e dans le stator en fer.<\/p>\n","protected":false},"featured_media":14739,"comment_status":"closed","ping_status":"open","template":"","meta":{"_acf_changed":false,"_seopress_robots_primary_cat":"none","_seopress_titles_title":"","_seopress_titles_desc":"","_seopress_robots_index":"yes"},"product_brand":[],"product_cat":[1383,1384,1414,1413,1406,1464,1403],"product_tag":[],"class_list":{"0":"post-18353","1":"product","2":"type-product","3":"status-publish","4":"has-post-thumbnail","6":"product_cat-actionneurs-lineaires","7":"product_cat-actionneurs-lineaires-magnetiques","8":"product_cat-amortisseur-a-masse-depreuve","9":"product_cat-controle-actif-de-vibration","10":"product_cat-micropositionnement","11":"product_cat-publications-fr","12":"product_cat-systemes-mecatroniques","14":"first","15":"instock","16":"downloadable","17":"virtual","18":"purchasable","19":"product-type-simple"},"acf":[],"_links":{"self":[{"href":"https:\/\/cedrat-technologies.com\/fr\/wp-json\/wp\/v2\/product\/18353","targetHints":{"allow":["GET"]}}],"collection":[{"href":"https:\/\/cedrat-technologies.com\/fr\/wp-json\/wp\/v2\/product"}],"about":[{"href":"https:\/\/cedrat-technologies.com\/fr\/wp-json\/wp\/v2\/types\/product"}],"replies":[{"embeddable":true,"href":"https:\/\/cedrat-technologies.com\/fr\/wp-json\/wp\/v2\/comments?post=18353"}],"version-history":[{"count":0,"href":"https:\/\/cedrat-technologies.com\/fr\/wp-json\/wp\/v2\/product\/18353\/revisions"}],"wp:featuredmedia":[{"embeddable":true,"href":"https:\/\/cedrat-technologies.com\/fr\/wp-json\/wp\/v2\/media\/14739"}],"wp:attachment":[{"href":"https:\/\/cedrat-technologies.com\/fr\/wp-json\/wp\/v2\/media?parent=18353"}],"wp:term":[{"taxonomy":"product_brand","embeddable":true,"href":"https:\/\/cedrat-technologies.com\/fr\/wp-json\/wp\/v2\/product_brand?post=18353"},{"taxonomy":"product_cat","embeddable":true,"href":"https:\/\/cedrat-technologies.com\/fr\/wp-json\/wp\/v2\/product_cat?post=18353"},{"taxonomy":"product_tag","embeddable":true,"href":"https:\/\/cedrat-technologies.com\/fr\/wp-json\/wp\/v2\/product_tag?post=18353"}],"curies":[{"name":"wp","href":"https:\/\/api.w.org\/{rel}","templated":true}]}}