{"id":18352,"date":"2003-01-01T00:00:00","date_gmt":"2002-12-31T23:00:00","guid":{"rendered":"http:\/\/cedrat-technologies.com\/produit\/actionneur-base-sur-leffet-thomson\/"},"modified":"2023-07-20T11:22:27","modified_gmt":"2023-07-20T09:22:27","slug":"actionneur-base-sur-leffet-thomson","status":"publish","type":"product","link":"https:\/\/cedrat-technologies.com\/fr\/produit\/actionneur-base-sur-leffet-thomson\/","title":{"rendered":"Actionneur bas\u00e9 sur l&rsquo;effet Thomson"},"content":{"rendered":"","protected":false},"excerpt":{"rendered":"<p>Une bonne limitation du courant dans un circuit \u00e0 l&rsquo;aide d&rsquo;un disjoncteur \u00e9lectrom\u00e9canique suppose une ouverture tr\u00e8s rapide des contacts. Comme les forces \u00e9lectrodynamiques r\u00e9pulsives ne g\u00e9n\u00e8rent pas une acc\u00e9l\u00e9ration suffisante, un actionneur doit \u00eatre utilis\u00e9 pour am\u00e9liorer les performances du disjoncteur. Un dispositif magn\u00e9tique r\u00e9luctant traditionnel \u00e9tant trop lent pour l&rsquo;application concern\u00e9e, une h\u00e9lice bas\u00e9e sur l&rsquo;effet Thomson a \u00e9t\u00e9 choisie. Les simulations FLUX2D permettent de bien comprendre le fonctionnement de l&rsquo;h\u00e9lice et donc d&rsquo;am\u00e9liorer sa conception.<\/p>\n","protected":false},"featured_media":14736,"comment_status":"closed","ping_status":"open","template":"","meta":{"_acf_changed":false,"_seopress_robots_primary_cat":"none","_seopress_titles_title":"","_seopress_titles_desc":"","_seopress_robots_index":"yes"},"product_brand":[],"product_cat":[1383,1384,1464],"product_tag":[],"class_list":{"0":"post-18352","1":"product","2":"type-product","3":"status-publish","4":"has-post-thumbnail","6":"product_cat-actionneurs-lineaires","7":"product_cat-actionneurs-lineaires-magnetiques","8":"product_cat-publications-fr","10":"first","11":"instock","12":"downloadable","13":"virtual","14":"purchasable","15":"product-type-simple"},"acf":[],"_links":{"self":[{"href":"https:\/\/cedrat-technologies.com\/fr\/wp-json\/wp\/v2\/product\/18352","targetHints":{"allow":["GET"]}}],"collection":[{"href":"https:\/\/cedrat-technologies.com\/fr\/wp-json\/wp\/v2\/product"}],"about":[{"href":"https:\/\/cedrat-technologies.com\/fr\/wp-json\/wp\/v2\/types\/product"}],"replies":[{"embeddable":true,"href":"https:\/\/cedrat-technologies.com\/fr\/wp-json\/wp\/v2\/comments?post=18352"}],"version-history":[{"count":0,"href":"https:\/\/cedrat-technologies.com\/fr\/wp-json\/wp\/v2\/product\/18352\/revisions"}],"wp:featuredmedia":[{"embeddable":true,"href":"https:\/\/cedrat-technologies.com\/fr\/wp-json\/wp\/v2\/media\/14736"}],"wp:attachment":[{"href":"https:\/\/cedrat-technologies.com\/fr\/wp-json\/wp\/v2\/media?parent=18352"}],"wp:term":[{"taxonomy":"product_brand","embeddable":true,"href":"https:\/\/cedrat-technologies.com\/fr\/wp-json\/wp\/v2\/product_brand?post=18352"},{"taxonomy":"product_cat","embeddable":true,"href":"https:\/\/cedrat-technologies.com\/fr\/wp-json\/wp\/v2\/product_cat?post=18352"},{"taxonomy":"product_tag","embeddable":true,"href":"https:\/\/cedrat-technologies.com\/fr\/wp-json\/wp\/v2\/product_tag?post=18352"}],"curies":[{"name":"wp","href":"https:\/\/api.w.org\/{rel}","templated":true}]}}