{"id":18351,"date":"2017-12-09T00:00:00","date_gmt":"2017-12-08T23:00:00","guid":{"rendered":"http:\/\/cedrat-technologies.com\/produit\/rondelle-active-pour-une-liaison-mecanique-intelligente\/"},"modified":"2023-07-20T11:22:19","modified_gmt":"2023-07-20T09:22:19","slug":"rondelle-active-pour-une-liaison-mecanique-intelligente","status":"publish","type":"product","link":"https:\/\/cedrat-technologies.com\/fr\/produit\/rondelle-active-pour-une-liaison-mecanique-intelligente\/","title":{"rendered":"Rondelle active pour une liaison m\u00e9canique intelligente"},"content":{"rendered":"","protected":false},"excerpt":{"rendered":"<p>L&rsquo;assemblage boulonn\u00e9 est le moyen le plus courant d&rsquo;assembler un m\u00e9canisme. Il est largement utilis\u00e9 dans les domaines du transport, tels que l&rsquo;a\u00e9rospatial, le ferroviaire, les avions&#8230; S&rsquo;assurer que la valeur minimale du couple est toujours pr\u00e9sente dans l&rsquo;assemblage est l&rsquo;une des principales t\u00e2ches de maintenance pour ces composants. Une fa\u00e7on possible de r\u00e9aliser ces actions est de mettre en place un composant actif dans l&rsquo;assemblage boulonn\u00e9. Une solution est propos\u00e9e dans ce document. La construction, les potentialit\u00e9s, les performances (sur la base d&rsquo;un d\u00e9monstrateur d&rsquo;assemblage \u00e0 recouvrement) et les limitations sont identifi\u00e9es et compar\u00e9es \u00e0 d&rsquo;autres techniques.<\/p>\n","protected":false},"featured_media":14733,"comment_status":"closed","ping_status":"open","template":"","meta":{"_acf_changed":false,"_seopress_robots_primary_cat":"none","_seopress_titles_title":"","_seopress_titles_desc":"","_seopress_robots_index":"yes"},"product_brand":[],"product_cat":[1383,1385,1464],"product_tag":[],"class_list":{"0":"post-18351","1":"product","2":"type-product","3":"status-publish","4":"has-post-thumbnail","6":"product_cat-actionneurs-lineaires","7":"product_cat-actionneurs-piezo-fr","8":"product_cat-publications-fr","10":"first","11":"instock","12":"downloadable","13":"virtual","14":"purchasable","15":"product-type-simple"},"acf":[],"_links":{"self":[{"href":"https:\/\/cedrat-technologies.com\/fr\/wp-json\/wp\/v2\/product\/18351","targetHints":{"allow":["GET"]}}],"collection":[{"href":"https:\/\/cedrat-technologies.com\/fr\/wp-json\/wp\/v2\/product"}],"about":[{"href":"https:\/\/cedrat-technologies.com\/fr\/wp-json\/wp\/v2\/types\/product"}],"replies":[{"embeddable":true,"href":"https:\/\/cedrat-technologies.com\/fr\/wp-json\/wp\/v2\/comments?post=18351"}],"version-history":[{"count":0,"href":"https:\/\/cedrat-technologies.com\/fr\/wp-json\/wp\/v2\/product\/18351\/revisions"}],"wp:featuredmedia":[{"embeddable":true,"href":"https:\/\/cedrat-technologies.com\/fr\/wp-json\/wp\/v2\/media\/14733"}],"wp:attachment":[{"href":"https:\/\/cedrat-technologies.com\/fr\/wp-json\/wp\/v2\/media?parent=18351"}],"wp:term":[{"taxonomy":"product_brand","embeddable":true,"href":"https:\/\/cedrat-technologies.com\/fr\/wp-json\/wp\/v2\/product_brand?post=18351"},{"taxonomy":"product_cat","embeddable":true,"href":"https:\/\/cedrat-technologies.com\/fr\/wp-json\/wp\/v2\/product_cat?post=18351"},{"taxonomy":"product_tag","embeddable":true,"href":"https:\/\/cedrat-technologies.com\/fr\/wp-json\/wp\/v2\/product_tag?post=18351"}],"curies":[{"name":"wp","href":"https:\/\/api.w.org\/{rel}","templated":true}]}}