{"id":18350,"date":"2023-06-19T10:29:27","date_gmt":"2023-06-19T08:29:27","guid":{"rendered":"http:\/\/cedrat-technologies.com\/produit\/dispositif-de-volet-actif-pour-helicopteres-base-sur-des-actionneurs-piezoelectriques-amplifies-cedrat\/"},"modified":"2023-07-20T11:21:24","modified_gmt":"2023-07-20T09:21:24","slug":"dispositif-de-volet-actif-pour-helicopteres-base-sur-des-actionneurs-piezoelectriques-amplifies-cedrat","status":"publish","type":"product","link":"https:\/\/cedrat-technologies.com\/fr\/produit\/dispositif-de-volet-actif-pour-helicopteres-base-sur-des-actionneurs-piezoelectriques-amplifies-cedrat\/","title":{"rendered":"Dispositif de volet actif pour h\u00e9licopt\u00e8res bas\u00e9 sur des actionneurs pi\u00e9zo\u00e9lectriques amplifi\u00e9s Cedrat"},"content":{"rendered":"","protected":false},"excerpt":{"rendered":"<p>Un projet appel\u00e9 RPA (Rotor \u00e0 Pales Actives) a \u00e9t\u00e9 lanc\u00e9 il y a trois ans pour \u00e9tudier les avantages possibles de la mise en \u0153uvre de volets de bord de fuite actifs sur le rotor principal d&rsquo;un h\u00e9licopt\u00e8re. Les principaux objectifs de ce projet sont de r\u00e9duire le bruit BVI en vol de descente et d&rsquo;am\u00e9liorer le comportement dynamique du rotor dans le plus grand domaine de vol possible. Apr\u00e8s une premi\u00e8re phase consacr\u00e9e \u00e0 la conception de la meilleure configuration de volets \u00e0 l&rsquo;\u00e9chelle 1, la deuxi\u00e8me phase du projet porte sur la conception d&rsquo;un mod\u00e8le r\u00e9duit en soufflerie d&rsquo;un rotor \u00e9quip\u00e9 de volets actifs. Un actionneur pi\u00e9zo-\u00e9lectrique disponible sur le march\u00e9 est utilis\u00e9 avec un m\u00e9canisme brevet\u00e9 d&rsquo;entra\u00eenement des volets. Ce dispositif actif a \u00e9t\u00e9 test\u00e9 sous des charges centrifuges et a\u00e9rodynamiques afin de pr\u00e9parer les futurs essais en soufflerie. Les r\u00e9sultats obtenus sous charges centrifuges ont permis d&rsquo;autoriser le dispositif actif, mais les essais a\u00e9rodynamiques ont montr\u00e9 que certaines am\u00e9liorations \u00e9taient n\u00e9cessaires. Les modifications correspondantes sont en cours pour permettre au dispositif actif d&rsquo;\u00eatre utilis\u00e9 sur un mod\u00e8le de rotor complet.<\/p>\n","protected":false},"featured_media":14730,"comment_status":"closed","ping_status":"open","template":"","meta":{"_acf_changed":false,"_seopress_robots_primary_cat":"none","_seopress_titles_title":"","_seopress_titles_desc":"","_seopress_robots_index":"yes"},"product_brand":[],"product_cat":[1383,1385,1395,1493,1394,1491,1464,1403],"product_tag":[],"class_list":{"0":"post-18350","1":"product","2":"type-product","3":"status-publish","4":"has-post-thumbnail","6":"product_cat-actionneurs-lineaires","7":"product_cat-actionneurs-piezo-fr","8":"product_cat-controle-actif-de-flux","9":"product_cat-defense-fr","10":"product_cat-dispositifs-electro-fluidique","11":"product_cat-domaine-fr","12":"product_cat-publications-fr","13":"product_cat-systemes-mecatroniques","15":"first","16":"instock","17":"downloadable","18":"virtual","19":"purchasable","20":"product-type-simple"},"acf":[],"_links":{"self":[{"href":"https:\/\/cedrat-technologies.com\/fr\/wp-json\/wp\/v2\/product\/18350","targetHints":{"allow":["GET"]}}],"collection":[{"href":"https:\/\/cedrat-technologies.com\/fr\/wp-json\/wp\/v2\/product"}],"about":[{"href":"https:\/\/cedrat-technologies.com\/fr\/wp-json\/wp\/v2\/types\/product"}],"replies":[{"embeddable":true,"href":"https:\/\/cedrat-technologies.com\/fr\/wp-json\/wp\/v2\/comments?post=18350"}],"version-history":[{"count":0,"href":"https:\/\/cedrat-technologies.com\/fr\/wp-json\/wp\/v2\/product\/18350\/revisions"}],"wp:featuredmedia":[{"embeddable":true,"href":"https:\/\/cedrat-technologies.com\/fr\/wp-json\/wp\/v2\/media\/14730"}],"wp:attachment":[{"href":"https:\/\/cedrat-technologies.com\/fr\/wp-json\/wp\/v2\/media?parent=18350"}],"wp:term":[{"taxonomy":"product_brand","embeddable":true,"href":"https:\/\/cedrat-technologies.com\/fr\/wp-json\/wp\/v2\/product_brand?post=18350"},{"taxonomy":"product_cat","embeddable":true,"href":"https:\/\/cedrat-technologies.com\/fr\/wp-json\/wp\/v2\/product_cat?post=18350"},{"taxonomy":"product_tag","embeddable":true,"href":"https:\/\/cedrat-technologies.com\/fr\/wp-json\/wp\/v2\/product_tag?post=18350"}],"curies":[{"name":"wp","href":"https:\/\/api.w.org\/{rel}","templated":true}]}}