{"id":18349,"date":"2023-06-19T10:29:27","date_gmt":"2023-06-19T08:29:27","guid":{"rendered":"http:\/\/cedrat-technologies.com\/produit\/amortissement-actif-des-vibrations-applique-aux-structures-de-ski\/"},"modified":"2023-07-20T11:21:24","modified_gmt":"2023-07-20T09:21:24","slug":"amortissement-actif-des-vibrations-applique-aux-structures-de-ski","status":"publish","type":"product","link":"https:\/\/cedrat-technologies.com\/fr\/produit\/amortissement-actif-des-vibrations-applique-aux-structures-de-ski\/","title":{"rendered":"Amortissement actif des vibrations appliqu\u00e9 aux structures de ski"},"content":{"rendered":"","protected":false},"excerpt":{"rendered":"<p>Depuis de nombreuses ann\u00e9es, le domaine du contr\u00f4le actif des vibrations est en plein essor et un grand nombre de nouvelles applications utilisant des actionneurs intelligents sont d\u00e9velopp\u00e9es. Dans l&rsquo;\u00e9tude suivante, ces concepts sont adapt\u00e9s et appliqu\u00e9s \u00e0 une structure g\u00e9n\u00e9rale de ski pour amortir les grands modes de vibrations tout en conservant la robustesse du contr\u00f4le et les charges statiques pendant le trajet. Des simulations int\u00e9grant des mod\u00e8les FEM coupl\u00e9s \u00e0 des mod\u00e8les \u00e9lectrom\u00e9caniques ont \u00e9t\u00e9 \u00e9labor\u00e9es pour obtenir les principales performances et \u00e9tudier la stabilit\u00e9 de la boucle.<\/p>\n","protected":false},"featured_media":14727,"comment_status":"closed","ping_status":"open","template":"","meta":{"_acf_changed":false,"_seopress_robots_primary_cat":"none","_seopress_titles_title":"","_seopress_titles_desc":"","_seopress_robots_index":"yes"},"product_brand":[],"product_cat":[1383,1385,1413,1406,1464,1403],"product_tag":[],"class_list":{"0":"post-18349","1":"product","2":"type-product","3":"status-publish","4":"has-post-thumbnail","6":"product_cat-actionneurs-lineaires","7":"product_cat-actionneurs-piezo-fr","8":"product_cat-controle-actif-de-vibration","9":"product_cat-micropositionnement","10":"product_cat-publications-fr","11":"product_cat-systemes-mecatroniques","13":"first","14":"instock","15":"downloadable","16":"virtual","17":"purchasable","18":"product-type-simple"},"acf":[],"_links":{"self":[{"href":"https:\/\/cedrat-technologies.com\/fr\/wp-json\/wp\/v2\/product\/18349","targetHints":{"allow":["GET"]}}],"collection":[{"href":"https:\/\/cedrat-technologies.com\/fr\/wp-json\/wp\/v2\/product"}],"about":[{"href":"https:\/\/cedrat-technologies.com\/fr\/wp-json\/wp\/v2\/types\/product"}],"replies":[{"embeddable":true,"href":"https:\/\/cedrat-technologies.com\/fr\/wp-json\/wp\/v2\/comments?post=18349"}],"version-history":[{"count":0,"href":"https:\/\/cedrat-technologies.com\/fr\/wp-json\/wp\/v2\/product\/18349\/revisions"}],"wp:featuredmedia":[{"embeddable":true,"href":"https:\/\/cedrat-technologies.com\/fr\/wp-json\/wp\/v2\/media\/14727"}],"wp:attachment":[{"href":"https:\/\/cedrat-technologies.com\/fr\/wp-json\/wp\/v2\/media?parent=18349"}],"wp:term":[{"taxonomy":"product_brand","embeddable":true,"href":"https:\/\/cedrat-technologies.com\/fr\/wp-json\/wp\/v2\/product_brand?post=18349"},{"taxonomy":"product_cat","embeddable":true,"href":"https:\/\/cedrat-technologies.com\/fr\/wp-json\/wp\/v2\/product_cat?post=18349"},{"taxonomy":"product_tag","embeddable":true,"href":"https:\/\/cedrat-technologies.com\/fr\/wp-json\/wp\/v2\/product_tag?post=18349"}],"curies":[{"name":"wp","href":"https:\/\/api.w.org\/{rel}","templated":true}]}}