{"id":18347,"date":"2019-11-07T00:00:00","date_gmt":"2019-11-06T23:00:00","guid":{"rendered":"http:\/\/cedrat-technologies.com\/produit\/controle-actif-de-la-distribution-spatiale-de-la-phase-de-lirm-a-laide-de-la-theorie-du-controle-optimal\/"},"modified":"2023-07-20T11:22:16","modified_gmt":"2023-07-20T09:22:16","slug":"controle-actif-de-la-distribution-spatiale-de-la-phase-de-lirm-a-laide-de-la-theorie-du-controle-optimal","status":"publish","type":"product","link":"https:\/\/cedrat-technologies.com\/fr\/produit\/controle-actif-de-la-distribution-spatiale-de-la-phase-de-lirm-a-laide-de-la-theorie-du-controle-optimal\/","title":{"rendered":"Contr\u00f4le actif de la distribution spatiale de la phase de l&rsquo;IRM \u00e0 l&rsquo;aide de la th\u00e9orie du contr\u00f4le optimal"},"content":{"rendered":"","protected":false},"excerpt":{"rendered":"<p>Cet article \u00e9tudie l&rsquo;utilisation de la th\u00e9orie du contr\u00f4le optimal (CO) pour concevoir des impulsions radiofr\u00e9quences (RF) qui contr\u00f4lent activement la distribution spatiale de la phase d&rsquo;aimantation de l&rsquo;IRM. Les impulsions RF sont g\u00e9n\u00e9r\u00e9es par l&rsquo;application du principe du maximum de Pontryagin et optimis\u00e9es de mani\u00e8re \u00e0 ce que l&rsquo;aimantation transversale r\u00e9sultante reproduise divers mod\u00e8les de phase non triviaux et spatiaux. Deux mod\u00e8les de phase diff\u00e9rents sont d\u00e9finis et les impulsions optimales qui en r\u00e9sultent sont test\u00e9es \u00e0 la fois num\u00e9riquement avec le simulateur IRM ODIN et exp\u00e9rimentalement avec un fant\u00f4me de gel d&rsquo;agar sur un scanner MR pour petits animaux de 4,7 T. Les images de phase obtenues dans les simulations et les exp\u00e9riences sont \u00e9galement test\u00e9es. Les images de phase obtenues dans les simulations et les exp\u00e9riences sont toutes deux coh\u00e9rentes avec les mod\u00e8les de phase d\u00e9finis. Une application pratique du contr\u00f4le de phase avec des impulsions con\u00e7ues par OC est \u00e9galement pr\u00e9sent\u00e9e, avec la g\u00e9n\u00e9ration d&rsquo;impulsions RF adapt\u00e9es \u00e0 une exp\u00e9rience d&rsquo;\u00e9lastographie par r\u00e9sonance magn\u00e9tique. Cette \u00e9tude d\u00e9montre la possibilit\u00e9 d&rsquo;utiliser des impulsions RF con\u00e7ues par OC pour encoder des informations dans la phase d&rsquo;aimantation et pourrait avoir des applications dans les s\u00e9quences d&rsquo;IRM utilisant des images de phase.<\/p>\n","protected":false},"featured_media":3566,"comment_status":"closed","ping_status":"open","template":"","meta":{"_acf_changed":false,"_seopress_robots_primary_cat":"none","_seopress_titles_title":"","_seopress_titles_desc":"","_seopress_robots_index":"yes"},"product_brand":[],"product_cat":[1383,1385,1492,1491,1464],"product_tag":[],"class_list":{"0":"post-18347","1":"product","2":"type-product","3":"status-publish","4":"has-post-thumbnail","6":"product_cat-actionneurs-lineaires","7":"product_cat-actionneurs-piezo-fr","8":"product_cat-biomedical-assistance-personnelle-fr","9":"product_cat-domaine-fr","10":"product_cat-publications-fr","12":"first","13":"instock","14":"downloadable","15":"virtual","16":"purchasable","17":"product-type-simple"},"acf":[],"_links":{"self":[{"href":"https:\/\/cedrat-technologies.com\/fr\/wp-json\/wp\/v2\/product\/18347","targetHints":{"allow":["GET"]}}],"collection":[{"href":"https:\/\/cedrat-technologies.com\/fr\/wp-json\/wp\/v2\/product"}],"about":[{"href":"https:\/\/cedrat-technologies.com\/fr\/wp-json\/wp\/v2\/types\/product"}],"replies":[{"embeddable":true,"href":"https:\/\/cedrat-technologies.com\/fr\/wp-json\/wp\/v2\/comments?post=18347"}],"version-history":[{"count":0,"href":"https:\/\/cedrat-technologies.com\/fr\/wp-json\/wp\/v2\/product\/18347\/revisions"}],"wp:featuredmedia":[{"embeddable":true,"href":"https:\/\/cedrat-technologies.com\/fr\/wp-json\/wp\/v2\/media\/3566"}],"wp:attachment":[{"href":"https:\/\/cedrat-technologies.com\/fr\/wp-json\/wp\/v2\/media?parent=18347"}],"wp:term":[{"taxonomy":"product_brand","embeddable":true,"href":"https:\/\/cedrat-technologies.com\/fr\/wp-json\/wp\/v2\/product_brand?post=18347"},{"taxonomy":"product_cat","embeddable":true,"href":"https:\/\/cedrat-technologies.com\/fr\/wp-json\/wp\/v2\/product_cat?post=18347"},{"taxonomy":"product_tag","embeddable":true,"href":"https:\/\/cedrat-technologies.com\/fr\/wp-json\/wp\/v2\/product_tag?post=18347"}],"curies":[{"name":"wp","href":"https:\/\/api.w.org\/{rel}","templated":true}]}}