{"id":18346,"date":"2023-06-19T10:29:27","date_gmt":"2023-06-19T08:29:27","guid":{"rendered":"http:\/\/cedrat-technologies.com\/produit\/actionneurs-piezoelectriques-pour-positionnement-rapide-et-precis\/"},"modified":"2023-07-20T11:21:25","modified_gmt":"2023-07-20T09:21:25","slug":"actionneurs-piezoelectriques-pour-positionnement-rapide-et-precis","status":"publish","type":"product","link":"https:\/\/cedrat-technologies.com\/fr\/produit\/actionneurs-piezoelectriques-pour-positionnement-rapide-et-precis\/","title":{"rendered":"Actionneurs piezo\u00e9lectriques pour positionnement rapide et pr\u00e9cis"},"content":{"rendered":"","protected":false},"excerpt":{"rendered":"<p>Plusieurs classes d&rsquo;actionneurs pi\u00e9zo\u00e9lectriques basse tension ont \u00e9t\u00e9 d\u00e9velopp\u00e9es par CEDRAT TECHNOLOGIES pour r\u00e9pondre \u00e0 des besoins de positionnement pr\u00e9cis et\/ou rapide. Ce document traite de la capacit\u00e9 de ces actionneurs \u00e0 couvrir ces besoins et l&rsquo;illustre \u00e0 travers<br \/>\ndiverses applications (m\u00e9canismes, amortisseurs, vannes) dans les domaines de l&rsquo;instrumentation, du spatial, de l&rsquo;a\u00e9ronautique et de l&rsquo;automobile.<\/p>\n","protected":false},"featured_media":14720,"comment_status":"closed","ping_status":"open","template":"","meta":{"_acf_changed":false,"_seopress_robots_primary_cat":"none","_seopress_titles_title":"","_seopress_titles_desc":"","_seopress_robots_index":"yes"},"product_brand":[],"product_cat":[1383,1385,1414,1413,1390,1393,1464],"product_tag":[],"class_list":{"0":"post-18346","1":"product","2":"type-product","3":"status-publish","4":"has-post-thumbnail","6":"product_cat-actionneurs-lineaires","7":"product_cat-actionneurs-piezo-fr","8":"product_cat-amortisseur-a-masse-depreuve","9":"product_cat-controle-actif-de-vibration","10":"product_cat-mecanismes","11":"product_cat-platines-xy","12":"product_cat-publications-fr","14":"first","15":"instock","16":"downloadable","17":"virtual","18":"purchasable","19":"product-type-simple"},"acf":[],"_links":{"self":[{"href":"https:\/\/cedrat-technologies.com\/fr\/wp-json\/wp\/v2\/product\/18346","targetHints":{"allow":["GET"]}}],"collection":[{"href":"https:\/\/cedrat-technologies.com\/fr\/wp-json\/wp\/v2\/product"}],"about":[{"href":"https:\/\/cedrat-technologies.com\/fr\/wp-json\/wp\/v2\/types\/product"}],"replies":[{"embeddable":true,"href":"https:\/\/cedrat-technologies.com\/fr\/wp-json\/wp\/v2\/comments?post=18346"}],"version-history":[{"count":0,"href":"https:\/\/cedrat-technologies.com\/fr\/wp-json\/wp\/v2\/product\/18346\/revisions"}],"wp:featuredmedia":[{"embeddable":true,"href":"https:\/\/cedrat-technologies.com\/fr\/wp-json\/wp\/v2\/media\/14720"}],"wp:attachment":[{"href":"https:\/\/cedrat-technologies.com\/fr\/wp-json\/wp\/v2\/media?parent=18346"}],"wp:term":[{"taxonomy":"product_brand","embeddable":true,"href":"https:\/\/cedrat-technologies.com\/fr\/wp-json\/wp\/v2\/product_brand?post=18346"},{"taxonomy":"product_cat","embeddable":true,"href":"https:\/\/cedrat-technologies.com\/fr\/wp-json\/wp\/v2\/product_cat?post=18346"},{"taxonomy":"product_tag","embeddable":true,"href":"https:\/\/cedrat-technologies.com\/fr\/wp-json\/wp\/v2\/product_tag?post=18346"}],"curies":[{"name":"wp","href":"https:\/\/api.w.org\/{rel}","templated":true}]}}