{"id":18345,"date":"2010-02-12T00:00:00","date_gmt":"2010-02-11T23:00:00","guid":{"rendered":"http:\/\/cedrat-technologies.com\/produit\/systeme-de-detection-des-champs-magnetiques-en-courant-alternatif-applique-au-suivi-des-mouvements\/"},"modified":"2023-07-20T11:22:23","modified_gmt":"2023-07-20T09:22:23","slug":"systeme-de-detection-des-champs-magnetiques-en-courant-alternatif-applique-au-suivi-des-mouvements","status":"publish","type":"product","link":"https:\/\/cedrat-technologies.com\/fr\/produit\/systeme-de-detection-des-champs-magnetiques-en-courant-alternatif-applique-au-suivi-des-mouvements\/","title":{"rendered":"Syst\u00e8me de d\u00e9tection des champs magn\u00e9tiques en courant alternatif appliqu\u00e9 au suivi des mouvements"},"content":{"rendered":"","protected":false},"excerpt":{"rendered":"<p>Dans le contexte du suivi des mouvements et de la r\u00e9alit\u00e9 virtuelle, il existe un besoin important de capteurs pour surveiller le mouvement d&rsquo;un objet en mouvement. Ces capteurs sont caract\u00e9ris\u00e9s par leurs performances (port\u00e9es, pr\u00e9cision, d\u00e9rives, et susceptibilit\u00e9 au milieu ambiant) et leur encombrement (petite taille, l\u00e9g\u00e8ret\u00e9). La technologie magn\u00e9tique compar\u00e9e \u00e0 la solution m\u00e9canique ou optique permet de travailler sans squelette structurel compos\u00e9 de liens interconnect\u00e9s par des articulations contr\u00f4l\u00e9es et avec d&rsquo;\u00e9ventuelles ombres optiques.<\/p>\n","protected":false},"featured_media":14717,"comment_status":"closed","ping_status":"open","template":"","meta":{"_acf_changed":false,"_seopress_robots_primary_cat":"none","_seopress_titles_title":"","_seopress_titles_desc":"","_seopress_robots_index":"yes"},"product_brand":[],"product_cat":[1492,1416,1491,1464],"product_tag":[],"class_list":{"0":"post-18345","1":"product","2":"type-product","3":"status-publish","4":"has-post-thumbnail","6":"product_cat-biomedical-assistance-personnelle-fr","7":"product_cat-capteurs-fr","8":"product_cat-domaine-fr","9":"product_cat-publications-fr","11":"first","12":"instock","13":"downloadable","14":"virtual","15":"purchasable","16":"product-type-simple"},"acf":[],"_links":{"self":[{"href":"https:\/\/cedrat-technologies.com\/fr\/wp-json\/wp\/v2\/product\/18345","targetHints":{"allow":["GET"]}}],"collection":[{"href":"https:\/\/cedrat-technologies.com\/fr\/wp-json\/wp\/v2\/product"}],"about":[{"href":"https:\/\/cedrat-technologies.com\/fr\/wp-json\/wp\/v2\/types\/product"}],"replies":[{"embeddable":true,"href":"https:\/\/cedrat-technologies.com\/fr\/wp-json\/wp\/v2\/comments?post=18345"}],"version-history":[{"count":0,"href":"https:\/\/cedrat-technologies.com\/fr\/wp-json\/wp\/v2\/product\/18345\/revisions"}],"wp:featuredmedia":[{"embeddable":true,"href":"https:\/\/cedrat-technologies.com\/fr\/wp-json\/wp\/v2\/media\/14717"}],"wp:attachment":[{"href":"https:\/\/cedrat-technologies.com\/fr\/wp-json\/wp\/v2\/media?parent=18345"}],"wp:term":[{"taxonomy":"product_brand","embeddable":true,"href":"https:\/\/cedrat-technologies.com\/fr\/wp-json\/wp\/v2\/product_brand?post=18345"},{"taxonomy":"product_cat","embeddable":true,"href":"https:\/\/cedrat-technologies.com\/fr\/wp-json\/wp\/v2\/product_cat?post=18345"},{"taxonomy":"product_tag","embeddable":true,"href":"https:\/\/cedrat-technologies.com\/fr\/wp-json\/wp\/v2\/product_tag?post=18345"}],"curies":[{"name":"wp","href":"https:\/\/api.w.org\/{rel}","templated":true}]}}