{"id":18344,"date":"2023-06-19T10:29:27","date_gmt":"2023-06-19T08:29:27","guid":{"rendered":"http:\/\/cedrat-technologies.com\/produit\/abc-pales-de-rotor-conception-fabrication-et-essais\/"},"modified":"2023-07-20T11:21:25","modified_gmt":"2023-07-20T09:21:25","slug":"abc-pales-de-rotor-conception-fabrication-et-essais","status":"publish","type":"product","link":"https:\/\/cedrat-technologies.com\/fr\/produit\/abc-pales-de-rotor-conception-fabrication-et-essais\/","title":{"rendered":"ABC Pales de rotor : conception, fabrication et essais"},"content":{"rendered":"","protected":false},"excerpt":{"rendered":"<p>ABC est l&rsquo;acronyme d'\u00a0\u00bbActive Blade Concept\u00a0\u00bb (concept de pale active) et repr\u00e9sente un mod\u00e8le de rotor \u00e0 38 % de Mach du rotor de technologie avanc\u00e9e (ATR) d&rsquo;Eurocopter Germany (ECD, [4]). Contrairement \u00e0 l&rsquo;ATR, le mod\u00e8le de rotor est enti\u00e8rement articul\u00e9. Plus pr\u00e9cis\u00e9ment, il est \u00e9quip\u00e9 d&rsquo;un volet au bord de fuite de chaque pale, qui est actionn\u00e9 par un actionneur pi\u00e9zo\u00e9lectrique. Le projet ABC est une coop\u00e9ration entre l&rsquo;ONERA fran\u00e7ais et le DLR allemand dans le cadre du concept de recherche \u00a0\u00bbThe Active Rotor\u00a0\u00bb.<\/p>\n","protected":false},"featured_media":14714,"comment_status":"closed","ping_status":"open","template":"","meta":{"_acf_changed":false,"_seopress_robots_primary_cat":"none","_seopress_titles_title":"","_seopress_titles_desc":"","_seopress_robots_index":"yes"},"product_brand":[],"product_cat":[1383,1385,1395,1493,1394,1491,1390,1464],"product_tag":[],"class_list":{"0":"post-18344","1":"product","2":"type-product","3":"status-publish","4":"has-post-thumbnail","6":"product_cat-actionneurs-lineaires","7":"product_cat-actionneurs-piezo-fr","8":"product_cat-controle-actif-de-flux","9":"product_cat-defense-fr","10":"product_cat-dispositifs-electro-fluidique","11":"product_cat-domaine-fr","12":"product_cat-mecanismes","13":"product_cat-publications-fr","15":"first","16":"instock","17":"downloadable","18":"virtual","19":"purchasable","20":"product-type-simple"},"acf":[],"_links":{"self":[{"href":"https:\/\/cedrat-technologies.com\/fr\/wp-json\/wp\/v2\/product\/18344","targetHints":{"allow":["GET"]}}],"collection":[{"href":"https:\/\/cedrat-technologies.com\/fr\/wp-json\/wp\/v2\/product"}],"about":[{"href":"https:\/\/cedrat-technologies.com\/fr\/wp-json\/wp\/v2\/types\/product"}],"replies":[{"embeddable":true,"href":"https:\/\/cedrat-technologies.com\/fr\/wp-json\/wp\/v2\/comments?post=18344"}],"version-history":[{"count":0,"href":"https:\/\/cedrat-technologies.com\/fr\/wp-json\/wp\/v2\/product\/18344\/revisions"}],"wp:featuredmedia":[{"embeddable":true,"href":"https:\/\/cedrat-technologies.com\/fr\/wp-json\/wp\/v2\/media\/14714"}],"wp:attachment":[{"href":"https:\/\/cedrat-technologies.com\/fr\/wp-json\/wp\/v2\/media?parent=18344"}],"wp:term":[{"taxonomy":"product_brand","embeddable":true,"href":"https:\/\/cedrat-technologies.com\/fr\/wp-json\/wp\/v2\/product_brand?post=18344"},{"taxonomy":"product_cat","embeddable":true,"href":"https:\/\/cedrat-technologies.com\/fr\/wp-json\/wp\/v2\/product_cat?post=18344"},{"taxonomy":"product_tag","embeddable":true,"href":"https:\/\/cedrat-technologies.com\/fr\/wp-json\/wp\/v2\/product_tag?post=18344"}],"curies":[{"name":"wp","href":"https:\/\/api.w.org\/{rel}","templated":true}]}}