{"id":18343,"date":"2022-09-08T00:00:00","date_gmt":"2022-09-07T22:00:00","guid":{"rendered":"http:\/\/cedrat-technologies.com\/produit\/un-collecteur-denergie-vibratoire-piezoelectrique-a-large-bande\/"},"modified":"2023-07-20T11:22:11","modified_gmt":"2023-07-20T09:22:11","slug":"un-collecteur-denergie-vibratoire-piezoelectrique-a-large-bande","status":"publish","type":"product","link":"https:\/\/cedrat-technologies.com\/fr\/produit\/un-collecteur-denergie-vibratoire-piezoelectrique-a-large-bande\/","title":{"rendered":"Un collecteur d&rsquo;\u00e9nergie vibratoire pi\u00e9zo\u00e9lectrique \u00e0 large bande"},"content":{"rendered":"","protected":false},"excerpt":{"rendered":"<p>Cet article se concentre sur la conception d&rsquo;un collecteur d&rsquo;\u00e9nergie bistable bas\u00e9 sur une solution brevet\u00e9e invent\u00e9e par le laboratoire SYMME \/ USMB et utilisant la technologie de l&rsquo;actionneur pi\u00e9zo\u00e9lectrique amplifi\u00e9 (APA\u00ae). Un prototype pr\u00e9liminaire est d\u00e9velopp\u00e9 en tenant compte de la dur\u00e9e de vie et des limitations m\u00e9caniques. Des r\u00e9sultats exp\u00e9rimentaux sont \u00e9galement donn\u00e9s pour des vibrations sinuso\u00efdales et al\u00e9atoires.<\/p>\n","protected":false},"featured_media":14711,"comment_status":"closed","ping_status":"open","template":"","meta":{"_acf_changed":false,"_seopress_robots_primary_cat":"none","_seopress_titles_title":"","_seopress_titles_desc":"","_seopress_robots_index":"yes"},"product_brand":[],"product_cat":[1464,1415],"product_tag":[],"class_list":{"0":"post-18343","1":"product","2":"type-product","3":"status-publish","4":"has-post-thumbnail","6":"product_cat-publications-fr","7":"product_cat-recuperateur-denergie","9":"first","10":"instock","11":"downloadable","12":"virtual","13":"purchasable","14":"product-type-simple"},"acf":[],"_links":{"self":[{"href":"https:\/\/cedrat-technologies.com\/fr\/wp-json\/wp\/v2\/product\/18343","targetHints":{"allow":["GET"]}}],"collection":[{"href":"https:\/\/cedrat-technologies.com\/fr\/wp-json\/wp\/v2\/product"}],"about":[{"href":"https:\/\/cedrat-technologies.com\/fr\/wp-json\/wp\/v2\/types\/product"}],"replies":[{"embeddable":true,"href":"https:\/\/cedrat-technologies.com\/fr\/wp-json\/wp\/v2\/comments?post=18343"}],"version-history":[{"count":0,"href":"https:\/\/cedrat-technologies.com\/fr\/wp-json\/wp\/v2\/product\/18343\/revisions"}],"wp:featuredmedia":[{"embeddable":true,"href":"https:\/\/cedrat-technologies.com\/fr\/wp-json\/wp\/v2\/media\/14711"}],"wp:attachment":[{"href":"https:\/\/cedrat-technologies.com\/fr\/wp-json\/wp\/v2\/media?parent=18343"}],"wp:term":[{"taxonomy":"product_brand","embeddable":true,"href":"https:\/\/cedrat-technologies.com\/fr\/wp-json\/wp\/v2\/product_brand?post=18343"},{"taxonomy":"product_cat","embeddable":true,"href":"https:\/\/cedrat-technologies.com\/fr\/wp-json\/wp\/v2\/product_cat?post=18343"},{"taxonomy":"product_tag","embeddable":true,"href":"https:\/\/cedrat-technologies.com\/fr\/wp-json\/wp\/v2\/product_tag?post=18343"}],"curies":[{"name":"wp","href":"https:\/\/api.w.org\/{rel}","templated":true}]}}