{"id":18342,"date":"2023-06-19T10:29:27","date_gmt":"2023-06-19T08:29:27","guid":{"rendered":"http:\/\/cedrat-technologies.com\/produit\/un-nouveau-moteur-a-bobine-mobile-pour-les-satellites-meteosat-de-troisieme-generation\/"},"modified":"2023-07-20T11:21:25","modified_gmt":"2023-07-20T09:21:25","slug":"un-nouveau-moteur-a-bobine-mobile-pour-les-satellites-meteosat-de-troisieme-generation","status":"publish","type":"product","link":"https:\/\/cedrat-technologies.com\/fr\/produit\/un-nouveau-moteur-a-bobine-mobile-pour-les-satellites-meteosat-de-troisieme-generation\/","title":{"rendered":"Un nouveau moteur \u00e0 bobine mobile pour les satellites Meteosat de troisi\u00e8me g\u00e9n\u00e9ration"},"content":{"rendered":"","protected":false},"excerpt":{"rendered":"<p>Dans le cadre du projet Meteosat Third Generation (MTG), le futur syst\u00e8me europ\u00e9en de satellites m\u00e9t\u00e9orologiques g\u00e9ostationnaires op\u00e9rationnels, Cedrat Technologies a d\u00e9velopp\u00e9 un actionneur d\u00e9di\u00e9 pour le m\u00e9canisme Scan Assembly (SCA) fabriqu\u00e9 par SENER. Ces moteurs sont n\u00e9cessaires pour actionner le SCA sur les axes nord\/sud (N\/S) et est\/ouest (E\/W). L&rsquo;exigence d&rsquo;un pointage pr\u00e9cis du SCA induit des caract\u00e9ristiques tr\u00e8s sp\u00e9cifiques pour la motorisation. Les caract\u00e9ristiques requises pour le moteur sont les suivantes : absence de cogging, moteur \u00e0 haute constante [N.m\/vW], couple constant sur toute la course, hyst\u00e9r\u00e9sis tr\u00e8s faible et bobines redondantes. Pour r\u00e9pondre \u00e0 ces exigences rigoureuses, le choix s&rsquo;est port\u00e9 sur le d\u00e9veloppement d&rsquo;un moteur \u00e0 bobine mobile rotative sp\u00e9cifique.<\/p>\n","protected":false},"featured_media":14708,"comment_status":"closed","ping_status":"open","template":"","meta":{"_acf_changed":false,"_seopress_robots_primary_cat":"none","_seopress_titles_title":"","_seopress_titles_desc":"","_seopress_robots_index":"yes"},"product_brand":[],"product_cat":[1383,1384,1491,1390,1464],"product_tag":[],"class_list":{"0":"post-18342","1":"product","2":"type-product","3":"status-publish","4":"has-post-thumbnail","6":"product_cat-actionneurs-lineaires","7":"product_cat-actionneurs-lineaires-magnetiques","8":"product_cat-domaine-fr","9":"product_cat-mecanismes","10":"product_cat-publications-fr","12":"first","13":"instock","14":"downloadable","15":"virtual","16":"purchasable","17":"product-type-simple"},"acf":[],"_links":{"self":[{"href":"https:\/\/cedrat-technologies.com\/fr\/wp-json\/wp\/v2\/product\/18342","targetHints":{"allow":["GET"]}}],"collection":[{"href":"https:\/\/cedrat-technologies.com\/fr\/wp-json\/wp\/v2\/product"}],"about":[{"href":"https:\/\/cedrat-technologies.com\/fr\/wp-json\/wp\/v2\/types\/product"}],"replies":[{"embeddable":true,"href":"https:\/\/cedrat-technologies.com\/fr\/wp-json\/wp\/v2\/comments?post=18342"}],"version-history":[{"count":0,"href":"https:\/\/cedrat-technologies.com\/fr\/wp-json\/wp\/v2\/product\/18342\/revisions"}],"wp:featuredmedia":[{"embeddable":true,"href":"https:\/\/cedrat-technologies.com\/fr\/wp-json\/wp\/v2\/media\/14708"}],"wp:attachment":[{"href":"https:\/\/cedrat-technologies.com\/fr\/wp-json\/wp\/v2\/media?parent=18342"}],"wp:term":[{"taxonomy":"product_brand","embeddable":true,"href":"https:\/\/cedrat-technologies.com\/fr\/wp-json\/wp\/v2\/product_brand?post=18342"},{"taxonomy":"product_cat","embeddable":true,"href":"https:\/\/cedrat-technologies.com\/fr\/wp-json\/wp\/v2\/product_cat?post=18342"},{"taxonomy":"product_tag","embeddable":true,"href":"https:\/\/cedrat-technologies.com\/fr\/wp-json\/wp\/v2\/product_tag?post=18342"}],"curies":[{"name":"wp","href":"https:\/\/api.w.org\/{rel}","templated":true}]}}