{"id":18340,"date":"2023-06-19T10:29:27","date_gmt":"2023-06-19T08:29:27","guid":{"rendered":"http:\/\/cedrat-technologies.com\/produit\/recuperateur-piezoelectrique-bistable-pour-lexcitation-de-frequences-mecaniques-a-large-bande\/"},"modified":"2023-07-20T11:21:23","modified_gmt":"2023-07-20T09:21:23","slug":"recuperateur-piezoelectrique-bistable-pour-lexcitation-de-frequences-mecaniques-a-large-bande","status":"publish","type":"product","link":"https:\/\/cedrat-technologies.com\/fr\/produit\/recuperateur-piezoelectrique-bistable-pour-lexcitation-de-frequences-mecaniques-a-large-bande\/","title":{"rendered":"R\u00e9cup\u00e9rateur pi\u00e9zo\u00e9lectrique bistable pour l&rsquo;excitation de fr\u00e9quences m\u00e9caniques \u00e0 large bande"},"content":{"rendered":"","protected":false},"excerpt":{"rendered":"<p>Les d\u00e9veloppements de syst\u00e8mes autonomes tels que l&rsquo;autosurveillance, les syst\u00e8mes embarqu\u00e9s sont de plus en plus utilis\u00e9s dans les applications industrielles. L&rsquo;alimentation en \u00e9nergie est un point cl\u00e9 pour le d\u00e9veloppement de ces syst\u00e8mes. Les solutions bas\u00e9es sur des batteries ont une dur\u00e9e de vie limit\u00e9e et les alimentations par fils ne sont pas toujours appropri\u00e9es et faciles \u00e0 installer. De plus, le recyclage des batteries est un processus complexe et co\u00fbteux. Les recherches sur l&rsquo;alimentation en \u00e9nergie par des syst\u00e8mes de r\u00e9colte augmentent de la m\u00eame mani\u00e8re que les syst\u00e8mes autonomes.<\/p>\n","protected":false},"featured_media":14702,"comment_status":"closed","ping_status":"open","template":"","meta":{"_acf_changed":false,"_seopress_robots_primary_cat":"none","_seopress_titles_title":"","_seopress_titles_desc":"","_seopress_robots_index":"yes"},"product_brand":[],"product_cat":[1383,1385,1492,1491,1390,1464,1415],"product_tag":[],"class_list":{"0":"post-18340","1":"product","2":"type-product","3":"status-publish","4":"has-post-thumbnail","6":"product_cat-actionneurs-lineaires","7":"product_cat-actionneurs-piezo-fr","8":"product_cat-biomedical-assistance-personnelle-fr","9":"product_cat-domaine-fr","10":"product_cat-mecanismes","11":"product_cat-publications-fr","12":"product_cat-recuperateur-denergie","14":"first","15":"instock","16":"downloadable","17":"virtual","18":"purchasable","19":"product-type-simple"},"acf":[],"_links":{"self":[{"href":"https:\/\/cedrat-technologies.com\/fr\/wp-json\/wp\/v2\/product\/18340","targetHints":{"allow":["GET"]}}],"collection":[{"href":"https:\/\/cedrat-technologies.com\/fr\/wp-json\/wp\/v2\/product"}],"about":[{"href":"https:\/\/cedrat-technologies.com\/fr\/wp-json\/wp\/v2\/types\/product"}],"replies":[{"embeddable":true,"href":"https:\/\/cedrat-technologies.com\/fr\/wp-json\/wp\/v2\/comments?post=18340"}],"version-history":[{"count":0,"href":"https:\/\/cedrat-technologies.com\/fr\/wp-json\/wp\/v2\/product\/18340\/revisions"}],"wp:featuredmedia":[{"embeddable":true,"href":"https:\/\/cedrat-technologies.com\/fr\/wp-json\/wp\/v2\/media\/14702"}],"wp:attachment":[{"href":"https:\/\/cedrat-technologies.com\/fr\/wp-json\/wp\/v2\/media?parent=18340"}],"wp:term":[{"taxonomy":"product_brand","embeddable":true,"href":"https:\/\/cedrat-technologies.com\/fr\/wp-json\/wp\/v2\/product_brand?post=18340"},{"taxonomy":"product_cat","embeddable":true,"href":"https:\/\/cedrat-technologies.com\/fr\/wp-json\/wp\/v2\/product_cat?post=18340"},{"taxonomy":"product_tag","embeddable":true,"href":"https:\/\/cedrat-technologies.com\/fr\/wp-json\/wp\/v2\/product_tag?post=18340"}],"curies":[{"name":"wp","href":"https:\/\/api.w.org\/{rel}","templated":true}]}}