{"id":18339,"date":"2001-01-01T00:00:00","date_gmt":"2000-12-31T23:00:00","guid":{"rendered":"http:\/\/cedrat-technologies.com\/produit\/sondes-dimagerie-ultrasonique-3d\/"},"modified":"2023-07-20T11:22:32","modified_gmt":"2023-07-20T09:22:32","slug":"sondes-dimagerie-ultrasonique-3d","status":"publish","type":"product","link":"https:\/\/cedrat-technologies.com\/fr\/produit\/sondes-dimagerie-ultrasonique-3d\/","title":{"rendered":"Sondes d&rsquo;imagerie ultrasonique 3D"},"content":{"rendered":"","protected":false},"excerpt":{"rendered":"<p>La mise en \u0153uvre de capacit\u00e9s 3D sur les syst\u00e8mes d&rsquo;imagerie ultrasonique prouve de mani\u00e8re convaincante le grand int\u00e9r\u00eat de cette modalit\u00e9 de diagnostic. Cependant, pour devenir un outil clinique, l&rsquo;\u00e9chographie 3D doit faire des efforts technologiques suppl\u00e9mentaires en mati\u00e8re de performance d&rsquo;acquisition et de taille de la sonde afin de fournir \u00e0 la vol\u00e9e des images volum\u00e9triques de qualit\u00e9 ainsi que les fonctionnalit\u00e9s actuelles.<\/p>\n","protected":false},"featured_media":14699,"comment_status":"closed","ping_status":"open","template":"","meta":{"_acf_changed":false,"_seopress_robots_primary_cat":"none","_seopress_titles_title":"","_seopress_titles_desc":"","_seopress_robots_index":"yes"},"product_brand":[],"product_cat":[1492,1491,1398,1387,1464],"product_tag":[],"class_list":{"0":"post-18339","1":"product","2":"type-product","3":"status-publish","4":"has-post-thumbnail","6":"product_cat-biomedical-assistance-personnelle-fr","7":"product_cat-domaine-fr","8":"product_cat-machines-tournantes","9":"product_cat-moteurs-piezo-fr-2","10":"product_cat-publications-fr","12":"first","13":"instock","14":"downloadable","15":"virtual","16":"purchasable","17":"product-type-simple"},"acf":[],"_links":{"self":[{"href":"https:\/\/cedrat-technologies.com\/fr\/wp-json\/wp\/v2\/product\/18339","targetHints":{"allow":["GET"]}}],"collection":[{"href":"https:\/\/cedrat-technologies.com\/fr\/wp-json\/wp\/v2\/product"}],"about":[{"href":"https:\/\/cedrat-technologies.com\/fr\/wp-json\/wp\/v2\/types\/product"}],"replies":[{"embeddable":true,"href":"https:\/\/cedrat-technologies.com\/fr\/wp-json\/wp\/v2\/comments?post=18339"}],"version-history":[{"count":0,"href":"https:\/\/cedrat-technologies.com\/fr\/wp-json\/wp\/v2\/product\/18339\/revisions"}],"wp:featuredmedia":[{"embeddable":true,"href":"https:\/\/cedrat-technologies.com\/fr\/wp-json\/wp\/v2\/media\/14699"}],"wp:attachment":[{"href":"https:\/\/cedrat-technologies.com\/fr\/wp-json\/wp\/v2\/media?parent=18339"}],"wp:term":[{"taxonomy":"product_brand","embeddable":true,"href":"https:\/\/cedrat-technologies.com\/fr\/wp-json\/wp\/v2\/product_brand?post=18339"},{"taxonomy":"product_cat","embeddable":true,"href":"https:\/\/cedrat-technologies.com\/fr\/wp-json\/wp\/v2\/product_cat?post=18339"},{"taxonomy":"product_tag","embeddable":true,"href":"https:\/\/cedrat-technologies.com\/fr\/wp-json\/wp\/v2\/product_tag?post=18339"}],"curies":[{"name":"wp","href":"https:\/\/api.w.org\/{rel}","templated":true}]}}