{"id":30825,"date":"2026-01-12T14:21:31","date_gmt":"2026-01-12T13:21:31","guid":{"rendered":"https:\/\/cedrat-technologies.com\/?page_id=30825"},"modified":"2026-03-17T16:03:41","modified_gmt":"2026-03-17T15:03:41","slug":"projet-lisa","status":"publish","type":"page","link":"https:\/\/cedrat-technologies.com\/fr\/projet-lisa\/","title":{"rendered":"Cedrat Technologies au c\u0153ur du projet LISA, future mission phare de l\u2019observation des ondes gravitationnelles"},"content":{"rendered":"\t\t<div data-elementor-type=\"wp-page\" data-elementor-id=\"30825\" class=\"elementor elementor-30825 elementor-30762\" data-elementor-post-type=\"page\">\n\t\t\t\t<div class=\"elementor-element elementor-element-fab5109 e-flex e-con-boxed e-con e-parent\" data-id=\"fab5109\" data-element_type=\"container\" data-e-type=\"container\">\n\t\t\t\t\t<div class=\"e-con-inner\">\n\t\t<div class=\"elementor-element elementor-element-f4045c5 e-con-full e-flex e-con e-child\" data-id=\"f4045c5\" data-element_type=\"container\" data-e-type=\"container\">\n\t\t\t\t<div class=\"elementor-element elementor-element-88269ad elementor-widget elementor-widget-heading\" data-id=\"88269ad\" data-element_type=\"widget\" data-e-type=\"widget\" data-widget_type=\"heading.default\">\n\t\t\t\t<div class=\"elementor-widget-container\">\n\t\t\t\t\t<h1 class=\"elementor-heading-title elementor-size-default\">Cedrat Technologies au c\u0153ur du projet LISA, future mission phare de l\u2019observation des ondes gravitationnelles<\/h1>\t\t\t\t<\/div>\n\t\t\t\t<\/div>\n\t\t\t\t<div class=\"elementor-element elementor-element-b7ca0d7 elementor-widget elementor-widget-text-editor\" data-id=\"b7ca0d7\" data-element_type=\"widget\" data-e-type=\"widget\" data-widget_type=\"text-editor.default\">\n\t\t\t\t<div class=\"elementor-widget-container\">\n\t\t\t\t\t\t\t\t\t<p>Cedrat Technologies (CTEC), sp\u00e9cialiste des actionneurs et motorisations pi\u00e9zo\u00e9lectriques pour les environnements extr\u00eames, annonce sa contribution au projet LISA (Laser Interferometer Space Antenna), l\u2019une des missions spatiales scientifiques les plus ambitieuses jamais lanc\u00e9es en Europe.<\/p><p>Pilot\u00e9 par l\u2019ESA et la NASA, avec la contribution du CNES, le projet LISA repr\u00e9sente un investissement de plus d\u2019un milliard d\u2019euros. Cette mission de classe L, troisi\u00e8me mission \u00ab Large \u00bb de l\u2019ESA, a pour objectif de devenir le premier observatoire spatial d\u00e9di\u00e9 \u00e0 la d\u00e9tection des ondes gravitationnelles, ouvrant une nouvelle fen\u00eatre d\u2019observation de l\u2019Univers.<\/p>\t\t\t\t\t\t\t\t<\/div>\n\t\t\t\t<\/div>\n\t\t\t\t<\/div>\n\t\t<div class=\"elementor-element elementor-element-def4e3a e-con-full e-flex e-con e-child\" data-id=\"def4e3a\" data-element_type=\"container\" data-e-type=\"container\">\n\t\t\t\t<div class=\"elementor-element elementor-element-2afbfd4 elementor-widget elementor-widget-image\" data-id=\"2afbfd4\" data-element_type=\"widget\" data-e-type=\"widget\" data-widget_type=\"image.default\">\n\t\t\t\t<div class=\"elementor-widget-container\">\n\t\t\t\t\t\t\t\t\t\t\t\t<figure class=\"wp-caption\">\n\t\t\t\t\t\t\t\t\t\t<img fetchpriority=\"high\" decoding=\"async\" width=\"1500\" height=\"1125\" src=\"https:\/\/cedrat-technologies.com\/wp-content\/uploads\/news\/focus\/lisa-waves.jpg\" class=\"attachment-large size-large wp-image-30608\" alt=\"Artist view of LISA project \u00a9 NASA\" srcset=\"https:\/\/cedrat-technologies.com\/wp-content\/uploads\/news\/focus\/lisa-waves.jpg 1500w, https:\/\/cedrat-technologies.com\/wp-content\/uploads\/news\/focus\/lisa-waves-768x576.jpg 768w, https:\/\/cedrat-technologies.com\/wp-content\/uploads\/news\/focus\/lisa-waves-600x450.jpg 600w\" sizes=\"(max-width: 1500px) 100vw, 1500px\" \/>\t\t\t\t\t\t\t\t\t\t\t<figcaption class=\"widget-image-caption wp-caption-text\">Artist view of LISA project \u00a9 NASA<\/figcaption>\n\t\t\t\t\t\t\t\t\t\t<\/figure>\n\t\t\t\t\t\t\t\t\t<\/div>\n\t\t\t\t<\/div>\n\t\t\t\t<\/div>\n\t\t\t\t\t<\/div>\n\t\t\t\t<\/div>\n\t\t<div class=\"elementor-element elementor-element-62a6888 e-flex e-con-boxed e-con e-parent\" data-id=\"62a6888\" data-element_type=\"container\" data-e-type=\"container\">\n\t\t\t\t\t<div class=\"e-con-inner\">\n\t\t<div class=\"elementor-element elementor-element-68f87d7 e-con-full e-flex e-con e-child\" data-id=\"68f87d7\" data-element_type=\"container\" data-e-type=\"container\">\n\t\t\t\t<div class=\"elementor-element elementor-element-018bb45 elementor-widget elementor-widget-video\" data-id=\"018bb45\" data-element_type=\"widget\" data-e-type=\"widget\" data-settings=\"{&quot;video_type&quot;:&quot;hosted&quot;,&quot;autoplay&quot;:&quot;yes&quot;,&quot;play_on_mobile&quot;:&quot;yes&quot;,&quot;mute&quot;:&quot;yes&quot;,&quot;loop&quot;:&quot;yes&quot;}\" data-widget_type=\"video.default\">\n\t\t\t\t<div class=\"elementor-widget-container\">\n\t\t\t\t\t\t\t<div class=\"e-hosted-video elementor-wrapper elementor-open-inline\">\n\t\t\t\t\t<video class=\"elementor-video\" src=\"https:\/\/cedrat-technologies.com\/wp-content\/uploads\/news\/focus\/timelapse-moteur_lisa_apm_-1x1-1.webm\" autoplay=\"\" loop=\"\" muted=\"muted\" playsinline=\"\" controlsList=\"nodownload\"><\/video>\n\t\t\t\t<\/div>\n\t\t\t\t\t\t<\/div>\n\t\t\t\t<\/div>\n\t\t\t\t<div class=\"elementor-element elementor-element-0404ca5 elementor-widget elementor-widget-text-editor\" data-id=\"0404ca5\" data-element_type=\"widget\" data-e-type=\"widget\" data-widget_type=\"text-editor.default\">\n\t\t\t\t<div class=\"elementor-widget-container\">\n\t\t\t\t\t\t\t\t\t<p>Time-lapse du moteur destin\u00e9 au Antenna Pointing Mechanism (APM).<\/p>\t\t\t\t\t\t\t\t<\/div>\n\t\t\t\t<\/div>\n\t\t\t\t<\/div>\n\t\t<div class=\"elementor-element elementor-element-d17f89b e-con-full e-flex e-con e-child\" data-id=\"d17f89b\" data-element_type=\"container\" data-e-type=\"container\">\n\t\t\t\t<div class=\"elementor-element elementor-element-54cee27 elementor-widget elementor-widget-heading\" data-id=\"54cee27\" data-element_type=\"widget\" data-e-type=\"widget\" data-widget_type=\"heading.default\">\n\t\t\t\t<div class=\"elementor-widget-container\">\n\t\t\t\t\t<h2 class=\"elementor-heading-title elementor-size-default\">Une expertise pi\u00e9zo\u00e9lectrique cl\u00e9 pour une mission hors normes<\/h2>\t\t\t\t<\/div>\n\t\t\t\t<\/div>\n\t\t\t\t<div class=\"elementor-element elementor-element-461e6bf elementor-widget elementor-widget-text-editor\" data-id=\"461e6bf\" data-element_type=\"widget\" data-e-type=\"widget\" data-widget_type=\"text-editor.default\">\n\t\t\t\t<div class=\"elementor-widget-container\">\n\t\t\t\t\t\t\t\t\t<p>La mission LISA reposera sur une constellation de trois satellites formant un triangle de 2,5 millions de kilom\u00e8tres de c\u00f4t\u00e9, volant en formation extr\u00eamement pr\u00e9cise. Dans ce contexte, les m\u00e9canismes embarqu\u00e9s doivent r\u00e9pondre \u00e0 des exigences sans pr\u00e9c\u00e9dent : micro-vibrations ultra-faibles, propret\u00e9 magn\u00e9tique exceptionnelle et r\u00e9solutions angulaires extr\u00eames.<\/p><p>Cedrat Technologies intervient dans plusieurs consortiums europ\u00e9ens afin de d\u00e9velopper des motorisations pi\u00e9zo\u00e9lectriques rotatives de tr\u00e8s haute r\u00e9solution, adapt\u00e9es \u00e0 des fonctions critiques de la mission. Ces travaux ont permis d\u2019atteindre le TRL 3 (Technology Readiness Level) sur des moteurs sur mesure d\u00e9di\u00e9s \u00e0 LISA.<\/p>\t\t\t\t\t\t\t\t<\/div>\n\t\t\t\t<\/div>\n\t\t\t\t<div class=\"elementor-element elementor-element-59c2fe9 elementor-widget elementor-widget-text-editor\" data-id=\"59c2fe9\" data-element_type=\"widget\" data-e-type=\"widget\" data-widget_type=\"text-editor.default\">\n\t\t\t\t<div class=\"elementor-widget-container\">\n\t\t\t\t\t\t\t\t\t<p style=\"color: #1d71b8;\"><strong>Parmi ces d\u00e9veloppements figurent :<\/strong><\/p><ul><li><strong>Un moteur destin\u00e9 au Antenna Pointing Mechanism (APM) de l\u2019antenne grand gain<\/strong>, capable d\u2019une rotation continue d\u20191\u00b0 par jour sans interrompre les observations scientifiques, avec une pr\u00e9cision de positionnement de \u00b10,05\u00b0 sur 360\u00b0<\/li><li><strong>Des moteurs pour les Optical Assembly Tracking Mechanisms (OATM)<\/strong>, assurant l\u2019alignement optique entre satellites avec une pr\u00e9cision microradian, puis une stabilit\u00e9 nanoradian en coop\u00e9ration avec le syst\u00e8me DFACS.<\/li><li><strong>Des micromoteurs rotatifs d&rsquo;alignement de faisceau (BAM)<\/strong>, destin\u00e9s dans le banc optique, \u00e0 corriger les variations parasites de la longueur du trajet optique, par d\u00e9placement lat\u00e9ral du faisceau transmis.<\/li><\/ul>\t\t\t\t\t\t\t\t<\/div>\n\t\t\t\t<\/div>\n\t\t\t\t<div class=\"elementor-element elementor-element-cab585a elementor-widget elementor-widget-text-editor\" data-id=\"cab585a\" data-element_type=\"widget\" data-e-type=\"widget\" data-widget_type=\"text-editor.default\">\n\t\t\t\t<div class=\"elementor-widget-container\">\n\t\t\t\t\t\t\t\t\t<p>Ces performances d\u00e9montrent le potentiel des moteurs pi\u00e9zo\u00e9lectriques de type \u201cinchworm\u201d pour les applications spatiales de tr\u00e8s haute exigence.<\/p>\t\t\t\t\t\t\t\t<\/div>\n\t\t\t\t<\/div>\n\t\t\t\t<\/div>\n\t\t\t\t\t<\/div>\n\t\t\t\t<\/div>\n\t\t<div class=\"elementor-element elementor-element-d751503 e-flex e-con-boxed e-con e-parent\" data-id=\"d751503\" data-element_type=\"container\" data-e-type=\"container\" data-settings=\"{&quot;background_background&quot;:&quot;classic&quot;}\">\n\t\t\t\t\t<div class=\"e-con-inner\">\n\t\t\t\t<div class=\"elementor-element elementor-element-9f2eee9 elementor-widget elementor-widget-heading\" data-id=\"9f2eee9\" data-element_type=\"widget\" data-e-type=\"widget\" data-widget_type=\"heading.default\">\n\t\t\t\t<div class=\"elementor-widget-container\">\n\t\t\t\t\t<h2 class=\"elementor-heading-title elementor-size-default\">Une \u201cbelle histoire\u201d industrielle au service du spatial<\/h2>\t\t\t\t<\/div>\n\t\t\t\t<\/div>\n\t\t\t\t<div class=\"elementor-element elementor-element-c16382b elementor-widget elementor-widget-text-editor\" data-id=\"c16382b\" data-element_type=\"widget\" data-e-type=\"widget\" data-widget_type=\"text-editor.default\">\n\t\t\t\t<div class=\"elementor-widget-container\">\n\t\t\t\t\t\t\t\t\t<p>L\u2019implication de Cedrat Technologies dans LISA s\u2019inscrit dans une histoire de long terme avec le secteur spatial fran\u00e7ais et europ\u00e9en :<\/p>\t\t\t\t\t\t\t\t<\/div>\n\t\t\t\t<\/div>\n\t\t<div class=\"elementor-element elementor-element-8537654 e-flex e-con-boxed e-con e-child\" data-id=\"8537654\" data-element_type=\"container\" data-e-type=\"container\">\n\t\t\t\t\t<div class=\"e-con-inner\">\n\t\t<div class=\"elementor-element elementor-element-aec9b25 e-con-full e-flex e-con e-child\" data-id=\"aec9b25\" data-element_type=\"container\" data-e-type=\"container\" data-settings=\"{&quot;background_background&quot;:&quot;classic&quot;}\">\n\t\t\t\t<div class=\"elementor-element elementor-element-ce5c092 elementor-widget elementor-widget-text-editor\" data-id=\"ce5c092\" data-element_type=\"widget\" data-e-type=\"widget\" data-widget_type=\"text-editor.default\">\n\t\t\t\t<div class=\"elementor-widget-container\">\n\t\t\t\t\t\t\t\t\t<p style=\"color: #1d71b8;\"><strong>1995<\/strong><\/p><p>D\u00e9but des travaux de R&amp;D de CTEC sur les actionneurs pi\u00e9zo\u00e9lectriques pour le CNES.<\/p>\t\t\t\t\t\t\t\t<\/div>\n\t\t\t\t<\/div>\n\t\t\t\t<\/div>\n\t\t<div class=\"elementor-element elementor-element-916cf08 e-con-full e-flex e-con e-child\" data-id=\"916cf08\" data-element_type=\"container\" data-e-type=\"container\" data-settings=\"{&quot;background_background&quot;:&quot;classic&quot;}\">\n\t\t\t\t<div class=\"elementor-element elementor-element-b09738a elementor-widget elementor-widget-text-editor\" data-id=\"b09738a\" data-element_type=\"widget\" data-e-type=\"widget\" data-widget_type=\"text-editor.default\">\n\t\t\t\t<div class=\"elementor-widget-container\">\n\t\t\t\t\t\t\t\t\t<p style=\"color: #1d71b8;\"><strong>2018<\/strong><\/p><p>Livraison des BSMA, des moteurs pi\u00e9zo lin\u00e9aires, en mod\u00e8les de vol, pour la mission IASI-NG, pour ADS et le CNES, aujourd\u2019hui en op\u00e9ration sur les satellites METOP.<\/p>\t\t\t\t\t\t\t\t<\/div>\n\t\t\t\t<\/div>\n\t\t\t\t<\/div>\n\t\t<div class=\"elementor-element elementor-element-11027f5 e-con-full e-flex e-con e-child\" data-id=\"11027f5\" data-element_type=\"container\" data-e-type=\"container\" data-settings=\"{&quot;background_background&quot;:&quot;classic&quot;}\">\n\t\t\t\t<div class=\"elementor-element elementor-element-cad4af0 elementor-widget elementor-widget-text-editor\" data-id=\"cad4af0\" data-element_type=\"widget\" data-e-type=\"widget\" data-widget_type=\"text-editor.default\">\n\t\t\t\t<div class=\"elementor-widget-container\">\n\t\t\t\t\t\t\t\t\t<p style=\"color: #1d71b8;\"><strong>2022<\/strong><\/p><p>R\u00e9alisation des premi\u00e8res \u00e9tudes de faisabilit\u00e9 de motorisations pi\u00e9zo rotatives pour LISA, avec le soutien de Bpifrance dans le cadre du programme PROOFED.<\/p>\t\t\t\t\t\t\t\t<\/div>\n\t\t\t\t<\/div>\n\t\t\t\t<\/div>\n\t\t<div class=\"elementor-element elementor-element-22c72ae e-con-full e-flex e-con e-child\" data-id=\"22c72ae\" data-element_type=\"container\" data-e-type=\"container\" data-settings=\"{&quot;background_background&quot;:&quot;classic&quot;}\">\n\t\t\t\t<div class=\"elementor-element elementor-element-d07209e elementor-widget elementor-widget-text-editor\" data-id=\"d07209e\" data-element_type=\"widget\" data-e-type=\"widget\" data-widget_type=\"text-editor.default\">\n\t\t\t\t<div class=\"elementor-widget-container\">\n\t\t\t\t\t\t\t\t\t<p style=\"color: #1d71b8;\"><strong>2024<\/strong><\/p><p>Gain des trois projets majeurs de d\u00e9veloppement de motorisations pi\u00e9zo\u00e9lectriques pour LISA cit\u00e9s ci-dessus, repr\u00e9sentant un montant cumul\u00e9 de commande sup\u00e9rieur \u00e0 10 M\u20ac.<\/p>\t\t\t\t\t\t\t\t<\/div>\n\t\t\t\t<\/div>\n\t\t\t\t<\/div>\n\t\t\t\t<div class=\"elementor-element elementor-element-16fe3d1 elementor-absolute elementor-hidden-tablet elementor-hidden-mobile elementor-widget-divider--view-line elementor-widget elementor-widget-divider\" data-id=\"16fe3d1\" data-element_type=\"widget\" data-e-type=\"widget\" data-settings=\"{&quot;_position&quot;:&quot;absolute&quot;}\" data-widget_type=\"divider.default\">\n\t\t\t\t<div class=\"elementor-widget-container\">\n\t\t\t\t\t\t\t<div class=\"elementor-divider\">\n\t\t\t<span class=\"elementor-divider-separator\">\n\t\t\t\t\t\t<\/span>\n\t\t<\/div>\n\t\t\t\t\t\t<\/div>\n\t\t\t\t<\/div>\n\t\t\t\t\t<\/div>\n\t\t\t\t<\/div>\n\t\t\t\t<div class=\"elementor-element elementor-element-a2e313e elementor-widget elementor-widget-text-editor\" data-id=\"a2e313e\" data-element_type=\"widget\" data-e-type=\"widget\" data-widget_type=\"text-editor.default\">\n\t\t\t\t<div class=\"elementor-widget-container\">\n\t\t\t\t\t\t\t\t\t<strong>Cette trajectoire illustre la capacit\u00e9 de Cedrat Technologies \u00e0 transformer des innovations de rupture issues de la R&#038;D en solutions spatiales qualifi\u00e9es, <br class=\"hidden-mobile\" \/> contribuant directement aux grandes missions scientifiques europ\u00e9ennes.<\/strong>\t\t\t\t\t\t\t\t<\/div>\n\t\t\t\t<\/div>\n\t\t\t\t\t<\/div>\n\t\t\t\t<\/div>\n\t\t<div class=\"elementor-element elementor-element-bd593f2 e-flex e-con-boxed e-con e-parent\" data-id=\"bd593f2\" data-element_type=\"container\" data-e-type=\"container\">\n\t\t\t\t\t<div class=\"e-con-inner\">\n\t\t<div class=\"elementor-element elementor-element-0567ed5 e-con-full e-flex e-con e-child\" data-id=\"0567ed5\" data-element_type=\"container\" data-e-type=\"container\">\n\t\t\t\t<div class=\"elementor-element elementor-element-b228880 elementor-widget elementor-widget-heading\" data-id=\"b228880\" data-element_type=\"widget\" data-e-type=\"widget\" data-widget_type=\"heading.default\">\n\t\t\t\t<div class=\"elementor-widget-container\">\n\t\t\t\t\t<h2 class=\"elementor-heading-title elementor-size-default\">En savoir plus sur LISA<\/h2>\t\t\t\t<\/div>\n\t\t\t\t<\/div>\n\t\t\t\t<div class=\"elementor-element elementor-element-10ee85d elementor-widget elementor-widget-text-editor\" data-id=\"10ee85d\" data-element_type=\"widget\" data-e-type=\"widget\" data-widget_type=\"text-editor.default\">\n\t\t\t\t<div class=\"elementor-widget-container\">\n\t\t\t\t\t\t\t\t\t<p>LISA (Laser Interferometer Space Antenna) est une mission scientifique europ\u00e9enne d\u00e9di\u00e9e \u00e0 l\u2019observation des ondes gravitationnelles depuis l\u2019espace. Elle permettra l\u2019\u00e9tude de ph\u00e9nom\u00e8nes astrophysiques majeurs tels que la fusion de trous noirs massifs ou l\u2019\u00e9volution de syst\u00e8mes binaires compacts, impossibles \u00e0 observer depuis la Terre.<\/p><p>Plus d&rsquo;informations, dont infographie \u00e0 retrouver sur les sites ci-apr\u00e8s :<\/p>\t\t\t\t\t\t\t\t<\/div>\n\t\t\t\t<\/div>\n\t\t<div class=\"elementor-element elementor-element-c2fac6c e-flex e-con-boxed e-con e-child\" data-id=\"c2fac6c\" data-element_type=\"container\" data-e-type=\"container\">\n\t\t\t\t\t<div class=\"e-con-inner\">\n\t\t<a class=\"elementor-element elementor-element-82ec2aa e-con-full e-flex e-con e-child\" data-id=\"82ec2aa\" data-element_type=\"container\" data-e-type=\"container\" href=\"https:\/\/cnes.fr\/projets\/lisa\" target=\"_blank\">\n\t\t\t\t<div class=\"elementor-element elementor-element-04be750 elementor-widget elementor-widget-image\" data-id=\"04be750\" data-element_type=\"widget\" data-e-type=\"widget\" data-widget_type=\"image.default\">\n\t\t\t\t<div class=\"elementor-widget-container\">\n\t\t\t\t\t\t\t\t\t\t\t\t\t\t\t<img decoding=\"async\" width=\"926\" height=\"781\" src=\"https:\/\/cedrat-technologies.com\/wp-content\/uploads\/news\/focus\/logo_cnes_2017_triangulaire_bleu.png\" class=\"attachment-large size-large wp-image-30775\" alt=\"\" srcset=\"https:\/\/cedrat-technologies.com\/wp-content\/uploads\/news\/focus\/logo_cnes_2017_triangulaire_bleu.png 926w, https:\/\/cedrat-technologies.com\/wp-content\/uploads\/news\/focus\/logo_cnes_2017_triangulaire_bleu-768x648.png 768w, https:\/\/cedrat-technologies.com\/wp-content\/uploads\/news\/focus\/logo_cnes_2017_triangulaire_bleu-600x506.png 600w\" sizes=\"(max-width: 926px) 100vw, 926px\" \/>\t\t\t\t\t\t\t\t\t\t\t\t\t\t\t<\/div>\n\t\t\t\t<\/div>\n\t\t\t\t<div class=\"elementor-element elementor-element-74bd6d5 elementor-widget elementor-widget-text-editor\" data-id=\"74bd6d5\" data-element_type=\"widget\" data-e-type=\"widget\" data-widget_type=\"text-editor.default\">\n\t\t\t\t<div class=\"elementor-widget-container\">\n\t\t\t\t\t\t\t\t\t<p>Redirection vers le CNES<\/p>\t\t\t\t\t\t\t\t<\/div>\n\t\t\t\t<\/div>\n\t\t\t\t<\/a>\n\t\t<a class=\"elementor-element elementor-element-16fbc4f e-con-full e-flex e-con e-child\" data-id=\"16fbc4f\" data-element_type=\"container\" data-e-type=\"container\" href=\"https:\/\/www.esa.int\/Science_Exploration\/Space_Science\/LISA\" target=\"_blank\">\n\t\t\t\t<div class=\"elementor-element elementor-element-5101212 elementor-widget elementor-widget-image\" data-id=\"5101212\" data-element_type=\"widget\" data-e-type=\"widget\" data-widget_type=\"image.default\">\n\t\t\t\t<div class=\"elementor-widget-container\">\n\t\t\t\t\t\t\t\t\t\t\t\t\t\t\t<img decoding=\"async\" width=\"2560\" height=\"926\" src=\"https:\/\/cedrat-technologies.com\/wp-content\/uploads\/news\/focus\/esa_logo.svg.png\" class=\"attachment-large size-large wp-image-30773\" alt=\"esa logo\" srcset=\"https:\/\/cedrat-technologies.com\/wp-content\/uploads\/news\/focus\/esa_logo.svg.png 2560w, https:\/\/cedrat-technologies.com\/wp-content\/uploads\/news\/focus\/esa_logo.svg-768x278.png 768w, https:\/\/cedrat-technologies.com\/wp-content\/uploads\/news\/focus\/esa_logo.svg-1536x556.png 1536w, https:\/\/cedrat-technologies.com\/wp-content\/uploads\/news\/focus\/esa_logo.svg-2048x741.png 2048w, https:\/\/cedrat-technologies.com\/wp-content\/uploads\/news\/focus\/esa_logo.svg-600x217.png 600w\" sizes=\"(max-width: 2560px) 100vw, 2560px\" \/>\t\t\t\t\t\t\t\t\t\t\t\t\t\t\t<\/div>\n\t\t\t\t<\/div>\n\t\t\t\t<div class=\"elementor-element elementor-element-3f279f0 elementor-widget elementor-widget-text-editor\" data-id=\"3f279f0\" data-element_type=\"widget\" data-e-type=\"widget\" data-widget_type=\"text-editor.default\">\n\t\t\t\t<div class=\"elementor-widget-container\">\n\t\t\t\t\t\t\t\t\t<p>Redirection vers l&rsquo;ESA<\/p>\t\t\t\t\t\t\t\t<\/div>\n\t\t\t\t<\/div>\n\t\t\t\t<\/a>\n\t\t\t\t\t<\/div>\n\t\t\t\t<\/div>\n\t\t\t\t<\/div>\n\t\t<div class=\"elementor-element elementor-element-381fdb0 e-con-full elementor-hidden-tablet elementor-hidden-mobile e-flex e-con e-child\" data-id=\"381fdb0\" data-element_type=\"container\" data-e-type=\"container\">\n\t\t\t\t<div class=\"elementor-element elementor-element-97c64e5 elementor-widget elementor-widget-image\" data-id=\"97c64e5\" data-element_type=\"widget\" data-e-type=\"widget\" data-widget_type=\"image.default\">\n\t\t\t\t<div class=\"elementor-widget-container\">\n\t\t\t\t\t\t\t\t\t\t\t\t<figure class=\"wp-caption\">\n\t\t\t\t\t\t\t\t\t\t<img loading=\"lazy\" decoding=\"async\" width=\"1920\" height=\"1080\" src=\"https:\/\/cedrat-technologies.com\/wp-content\/uploads\/news\/focus\/artwork_inspired_by_esa_s_mission_lisa_pillars.jpg\" class=\"attachment-large size-large wp-image-30771\" alt=\"\" srcset=\"https:\/\/cedrat-technologies.com\/wp-content\/uploads\/news\/focus\/artwork_inspired_by_esa_s_mission_lisa_pillars.jpg 1920w, https:\/\/cedrat-technologies.com\/wp-content\/uploads\/news\/focus\/artwork_inspired_by_esa_s_mission_lisa_pillars-768x432.jpg 768w, https:\/\/cedrat-technologies.com\/wp-content\/uploads\/news\/focus\/artwork_inspired_by_esa_s_mission_lisa_pillars-1536x864.jpg 1536w, https:\/\/cedrat-technologies.com\/wp-content\/uploads\/news\/focus\/artwork_inspired_by_esa_s_mission_lisa_pillars-600x338.jpg 600w\" sizes=\"(max-width: 1920px) 100vw, 1920px\" \/>\t\t\t\t\t\t\t\t\t\t\t<figcaption class=\"widget-image-caption wp-caption-text\">Artwork inspired by ESA's mission LISA. \u00a9 ESA<\/figcaption>\n\t\t\t\t\t\t\t\t\t\t<\/figure>\n\t\t\t\t\t\t\t\t\t<\/div>\n\t\t\t\t<\/div>\n\t\t\t\t<\/div>\n\t\t\t\t\t<\/div>\n\t\t\t\t<\/div>\n\t\t\t\t<\/div>\n\t\t","protected":false},"excerpt":{"rendered":"<p>Cedrat Technologies au c\u0153ur du projet LISA, future mission phare de l\u2019observation des ondes gravitationnelles Cedrat Technologies (CTEC), sp\u00e9cialiste des actionneurs et motorisations pi\u00e9zo\u00e9lectriques pour les environnements extr\u00eames, annonce sa contribution au projet LISA (Laser Interferometer Space Antenna), l\u2019une des missions spatiales scientifiques les plus ambitieuses jamais lanc\u00e9es en Europe. Pilot\u00e9 par l\u2019ESA et la &#8230; <a title=\"Cedrat Technologies au c\u0153ur du projet LISA, future mission phare de l\u2019observation des ondes gravitationnelles\" class=\"read-more\" href=\"https:\/\/cedrat-technologies.com\/fr\/projet-lisa\/\" aria-label=\"En savoir plus sur Cedrat Technologies au c\u0153ur du projet LISA, future mission phare de l\u2019observation des ondes gravitationnelles\">Lire la suite<\/a><\/p>\n","protected":false},"author":1,"featured_media":0,"parent":0,"menu_order":0,"comment_status":"closed","ping_status":"closed","template":"","meta":{"_acf_changed":false,"_seopress_robots_primary_cat":"","_seopress_titles_title":"","_seopress_titles_desc":"","_seopress_robots_index":"","footnotes":""},"class_list":["post-30825","page","type-page","status-publish"],"acf":[],"_links":{"self":[{"href":"https:\/\/cedrat-technologies.com\/fr\/wp-json\/wp\/v2\/pages\/30825","targetHints":{"allow":["GET"]}}],"collection":[{"href":"https:\/\/cedrat-technologies.com\/fr\/wp-json\/wp\/v2\/pages"}],"about":[{"href":"https:\/\/cedrat-technologies.com\/fr\/wp-json\/wp\/v2\/types\/page"}],"author":[{"embeddable":true,"href":"https:\/\/cedrat-technologies.com\/fr\/wp-json\/wp\/v2\/users\/1"}],"replies":[{"embeddable":true,"href":"https:\/\/cedrat-technologies.com\/fr\/wp-json\/wp\/v2\/comments?post=30825"}],"version-history":[{"count":3,"href":"https:\/\/cedrat-technologies.com\/fr\/wp-json\/wp\/v2\/pages\/30825\/revisions"}],"predecessor-version":[{"id":32513,"href":"https:\/\/cedrat-technologies.com\/fr\/wp-json\/wp\/v2\/pages\/30825\/revisions\/32513"}],"wp:attachment":[{"href":"https:\/\/cedrat-technologies.com\/fr\/wp-json\/wp\/v2\/media?parent=30825"}],"curies":[{"name":"wp","href":"https:\/\/api.w.org\/{rel}","templated":true}]}}