{"id":29376,"date":"2025-10-08T11:12:45","date_gmt":"2025-10-08T09:12:45","guid":{"rendered":"https:\/\/cedrat-technologies.com\/?page_id=29376"},"modified":"2025-10-16T15:22:03","modified_gmt":"2025-10-16T13:22:03","slug":"aeronautique","status":"publish","type":"page","link":"https:\/\/cedrat-technologies.com\/fr\/applications\/aeronautique\/","title":{"rendered":"A\u00e9ronautique"},"content":{"rendered":"\t\t<div data-elementor-type=\"wp-page\" data-elementor-id=\"29376\" class=\"elementor elementor-29376\" data-elementor-post-type=\"page\">\n\t\t\t\t<div class=\"elementor-element elementor-element-14c0820 e-flex e-con-boxed e-con e-parent\" data-id=\"14c0820\" data-element_type=\"container\" data-e-type=\"container\">\n\t\t\t\t\t<div class=\"e-con-inner\">\n\t\t\t\t<div class=\"elementor-element elementor-element-769a35e elementor-widget elementor-widget-heading\" data-id=\"769a35e\" data-element_type=\"widget\" data-e-type=\"widget\" data-widget_type=\"heading.default\">\n\t\t\t\t<div class=\"elementor-widget-container\">\n\t\t\t\t\t<h1 class=\"elementor-heading-title elementor-size-default\">M\u00e9canismes pour l'a\u00e9ronautique<\/h1>\t\t\t\t<\/div>\n\t\t\t\t<\/div>\n\t\t<div class=\"elementor-element elementor-element-fc23008 e-con-full e-flex e-con e-child\" data-id=\"fc23008\" data-element_type=\"container\" data-e-type=\"container\">\n\t\t\t\t<div class=\"elementor-element elementor-element-1566315 elementor-widget__width-inherit elementor-widget elementor-widget-image\" data-id=\"1566315\" data-element_type=\"widget\" data-e-type=\"widget\" data-widget_type=\"image.default\">\n\t\t\t\t<div class=\"elementor-widget-container\">\n\t\t\t\t\t\t\t\t\t\t\t\t\t\t\t<img fetchpriority=\"high\" decoding=\"async\" width=\"1920\" height=\"1080\" src=\"https:\/\/cedrat-technologies.com\/wp-content\/uploads\/aircrafts.jpg\" class=\"attachment-large size-large wp-image-27478\" alt=\"\" srcset=\"https:\/\/cedrat-technologies.com\/wp-content\/uploads\/aircrafts.jpg 1920w, https:\/\/cedrat-technologies.com\/wp-content\/uploads\/aircrafts-768x432.jpg 768w, https:\/\/cedrat-technologies.com\/wp-content\/uploads\/aircrafts-1536x864.jpg 1536w, https:\/\/cedrat-technologies.com\/wp-content\/uploads\/aircrafts-600x338.jpg 600w\" sizes=\"(max-width: 1920px) 100vw, 1920px\" \/>\t\t\t\t\t\t\t\t\t\t\t\t\t\t\t<\/div>\n\t\t\t\t<\/div>\n\t\t\t\t<div class=\"elementor-element elementor-element-de1d4c6 elementor-widget__width-initial elementor-absolute elementor-widget elementor-widget-text-editor\" data-id=\"de1d4c6\" data-element_type=\"widget\" data-e-type=\"widget\" data-settings=\"{&quot;_position&quot;:&quot;absolute&quot;}\" data-widget_type=\"text-editor.default\">\n\t\t\t\t<div class=\"elementor-widget-container\">\n\t\t\t\t\t\t\t\t\t<p>De nombreuses fonctions d\u2019actionnement rapide dans les applications de l\u2019a\u00e9rospatial et de la d\u00e9fense sont g\u00e9n\u00e9r\u00e9es par des actionneurs CEDRAT TECHNOLOGIES, b\u00e9n\u00e9ficiant ainsi d\u2019une haute densit\u00e9 d\u2019\u00e9nergie, d\u2019une solidit\u00e9 et d\u2019une basse consommation que l\u2019on retrouve dans les APA\u00ae, FSM, PPA et MICA.<\/p>\t\t\t\t\t\t\t\t<\/div>\n\t\t\t\t<\/div>\n\t\t\t\t<\/div>\n\t\t\t\t\t<\/div>\n\t\t\t\t<\/div>\n\t\t<div class=\"elementor-element elementor-element-714db59 e-flex e-con-boxed e-con e-parent\" data-id=\"714db59\" data-element_type=\"container\" data-e-type=\"container\">\n\t\t\t\t\t<div class=\"e-con-inner\">\n\t\t\t\t<div class=\"elementor-element elementor-element-aac1611 elementor-widget__width-inherit elementor-widget elementor-widget-heading\" data-id=\"aac1611\" data-element_type=\"widget\" data-e-type=\"widget\" data-widget_type=\"heading.default\">\n\t\t\t\t<div class=\"elementor-widget-container\">\n\t\t\t\t\t<h2 class=\"elementor-heading-title elementor-size-default\">Fast Steering Mirrors pour Gimbal<\/h2>\t\t\t\t<\/div>\n\t\t\t\t<\/div>\n\t\t<div class=\"elementor-element elementor-element-d01cee1 e-con-full e-flex e-con e-child\" data-id=\"d01cee1\" data-element_type=\"container\" data-e-type=\"container\">\n\t\t\t\t<div class=\"elementor-element elementor-element-8485114 elementor-widget elementor-widget-image\" data-id=\"8485114\" data-element_type=\"widget\" data-e-type=\"widget\" data-widget_type=\"image.default\">\n\t\t\t\t<div class=\"elementor-widget-container\">\n\t\t\t\t\t\t\t\t\t\t\t\t\t\t\t<img decoding=\"async\" width=\"1200\" height=\"1056\" src=\"https:\/\/cedrat-technologies.com\/wp-content\/uploads\/applications\/gimbal.webp\" class=\"attachment-large size-large wp-image-29683\" alt=\"gimbal\" srcset=\"https:\/\/cedrat-technologies.com\/wp-content\/uploads\/applications\/gimbal.webp 1200w, https:\/\/cedrat-technologies.com\/wp-content\/uploads\/applications\/gimbal-768x676.webp 768w, https:\/\/cedrat-technologies.com\/wp-content\/uploads\/applications\/gimbal-600x528.webp 600w\" sizes=\"(max-width: 1200px) 100vw, 1200px\" \/>\t\t\t\t\t\t\t\t\t\t\t\t\t\t\t<\/div>\n\t\t\t\t<\/div>\n\t\t\t\t<\/div>\n\t\t<div class=\"elementor-element elementor-element-fd24d2b e-con-full e-flex e-con e-child\" data-id=\"fd24d2b\" data-element_type=\"container\" data-e-type=\"container\">\n\t\t\t\t<div class=\"elementor-element elementor-element-48ccfe3 elementor-widget elementor-widget-text-editor\" data-id=\"48ccfe3\" data-element_type=\"widget\" data-e-type=\"widget\" data-widget_type=\"text-editor.default\">\n\t\t\t\t<div class=\"elementor-widget-container\">\n\t\t\t\t\t\t\t\t\t<p>Int\u00e9gr\u00e9s dans des syst\u00e8mes gyrostabilis\u00e9s (GIMBAL), les FSM de CEDRAT TECHNOLOGIES permettent un pilotage ultra-rapide et pr\u00e9cis de la ligne de vis\u00e9e, am\u00e9liorant significativement la qualit\u00e9 d\u2019image et la stabilit\u00e9 des capteurs optiques, en conditions turbulentes ou en vol rapide \u00e0 bord des drones, h\u00e9licopt\u00e8res, etc.\u00a0 Gr\u00e2ce \u00e0 leurs technologies pi\u00e9zo\u00e9lectrique ou magn\u00e9tique brevet\u00e9es, ces actionneurs offrent une <strong>bande passante \u00e9lev\u00e9e<\/strong>, une <strong>consommation minimale<\/strong> et un <strong>design optimis\u00e9<\/strong> pour l&rsquo;int\u00e9gration embarqu\u00e9e sur v\u00e9hicules volants sujets aux variations de temp\u00e9rature, de pression et \u00e0 de fortes vibrations.<\/p><p>Ils sont \u00e9galement <strong>personnalisables<\/strong> (miroirs, capteurs, \u00e9lectronique int\u00e9gr\u00e9e) pour r\u00e9pondre aux exigences les plus strictes des int\u00e9grateurs dans l\u2019a\u00e9ronautique.<\/p>\t\t\t\t\t\t\t\t<\/div>\n\t\t\t\t<\/div>\n\t\t\t\t<div class=\"elementor-element elementor-element-c2eac25 elementor-mobile-align-center elementor-widget elementor-widget-button\" data-id=\"c2eac25\" data-element_type=\"widget\" data-e-type=\"widget\" data-widget_type=\"button.default\">\n\t\t\t\t<div class=\"elementor-widget-container\">\n\t\t\t\t\t\t\t\t\t<div class=\"elementor-button-wrapper\">\n\t\t\t\t\t<a class=\"elementor-button elementor-button-link elementor-size-md\" href=\"https:\/\/cedrat-technologies.com\/fr\/fine-and-fast-steering-mirrors\/\">\n\t\t\t\t\t\t<span class=\"elementor-button-content-wrapper\">\n\t\t\t\t\t\t<span class=\"elementor-button-icon\">\n\t\t\t\t<i aria-hidden=\"true\" class=\"fas fa-chevron-right\"><\/i>\t\t\t<\/span>\n\t\t\t\t\t\t\t\t\t<span class=\"elementor-button-text\">D\u00e9couvrez nos FSM<\/span>\n\t\t\t\t\t<\/span>\n\t\t\t\t\t<\/a>\n\t\t\t\t<\/div>\n\t\t\t\t\t\t\t\t<\/div>\n\t\t\t\t<\/div>\n\t\t\t\t<\/div>\n\t\t\t\t\t<\/div>\n\t\t\t\t<\/div>\n\t\t<div class=\"elementor-element elementor-element-9d613a5 e-flex e-con-boxed e-con e-parent\" data-id=\"9d613a5\" data-element_type=\"container\" data-e-type=\"container\" data-settings=\"{&quot;background_background&quot;:&quot;classic&quot;}\">\n\t\t\t\t\t<div class=\"e-con-inner\">\n\t\t\t\t<div class=\"elementor-element elementor-element-3157001 elementor-widget__width-inherit elementor-widget elementor-widget-text-editor\" data-id=\"3157001\" data-element_type=\"widget\" data-e-type=\"widget\" data-widget_type=\"text-editor.default\">\n\t\t\t\t<div class=\"elementor-widget-container\">\n\t\t\t\t\t\t\t\t\t<h2>Actionnement Compact &amp; Dynamique<\/h2><p>Les actionneurs pi\u00e9zo\u00e9lectriques et magn\u00e9tiques offrent une alternative innovante et compacte aux syst\u00e8mes hydrauliques traditionnels utilis\u00e9s pour le contr\u00f4le des surfaces mobiles. Gr\u00e2ce \u00e0 leur r\u00e9activit\u00e9 instantan\u00e9e, leur faible poids et leur entretien r\u00e9duit, ces actionneurs permettent une commande plus fine et plus rapide, tout en contribuant \u00e0 la r\u00e9duction du c\u00e2blage hydraulique, du bruit et de la consommation \u00e9nerg\u00e9tique. Ils ouvrent la voie \u00e0 des architectures plus intelligentes, modulaires et \u00e9lectriques en phase avec les objectifs de performance et de durabilit\u00e9 de l\u2019a\u00e9ronautique de demain.<\/p><p>Les fonctions pertinentes pour les technologies d\u2019actionnement CTEC dans l\u2019a\u00e9ronautique incluent de fait :<\/p><ul><li>L\u2019actionnement d\u2019ailerons, de pales, de volets dans les h\u00e9licopt\u00e8res, missiles et UAV (v\u00e9hicules a\u00e9riens non pilot\u00e9s)<\/li><li>Les jets synth\u00e9tiques et puls\u00e9s pour avion<\/li><li>L\u2019amortissement actif de vibrations pour capteur optronique, \u00e9quipement optique, trains d\u2019atterrissage\u2026<\/li><\/ul>\t\t\t\t\t\t\t\t<\/div>\n\t\t\t\t<\/div>\n\t\t\t\t<div class=\"elementor-element elementor-element-0b5f2dd elementor-widget__width-initial elementor-widget elementor-widget-image\" data-id=\"0b5f2dd\" data-element_type=\"widget\" data-e-type=\"widget\" data-widget_type=\"image.default\">\n\t\t\t\t<div class=\"elementor-widget-container\">\n\t\t\t\t\t\t\t\t\t\t\t\t<figure class=\"wp-caption\">\n\t\t\t\t\t\t\t\t\t\t<img decoding=\"async\" width=\"1200\" height=\"963\" src=\"https:\/\/cedrat-technologies.com\/wp-content\/uploads\/applications\/piezo_wing.webp\" class=\"attachment-large size-large wp-image-29694\" alt=\"Vue d&#039;une aile d&#039;avion avec une dizaine d&#039;actionneurs piezo int\u00e9gr\u00e9s dedans\" srcset=\"https:\/\/cedrat-technologies.com\/wp-content\/uploads\/applications\/piezo_wing.webp 1200w, https:\/\/cedrat-technologies.com\/wp-content\/uploads\/applications\/piezo_wing-768x616.webp 768w, https:\/\/cedrat-technologies.com\/wp-content\/uploads\/applications\/piezo_wing-600x482.webp 600w\" sizes=\"(max-width: 1200px) 100vw, 1200px\" \/>\t\t\t\t\t\t\t\t\t\t\t<figcaption class=\"widget-image-caption wp-caption-text\">Dans cet exemple, 16 actionneurs CTEC sont int\u00e9gr\u00e9s directement dans une aile.<\/figcaption>\n\t\t\t\t\t\t\t\t\t\t<\/figure>\n\t\t\t\t\t\t\t\t\t<\/div>\n\t\t\t\t<\/div>\n\t\t\t\t\t<\/div>\n\t\t\t\t<\/div>\n\t\t<div class=\"elementor-element elementor-element-2944b40 e-flex e-con-boxed e-con e-parent\" data-id=\"2944b40\" data-element_type=\"container\" data-e-type=\"container\" data-settings=\"{&quot;background_background&quot;:&quot;classic&quot;}\">\n\t\t\t\t\t<div class=\"e-con-inner\">\n\t\t\t\t<div class=\"elementor-element elementor-element-a55e943 elementor-widget__width-initial elementor-hidden-tablet elementor-hidden-mobile elementor-widget elementor-widget-image\" data-id=\"a55e943\" data-element_type=\"widget\" data-e-type=\"widget\" data-widget_type=\"image.default\">\n\t\t\t\t<div class=\"elementor-widget-container\">\n\t\t\t\t\t\t\t\t\t\t\t\t\t\t\t<img loading=\"lazy\" decoding=\"async\" width=\"1024\" height=\"1024\" src=\"https:\/\/cedrat-technologies.com\/wp-content\/uploads\/applications\/shm_wing.webp\" class=\"attachment-large size-large wp-image-29706\" alt=\"shm wing\" srcset=\"https:\/\/cedrat-technologies.com\/wp-content\/uploads\/applications\/shm_wing.webp 1024w, https:\/\/cedrat-technologies.com\/wp-content\/uploads\/applications\/shm_wing-768x768.webp 768w, https:\/\/cedrat-technologies.com\/wp-content\/uploads\/applications\/shm_wing-300x300.webp 300w, https:\/\/cedrat-technologies.com\/wp-content\/uploads\/applications\/shm_wing-600x600.webp 600w, https:\/\/cedrat-technologies.com\/wp-content\/uploads\/applications\/shm_wing-100x100.webp 100w\" sizes=\"(max-width: 1024px) 100vw, 1024px\" \/>\t\t\t\t\t\t\t\t\t\t\t\t\t\t\t<\/div>\n\t\t\t\t<\/div>\n\t\t<div class=\"elementor-element elementor-element-3768a74 e-con-full e-flex e-con e-child\" data-id=\"3768a74\" data-element_type=\"container\" data-e-type=\"container\">\n\t\t\t\t<div class=\"elementor-element elementor-element-59c6c9d elementor-widget elementor-widget-text-editor\" data-id=\"59c6c9d\" data-element_type=\"widget\" data-e-type=\"widget\" data-widget_type=\"text-editor.default\">\n\t\t\t\t<div class=\"elementor-widget-container\">\n\t\t\t\t\t\t\t\t\t<h2>Capteurs &amp; D\u00e9tection<\/h2><p>Pour les applications telles que mentionn\u00e9es pr\u00e9c\u00e9demment, CEDRAT TECHNOLOGIES propose g\u00e9n\u00e9ralement dans ses m\u00e9canismes des capteurs de position pr\u00e9cis tels que des capteurs \u00e0 jauge de contrainte ou \u00e0 courant de Foucault afin de r\u00e9aliser un contr\u00f4le de mouvement Compact, Dynamique &amp; Pr\u00e9cis. Ces capteurs ont \u00e9t\u00e9 optimis\u00e9s afin d\u2019offrir une fiabilit\u00e9 \u00e9lev\u00e9e alli\u00e9e \u00e0 une faible consommation et un poids limit\u00e9.<\/p><p>CEDRAT TECHNOLOGIES d\u00e9veloppe \u00e9galement des capteurs et des syst\u00e8mes de d\u00e9tection pour des applications A\u00e9rospatiales et de D\u00e9fense. Des capteurs d\u00e9di\u00e9s permettent la mesure de vitesse de rotation sans contact ou des capteurs de couple sans contact, par exemple pour les ABS d\u2019avion ou le contr\u00f4le de turbine d\u2019h\u00e9licopt\u00e8re.<\/p>\t\t\t\t\t\t\t\t<\/div>\n\t\t\t\t<\/div>\n\t\t\t\t<div class=\"elementor-element elementor-element-ecbfce1 elementor-widget-tablet__width-initial elementor-hidden-desktop elementor-widget elementor-widget-image\" data-id=\"ecbfce1\" data-element_type=\"widget\" data-e-type=\"widget\" data-widget_type=\"image.default\">\n\t\t\t\t<div class=\"elementor-widget-container\">\n\t\t\t\t\t\t\t\t\t\t\t\t\t\t\t<img loading=\"lazy\" decoding=\"async\" width=\"1024\" height=\"1024\" src=\"https:\/\/cedrat-technologies.com\/wp-content\/uploads\/applications\/shm_wing.webp\" class=\"attachment-large size-large wp-image-29706\" alt=\"shm wing\" srcset=\"https:\/\/cedrat-technologies.com\/wp-content\/uploads\/applications\/shm_wing.webp 1024w, https:\/\/cedrat-technologies.com\/wp-content\/uploads\/applications\/shm_wing-768x768.webp 768w, https:\/\/cedrat-technologies.com\/wp-content\/uploads\/applications\/shm_wing-300x300.webp 300w, https:\/\/cedrat-technologies.com\/wp-content\/uploads\/applications\/shm_wing-600x600.webp 600w, https:\/\/cedrat-technologies.com\/wp-content\/uploads\/applications\/shm_wing-100x100.webp 100w\" sizes=\"(max-width: 1024px) 100vw, 1024px\" \/>\t\t\t\t\t\t\t\t\t\t\t\t\t\t\t<\/div>\n\t\t\t\t<\/div>\n\t\t\t\t<div class=\"elementor-element elementor-element-76439e9 elementor-widget elementor-widget-text-editor\" data-id=\"76439e9\" data-element_type=\"widget\" data-e-type=\"widget\" data-widget_type=\"text-editor.default\">\n\t\t\t\t<div class=\"elementor-widget-container\">\n\t\t\t\t\t\t\t\t\t<p>CEDRAT TECHNOLOGIES propose \u00e9galement des syst\u00e8mes de d\u00e9tection ultrasonore assurant une fonction de contr\u00f4le sant\u00e9 de structure (SHM), permettant de la maintenance pr\u00e9dictive d\u2019a\u00e9ronefs (CBM, PdM). Le syst\u00e8me LWDS permet la d\u00e9tection et la localisation de dommages tels que des impacts, des d\u00e9laminations ou de la corrosion. Il repose sur une \u00e9lectronique LWDS, des patchs pi\u00e9zo\u00e9lectriques int\u00e9gr\u00e9s aux structures, et un traitement logiciel, et fait appel aux ondes de Lamb. Il s\u2019applique aussi bien aux structures m\u00e9talliques qu\u2019au structures composite.<\/p>\t\t\t\t\t\t\t\t<\/div>\n\t\t\t\t<\/div>\n\t\t\t\t<\/div>\n\t\t\t\t\t<\/div>\n\t\t\t\t<\/div>\n\t\t<div class=\"elementor-element elementor-element-cfce9c2 e-flex e-con-boxed e-con e-parent\" data-id=\"cfce9c2\" data-element_type=\"container\" data-e-type=\"container\" data-settings=\"{&quot;background_background&quot;:&quot;classic&quot;}\">\n\t\t\t\t\t<div class=\"e-con-inner\">\n\t\t\t\t<div class=\"elementor-element elementor-element-4f2252a elementor-widget__width-inherit elementor-widget elementor-widget-text-editor\" data-id=\"4f2252a\" data-element_type=\"widget\" data-e-type=\"widget\" data-widget_type=\"text-editor.default\">\n\t\t\t\t<div class=\"elementor-widget-container\">\n\t\t\t\t\t\t\t\t\t<h2>Aller plus loin<\/h2><p><span data-teams=\"true\">Explorez nos brochures d\u00e9di\u00e9es optronique et fluidique pour d\u00e9couvrir nos solutions d\u2019actionnement avanc\u00e9es !\u00a0<\/span><\/p>\t\t\t\t\t\t\t\t<\/div>\n\t\t\t\t<\/div>\n\t\t<div class=\"elementor-element elementor-element-a5c166c e-flex e-con-boxed e-con e-child\" data-id=\"a5c166c\" data-element_type=\"container\" data-e-type=\"container\">\n\t\t\t\t\t<div class=\"e-con-inner\">\n\t\t\t\t<div class=\"elementor-element elementor-element-3dac365 elementor-widget elementor-widget-button\" data-id=\"3dac365\" data-element_type=\"widget\" data-e-type=\"widget\" data-widget_type=\"button.default\">\n\t\t\t\t<div class=\"elementor-widget-container\">\n\t\t\t\t\t\t\t\t\t<div class=\"elementor-button-wrapper\">\n\t\t\t\t\t<a class=\"elementor-button elementor-button-link elementor-size-md\" href=\"https:\/\/cedrat-technologies.com\/wp-content\/uploads\/downloads\/mechatronic_solutions_for_electrooptic_systems.pdf\" target=\"_blank\">\n\t\t\t\t\t\t<span class=\"elementor-button-content-wrapper\">\n\t\t\t\t\t\t<span class=\"elementor-button-icon\">\n\t\t\t\t<i aria-hidden=\"true\" class=\"far fa-arrow-alt-circle-down\"><\/i>\t\t\t<\/span>\n\t\t\t\t\t\t\t\t\t<span class=\"elementor-button-text\">M\u00e9canismes pour l'optronique<\/span>\n\t\t\t\t\t<\/span>\n\t\t\t\t\t<\/a>\n\t\t\t\t<\/div>\n\t\t\t\t\t\t\t\t<\/div>\n\t\t\t\t<\/div>\n\t\t\t\t<div class=\"elementor-element elementor-element-3b90806 elementor-widget elementor-widget-button\" data-id=\"3b90806\" data-element_type=\"widget\" data-e-type=\"widget\" data-widget_type=\"button.default\">\n\t\t\t\t<div class=\"elementor-widget-container\">\n\t\t\t\t\t\t\t\t\t<div class=\"elementor-button-wrapper\">\n\t\t\t\t\t<a class=\"elementor-button elementor-button-link elementor-size-md\" href=\"https:\/\/cedrat-technologies.com\/wp-content\/uploads\/downloads\/mechanisms_for_fluidic_applications.pdf\" target=\"_blank\">\n\t\t\t\t\t\t<span class=\"elementor-button-content-wrapper\">\n\t\t\t\t\t\t<span class=\"elementor-button-icon\">\n\t\t\t\t<i aria-hidden=\"true\" class=\"far fa-arrow-alt-circle-down\"><\/i>\t\t\t<\/span>\n\t\t\t\t\t\t\t\t\t<span class=\"elementor-button-text\">M\u00e9canismes pour la fluidique<\/span>\n\t\t\t\t\t<\/span>\n\t\t\t\t\t<\/a>\n\t\t\t\t<\/div>\n\t\t\t\t\t\t\t\t<\/div>\n\t\t\t\t<\/div>\n\t\t\t\t\t<\/div>\n\t\t\t\t<\/div>\n\t\t\t\t<div class=\"elementor-element elementor-element-f685303 elementor-widget__width-inherit elementor-widget elementor-widget-text-editor\" data-id=\"f685303\" data-element_type=\"widget\" data-e-type=\"widget\" data-widget_type=\"text-editor.default\">\n\t\t\t\t<div class=\"elementor-widget-container\">\n\t\t\t\t\t\t\t\t\t<p>Besoin de discuter de votre projet ?<\/p>\t\t\t\t\t\t\t\t<\/div>\n\t\t\t\t<\/div>\n\t\t\t\t<div class=\"elementor-element elementor-element-3afed0c elementor-align-center elementor-widget elementor-widget-button\" data-id=\"3afed0c\" data-element_type=\"widget\" data-e-type=\"widget\" data-widget_type=\"button.default\">\n\t\t\t\t<div class=\"elementor-widget-container\">\n\t\t\t\t\t\t\t\t\t<div class=\"elementor-button-wrapper\">\n\t\t\t\t\t<a class=\"elementor-button elementor-button-link elementor-size-md\" href=\"https:\/\/cedrat-technologies.com\/fr\/contact\" target=\"_blank\">\n\t\t\t\t\t\t<span class=\"elementor-button-content-wrapper\">\n\t\t\t\t\t\t<span class=\"elementor-button-icon\">\n\t\t\t\t<i aria-hidden=\"true\" class=\"fas fa-envelope\"><\/i>\t\t\t<\/span>\n\t\t\t\t\t\t\t\t\t<span class=\"elementor-button-text\">Contactez un expert<\/span>\n\t\t\t\t\t<\/span>\n\t\t\t\t\t<\/a>\n\t\t\t\t<\/div>\n\t\t\t\t\t\t\t\t<\/div>\n\t\t\t\t<\/div>\n\t\t\t\t\t<\/div>\n\t\t\t\t<\/div>\n\t\t\t\t<\/div>\n\t\t","protected":false},"excerpt":{"rendered":"<p>M\u00e9canismes pour l&rsquo;a\u00e9ronautique De nombreuses fonctions d\u2019actionnement rapide dans les applications de l\u2019a\u00e9rospatial et de la d\u00e9fense sont g\u00e9n\u00e9r\u00e9es par des actionneurs CEDRAT TECHNOLOGIES, b\u00e9n\u00e9ficiant ainsi d\u2019une haute densit\u00e9 d\u2019\u00e9nergie, d\u2019une solidit\u00e9 et d\u2019une basse consommation que l\u2019on retrouve dans les APA\u00ae, FSM, PPA et MICA. Fast Steering Mirrors pour Gimbal Int\u00e9gr\u00e9s dans des syst\u00e8mes &#8230; <a title=\"A\u00e9ronautique\" class=\"read-more\" href=\"https:\/\/cedrat-technologies.com\/fr\/applications\/aeronautique\/\" aria-label=\"En savoir plus sur A\u00e9ronautique\">Lire la suite<\/a><\/p>\n","protected":false},"author":1,"featured_media":0,"parent":16475,"menu_order":0,"comment_status":"closed","ping_status":"closed","template":"","meta":{"_acf_changed":false,"_seopress_robots_primary_cat":"","_seopress_titles_title":"","_seopress_titles_desc":"","_seopress_robots_index":"","footnotes":""},"class_list":["post-29376","page","type-page","status-publish"],"acf":[],"_links":{"self":[{"href":"https:\/\/cedrat-technologies.com\/fr\/wp-json\/wp\/v2\/pages\/29376","targetHints":{"allow":["GET"]}}],"collection":[{"href":"https:\/\/cedrat-technologies.com\/fr\/wp-json\/wp\/v2\/pages"}],"about":[{"href":"https:\/\/cedrat-technologies.com\/fr\/wp-json\/wp\/v2\/types\/page"}],"author":[{"embeddable":true,"href":"https:\/\/cedrat-technologies.com\/fr\/wp-json\/wp\/v2\/users\/1"}],"replies":[{"embeddable":true,"href":"https:\/\/cedrat-technologies.com\/fr\/wp-json\/wp\/v2\/comments?post=29376"}],"version-history":[{"count":0,"href":"https:\/\/cedrat-technologies.com\/fr\/wp-json\/wp\/v2\/pages\/29376\/revisions"}],"up":[{"embeddable":true,"href":"https:\/\/cedrat-technologies.com\/fr\/wp-json\/wp\/v2\/pages\/16475"}],"wp:attachment":[{"href":"https:\/\/cedrat-technologies.com\/fr\/wp-json\/wp\/v2\/media?parent=29376"}],"curies":[{"name":"wp","href":"https:\/\/api.w.org\/{rel}","templated":true}]}}