{"id":28390,"date":"2025-03-12T15:47:38","date_gmt":"2025-03-12T14:47:38","guid":{"rendered":"https:\/\/cedrat-technologies.com\/?page_id=28390"},"modified":"2025-04-08T12:07:27","modified_gmt":"2025-04-08T10:07:27","slug":"service-support","status":"publish","type":"page","link":"https:\/\/cedrat-technologies.com\/fr\/carrieres\/service-support\/","title":{"rendered":"Service support"},"content":{"rendered":"\t\t<div data-elementor-type=\"wp-page\" data-elementor-id=\"28390\" class=\"elementor elementor-28390\" data-elementor-post-type=\"page\">\n\t\t\t\t<div class=\"elementor-element elementor-element-451ed71 e-flex e-con-boxed e-con e-parent\" data-id=\"451ed71\" data-element_type=\"container\" data-e-type=\"container\">\n\t\t\t\t\t<div class=\"e-con-inner\">\n\t\t\t\t<div class=\"elementor-element elementor-element-909ab83 elementor-widget__width-inherit elementor-widget elementor-widget-heading\" data-id=\"909ab83\" data-element_type=\"widget\" data-e-type=\"widget\" data-widget_type=\"heading.default\">\n\t\t\t\t<div class=\"elementor-widget-container\">\n\t\t\t\t\t<h1 class=\"elementor-heading-title elementor-size-default\">Service support<\/h1>\t\t\t\t<\/div>\n\t\t\t\t<\/div>\n\t\t\t\t<div class=\"elementor-element elementor-element-59ff2e5 elementor-widget__width-initial elementor-widget-mobile__width-inherit elementor-widget elementor-widget-text-editor\" data-id=\"59ff2e5\" data-element_type=\"widget\" data-e-type=\"widget\" data-widget_type=\"text-editor.default\">\n\t\t\t\t<div class=\"elementor-widget-container\">\n\t\t\t\t\t\t\t\t\t<p>L\u2019\u00e9quipe support de CTEC regroupe 3 services qui interviennent en back-up des \u00e9quipes :<\/p><ul><li>Le service RH s\u2019occupe de toutes les \u00e9tapes de la vie d\u2019un salari\u00e9 depuis son recrutement jusqu\u2019\u00e0 son d\u00e9part. Cela inclut le recrutement, la paie, la formation et l\u2019administratif en autres ;<\/li><li>Le service comptabilit\u00e9 g\u00e8re la comptabilit\u00e9 courante de l&rsquo;entreprise. Il intervient \u00e9galement \u00e0 la fin des processus achats (contr\u00f4le des factures en fonction des commandes\/BL, int\u00e9gration comptable sur les bons comptes et suivi des r\u00e8glements fournisseurs) et ventes (contr\u00f4le des factures, int\u00e9gration comptable et suivi des relances clients). Tout cela \u00e9tant rythm\u00e9 par les d\u00e9clarations du calendrier fiscal ;<\/li><li>Le service informatique intervient sur la gestion de l\u2019infrastructure serveur et r\u00e9seau de l\u2019entreprise. Cela implique la gestion du parc informatique et le support aux utilisateurs sur les PC, logiciels, etc.<\/li><\/ul>\t\t\t\t\t\t\t\t<\/div>\n\t\t\t\t<\/div>\n\t\t\t\t<div class=\"elementor-element elementor-element-53c77be elementor-widget__width-initial elementor-widget-mobile__width-inherit elementor-widget elementor-widget-image\" data-id=\"53c77be\" data-element_type=\"widget\" data-e-type=\"widget\" data-widget_type=\"image.default\">\n\t\t\t\t<div class=\"elementor-widget-container\">\n\t\t\t\t\t\t\t\t\t\t\t\t\t\t\t<img fetchpriority=\"high\" decoding=\"async\" width=\"1200\" height=\"950\" src=\"https:\/\/cedrat-technologies.com\/wp-content\/uploads\/ctec\/corporate\/team_building.webp\" class=\"attachment-large size-large wp-image-28444\" alt=\"team building\" srcset=\"https:\/\/cedrat-technologies.com\/wp-content\/uploads\/ctec\/corporate\/team_building.webp 1200w, https:\/\/cedrat-technologies.com\/wp-content\/uploads\/ctec\/corporate\/team_building-768x608.webp 768w, https:\/\/cedrat-technologies.com\/wp-content\/uploads\/ctec\/corporate\/team_building-600x475.webp 600w\" sizes=\"(max-width: 1200px) 100vw, 1200px\" \/>\t\t\t\t\t\t\t\t\t\t\t\t\t\t\t<\/div>\n\t\t\t\t<\/div>\n\t\t\t\t<div class=\"elementor-element elementor-element-691c179 elementor-widget elementor-widget-heading\" data-id=\"691c179\" data-element_type=\"widget\" data-e-type=\"widget\" data-widget_type=\"heading.default\">\n\t\t\t\t<div class=\"elementor-widget-container\">\n\t\t\t\t\t<h2 class=\"elementor-heading-title elementor-size-default\">Quand nos salari\u00e9s racontent leur histoire<\/h2>\t\t\t\t<\/div>\n\t\t\t\t<\/div>\n\t\t\t\t<div class=\"elementor-element elementor-element-987afab elementor-testimonial--skin-bubble elementor-testimonial--layout-image_inline elementor-testimonial--align-center elementor-arrows-yes elementor-widget elementor-widget-testimonial-carousel\" data-id=\"987afab\" data-element_type=\"widget\" data-e-type=\"widget\" data-settings=\"{&quot;slides_per_view&quot;:&quot;1&quot;,&quot;show_arrows&quot;:&quot;yes&quot;,&quot;speed&quot;:500,&quot;loop&quot;:&quot;yes&quot;,&quot;space_between&quot;:{&quot;unit&quot;:&quot;px&quot;,&quot;size&quot;:10,&quot;sizes&quot;:[]},&quot;space_between_tablet&quot;:{&quot;unit&quot;:&quot;px&quot;,&quot;size&quot;:10,&quot;sizes&quot;:[]},&quot;space_between_mobile&quot;:{&quot;unit&quot;:&quot;px&quot;,&quot;size&quot;:10,&quot;sizes&quot;:[]}}\" data-widget_type=\"testimonial-carousel.default\">\n\t\t\t\t<div class=\"elementor-widget-container\">\n\t\t\t\t\t\t\t\t\t<div class=\"elementor-swiper\">\n\t\t\t\t\t<div class=\"elementor-main-swiper swiper\" role=\"region\" aria-roledescription=\"carousel\" aria-label=\"Diapositives\">\n\t\t\t\t<div class=\"swiper-wrapper\">\n\t\t\t\t\t\t\t\t\t\t\t<div class=\"swiper-slide\" role=\"group\" aria-roledescription=\"slide\">\n\t\t\t\t\t\t\t\t\t<div class=\"elementor-testimonial\">\n\t\t\t\t\t\t\t<div class=\"elementor-testimonial__content\">\n\t\t\t\t\t<div class=\"elementor-testimonial__text\">\n\t\t\t\t\t\tCharg\u00e9e d\u2019Administration RH chez Cedrat Technologies depuis 2019 , je g\u00e8re la paie, le suivi administratif des salari\u00e9s, et j'apporte mon support \u00e0 la direction pour l'\u00e9tablissement des co\u00fbts RH. J\u2019appr\u00e9cie la diversit\u00e9 de mes missions et l\u2019ambiance d\u2019une PME, o\u00f9 les \u00e9changes sont fluides et o\u00f9 chacun reste accessible. Depuis mon arriv\u00e9e, l\u2019entreprise a doubl\u00e9 ses effectifs et s\u2019est industrialis\u00e9e, une \u00e9volution tr\u00e8s positive !\n\t\t\t\t\t<\/div>\n\t\t\t\t\t\t\t\t\t<\/div>\n\t\t\t\t\t\t<div class=\"elementor-testimonial__footer\">\n\t\t\t\t\t\t\t\t<cite class=\"elementor-testimonial__cite\"><span class=\"elementor-testimonial__name\">Lucie<\/span><span class=\"elementor-testimonial__title\">Charg\u00e9e d'administration RH<\/span><\/cite>\t\t\t<\/div>\n\t\t<\/div>\n\t\t\t\t\t\t\t\t<\/div>\n\t\t\t\t\t\t\t\t\t<\/div>\n\t\t\t\t\t\t\t<\/div>\n\t\t\t\t<\/div>\n\t\t\t\t\t\t\t\t<\/div>\n\t\t\t\t<\/div>\n\t\t\t\t\t<\/div>\n\t\t\t\t<\/div>\n\t\t<div class=\"elementor-element elementor-element-f28596d e-flex e-con-boxed e-con e-parent\" data-id=\"f28596d\" data-element_type=\"container\" data-e-type=\"container\" data-settings=\"{&quot;background_background&quot;:&quot;classic&quot;}\">\n\t\t\t\t\t<div class=\"e-con-inner\">\n\t\t\t\t<div class=\"elementor-element elementor-element-06f2abe elementor-widget__width-inherit elementor-widget elementor-widget-heading\" data-id=\"06f2abe\" data-element_type=\"widget\" data-e-type=\"widget\" data-widget_type=\"heading.default\">\n\t\t\t\t<div class=\"elementor-widget-container\">\n\t\t\t\t\t<h2 class=\"elementor-heading-title elementor-size-default\">D\u00e9couvrez CEDRAT TECHNOLOGIES<\/h2>\t\t\t\t<\/div>\n\t\t\t\t<\/div>\n\t\t\t\t<div class=\"elementor-element elementor-element-2094c1d elementor-widget elementor-widget-button\" data-id=\"2094c1d\" data-element_type=\"widget\" data-e-type=\"widget\" data-widget_type=\"button.default\">\n\t\t\t\t<div class=\"elementor-widget-container\">\n\t\t\t\t\t\t\t\t\t<div class=\"elementor-button-wrapper\">\n\t\t\t\t\t<a class=\"elementor-button elementor-button-link elementor-size-md\" href=\"https:\/\/cedrat-technologies.com\/fr\/carrieres\/\">\n\t\t\t\t\t\t<span class=\"elementor-button-content-wrapper\">\n\t\t\t\t\t\t\t\t\t<span class=\"elementor-button-text\">Notre structure<\/span>\n\t\t\t\t\t<\/span>\n\t\t\t\t\t<\/a>\n\t\t\t\t<\/div>\n\t\t\t\t\t\t\t\t<\/div>\n\t\t\t\t<\/div>\n\t\t\t\t<div class=\"elementor-element elementor-element-83fb3c9 elementor-widget elementor-widget-button\" data-id=\"83fb3c9\" data-element_type=\"widget\" data-e-type=\"widget\" data-widget_type=\"button.default\">\n\t\t\t\t<div class=\"elementor-widget-container\">\n\t\t\t\t\t\t\t\t\t<div class=\"elementor-button-wrapper\">\n\t\t\t\t\t<a class=\"elementor-button elementor-button-link elementor-size-md\" href=\"https:\/\/cedrat-technologies.com\/fr\/carrieres\/offres-d-emploi\/\">\n\t\t\t\t\t\t<span class=\"elementor-button-content-wrapper\">\n\t\t\t\t\t\t\t\t\t<span class=\"elementor-button-text\">Offres d'emploi<\/span>\n\t\t\t\t\t<\/span>\n\t\t\t\t\t<\/a>\n\t\t\t\t<\/div>\n\t\t\t\t\t\t\t\t<\/div>\n\t\t\t\t<\/div>\n\t\t\t\t<div class=\"elementor-element elementor-element-a95ab6f elementor-widget elementor-widget-button\" data-id=\"a95ab6f\" data-element_type=\"widget\" data-e-type=\"widget\" data-widget_type=\"button.default\">\n\t\t\t\t<div class=\"elementor-widget-container\">\n\t\t\t\t\t\t\t\t\t<div class=\"elementor-button-wrapper\">\n\t\t\t\t\t<a class=\"elementor-button elementor-button-link elementor-size-md\" href=\"https:\/\/cedrat-technologies.com\/fr\/carrieres\/notre-histoire\/\">\n\t\t\t\t\t\t<span class=\"elementor-button-content-wrapper\">\n\t\t\t\t\t\t\t\t\t<span class=\"elementor-button-text\">Notre histoire<\/span>\n\t\t\t\t\t<\/span>\n\t\t\t\t\t<\/a>\n\t\t\t\t<\/div>\n\t\t\t\t\t\t\t\t<\/div>\n\t\t\t\t<\/div>\n\t\t\t\t\t<\/div>\n\t\t\t\t<\/div>\n\t\t\t\t<\/div>\n\t\t","protected":false},"excerpt":{"rendered":"<p>L\u2019\u00e9quipe support de CTEC regroupe 3 services qui interviennent en back-up des \u00e9quipes : Le service RH s\u2019occupe de toutes les \u00e9tapes de la vie d\u2019un salari\u00e9 depuis son recrutement jusqu\u2019\u00e0 son d\u00e9part. Cela inclut le recrutement, la paie, la formation et l\u2019administratif en autres ; Le service comptabilit\u00e9 g\u00e8re la comptabilit\u00e9 courante de l&rsquo;entreprise. &#8230; <a title=\"Service support\" class=\"read-more\" href=\"https:\/\/cedrat-technologies.com\/fr\/carrieres\/service-support\/\" aria-label=\"En savoir plus sur Service support\">Lire la suite<\/a><\/p>\n","protected":false},"author":1,"featured_media":0,"parent":22179,"menu_order":0,"comment_status":"closed","ping_status":"closed","template":"","meta":{"_acf_changed":false,"_seopress_robots_primary_cat":"","_seopress_titles_title":"","_seopress_titles_desc":"","_seopress_robots_index":"","footnotes":""},"class_list":["post-28390","page","type-page","status-publish"],"acf":[],"_links":{"self":[{"href":"https:\/\/cedrat-technologies.com\/fr\/wp-json\/wp\/v2\/pages\/28390","targetHints":{"allow":["GET"]}}],"collection":[{"href":"https:\/\/cedrat-technologies.com\/fr\/wp-json\/wp\/v2\/pages"}],"about":[{"href":"https:\/\/cedrat-technologies.com\/fr\/wp-json\/wp\/v2\/types\/page"}],"author":[{"embeddable":true,"href":"https:\/\/cedrat-technologies.com\/fr\/wp-json\/wp\/v2\/users\/1"}],"replies":[{"embeddable":true,"href":"https:\/\/cedrat-technologies.com\/fr\/wp-json\/wp\/v2\/comments?post=28390"}],"version-history":[{"count":0,"href":"https:\/\/cedrat-technologies.com\/fr\/wp-json\/wp\/v2\/pages\/28390\/revisions"}],"up":[{"embeddable":true,"href":"https:\/\/cedrat-technologies.com\/fr\/wp-json\/wp\/v2\/pages\/22179"}],"wp:attachment":[{"href":"https:\/\/cedrat-technologies.com\/fr\/wp-json\/wp\/v2\/media?parent=28390"}],"curies":[{"name":"wp","href":"https:\/\/api.w.org\/{rel}","templated":true}]}}