{"id":28381,"date":"2025-03-12T12:49:45","date_gmt":"2025-03-12T11:49:45","guid":{"rendered":"https:\/\/cedrat-technologies.com\/?page_id=28381"},"modified":"2025-04-08T12:07:21","modified_gmt":"2025-04-08T10:07:21","slug":"service-qualite","status":"publish","type":"page","link":"https:\/\/cedrat-technologies.com\/fr\/carrieres\/service-qualite\/","title":{"rendered":"Service qualit\u00e9"},"content":{"rendered":"\t\t<div data-elementor-type=\"wp-page\" data-elementor-id=\"28381\" class=\"elementor elementor-28381\" data-elementor-post-type=\"page\">\n\t\t\t\t<div class=\"elementor-element elementor-element-451ed71 e-flex e-con-boxed e-con e-parent\" data-id=\"451ed71\" data-element_type=\"container\" data-e-type=\"container\">\n\t\t\t\t\t<div class=\"e-con-inner\">\n\t\t\t\t<div class=\"elementor-element elementor-element-909ab83 elementor-widget__width-inherit elementor-widget elementor-widget-heading\" data-id=\"909ab83\" data-element_type=\"widget\" data-e-type=\"widget\" data-widget_type=\"heading.default\">\n\t\t\t\t<div class=\"elementor-widget-container\">\n\t\t\t\t\t<h1 class=\"elementor-heading-title elementor-size-default\">Service qualit\u00e9<\/h1>\t\t\t\t<\/div>\n\t\t\t\t<\/div>\n\t\t\t\t<div class=\"elementor-element elementor-element-59ff2e5 elementor-widget__width-initial elementor-widget-mobile__width-inherit elementor-widget elementor-widget-text-editor\" data-id=\"59ff2e5\" data-element_type=\"widget\" data-e-type=\"widget\" data-widget_type=\"text-editor.default\">\n\t\t\t\t<div class=\"elementor-widget-container\">\n\t\t\t\t\t\t\t\t\t<p>L\u2019\u00e9quipe qualit\u00e9 intervient aussi bien en externe avec notamment les fournisseurs et les clients, qu\u2019en interne, au sein de l\u2019entreprise.<\/p><p>Le service qualit\u00e9 couvre 6 grands domaines :<\/p><ul><li>HSE\u00a0: s\u00e9curit\u00e9, notamment \u00e9lectrique<\/li><li>M\u00e9trologie : calibration du mat\u00e9riel et outils de mesure pour la production<\/li><li>QMS : gestion et animation du syst\u00e8me qualit\u00e9 dans l\u2019entreprise<\/li><li>Qualit\u00e9 projet : audits clients<\/li><li>Fournisseurs : audits\u00a0et suivi des non-conformit\u00e9s fournisseurs<\/li><li>Qualit\u00e9 production : contr\u00f4le tout au long du cycle de production<\/li><\/ul><p>Le service qualit\u00e9 est \u00e9galement responsable de la certification ISO 9001.<\/p>\t\t\t\t\t\t\t\t<\/div>\n\t\t\t\t<\/div>\n\t\t\t\t<div class=\"elementor-element elementor-element-53c77be elementor-widget__width-initial elementor-widget-mobile__width-inherit elementor-widget elementor-widget-image\" data-id=\"53c77be\" data-element_type=\"widget\" data-e-type=\"widget\" data-widget_type=\"image.default\">\n\t\t\t\t<div class=\"elementor-widget-container\">\n\t\t\t\t\t\t\t\t\t\t\t\t\t\t\t<img fetchpriority=\"high\" decoding=\"async\" width=\"1200\" height=\"852\" src=\"https:\/\/cedrat-technologies.com\/wp-content\/uploads\/ctec\/corporate\/service_qualite-1.webp\" class=\"attachment-large size-large wp-image-28384\" alt=\"service qualite\" srcset=\"https:\/\/cedrat-technologies.com\/wp-content\/uploads\/ctec\/corporate\/service_qualite-1.webp 1200w, https:\/\/cedrat-technologies.com\/wp-content\/uploads\/ctec\/corporate\/service_qualite-1-768x545.webp 768w, https:\/\/cedrat-technologies.com\/wp-content\/uploads\/ctec\/corporate\/service_qualite-1-600x426.webp 600w\" sizes=\"(max-width: 1200px) 100vw, 1200px\" \/>\t\t\t\t\t\t\t\t\t\t\t\t\t\t\t<\/div>\n\t\t\t\t<\/div>\n\t\t\t\t<div class=\"elementor-element elementor-element-691c179 elementor-widget elementor-widget-heading\" data-id=\"691c179\" data-element_type=\"widget\" data-e-type=\"widget\" data-widget_type=\"heading.default\">\n\t\t\t\t<div class=\"elementor-widget-container\">\n\t\t\t\t\t<h2 class=\"elementor-heading-title elementor-size-default\">Quand nos salari\u00e9s racontent leur histoire<\/h2>\t\t\t\t<\/div>\n\t\t\t\t<\/div>\n\t\t\t\t<div class=\"elementor-element elementor-element-987afab elementor-testimonial--skin-bubble elementor-testimonial--layout-image_inline elementor-testimonial--align-center elementor-arrows-yes elementor-widget elementor-widget-testimonial-carousel\" data-id=\"987afab\" data-element_type=\"widget\" data-e-type=\"widget\" data-settings=\"{&quot;slides_per_view&quot;:&quot;1&quot;,&quot;show_arrows&quot;:&quot;yes&quot;,&quot;speed&quot;:500,&quot;loop&quot;:&quot;yes&quot;,&quot;space_between&quot;:{&quot;unit&quot;:&quot;px&quot;,&quot;size&quot;:10,&quot;sizes&quot;:[]},&quot;space_between_tablet&quot;:{&quot;unit&quot;:&quot;px&quot;,&quot;size&quot;:10,&quot;sizes&quot;:[]},&quot;space_between_mobile&quot;:{&quot;unit&quot;:&quot;px&quot;,&quot;size&quot;:10,&quot;sizes&quot;:[]}}\" data-widget_type=\"testimonial-carousel.default\">\n\t\t\t\t<div class=\"elementor-widget-container\">\n\t\t\t\t\t\t\t\t\t<div class=\"elementor-swiper\">\n\t\t\t\t\t<div class=\"elementor-main-swiper swiper\" role=\"region\" aria-roledescription=\"carousel\" aria-label=\"Diapositives\">\n\t\t\t\t<div class=\"swiper-wrapper\">\n\t\t\t\t\t\t\t\t\t\t\t<div class=\"swiper-slide\" role=\"group\" aria-roledescription=\"slide\">\n\t\t\t\t\t\t\t\t\t<div class=\"elementor-testimonial\">\n\t\t\t\t\t\t\t<div class=\"elementor-testimonial__content\">\n\t\t\t\t\t<div class=\"elementor-testimonial__text\">\n\t\t\t\t\t\tJ\u2019ai rejoint CTEC en production, sp\u00e9cialis\u00e9e dans l\u2019assemblage et le brasage certifi\u00e9 ECSS pour les produits spatiaux. Apr\u00e8s neuf ans et demi, j\u2019ai \u00e9volu\u00e9 en tant que Technicienne M\u00e9thodes, et fin 2023, j\u2019ai d\u00e9couvert le domaine de la Qualit\u00e9 en supportant le service sur des t\u00e2ches techniques. Cette exp\u00e9rience m\u2019a s\u00e9duite, et j\u2019ai accept\u00e9 un poste de Technicienne Qualit\u00e9 d\u00e9but 2024, tout en commen\u00e7ant une part de mon activit\u00e9 en M\u00e9thodes. Mon quotidien se partage entre la gestion de la qualit\u00e9 (support SMQ, qualit\u00e9 fournisseur, qualit\u00e9 production) et l\u2019accompagnement M\u00e9thodes. Ce que j\u2019appr\u00e9cie le plus, c\u2019est la diversit\u00e9 des missions et l\u2019apprentissage constant. Travailler sur des produits techniquement exigeants est passionnant, et l\u2019ambiance conviviale avec les coll\u00e8gues est un vrai plus.\n\t\t\t\t\t<\/div>\n\t\t\t\t\t\t\t\t\t<\/div>\n\t\t\t\t\t\t<div class=\"elementor-testimonial__footer\">\n\t\t\t\t\t\t\t\t<cite class=\"elementor-testimonial__cite\"><span class=\"elementor-testimonial__name\">Anna-Koulma<\/span><span class=\"elementor-testimonial__title\">Technicienne Qualit\u00e9 & m\u00e9thodes<\/span><\/cite>\t\t\t<\/div>\n\t\t<\/div>\n\t\t\t\t\t\t\t\t<\/div>\n\t\t\t\t\t\t\t\t\t\t\t<div class=\"swiper-slide\" role=\"group\" aria-roledescription=\"slide\">\n\t\t\t\t\t\t\t\t\t<div class=\"elementor-testimonial\">\n\t\t\t\t\t\t\t<div class=\"elementor-testimonial__content\">\n\t\t\t\t\t<div class=\"elementor-testimonial__text\">\n\t\t\t\t\t\tMon m\u00e9tier chez CTEC se divise en deux volets principaux avec une dimension cl\u00e9 en m\u00e9trologie. En Qualit\u00e9 Produits, je veille au respect des exigences tout au long du processus de production, en supervisant les contr\u00f4les, en corrigeant les non-conformit\u00e9s et en mettant en place des plans d\u2019am\u00e9lioration continue pour garantir la fiabilit\u00e9 des livrables. En Qualit\u00e9 Projet, j\u2019assure le suivi des normes tout au long du cycle de vie des projets, en d\u00e9finissant et suivant les indicateurs de performance, tout en coordonnant les \u00e9quipes pour garantir la conformit\u00e9 des livrables aux attentes clients et d\u00e9lais. Enfin, en M\u00e9trologie, je g\u00e8re les instruments de mesure et de contr\u00f4le en veillant \u00e0 leur \u00e9talonnage et \u00e0 leur pr\u00e9cision pour garantir la conformit\u00e9 des produits. Ce qui me pla\u00eet, c\u2019est la diversit\u00e9 des missions, les d\u00e9fis quotidiens et la richesse des \u00e9changes avec les \u00e9quipes. Chez CTEC, j\u2019appr\u00e9cie l\u2019environnement innovant, la valorisation de l\u2019autonomie et la confiance accord\u00e9e. \n\t\t\t\t\t<\/div>\n\t\t\t\t\t\t\t\t\t<\/div>\n\t\t\t\t\t\t<div class=\"elementor-testimonial__footer\">\n\t\t\t\t\t\t\t\t<cite class=\"elementor-testimonial__cite\"><span class=\"elementor-testimonial__name\">Ouidad<\/span><span class=\"elementor-testimonial__title\">Ing\u00e9nieure Qualit\u00e9<\/span><\/cite>\t\t\t<\/div>\n\t\t<\/div>\n\t\t\t\t\t\t\t\t<\/div>\n\t\t\t\t\t\t\t\t\t<\/div>\n\t\t\t\t\t\t\t\t\t\t\t\t\t\t\t<div class=\"elementor-swiper-button elementor-swiper-button-prev\" role=\"button\" tabindex=\"0\" aria-label=\"Pr\u00e9c\u00e9dent\">\n\t\t\t\t\t\t\t<i aria-hidden=\"true\" class=\"eicon-chevron-left\"><\/i>\t\t\t\t\t\t<\/div>\n\t\t\t\t\t\t<div class=\"elementor-swiper-button elementor-swiper-button-next\" role=\"button\" tabindex=\"0\" aria-label=\"Suivant\">\n\t\t\t\t\t\t\t<i aria-hidden=\"true\" class=\"eicon-chevron-right\"><\/i>\t\t\t\t\t\t<\/div>\n\t\t\t\t\t\t\t\t\t\t\t\t\t\t\t\t\t<\/div>\n\t\t\t\t<\/div>\n\t\t\t\t\t\t\t\t<\/div>\n\t\t\t\t<\/div>\n\t\t\t\t\t<\/div>\n\t\t\t\t<\/div>\n\t\t<div class=\"elementor-element elementor-element-f28596d e-flex e-con-boxed e-con e-parent\" data-id=\"f28596d\" data-element_type=\"container\" data-e-type=\"container\" data-settings=\"{&quot;background_background&quot;:&quot;classic&quot;}\">\n\t\t\t\t\t<div class=\"e-con-inner\">\n\t\t\t\t<div class=\"elementor-element elementor-element-06f2abe elementor-widget__width-inherit elementor-widget elementor-widget-heading\" data-id=\"06f2abe\" data-element_type=\"widget\" data-e-type=\"widget\" data-widget_type=\"heading.default\">\n\t\t\t\t<div class=\"elementor-widget-container\">\n\t\t\t\t\t<h2 class=\"elementor-heading-title elementor-size-default\">D\u00e9couvrez CEDRAT TECHNOLOGIES<\/h2>\t\t\t\t<\/div>\n\t\t\t\t<\/div>\n\t\t\t\t<div class=\"elementor-element elementor-element-2094c1d elementor-widget elementor-widget-button\" data-id=\"2094c1d\" data-element_type=\"widget\" data-e-type=\"widget\" data-widget_type=\"button.default\">\n\t\t\t\t<div class=\"elementor-widget-container\">\n\t\t\t\t\t\t\t\t\t<div class=\"elementor-button-wrapper\">\n\t\t\t\t\t<a class=\"elementor-button elementor-button-link elementor-size-md\" href=\"https:\/\/cedrat-technologies.com\/fr\/carrieres\/\">\n\t\t\t\t\t\t<span class=\"elementor-button-content-wrapper\">\n\t\t\t\t\t\t\t\t\t<span class=\"elementor-button-text\">Notre structure<\/span>\n\t\t\t\t\t<\/span>\n\t\t\t\t\t<\/a>\n\t\t\t\t<\/div>\n\t\t\t\t\t\t\t\t<\/div>\n\t\t\t\t<\/div>\n\t\t\t\t<div class=\"elementor-element elementor-element-83fb3c9 elementor-widget elementor-widget-button\" data-id=\"83fb3c9\" data-element_type=\"widget\" data-e-type=\"widget\" data-widget_type=\"button.default\">\n\t\t\t\t<div class=\"elementor-widget-container\">\n\t\t\t\t\t\t\t\t\t<div class=\"elementor-button-wrapper\">\n\t\t\t\t\t<a class=\"elementor-button elementor-button-link elementor-size-md\" href=\"https:\/\/cedrat-technologies.com\/fr\/carrieres\/offres-d-emploi\/\">\n\t\t\t\t\t\t<span class=\"elementor-button-content-wrapper\">\n\t\t\t\t\t\t\t\t\t<span class=\"elementor-button-text\">Offres d'emploi<\/span>\n\t\t\t\t\t<\/span>\n\t\t\t\t\t<\/a>\n\t\t\t\t<\/div>\n\t\t\t\t\t\t\t\t<\/div>\n\t\t\t\t<\/div>\n\t\t\t\t<div class=\"elementor-element elementor-element-a95ab6f elementor-widget elementor-widget-button\" data-id=\"a95ab6f\" data-element_type=\"widget\" data-e-type=\"widget\" data-widget_type=\"button.default\">\n\t\t\t\t<div class=\"elementor-widget-container\">\n\t\t\t\t\t\t\t\t\t<div class=\"elementor-button-wrapper\">\n\t\t\t\t\t<a class=\"elementor-button elementor-button-link elementor-size-md\" href=\"https:\/\/cedrat-technologies.com\/fr\/carrieres\/notre-histoire\/\">\n\t\t\t\t\t\t<span class=\"elementor-button-content-wrapper\">\n\t\t\t\t\t\t\t\t\t<span class=\"elementor-button-text\">Notre histoire<\/span>\n\t\t\t\t\t<\/span>\n\t\t\t\t\t<\/a>\n\t\t\t\t<\/div>\n\t\t\t\t\t\t\t\t<\/div>\n\t\t\t\t<\/div>\n\t\t\t\t\t<\/div>\n\t\t\t\t<\/div>\n\t\t\t\t<\/div>\n\t\t","protected":false},"excerpt":{"rendered":"<p>L\u2019\u00e9quipe qualit\u00e9 intervient aussi bien en externe avec notamment les fournisseurs et les clients, qu\u2019en interne, au sein de l\u2019entreprise. Le service qualit\u00e9 couvre 6 grands domaines : HSE\u00a0: s\u00e9curit\u00e9, notamment \u00e9lectrique M\u00e9trologie : calibration du mat\u00e9riel et outils de mesure pour la production QMS : gestion et animation du syst\u00e8me qualit\u00e9 dans l\u2019entreprise Qualit\u00e9 &#8230; <a title=\"Service qualit\u00e9\" class=\"read-more\" href=\"https:\/\/cedrat-technologies.com\/fr\/carrieres\/service-qualite\/\" aria-label=\"En savoir plus sur Service qualit\u00e9\">Lire la suite<\/a><\/p>\n","protected":false},"author":1,"featured_media":0,"parent":22179,"menu_order":0,"comment_status":"closed","ping_status":"closed","template":"","meta":{"_acf_changed":false,"_seopress_robots_primary_cat":"","_seopress_titles_title":"","_seopress_titles_desc":"","_seopress_robots_index":"","footnotes":""},"class_list":["post-28381","page","type-page","status-publish"],"acf":[],"_links":{"self":[{"href":"https:\/\/cedrat-technologies.com\/fr\/wp-json\/wp\/v2\/pages\/28381","targetHints":{"allow":["GET"]}}],"collection":[{"href":"https:\/\/cedrat-technologies.com\/fr\/wp-json\/wp\/v2\/pages"}],"about":[{"href":"https:\/\/cedrat-technologies.com\/fr\/wp-json\/wp\/v2\/types\/page"}],"author":[{"embeddable":true,"href":"https:\/\/cedrat-technologies.com\/fr\/wp-json\/wp\/v2\/users\/1"}],"replies":[{"embeddable":true,"href":"https:\/\/cedrat-technologies.com\/fr\/wp-json\/wp\/v2\/comments?post=28381"}],"version-history":[{"count":0,"href":"https:\/\/cedrat-technologies.com\/fr\/wp-json\/wp\/v2\/pages\/28381\/revisions"}],"up":[{"embeddable":true,"href":"https:\/\/cedrat-technologies.com\/fr\/wp-json\/wp\/v2\/pages\/22179"}],"wp:attachment":[{"href":"https:\/\/cedrat-technologies.com\/fr\/wp-json\/wp\/v2\/media?parent=28381"}],"curies":[{"name":"wp","href":"https:\/\/api.w.org\/{rel}","templated":true}]}}