{"id":28375,"date":"2025-03-12T12:05:51","date_gmt":"2025-03-12T11:05:51","guid":{"rendered":"https:\/\/cedrat-technologies.com\/?page_id=28375"},"modified":"2025-04-08T12:07:18","modified_gmt":"2025-04-08T10:07:18","slug":"service-industriel","status":"publish","type":"page","link":"https:\/\/cedrat-technologies.com\/fr\/carrieres\/service-industriel\/","title":{"rendered":"Service Industriel"},"content":{"rendered":"\t\t<div data-elementor-type=\"wp-page\" data-elementor-id=\"28375\" class=\"elementor elementor-28375\" data-elementor-post-type=\"page\">\n\t\t\t\t<div class=\"elementor-element elementor-element-451ed71 e-flex e-con-boxed e-con e-parent\" data-id=\"451ed71\" data-element_type=\"container\" data-e-type=\"container\">\n\t\t\t\t\t<div class=\"e-con-inner\">\n\t\t\t\t<div class=\"elementor-element elementor-element-909ab83 elementor-widget__width-inherit elementor-widget elementor-widget-heading\" data-id=\"909ab83\" data-element_type=\"widget\" data-e-type=\"widget\" data-widget_type=\"heading.default\">\n\t\t\t\t<div class=\"elementor-widget-container\">\n\t\t\t\t\t<h1 class=\"elementor-heading-title elementor-size-default\">Service Industriel<\/h1>\t\t\t\t<\/div>\n\t\t\t\t<\/div>\n\t\t\t\t<div class=\"elementor-element elementor-element-59ff2e5 elementor-widget__width-initial elementor-widget-mobile__width-inherit elementor-widget elementor-widget-text-editor\" data-id=\"59ff2e5\" data-element_type=\"widget\" data-e-type=\"widget\" data-widget_type=\"text-editor.default\">\n\t\t\t\t<div class=\"elementor-widget-container\">\n\t\t\t\t\t\t\t\t\t<p>Pour r\u00e9pondre aux besoins du march\u00e9<span style=\"text-decoration: line-through;\">s<\/span> et aux exigences de ses clients, le Service Industriel s\u2019est fortement d\u00e9velopp\u00e9 au sein de CTEC ces derni\u00e8res ann\u00e9es. Cette mont\u00e9e en maturit\u00e9 industrielle est une force pour l\u2019entreprise face \u00e0 l\u2019augmentation des volumes.<\/p><p>Ce service regroupe diverses activit\u00e9s li\u00e9es \u00e0 la production de nos produits, allant de l\u2019achat et la r\u00e9ception des pi\u00e8ces fournisseurs \u00e0 l\u2019exp\u00e9dition des pi\u00e8ces finies.<\/p><p>Il comprend une \u00e9quipe d\u00e9di\u00e9e aux m\u00e9thodes dont l\u2019objectif est de faciliter la collaboration avec les bureaux d\u2019\u00e9tudes, ainsi qu\u2019une \u00e9quipe en charge de la fabrication des projets, qui suit leur r\u00e9alisation<em>. <\/em><\/p><p>La production se divise en deux \u00e9quipes : une m\u00e9canique et une \u00e9lectronique. La particularit\u00e9 de nos produits r\u00e9side dans le fait qu\u2019ils sont r\u00e9alis\u00e9s \u00e0 la main.\u00a0<\/p>\t\t\t\t\t\t\t\t<\/div>\n\t\t\t\t<\/div>\n\t\t\t\t<div class=\"elementor-element elementor-element-53c77be elementor-widget__width-initial elementor-widget-mobile__width-inherit elementor-widget elementor-widget-image\" data-id=\"53c77be\" data-element_type=\"widget\" data-e-type=\"widget\" data-widget_type=\"image.default\">\n\t\t\t\t<div class=\"elementor-widget-container\">\n\t\t\t\t\t\t\t\t\t\t\t\t\t\t\t<img fetchpriority=\"high\" decoding=\"async\" width=\"1080\" height=\"699\" src=\"https:\/\/cedrat-technologies.com\/wp-content\/uploads\/ctec\/engineering\/industrialization\/indus_dtt.webp\" class=\"attachment-large size-large wp-image-26951\" alt=\"\" srcset=\"https:\/\/cedrat-technologies.com\/wp-content\/uploads\/ctec\/engineering\/industrialization\/indus_dtt.webp 1080w, https:\/\/cedrat-technologies.com\/wp-content\/uploads\/ctec\/engineering\/industrialization\/indus_dtt-768x497.webp 768w, https:\/\/cedrat-technologies.com\/wp-content\/uploads\/ctec\/engineering\/industrialization\/indus_dtt-600x388.webp 600w\" sizes=\"(max-width: 1080px) 100vw, 1080px\" \/>\t\t\t\t\t\t\t\t\t\t\t\t\t\t\t<\/div>\n\t\t\t\t<\/div>\n\t\t\t\t<div class=\"elementor-element elementor-element-691c179 elementor-widget elementor-widget-heading\" data-id=\"691c179\" data-element_type=\"widget\" data-e-type=\"widget\" data-widget_type=\"heading.default\">\n\t\t\t\t<div class=\"elementor-widget-container\">\n\t\t\t\t\t<h2 class=\"elementor-heading-title elementor-size-default\">Quand nos salari\u00e9s racontent leur histoire<\/h2>\t\t\t\t<\/div>\n\t\t\t\t<\/div>\n\t\t\t\t<div class=\"elementor-element elementor-element-987afab elementor-testimonial--skin-bubble elementor-testimonial--layout-image_inline elementor-testimonial--align-center elementor-arrows-yes elementor-widget elementor-widget-testimonial-carousel\" data-id=\"987afab\" data-element_type=\"widget\" data-e-type=\"widget\" data-settings=\"{&quot;slides_per_view&quot;:&quot;1&quot;,&quot;autoplay_speed&quot;:7000,&quot;show_arrows&quot;:&quot;yes&quot;,&quot;speed&quot;:500,&quot;autoplay&quot;:&quot;yes&quot;,&quot;loop&quot;:&quot;yes&quot;,&quot;pause_on_hover&quot;:&quot;yes&quot;,&quot;pause_on_interaction&quot;:&quot;yes&quot;,&quot;space_between&quot;:{&quot;unit&quot;:&quot;px&quot;,&quot;size&quot;:10,&quot;sizes&quot;:[]},&quot;space_between_tablet&quot;:{&quot;unit&quot;:&quot;px&quot;,&quot;size&quot;:10,&quot;sizes&quot;:[]},&quot;space_between_mobile&quot;:{&quot;unit&quot;:&quot;px&quot;,&quot;size&quot;:10,&quot;sizes&quot;:[]}}\" data-widget_type=\"testimonial-carousel.default\">\n\t\t\t\t<div class=\"elementor-widget-container\">\n\t\t\t\t\t\t\t\t\t<div class=\"elementor-swiper\">\n\t\t\t\t\t<div class=\"elementor-main-swiper swiper\" role=\"region\" aria-roledescription=\"carousel\" aria-label=\"Diapositives\">\n\t\t\t\t<div class=\"swiper-wrapper\">\n\t\t\t\t\t\t\t\t\t\t\t<div class=\"swiper-slide\" role=\"group\" aria-roledescription=\"slide\">\n\t\t\t\t\t\t\t\t\t<div class=\"elementor-testimonial\">\n\t\t\t\t\t\t\t<div class=\"elementor-testimonial__content\">\n\t\t\t\t\t<div class=\"elementor-testimonial__text\">\n\t\t\t\t\t\tEn tant qu\u2019Ing\u00e9nieur Projets Industriels chez CTEC, je pilote des initiatives d\u2019am\u00e9lioration continue en production : r\u00e9am\u00e9nagement de zones, optimisation des flux, mise en place de machines, et je suis \u00e9galement r\u00e9f\u00e9rent ERP. Ce r\u00f4le exige une connaissance approfondie de notre logiciel de gestion et implique la formation des collaborateurs, ainsi que l\u2019adaptation du syst\u00e8me aux besoins de l\u2019entreprise. Mon poste me permet d\u2019interagir quotidiennement avec diff\u00e9rents services, ce qui stimule ma capacit\u00e9 d\u2019adaptation et ma r\u00e9activit\u00e9. J\u2019appr\u00e9cie particuli\u00e8rement l\u2019ambiance conviviale et les \u00e9changes fluides entre coll\u00e8gues, ainsi que l\u2019autonomie accord\u00e9e dans mes missions. \n\t\t\t\t\t<\/div>\n\t\t\t\t\t\t\t\t\t<\/div>\n\t\t\t\t\t\t<div class=\"elementor-testimonial__footer\">\n\t\t\t\t\t\t\t\t<cite class=\"elementor-testimonial__cite\"><span class=\"elementor-testimonial__name\">Adam<\/span><span class=\"elementor-testimonial__title\">Ing\u00e9nieur Projets Industriels<\/span><\/cite>\t\t\t<\/div>\n\t\t<\/div>\n\t\t\t\t\t\t\t\t<\/div>\n\t\t\t\t\t\t\t\t\t<\/div>\n\t\t\t\t\t\t\t<\/div>\n\t\t\t\t<\/div>\n\t\t\t\t\t\t\t\t<\/div>\n\t\t\t\t<\/div>\n\t\t\t\t\t<\/div>\n\t\t\t\t<\/div>\n\t\t<div class=\"elementor-element elementor-element-f28596d e-flex e-con-boxed e-con e-parent\" data-id=\"f28596d\" data-element_type=\"container\" data-e-type=\"container\" data-settings=\"{&quot;background_background&quot;:&quot;classic&quot;}\">\n\t\t\t\t\t<div class=\"e-con-inner\">\n\t\t\t\t<div class=\"elementor-element elementor-element-06f2abe elementor-widget__width-inherit elementor-widget elementor-widget-heading\" data-id=\"06f2abe\" data-element_type=\"widget\" data-e-type=\"widget\" data-widget_type=\"heading.default\">\n\t\t\t\t<div class=\"elementor-widget-container\">\n\t\t\t\t\t<h2 class=\"elementor-heading-title elementor-size-default\">D\u00e9couvrez CEDRAT TECHNOLOGIES<\/h2>\t\t\t\t<\/div>\n\t\t\t\t<\/div>\n\t\t\t\t<div class=\"elementor-element elementor-element-2094c1d elementor-widget elementor-widget-button\" data-id=\"2094c1d\" data-element_type=\"widget\" data-e-type=\"widget\" data-widget_type=\"button.default\">\n\t\t\t\t<div class=\"elementor-widget-container\">\n\t\t\t\t\t\t\t\t\t<div class=\"elementor-button-wrapper\">\n\t\t\t\t\t<a class=\"elementor-button elementor-button-link elementor-size-md\" href=\"https:\/\/cedrat-technologies.com\/fr\/carrieres\/\">\n\t\t\t\t\t\t<span class=\"elementor-button-content-wrapper\">\n\t\t\t\t\t\t\t\t\t<span class=\"elementor-button-text\">Notre structure<\/span>\n\t\t\t\t\t<\/span>\n\t\t\t\t\t<\/a>\n\t\t\t\t<\/div>\n\t\t\t\t\t\t\t\t<\/div>\n\t\t\t\t<\/div>\n\t\t\t\t<div class=\"elementor-element elementor-element-83fb3c9 elementor-widget elementor-widget-button\" data-id=\"83fb3c9\" data-element_type=\"widget\" data-e-type=\"widget\" data-widget_type=\"button.default\">\n\t\t\t\t<div class=\"elementor-widget-container\">\n\t\t\t\t\t\t\t\t\t<div class=\"elementor-button-wrapper\">\n\t\t\t\t\t<a class=\"elementor-button elementor-button-link elementor-size-md\" href=\"https:\/\/cedrat-technologies.com\/fr\/carrieres\/offres-d-emploi\/\">\n\t\t\t\t\t\t<span class=\"elementor-button-content-wrapper\">\n\t\t\t\t\t\t\t\t\t<span class=\"elementor-button-text\">Offres d'emploi<\/span>\n\t\t\t\t\t<\/span>\n\t\t\t\t\t<\/a>\n\t\t\t\t<\/div>\n\t\t\t\t\t\t\t\t<\/div>\n\t\t\t\t<\/div>\n\t\t\t\t<div class=\"elementor-element elementor-element-a95ab6f elementor-widget elementor-widget-button\" data-id=\"a95ab6f\" data-element_type=\"widget\" data-e-type=\"widget\" data-widget_type=\"button.default\">\n\t\t\t\t<div class=\"elementor-widget-container\">\n\t\t\t\t\t\t\t\t\t<div class=\"elementor-button-wrapper\">\n\t\t\t\t\t<a class=\"elementor-button elementor-button-link elementor-size-md\" href=\"https:\/\/cedrat-technologies.com\/fr\/carrieres\/notre-histoire\/\">\n\t\t\t\t\t\t<span class=\"elementor-button-content-wrapper\">\n\t\t\t\t\t\t\t\t\t<span class=\"elementor-button-text\">Notre histoire<\/span>\n\t\t\t\t\t<\/span>\n\t\t\t\t\t<\/a>\n\t\t\t\t<\/div>\n\t\t\t\t\t\t\t\t<\/div>\n\t\t\t\t<\/div>\n\t\t\t\t\t<\/div>\n\t\t\t\t<\/div>\n\t\t\t\t<\/div>\n\t\t","protected":false},"excerpt":{"rendered":"<p>Pour r\u00e9pondre aux besoins du march\u00e9s et aux exigences de ses clients, le Service Industriel s\u2019est fortement d\u00e9velopp\u00e9 au sein de CTEC ces derni\u00e8res ann\u00e9es. Cette mont\u00e9e en maturit\u00e9 industrielle est une force pour l\u2019entreprise face \u00e0 l\u2019augmentation des volumes. Ce service regroupe diverses activit\u00e9s li\u00e9es \u00e0 la production de nos produits, allant de l\u2019achat &#8230; <a title=\"Service Industriel\" class=\"read-more\" href=\"https:\/\/cedrat-technologies.com\/fr\/carrieres\/service-industriel\/\" aria-label=\"En savoir plus sur Service Industriel\">Lire la suite<\/a><\/p>\n","protected":false},"author":1,"featured_media":0,"parent":22179,"menu_order":0,"comment_status":"closed","ping_status":"closed","template":"","meta":{"_acf_changed":false,"_seopress_robots_primary_cat":"","_seopress_titles_title":"","_seopress_titles_desc":"","_seopress_robots_index":"","footnotes":""},"class_list":["post-28375","page","type-page","status-publish"],"acf":[],"_links":{"self":[{"href":"https:\/\/cedrat-technologies.com\/fr\/wp-json\/wp\/v2\/pages\/28375","targetHints":{"allow":["GET"]}}],"collection":[{"href":"https:\/\/cedrat-technologies.com\/fr\/wp-json\/wp\/v2\/pages"}],"about":[{"href":"https:\/\/cedrat-technologies.com\/fr\/wp-json\/wp\/v2\/types\/page"}],"author":[{"embeddable":true,"href":"https:\/\/cedrat-technologies.com\/fr\/wp-json\/wp\/v2\/users\/1"}],"replies":[{"embeddable":true,"href":"https:\/\/cedrat-technologies.com\/fr\/wp-json\/wp\/v2\/comments?post=28375"}],"version-history":[{"count":0,"href":"https:\/\/cedrat-technologies.com\/fr\/wp-json\/wp\/v2\/pages\/28375\/revisions"}],"up":[{"embeddable":true,"href":"https:\/\/cedrat-technologies.com\/fr\/wp-json\/wp\/v2\/pages\/22179"}],"wp:attachment":[{"href":"https:\/\/cedrat-technologies.com\/fr\/wp-json\/wp\/v2\/media?parent=28375"}],"curies":[{"name":"wp","href":"https:\/\/api.w.org\/{rel}","templated":true}]}}