{"id":28366,"date":"2025-03-12T09:48:39","date_gmt":"2025-03-12T08:48:39","guid":{"rendered":"https:\/\/cedrat-technologies.com\/?page_id=28366"},"modified":"2025-04-08T12:07:08","modified_gmt":"2025-04-08T10:07:08","slug":"equipe-commerciale-communication-adv","status":"publish","type":"page","link":"https:\/\/cedrat-technologies.com\/fr\/carrieres\/equipe-commerciale-communication-adv\/","title":{"rendered":"Equipe commerciale, communication &#038; ADV"},"content":{"rendered":"\t\t<div data-elementor-type=\"wp-page\" data-elementor-id=\"28366\" class=\"elementor elementor-28366\" data-elementor-post-type=\"page\">\n\t\t\t\t<div class=\"elementor-element elementor-element-451ed71 e-flex e-con-boxed e-con e-parent\" data-id=\"451ed71\" data-element_type=\"container\" data-e-type=\"container\">\n\t\t\t\t\t<div class=\"e-con-inner\">\n\t\t\t\t<div class=\"elementor-element elementor-element-909ab83 elementor-widget elementor-widget-heading\" data-id=\"909ab83\" data-element_type=\"widget\" data-e-type=\"widget\" data-widget_type=\"heading.default\">\n\t\t\t\t<div class=\"elementor-widget-container\">\n\t\t\t\t\t<h1 class=\"elementor-heading-title elementor-size-default\">Equipe commerciale, communication &#038; ADV<\/h1>\t\t\t\t<\/div>\n\t\t\t\t<\/div>\n\t\t\t\t<div class=\"elementor-element elementor-element-59ff2e5 elementor-widget__width-initial elementor-widget-tablet__width-inherit elementor-widget-mobile__width-inherit elementor-widget elementor-widget-text-editor\" data-id=\"59ff2e5\" data-element_type=\"widget\" data-e-type=\"widget\" data-widget_type=\"text-editor.default\">\n\t\t\t\t<div class=\"elementor-widget-container\">\n\t\t\t\t\t\t\t\t\t<h2>L&rsquo;\u00e9quipe commerciale<\/h2><p>L\u2019\u00e9quipe commerciale est au c\u0153ur de la relation client et contribue au d\u00e9veloppement de nos produits et projets sur diff\u00e9rents march\u00e9s : l\u2019optronique, l\u2019instrumentation scientifique, le spatial, le secteur de l\u2019usinage industriel et les technologies m\u00e9dicales (medtec).<\/p><p>Nos clients ont acc\u00e8s \u00e0 deux types de produits : des produits standards et des produits sur mesure adapt\u00e9s \u00e0 leurs besoins sp\u00e9cifiques.<\/p><p>L\u2019\u00e9quipe se compose\u00a0:<\/p><ul><li><strong>D\u2019ing\u00e9nieurs technico-commerciaux, <\/strong>responsables des produits,<\/li><li><strong>D\u2019ing\u00e9nieurs d\u2019affaires<\/strong>, en charge des projets.<\/li><\/ul>\t\t\t\t\t\t\t\t<\/div>\n\t\t\t\t<\/div>\n\t\t\t\t<div class=\"elementor-element elementor-element-53c77be elementor-widget__width-initial elementor-widget-mobile__width-inherit elementor-widget elementor-widget-image\" data-id=\"53c77be\" data-element_type=\"widget\" data-e-type=\"widget\" data-widget_type=\"image.default\">\n\t\t\t\t<div class=\"elementor-widget-container\">\n\t\t\t\t\t\t\t\t\t\t\t\t\t\t\t<img fetchpriority=\"high\" decoding=\"async\" width=\"2048\" height=\"1638\" src=\"https:\/\/cedrat-technologies.com\/wp-content\/uploads\/ctec\/corporate\/lwp-scaled.jpg\" class=\"attachment-large size-large wp-image-22349\" alt=\"lwp\" srcset=\"https:\/\/cedrat-technologies.com\/wp-content\/uploads\/ctec\/corporate\/lwp-scaled.jpg 2048w, https:\/\/cedrat-technologies.com\/wp-content\/uploads\/ctec\/corporate\/lwp-768x614.jpg 768w, https:\/\/cedrat-technologies.com\/wp-content\/uploads\/ctec\/corporate\/lwp-1536x1229.jpg 1536w, https:\/\/cedrat-technologies.com\/wp-content\/uploads\/ctec\/corporate\/lwp-600x480.jpg 600w\" sizes=\"(max-width: 2048px) 100vw, 2048px\" \/>\t\t\t\t\t\t\t\t\t\t\t\t\t\t\t<\/div>\n\t\t\t\t<\/div>\n\t\t\t\t<div class=\"elementor-element elementor-element-4de7d26 elementor-widget__width-initial elementor-widget-mobile__width-inherit elementor-widget elementor-widget-image\" data-id=\"4de7d26\" data-element_type=\"widget\" data-e-type=\"widget\" data-widget_type=\"image.default\">\n\t\t\t\t<div class=\"elementor-widget-container\">\n\t\t\t\t\t\t\t\t\t\t\t\t\t\t\t<img decoding=\"async\" width=\"1000\" height=\"787\" src=\"https:\/\/cedrat-technologies.com\/wp-content\/uploads\/ctec\/corporate\/communication_brochures.webp\" class=\"attachment-large size-large wp-image-28468\" alt=\"communication brochures\" srcset=\"https:\/\/cedrat-technologies.com\/wp-content\/uploads\/ctec\/corporate\/communication_brochures.webp 1000w, https:\/\/cedrat-technologies.com\/wp-content\/uploads\/ctec\/corporate\/communication_brochures-768x604.webp 768w, https:\/\/cedrat-technologies.com\/wp-content\/uploads\/ctec\/corporate\/communication_brochures-600x472.webp 600w\" sizes=\"(max-width: 1000px) 100vw, 1000px\" \/>\t\t\t\t\t\t\t\t\t\t\t\t\t\t\t<\/div>\n\t\t\t\t<\/div>\n\t\t\t\t<div class=\"elementor-element elementor-element-ba29f6a elementor-widget__width-initial elementor-widget-tablet__width-inherit elementor-widget-mobile__width-inherit elementor-widget elementor-widget-text-editor\" data-id=\"ba29f6a\" data-element_type=\"widget\" data-e-type=\"widget\" data-widget_type=\"text-editor.default\">\n\t\t\t\t<div class=\"elementor-widget-container\">\n\t\t\t\t\t\t\t\t\t<h2>Le service Administration des Ventes (ADV) &amp; Communication<\/h2><p>Le service <strong>ADV<\/strong> joue un r\u00f4le cl\u00e9 en apportant un support essentiel aux \u00e9quipes de CTEC. Ses missions couvrent un large spectre, incluant :<\/p><ul><li>La gestion de la relation client\u00a0: prise de commande, facturation et livraison,<\/li><li>L\u2019organisation des d\u00e9placements et des salons professionnels,<\/li><li>La gestion des projets subventionn\u00e9s.<\/li><\/ul><p>En parall\u00e8le, ce service int\u00e8gre une <strong>\u00e9quipe communication \/ marketing op\u00e9rationnel<\/strong> qui pilote :<\/p><ul><li>La gestion de la communication Online et Offline,<\/li><li>La communication interne,<\/li><li>La satisfaction clients (NPS).<\/li><\/ul>\t\t\t\t\t\t\t\t<\/div>\n\t\t\t\t<\/div>\n\t\t\t\t<div class=\"elementor-element elementor-element-768504d elementor-widget__width-initial elementor-widget elementor-widget-text-editor\" data-id=\"768504d\" data-element_type=\"widget\" data-e-type=\"widget\" data-widget_type=\"text-editor.default\">\n\t\t\t\t<div class=\"elementor-widget-container\">\n\t\t\t\t\t\t\t\t\t<p>Rejoindre le <strong>P\u00f4le commercial de CTEC<\/strong>, c\u2019est int\u00e9grer une \u00e9quipe dynamique, innovante et engag\u00e9e dans des projets technologiques d\u2019envergure.<\/p>\t\t\t\t\t\t\t\t<\/div>\n\t\t\t\t<\/div>\n\t\t\t\t<div class=\"elementor-element elementor-element-691c179 elementor-widget elementor-widget-heading\" data-id=\"691c179\" data-element_type=\"widget\" data-e-type=\"widget\" data-widget_type=\"heading.default\">\n\t\t\t\t<div class=\"elementor-widget-container\">\n\t\t\t\t\t<h2 class=\"elementor-heading-title elementor-size-default\">Quand nos salari\u00e9s racontent leur histoire<\/h2>\t\t\t\t<\/div>\n\t\t\t\t<\/div>\n\t\t\t\t<div class=\"elementor-element elementor-element-987afab elementor-testimonial--skin-bubble elementor-testimonial--layout-image_inline elementor-testimonial--align-center elementor-arrows-yes elementor-widget elementor-widget-testimonial-carousel\" data-id=\"987afab\" data-element_type=\"widget\" data-e-type=\"widget\" data-settings=\"{&quot;slides_per_view&quot;:&quot;1&quot;,&quot;show_arrows&quot;:&quot;yes&quot;,&quot;speed&quot;:500,&quot;loop&quot;:&quot;yes&quot;,&quot;space_between&quot;:{&quot;unit&quot;:&quot;px&quot;,&quot;size&quot;:10,&quot;sizes&quot;:[]},&quot;space_between_tablet&quot;:{&quot;unit&quot;:&quot;px&quot;,&quot;size&quot;:10,&quot;sizes&quot;:[]},&quot;space_between_mobile&quot;:{&quot;unit&quot;:&quot;px&quot;,&quot;size&quot;:10,&quot;sizes&quot;:[]}}\" data-widget_type=\"testimonial-carousel.default\">\n\t\t\t\t<div class=\"elementor-widget-container\">\n\t\t\t\t\t\t\t\t\t<div class=\"elementor-swiper\">\n\t\t\t\t\t<div class=\"elementor-main-swiper swiper\" role=\"region\" aria-roledescription=\"carousel\" aria-label=\"Diapositives\">\n\t\t\t\t<div class=\"swiper-wrapper\">\n\t\t\t\t\t\t\t\t\t\t\t<div class=\"swiper-slide\" role=\"group\" aria-roledescription=\"slide\">\n\t\t\t\t\t\t\t\t\t<div class=\"elementor-testimonial\">\n\t\t\t\t\t\t\t<div class=\"elementor-testimonial__content\">\n\t\t\t\t\t<div class=\"elementor-testimonial__text\">\n\t\t\t\t\t\tJ'occupe le poste d'Infographiste Multim\u00e9dia \u00e0 CTEC depuis plus de 3 ans. Un point qui me pla\u00eet dans mon travail est que les missions sont d'une grande diversit\u00e9 : je m'occupe des supports imprim\u00e9s, du site web, des photos produits, des vid\u00e9os, de la communication interne, et de bien d'autre choses. Travailler en tant qu'infographiste \u00e0 CTEC est \u00e0 la fois atypique et stimulant car je suis amen\u00e9 \u00e0 communiquer sur des sujets high-tech, qui sont alors tr\u00e8s stimulants pour ma curiosit\u00e9.\t\t\t\t\t<\/div>\n\t\t\t\t\t\t\t\t\t<\/div>\n\t\t\t\t\t\t<div class=\"elementor-testimonial__footer\">\n\t\t\t\t\t\t\t\t<cite class=\"elementor-testimonial__cite\"><span class=\"elementor-testimonial__name\">Cl\u00e9ment<\/span><span class=\"elementor-testimonial__title\">Designer Graphique et Web<\/span><\/cite>\t\t\t<\/div>\n\t\t<\/div>\n\t\t\t\t\t\t\t\t<\/div>\n\t\t\t\t\t\t\t\t\t\t\t<div class=\"swiper-slide\" role=\"group\" aria-roledescription=\"slide\">\n\t\t\t\t\t\t\t\t\t<div class=\"elementor-testimonial\">\n\t\t\t\t\t\t\t<div class=\"elementor-testimonial__content\">\n\t\t\t\t\t<div class=\"elementor-testimonial__text\">\n\t\t\t\t\t\tJ\u2019ai rejoint CTEC il y a un peu plus de 10 ans, au sein du service ADV\/MARCOM o\u00f9 l\u2019humain et l\u2019esprit d\u2019\u00e9quipe sont des valeurs essentielles !\nTravailler en tant que Charg\u00e9e d'Administration Des Ventes Export est une exp\u00e9rience enrichissante et stimulante dans un contexte international en perp\u00e9tuelle mouvance. Chaque jour, je suis confront\u00e9e \u00e0 des d\u00e9fis vari\u00e9s qui me permettent de d\u00e9velopper mes comp\u00e9tences et d'apprendre constamment. Mon r\u00f4le consiste \u00e0 g\u00e9rer les commandes internationales, \u00e0 coordonner les exp\u00e9ditions dans le respect des r\u00e8glementations douani\u00e8res et internationales en vigueur. \t\t\t\t\t<\/div>\n\t\t\t\t\t\t\t\t\t<\/div>\n\t\t\t\t\t\t<div class=\"elementor-testimonial__footer\">\n\t\t\t\t\t\t\t\t<cite class=\"elementor-testimonial__cite\"><span class=\"elementor-testimonial__name\">St\u00e9phanie<\/span><span class=\"elementor-testimonial__title\">Charg\u00e9e d\u2019Administration des Ventes Export<\/span><\/cite>\t\t\t<\/div>\n\t\t<\/div>\n\t\t\t\t\t\t\t\t<\/div>\n\t\t\t\t\t\t\t\t\t<\/div>\n\t\t\t\t\t\t\t\t\t\t\t\t\t\t\t<div class=\"elementor-swiper-button elementor-swiper-button-prev\" role=\"button\" tabindex=\"0\" aria-label=\"Pr\u00e9c\u00e9dent\">\n\t\t\t\t\t\t\t<i aria-hidden=\"true\" class=\"eicon-chevron-left\"><\/i>\t\t\t\t\t\t<\/div>\n\t\t\t\t\t\t<div class=\"elementor-swiper-button elementor-swiper-button-next\" role=\"button\" tabindex=\"0\" aria-label=\"Suivant\">\n\t\t\t\t\t\t\t<i aria-hidden=\"true\" class=\"eicon-chevron-right\"><\/i>\t\t\t\t\t\t<\/div>\n\t\t\t\t\t\t\t\t\t\t\t\t\t\t\t\t\t<\/div>\n\t\t\t\t<\/div>\n\t\t\t\t\t\t\t\t<\/div>\n\t\t\t\t<\/div>\n\t\t\t\t\t<\/div>\n\t\t\t\t<\/div>\n\t\t<div class=\"elementor-element elementor-element-f28596d e-flex e-con-boxed e-con e-parent\" data-id=\"f28596d\" data-element_type=\"container\" data-e-type=\"container\" data-settings=\"{&quot;background_background&quot;:&quot;classic&quot;}\">\n\t\t\t\t\t<div class=\"e-con-inner\">\n\t\t\t\t<div class=\"elementor-element elementor-element-06f2abe elementor-widget__width-inherit elementor-widget elementor-widget-heading\" data-id=\"06f2abe\" data-element_type=\"widget\" data-e-type=\"widget\" data-widget_type=\"heading.default\">\n\t\t\t\t<div class=\"elementor-widget-container\">\n\t\t\t\t\t<h2 class=\"elementor-heading-title elementor-size-default\">D\u00e9couvrez CEDRAT TECHNOLOGIES<\/h2>\t\t\t\t<\/div>\n\t\t\t\t<\/div>\n\t\t\t\t<div class=\"elementor-element elementor-element-2094c1d elementor-widget elementor-widget-button\" data-id=\"2094c1d\" data-element_type=\"widget\" data-e-type=\"widget\" data-widget_type=\"button.default\">\n\t\t\t\t<div class=\"elementor-widget-container\">\n\t\t\t\t\t\t\t\t\t<div class=\"elementor-button-wrapper\">\n\t\t\t\t\t<a class=\"elementor-button elementor-button-link elementor-size-md\" href=\"https:\/\/cedrat-technologies.com\/fr\/carrieres\/\">\n\t\t\t\t\t\t<span class=\"elementor-button-content-wrapper\">\n\t\t\t\t\t\t\t\t\t<span class=\"elementor-button-text\">Notre structure<\/span>\n\t\t\t\t\t<\/span>\n\t\t\t\t\t<\/a>\n\t\t\t\t<\/div>\n\t\t\t\t\t\t\t\t<\/div>\n\t\t\t\t<\/div>\n\t\t\t\t<div class=\"elementor-element elementor-element-83fb3c9 elementor-widget elementor-widget-button\" data-id=\"83fb3c9\" data-element_type=\"widget\" data-e-type=\"widget\" data-widget_type=\"button.default\">\n\t\t\t\t<div class=\"elementor-widget-container\">\n\t\t\t\t\t\t\t\t\t<div class=\"elementor-button-wrapper\">\n\t\t\t\t\t<a class=\"elementor-button elementor-button-link elementor-size-md\" href=\"https:\/\/cedrat-technologies.com\/fr\/carrieres\/offres-d-emploi\/\">\n\t\t\t\t\t\t<span class=\"elementor-button-content-wrapper\">\n\t\t\t\t\t\t\t\t\t<span class=\"elementor-button-text\">Offres d'emploi<\/span>\n\t\t\t\t\t<\/span>\n\t\t\t\t\t<\/a>\n\t\t\t\t<\/div>\n\t\t\t\t\t\t\t\t<\/div>\n\t\t\t\t<\/div>\n\t\t\t\t<div class=\"elementor-element elementor-element-a95ab6f elementor-widget elementor-widget-button\" data-id=\"a95ab6f\" data-element_type=\"widget\" data-e-type=\"widget\" data-widget_type=\"button.default\">\n\t\t\t\t<div class=\"elementor-widget-container\">\n\t\t\t\t\t\t\t\t\t<div class=\"elementor-button-wrapper\">\n\t\t\t\t\t<a class=\"elementor-button elementor-button-link elementor-size-md\" href=\"https:\/\/cedrat-technologies.com\/fr\/carrieres\/notre-histoire\/\">\n\t\t\t\t\t\t<span class=\"elementor-button-content-wrapper\">\n\t\t\t\t\t\t\t\t\t<span class=\"elementor-button-text\">Notre histoire<\/span>\n\t\t\t\t\t<\/span>\n\t\t\t\t\t<\/a>\n\t\t\t\t<\/div>\n\t\t\t\t\t\t\t\t<\/div>\n\t\t\t\t<\/div>\n\t\t\t\t\t<\/div>\n\t\t\t\t<\/div>\n\t\t\t\t<\/div>\n\t\t","protected":false},"excerpt":{"rendered":"<p>L&rsquo;\u00e9quipe commerciale L\u2019\u00e9quipe commerciale est au c\u0153ur de la relation client et contribue au d\u00e9veloppement de nos produits et projets sur diff\u00e9rents march\u00e9s : l\u2019optronique, l\u2019instrumentation scientifique, le spatial, le secteur de l\u2019usinage industriel et les technologies m\u00e9dicales (medtec). Nos clients ont acc\u00e8s \u00e0 deux types de produits : des produits standards et des produits &#8230; <a title=\"Equipe commerciale, communication &#038; ADV\" class=\"read-more\" href=\"https:\/\/cedrat-technologies.com\/fr\/carrieres\/equipe-commerciale-communication-adv\/\" aria-label=\"En savoir plus sur Equipe commerciale, communication &#038; ADV\">Lire la suite<\/a><\/p>\n","protected":false},"author":1,"featured_media":0,"parent":22179,"menu_order":0,"comment_status":"closed","ping_status":"closed","template":"","meta":{"_acf_changed":false,"_seopress_robots_primary_cat":"","_seopress_titles_title":"","_seopress_titles_desc":"","_seopress_robots_index":"","footnotes":""},"class_list":["post-28366","page","type-page","status-publish"],"acf":[],"_links":{"self":[{"href":"https:\/\/cedrat-technologies.com\/fr\/wp-json\/wp\/v2\/pages\/28366","targetHints":{"allow":["GET"]}}],"collection":[{"href":"https:\/\/cedrat-technologies.com\/fr\/wp-json\/wp\/v2\/pages"}],"about":[{"href":"https:\/\/cedrat-technologies.com\/fr\/wp-json\/wp\/v2\/types\/page"}],"author":[{"embeddable":true,"href":"https:\/\/cedrat-technologies.com\/fr\/wp-json\/wp\/v2\/users\/1"}],"replies":[{"embeddable":true,"href":"https:\/\/cedrat-technologies.com\/fr\/wp-json\/wp\/v2\/comments?post=28366"}],"version-history":[{"count":0,"href":"https:\/\/cedrat-technologies.com\/fr\/wp-json\/wp\/v2\/pages\/28366\/revisions"}],"up":[{"embeddable":true,"href":"https:\/\/cedrat-technologies.com\/fr\/wp-json\/wp\/v2\/pages\/22179"}],"wp:attachment":[{"href":"https:\/\/cedrat-technologies.com\/fr\/wp-json\/wp\/v2\/media?parent=28366"}],"curies":[{"name":"wp","href":"https:\/\/api.w.org\/{rel}","templated":true}]}}