{"id":28360,"date":"2025-03-11T16:14:56","date_gmt":"2025-03-11T15:14:56","guid":{"rendered":"https:\/\/cedrat-technologies.com\/?page_id=28360"},"modified":"2025-04-08T12:07:14","modified_gmt":"2025-04-08T10:07:14","slug":"equipe-electro-mecanismes","status":"publish","type":"page","link":"https:\/\/cedrat-technologies.com\/fr\/carrieres\/equipe-electro-mecanismes\/","title":{"rendered":"Equipe \u00e9lectro-m\u00e9canismes"},"content":{"rendered":"\t\t<div data-elementor-type=\"wp-page\" data-elementor-id=\"28360\" class=\"elementor elementor-28360\" data-elementor-post-type=\"page\">\n\t\t\t\t<div class=\"elementor-element elementor-element-451ed71 e-flex e-con-boxed e-con e-parent\" data-id=\"451ed71\" data-element_type=\"container\" data-e-type=\"container\">\n\t\t\t\t\t<div class=\"e-con-inner\">\n\t\t\t\t<div class=\"elementor-element elementor-element-909ab83 elementor-widget elementor-widget-heading\" data-id=\"909ab83\" data-element_type=\"widget\" data-e-type=\"widget\" data-widget_type=\"heading.default\">\n\t\t\t\t<div class=\"elementor-widget-container\">\n\t\t\t\t\t<h1 class=\"elementor-heading-title elementor-size-default\">Equipe \u00e9lectro-m\u00e9canismes<\/h1>\t\t\t\t<\/div>\n\t\t\t\t<\/div>\n\t\t\t\t<div class=\"elementor-element elementor-element-4f75476 elementor-widget elementor-widget-text-editor\" data-id=\"4f75476\" data-element_type=\"widget\" data-e-type=\"widget\" data-widget_type=\"text-editor.default\">\n\t\t\t\t<div class=\"elementor-widget-container\">\n\t\t\t\t\t\t\t\t\t<p>L&rsquo;\u00e9quipe du bureau d&rsquo;\u00e9tudes \u00e9lectro-m\u00e9canisme est en charge des \u00e9tudes de conception, de la simulation, des essais et de la mod\u00e9lisation de nos produits pi\u00e9zo-\u00e9lectriques et magn\u00e9tiques. Les diff\u00e9rents projets qui sont couverts par l\u2019\u00e9quipe r\u00e9pondent\u00a0aux besoins de clients divers et vari\u00e9s\u00a0allant de la TPE\/PME au laboratoire scientifique ou \u00e0 l\u2019organisme public.<\/p>\t\t\t\t\t\t\t\t<\/div>\n\t\t\t\t<\/div>\n\t\t\t\t<div class=\"elementor-element elementor-element-59ff2e5 elementor-widget__width-initial elementor-widget-mobile__width-inherit elementor-widget elementor-widget-text-editor\" data-id=\"59ff2e5\" data-element_type=\"widget\" data-e-type=\"widget\" data-widget_type=\"text-editor.default\">\n\t\t\t\t<div class=\"elementor-widget-container\">\n\t\t\t\t\t\t\t\t\t<p>Il y a 3 axes de d\u00e9veloppement au sein du bureau d\u2019\u00e9tude :<\/p><ul><li>Devenir Responsable technique de projet ;<\/li><li>D\u00e9velopper une expertise technique sur une th\u00e9matique ;<\/li><li>Devenir Responsable de groupe et encadrer \u00e0 ce titre une petite \u00e9quipe.<\/li><\/ul><p>Par la diversit\u00e9 de nos clients, les projets sont multidisciplinaires. Cet aspect met en avant l\u2019importance du collectif et les interactions entre membres.<\/p><p>Dans le cadre de certains projets, il est possible de se d\u00e9placer sur site client ou dans des salons.<\/p><p>Avec les projets et ann\u00e9es d&rsquo;exp\u00e9riences, des expertises se sont d\u00e9velopp\u00e9s au sein de l&rsquo;\u00e9quipe sur des th\u00e9matiques comme la fluidique, la pi\u00e9zo-\u00e9lectricit\u00e9 et le magn\u00e9tisme.<\/p><p>Les ing\u00e9nieurs du BEEM peuvent intervenir durant l\u2019ensemble des phases d\u2019un projet. Cela peut aller du support pour r\u00e9pondre \u00e0 des appels d\u2019offres \u00e0 la validation d\u2019un prototype.<\/p><p>Des formations sont aussi dispens\u00e9es par des ing\u00e9nieurs du bureau d\u2019\u00e9tudes.<\/p>\t\t\t\t\t\t\t\t<\/div>\n\t\t\t\t<\/div>\n\t\t\t\t<div class=\"elementor-element elementor-element-53c77be elementor-widget__width-initial elementor-widget-mobile__width-inherit elementor-widget elementor-widget-image\" data-id=\"53c77be\" data-element_type=\"widget\" data-e-type=\"widget\" data-widget_type=\"image.default\">\n\t\t\t\t<div class=\"elementor-widget-container\">\n\t\t\t\t\t\t\t\t\t\t\t\t\t\t\t<img fetchpriority=\"high\" decoding=\"async\" width=\"699\" height=\"676\" src=\"https:\/\/cedrat-technologies.com\/wp-content\/uploads\/ctec\/corporate\/service_beem.webp\" class=\"attachment-large size-large wp-image-27716\" alt=\"\" srcset=\"https:\/\/cedrat-technologies.com\/wp-content\/uploads\/ctec\/corporate\/service_beem.webp 699w, https:\/\/cedrat-technologies.com\/wp-content\/uploads\/ctec\/corporate\/service_beem-600x580.webp 600w\" sizes=\"(max-width: 699px) 100vw, 699px\" \/>\t\t\t\t\t\t\t\t\t\t\t\t\t\t\t<\/div>\n\t\t\t\t<\/div>\n\t\t\t\t<div class=\"elementor-element elementor-element-691c179 elementor-widget elementor-widget-heading\" data-id=\"691c179\" data-element_type=\"widget\" data-e-type=\"widget\" data-widget_type=\"heading.default\">\n\t\t\t\t<div class=\"elementor-widget-container\">\n\t\t\t\t\t<h2 class=\"elementor-heading-title elementor-size-default\">Quand nos salari\u00e9s racontent leur histoire<\/h2>\t\t\t\t<\/div>\n\t\t\t\t<\/div>\n\t\t\t\t<div class=\"elementor-element elementor-element-987afab elementor-testimonial--skin-bubble elementor-testimonial--layout-image_inline elementor-testimonial--align-center elementor-arrows-yes elementor-widget elementor-widget-testimonial-carousel\" data-id=\"987afab\" data-element_type=\"widget\" data-e-type=\"widget\" data-settings=\"{&quot;slides_per_view&quot;:&quot;1&quot;,&quot;show_arrows&quot;:&quot;yes&quot;,&quot;speed&quot;:500,&quot;loop&quot;:&quot;yes&quot;,&quot;space_between&quot;:{&quot;unit&quot;:&quot;px&quot;,&quot;size&quot;:10,&quot;sizes&quot;:[]},&quot;space_between_tablet&quot;:{&quot;unit&quot;:&quot;px&quot;,&quot;size&quot;:10,&quot;sizes&quot;:[]},&quot;space_between_mobile&quot;:{&quot;unit&quot;:&quot;px&quot;,&quot;size&quot;:10,&quot;sizes&quot;:[]}}\" data-widget_type=\"testimonial-carousel.default\">\n\t\t\t\t<div class=\"elementor-widget-container\">\n\t\t\t\t\t\t\t\t\t<div class=\"elementor-swiper\">\n\t\t\t\t\t<div class=\"elementor-main-swiper swiper\" role=\"region\" aria-roledescription=\"carousel\" aria-label=\"Diapositives\">\n\t\t\t\t<div class=\"swiper-wrapper\">\n\t\t\t\t\t\t\t\t\t\t\t<div class=\"swiper-slide\" role=\"group\" aria-roledescription=\"slide\">\n\t\t\t\t\t\t\t\t\t<div class=\"elementor-testimonial\">\n\t\t\t\t\t\t\t<div class=\"elementor-testimonial__content\">\n\t\t\t\t\t<div class=\"elementor-testimonial__text\">\n\t\t\t\t\t\tTravailler au sein du bureau d\u2019\u00e9tudes \u00e9lectro-m\u00e9canismes de CTEC, c\u2019est \u00eatre au c\u0153ur de projets vari\u00e9s, m\u00ealant gestion, conception et essais techniques. Chaque jour est une opportunit\u00e9 d\u2019apprendre, que ce soit \u00e0 travers la gestion de consortiums europ\u00e9ens comme le projet FACELIFT, ou la conception m\u00e9canique allant bien au-del\u00e0 du simple dessin 3D. Chaque projet explore des domaines diff\u00e9rents \u2013 m\u00e9canique, thermique, magn\u00e9tique \u2013 avec des d\u00e9fis techniques passionnants \u00e0 relever. Ce que j\u2019appr\u00e9cie particuli\u00e8rement \u00e0 CTEC, c\u2019est l\u2019ambiance conviviale et la taille humaine de l\u2019entreprise, qui favorise la proximit\u00e9 entre coll\u00e8gues et l\u2019implication de chacun dans son \u00e9volution. \n\t\t\t\t\t<\/div>\n\t\t\t\t\t\t\t\t\t<\/div>\n\t\t\t\t\t\t<div class=\"elementor-testimonial__footer\">\n\t\t\t\t\t\t\t\t<cite class=\"elementor-testimonial__cite\"><span class=\"elementor-testimonial__name\">David<\/span><span class=\"elementor-testimonial__title\">Ing\u00e9nieur d'\u00e9tudes<\/span><\/cite>\t\t\t<\/div>\n\t\t<\/div>\n\t\t\t\t\t\t\t\t<\/div>\n\t\t\t\t\t\t\t\t\t\t\t<div class=\"swiper-slide\" role=\"group\" aria-roledescription=\"slide\">\n\t\t\t\t\t\t\t\t\t<div class=\"elementor-testimonial\">\n\t\t\t\t\t\t\t<div class=\"elementor-testimonial__content\">\n\t\t\t\t\t<div class=\"elementor-testimonial__text\">\n\t\t\t\t\t\tMon r\u00f4le au sein du bureau d\u2019\u00e9tudes \u00e9lectro-m\u00e9canismes de CTEC est \u00e0 la fois technique et transversal. Je suis impliqu\u00e9e \u00e0 chaque \u00e9tape du d\u00e9veloppement d\u2019un produit : de l\u2019\u00e9laboration du besoin client \u00e0 la conception, en passant par les tests en laboratoire, jusqu\u2019\u00e0 la livraison finale et la r\u00e9daction de la documentation. Cette diversit\u00e9 de t\u00e2ches \u2013 conception, tests, gestion de projet \u2013 me permet d\u2019apprendre en continu, ce qui est extr\u00eamement motivant. Ce que j\u2019appr\u00e9cie particuli\u00e8rement \u00e0 CTEC, c\u2019est la proximit\u00e9 entre coll\u00e8gues et la culture d\u2019entraide qui rend l\u2019apprentissage fluide et accessible.\n\t\t\t\t\t<\/div>\n\t\t\t\t\t\t\t\t\t<\/div>\n\t\t\t\t\t\t<div class=\"elementor-testimonial__footer\">\n\t\t\t\t\t\t\t\t<cite class=\"elementor-testimonial__cite\"><span class=\"elementor-testimonial__name\">Olivia<\/span><span class=\"elementor-testimonial__title\">Ing\u00e9nieure d'\u00e9tudes<\/span><\/cite>\t\t\t<\/div>\n\t\t<\/div>\n\t\t\t\t\t\t\t\t<\/div>\n\t\t\t\t\t\t\t\t\t\t\t<div class=\"swiper-slide\" role=\"group\" aria-roledescription=\"slide\">\n\t\t\t\t\t\t\t\t\t<div class=\"elementor-testimonial\">\n\t\t\t\t\t\t\t<div class=\"elementor-testimonial__content\">\n\t\t\t\t\t<div class=\"elementor-testimonial__text\">\n\t\t\t\t\t\tEn tant qu\u2019Ing\u00e9nieur au bureau \u00e9lectro-m\u00e9canisme, je suis impliqu\u00e9 \u00e0 chaque \u00e9tape des projets : conception assist\u00e9e par ordinateur, calculs, fabrication de prototypes et essais. Mon r\u00f4le s'\u00e9tend parfois \u00e0 la gestion de projet, ce qui m\u2019am\u00e8ne \u00e0 collaborer avec diff\u00e9rents services et \u00e0 pr\u00e9senter nos travaux lors de salons et conf\u00e9rences. Ce que j\u2019aime le plus, c\u2019est la diversit\u00e9 des secteurs industriels de nos clients, qui offre sans cesse de nouveaux d\u00e9fis techniques, ainsi que le d\u00e9veloppement de solutions sur mesure, du concept \u00e0 la r\u00e9alisation. J\u2019appr\u00e9cie particuli\u00e8rement la dimension humaine de CTEC, qui permet des \u00e9changes directs avec tous les collaborateurs, et les opportunit\u00e9s d\u2019encadrement rapides, comme la supervision de stagiaires. \n\t\t\t\t\t<\/div>\n\t\t\t\t\t\t\t\t\t<\/div>\n\t\t\t\t\t\t<div class=\"elementor-testimonial__footer\">\n\t\t\t\t\t\t\t\t<cite class=\"elementor-testimonial__cite\"><span class=\"elementor-testimonial__name\">Timot\u00e9o<\/span><span class=\"elementor-testimonial__title\">Ing\u00e9nieur d'\u00e9tudes<\/span><\/cite>\t\t\t<\/div>\n\t\t<\/div>\n\t\t\t\t\t\t\t\t<\/div>\n\t\t\t\t\t\t\t\t\t<\/div>\n\t\t\t\t\t\t\t\t\t\t\t\t\t\t\t<div class=\"elementor-swiper-button elementor-swiper-button-prev\" role=\"button\" tabindex=\"0\" aria-label=\"Pr\u00e9c\u00e9dent\">\n\t\t\t\t\t\t\t<i aria-hidden=\"true\" class=\"eicon-chevron-left\"><\/i>\t\t\t\t\t\t<\/div>\n\t\t\t\t\t\t<div class=\"elementor-swiper-button elementor-swiper-button-next\" role=\"button\" tabindex=\"0\" aria-label=\"Suivant\">\n\t\t\t\t\t\t\t<i aria-hidden=\"true\" class=\"eicon-chevron-right\"><\/i>\t\t\t\t\t\t<\/div>\n\t\t\t\t\t\t\t\t\t\t\t\t\t\t\t\t\t<\/div>\n\t\t\t\t<\/div>\n\t\t\t\t\t\t\t\t<\/div>\n\t\t\t\t<\/div>\n\t\t\t\t\t<\/div>\n\t\t\t\t<\/div>\n\t\t<div class=\"elementor-element elementor-element-f28596d e-flex e-con-boxed e-con e-parent\" data-id=\"f28596d\" data-element_type=\"container\" data-e-type=\"container\" data-settings=\"{&quot;background_background&quot;:&quot;classic&quot;}\">\n\t\t\t\t\t<div class=\"e-con-inner\">\n\t\t\t\t<div class=\"elementor-element elementor-element-06f2abe elementor-widget__width-inherit elementor-widget elementor-widget-heading\" data-id=\"06f2abe\" data-element_type=\"widget\" data-e-type=\"widget\" data-widget_type=\"heading.default\">\n\t\t\t\t<div class=\"elementor-widget-container\">\n\t\t\t\t\t<h2 class=\"elementor-heading-title elementor-size-default\">D\u00e9couvrez CEDRAT TECHNOLOGIES<\/h2>\t\t\t\t<\/div>\n\t\t\t\t<\/div>\n\t\t\t\t<div class=\"elementor-element elementor-element-2094c1d elementor-widget elementor-widget-button\" data-id=\"2094c1d\" data-element_type=\"widget\" data-e-type=\"widget\" data-widget_type=\"button.default\">\n\t\t\t\t<div class=\"elementor-widget-container\">\n\t\t\t\t\t\t\t\t\t<div class=\"elementor-button-wrapper\">\n\t\t\t\t\t<a class=\"elementor-button elementor-button-link elementor-size-md\" href=\"https:\/\/cedrat-technologies.com\/fr\/carrieres\/\">\n\t\t\t\t\t\t<span class=\"elementor-button-content-wrapper\">\n\t\t\t\t\t\t\t\t\t<span class=\"elementor-button-text\">Notre structure<\/span>\n\t\t\t\t\t<\/span>\n\t\t\t\t\t<\/a>\n\t\t\t\t<\/div>\n\t\t\t\t\t\t\t\t<\/div>\n\t\t\t\t<\/div>\n\t\t\t\t<div class=\"elementor-element elementor-element-83fb3c9 elementor-widget elementor-widget-button\" data-id=\"83fb3c9\" data-element_type=\"widget\" data-e-type=\"widget\" data-widget_type=\"button.default\">\n\t\t\t\t<div class=\"elementor-widget-container\">\n\t\t\t\t\t\t\t\t\t<div class=\"elementor-button-wrapper\">\n\t\t\t\t\t<a class=\"elementor-button elementor-button-link elementor-size-md\" href=\"https:\/\/cedrat-technologies.com\/fr\/carrieres\/offres-d-emploi\/\">\n\t\t\t\t\t\t<span class=\"elementor-button-content-wrapper\">\n\t\t\t\t\t\t\t\t\t<span class=\"elementor-button-text\">Offres d'emploi<\/span>\n\t\t\t\t\t<\/span>\n\t\t\t\t\t<\/a>\n\t\t\t\t<\/div>\n\t\t\t\t\t\t\t\t<\/div>\n\t\t\t\t<\/div>\n\t\t\t\t<div class=\"elementor-element elementor-element-a95ab6f elementor-widget elementor-widget-button\" data-id=\"a95ab6f\" data-element_type=\"widget\" data-e-type=\"widget\" data-widget_type=\"button.default\">\n\t\t\t\t<div class=\"elementor-widget-container\">\n\t\t\t\t\t\t\t\t\t<div class=\"elementor-button-wrapper\">\n\t\t\t\t\t<a class=\"elementor-button elementor-button-link elementor-size-md\" href=\"https:\/\/cedrat-technologies.com\/fr\/carrieres\/notre-histoire\/\">\n\t\t\t\t\t\t<span class=\"elementor-button-content-wrapper\">\n\t\t\t\t\t\t\t\t\t<span class=\"elementor-button-text\">Notre histoire<\/span>\n\t\t\t\t\t<\/span>\n\t\t\t\t\t<\/a>\n\t\t\t\t<\/div>\n\t\t\t\t\t\t\t\t<\/div>\n\t\t\t\t<\/div>\n\t\t\t\t\t<\/div>\n\t\t\t\t<\/div>\n\t\t\t\t<\/div>\n\t\t","protected":false},"excerpt":{"rendered":"<p>L&rsquo;\u00e9quipe du bureau d&rsquo;\u00e9tudes \u00e9lectro-m\u00e9canisme est en charge des \u00e9tudes de conception, de la simulation, des essais et de la mod\u00e9lisation de nos produits pi\u00e9zo-\u00e9lectriques et magn\u00e9tiques. Les diff\u00e9rents projets qui sont couverts par l\u2019\u00e9quipe r\u00e9pondent\u00a0aux besoins de clients divers et vari\u00e9s\u00a0allant de la TPE\/PME au laboratoire scientifique ou \u00e0 l\u2019organisme public. Il y a &#8230; <a title=\"Equipe \u00e9lectro-m\u00e9canismes\" class=\"read-more\" href=\"https:\/\/cedrat-technologies.com\/fr\/carrieres\/equipe-electro-mecanismes\/\" aria-label=\"En savoir plus sur Equipe \u00e9lectro-m\u00e9canismes\">Lire la suite<\/a><\/p>\n","protected":false},"author":1,"featured_media":0,"parent":22179,"menu_order":0,"comment_status":"closed","ping_status":"closed","template":"","meta":{"_acf_changed":false,"_seopress_robots_primary_cat":"","_seopress_titles_title":"","_seopress_titles_desc":"","_seopress_robots_index":"","footnotes":""},"class_list":["post-28360","page","type-page","status-publish"],"acf":[],"_links":{"self":[{"href":"https:\/\/cedrat-technologies.com\/fr\/wp-json\/wp\/v2\/pages\/28360","targetHints":{"allow":["GET"]}}],"collection":[{"href":"https:\/\/cedrat-technologies.com\/fr\/wp-json\/wp\/v2\/pages"}],"about":[{"href":"https:\/\/cedrat-technologies.com\/fr\/wp-json\/wp\/v2\/types\/page"}],"author":[{"embeddable":true,"href":"https:\/\/cedrat-technologies.com\/fr\/wp-json\/wp\/v2\/users\/1"}],"replies":[{"embeddable":true,"href":"https:\/\/cedrat-technologies.com\/fr\/wp-json\/wp\/v2\/comments?post=28360"}],"version-history":[{"count":0,"href":"https:\/\/cedrat-technologies.com\/fr\/wp-json\/wp\/v2\/pages\/28360\/revisions"}],"up":[{"embeddable":true,"href":"https:\/\/cedrat-technologies.com\/fr\/wp-json\/wp\/v2\/pages\/22179"}],"wp:attachment":[{"href":"https:\/\/cedrat-technologies.com\/fr\/wp-json\/wp\/v2\/media?parent=28360"}],"curies":[{"name":"wp","href":"https:\/\/api.w.org\/{rel}","templated":true}]}}