{"id":27883,"date":"2025-02-03T10:57:04","date_gmt":"2025-02-03T09:57:04","guid":{"rendered":"https:\/\/cedrat-technologies.com\/ingenierie-systeme\/opto-mechanical-engineering\/"},"modified":"2025-02-07T16:05:39","modified_gmt":"2025-02-07T15:05:39","slug":"ingenierie-opto-mecanique","status":"publish","type":"page","link":"https:\/\/cedrat-technologies.com\/fr\/ingenierie-systeme\/ingenierie-opto-mecanique\/","title":{"rendered":"Ing\u00e9nierie opto-m\u00e9canique"},"content":{"rendered":"\t\t<div data-elementor-type=\"wp-page\" data-elementor-id=\"27883\" class=\"elementor elementor-27883 elementor-27563\" data-elementor-post-type=\"page\">\n\t\t\t\t<div class=\"elementor-element elementor-element-e9bee1c e-flex e-con-boxed e-con e-parent\" data-id=\"e9bee1c\" data-element_type=\"container\" data-e-type=\"container\">\n\t\t\t\t\t<div class=\"e-con-inner\">\n\t\t\t\t<div class=\"elementor-element elementor-element-b2f1e0b elementor-widget elementor-widget-heading\" data-id=\"b2f1e0b\" data-element_type=\"widget\" data-e-type=\"widget\" data-widget_type=\"heading.default\">\n\t\t\t\t<div class=\"elementor-widget-container\">\n\t\t\t\t\t<h1 class=\"elementor-heading-title elementor-size-default\">Ing\u00e9nierie opto-m\u00e9canique<\/h1>\t\t\t\t<\/div>\n\t\t\t\t<\/div>\n\t\t\t\t<div class=\"elementor-element elementor-element-d0a7346 elementor-widget elementor-widget-text-editor\" data-id=\"d0a7346\" data-element_type=\"widget\" data-e-type=\"widget\" data-widget_type=\"text-editor.default\">\n\t\t\t\t<div class=\"elementor-widget-container\">\n\t\t\t\t\t\t\t\t\t<p><span data-contrast=\"auto\">L&rsquo;int\u00e9gration de composants optiques dans les m\u00e9canismes est devenue essentielle dans de nombreux secteurs, notamment pour l&rsquo;instrumentation scientifique, l&rsquo;a\u00e9rospatiale et la d\u00e9fense : c&rsquo;est ce que l&rsquo;on appelle l&rsquo;optronique. Ce besoin r\u00e9sulte de la demande de syst\u00e8mes optiques compacts, pr\u00e9cis et polyvalents. Il est destin\u00e9 \u00e0 r\u00e9pondre aux fonctions de pointage et de stabilisation. Afin de r\u00e9pondre aux nouvelles exigences optiques tout en garantissant les performances m\u00e9catroniques du syst\u00e8me, de nouvelles contraintes doivent \u00eatre prises en compte :<\/span><span data-ccp-props=\"{}\">\u00a0<\/span><\/p><ul><li><span data-contrast=\"auto\">L&rsquo;inertie g\u00e9n\u00e9r\u00e9e par la taille et la masse du miroir,<\/span><span data-ccp-props=\"{}\">\u00a0<\/span><\/li><li><span data-contrast=\"auto\">La qualit\u00e9 de la surface du miroir,<\/span><span data-ccp-props=\"{}\">\u00a0<\/span><\/li><li><span data-contrast=\"auto\">L&rsquo;auto-\u00e9chauffement du miroir d\u00fb \u00e0 la puissance du laser.<\/span><span data-ccp-props=\"{}\">\u00a0<\/span><\/li><\/ul><p><span data-contrast=\"auto\">CTEC a la capacit\u00e9, en s&rsquo;appuyant sur la m\u00e9thodologie des anciens vols spatiaux, \u00e0 chaque \u00e9tape du projet, d&rsquo;inclure l&rsquo;int\u00e9gration d&rsquo;\u00e9l\u00e9ments optiques :<\/span><span data-ccp-props=\"{}\">\u00a0<\/span><\/p>\t\t\t\t\t\t\t\t<\/div>\n\t\t\t\t<\/div>\n\t\t\t\t\t<\/div>\n\t\t\t\t<\/div>\n\t\t<div class=\"elementor-element elementor-element-880ac66 e-flex e-con-boxed e-con e-parent\" data-id=\"880ac66\" data-element_type=\"container\" data-e-type=\"container\" data-settings=\"{&quot;background_background&quot;:&quot;classic&quot;}\">\n\t\t\t\t\t<div class=\"e-con-inner\">\n\t\t\t\t<div class=\"elementor-element elementor-element-fab72de elementor-widget__width-inherit elementor-widget elementor-widget-text-editor\" data-id=\"fab72de\" data-element_type=\"widget\" data-e-type=\"widget\" data-widget_type=\"text-editor.default\">\n\t\t\t\t<div class=\"elementor-widget-container\">\n\t\t\t\t\t\t\t\t\t<h2><span class=\"TextRun SCXW41108389 BCX8\" lang=\"FR-FR\" xml:lang=\"FR-FR\" data-contrast=\"auto\"><span class=\"NormalTextRun SCXW41108389 BCX8\">Inertie du miroir<\/span><\/span><span class=\"EOP SCXW41108389 BCX8\" data-ccp-props=\"{}\">\u00a0<\/span><\/h2><p><span data-contrast=\"auto\">L&rsquo;inertie du miroir a un impact direct sur la rigidit\u00e9, la stabilit\u00e9 du m\u00e9canisme qu&rsquo;il int\u00e8gre et sa capacit\u00e9 \u00e0 r\u00e9sister aux vibrations et aux chocs. En g\u00e9n\u00e9ral, la qualit\u00e9 optique a un impact n\u00e9gatif sur l&rsquo;inertie du miroir. Elle abaisse la fr\u00e9quence de r\u00e9sonance du m\u00e9canisme et r\u00e9duit ainsi ses performances dynamiques et de contr\u00f4le. Ce compromis est d\u00e9crit dans la brochure sur nos technologies de tip\/tilt. CTEC a la capacit\u00e9 d&rsquo;inclure cette probl\u00e9matique dans votre projet par le biais de :<\/span><span data-ccp-props=\"{}\">\u00a0<\/span><\/p><ul><li><span data-contrast=\"auto\">Simulation FEM pour \u00e9valuer la fr\u00e9quence de r\u00e9sonance du m\u00e9canisme avec le composant optique et sa r\u00e9sistance \u00e0 l&rsquo;environnement vibratoire. Notre \u00e9quipe de contr\u00f4le peut \u00e9galement \u00e9valuer les performances et la stabilit\u00e9 attendues avec la charge utile.<\/span><span data-ccp-props=\"{}\">\u00a0<\/span><\/li><li><span data-contrast=\"auto\">Faisabilit\u00e9 de la conception de miroirs personnalis\u00e9s si n\u00e9cessaire afin de r\u00e9pondre \u00e0 vos exigences optiques et de contr\u00f4le (formes de miroirs, nervures, mat\u00e9riaux).<\/span><span data-ccp-props=\"{}\">\u00a0<\/span><\/li><li><span data-contrast=\"auto\">Evaluation des performances en laboratoire par des tests avec des charges fictives ou des miroirs r\u00e9els pour la validation des performances de contr\u00f4le, la qualification des vibrations et des chocs.<\/span><span data-ccp-props=\"{}\">\u00a0<\/span><\/li><\/ul>\t\t\t\t\t\t\t\t<\/div>\n\t\t\t\t<\/div>\n\t\t\t\t<div class=\"elementor-element elementor-element-6604d72 elementor-widget__width-inherit elementor-widget-tablet__width-initial elementor-widget elementor-widget-image\" data-id=\"6604d72\" data-element_type=\"widget\" data-e-type=\"widget\" data-widget_type=\"image.default\">\n\t\t\t\t<div class=\"elementor-widget-container\">\n\t\t\t\t\t\t\t\t\t\t\t\t<figure class=\"wp-caption\">\n\t\t\t\t\t\t\t\t\t\t<img fetchpriority=\"high\" decoding=\"async\" width=\"1564\" height=\"1272\" src=\"https:\/\/cedrat-technologies.com\/wp-content\/uploads\/ctec\/engineering\/optical\/mirror_sizes.webp\" class=\"attachment-large size-large wp-image-27570\" alt=\"Photo showing two mechanisms equiped with mirrors of different sizes\" srcset=\"https:\/\/cedrat-technologies.com\/wp-content\/uploads\/ctec\/engineering\/optical\/mirror_sizes.webp 1564w, https:\/\/cedrat-technologies.com\/wp-content\/uploads\/ctec\/engineering\/optical\/mirror_sizes-768x625.webp 768w, https:\/\/cedrat-technologies.com\/wp-content\/uploads\/ctec\/engineering\/optical\/mirror_sizes-1536x1249.webp 1536w, https:\/\/cedrat-technologies.com\/wp-content\/uploads\/ctec\/engineering\/optical\/mirror_sizes-600x488.webp 600w\" sizes=\"(max-width: 1564px) 100vw, 1564px\" \/>\t\t\t\t\t\t\t\t\t\t\t<figcaption class=\"widget-image-caption wp-caption-text\">Diff\u00e9rentes int\u00e9grations de miroirs sur nos FSM<\/figcaption>\n\t\t\t\t\t\t\t\t\t\t<\/figure>\n\t\t\t\t\t\t\t\t\t<\/div>\n\t\t\t\t<\/div>\n\t\t\t\t\t<\/div>\n\t\t\t\t<\/div>\n\t\t<div class=\"elementor-element elementor-element-4c5118a e-flex e-con-boxed e-con e-parent\" data-id=\"4c5118a\" data-element_type=\"container\" data-e-type=\"container\" data-settings=\"{&quot;background_background&quot;:&quot;classic&quot;}\">\n\t\t\t\t\t<div class=\"e-con-inner\">\n\t\t\t\t<div class=\"elementor-element elementor-element-a343cae elementor-widget__width-inherit elementor-widget elementor-widget-text-editor\" data-id=\"a343cae\" data-element_type=\"widget\" data-e-type=\"widget\" data-widget_type=\"text-editor.default\">\n\t\t\t\t<div class=\"elementor-widget-container\">\n\t\t\t\t\t\t\t\t\t<h2><span class=\"TextRun SCXW181870392 BCX8\" lang=\"FR-FR\" xml:lang=\"FR-FR\" data-contrast=\"auto\"><span class=\"NormalTextRun SCXW181870392 BCX8\">Qualit\u00e9 du miroir<\/span><\/span><span class=\"EOP SCXW181870392 BCX8\" data-ccp-props=\"{}\">\u00a0<\/span><\/h2><p><span class=\"TextRun SCXW116390513 BCX8\" lang=\"FR-FR\" xml:lang=\"FR-FR\" data-contrast=\"auto\"><span class=\"NormalTextRun SCXW116390513 BCX8\">Des miroirs de haute qualit\u00e9 sont n\u00e9cessaires pour la manipulation pr\u00e9cise des lasers et de la lumi\u00e8re, comme les instruments d&rsquo;imagerie, les communications optiques et les instruments scientifiques. Les propri\u00e9t\u00e9s optiques telles que la plan\u00e9it\u00e9 des miroirs peuvent \u00eatre affect\u00e9es de mani\u00e8re significative lors de l&rsquo;int\u00e9gration dans le m\u00e9canisme. CTEC a la capacit\u00e9 d&rsquo;inclure cette probl\u00e9matique dans votre projet par le biais de :<\/span><\/span><span class=\"EOP SCXW116390513 BCX8\" data-ccp-props=\"{}\">\u00a0<\/span><\/p><ul><li>FEM simulation to evaluate the effects of mechanical bias of integration and the effects of the actuators loads on the mirror flatness.<\/li><li>Custom mirror and support design if needed to reduce the mirror deformation (flexible mirror support, integration techniques: screw, glue).<\/li><li>Mirror wave front error evaluation at reception from the supplier and after integration to guarantee the optical properties (Zygo interferometer for Reflected Wave front Error RWE measurements).<\/li><\/ul>\t\t\t\t\t\t\t\t<\/div>\n\t\t\t\t<\/div>\n\t\t\t\t<div class=\"elementor-element elementor-element-c9b331f elementor-widget__width-initial elementor-widget-mobile__width-inherit elementor-widget elementor-widget-image\" data-id=\"c9b331f\" data-element_type=\"widget\" data-e-type=\"widget\" data-widget_type=\"image.default\">\n\t\t\t\t<div class=\"elementor-widget-container\">\n\t\t\t\t\t\t\t\t\t\t\t\t<figure class=\"wp-caption\">\n\t\t\t\t\t\t\t\t\t\t\t<a href=\"https:\/\/cedrat-technologies.com\/wp-content\/uploads\/ctec\/engineering\/optical\/mirror_integration.webp\" data-elementor-open-lightbox=\"yes\" data-e-action-hash=\"#elementor-action%3Aaction%3Dlightbox%26settings%3DeyJpZCI6Mjc1NzgsInVybCI6Imh0dHBzOlwvXC9jZWRyYXQtdGVjaG5vbG9naWVzLmNvbVwvd3AtY29udGVudFwvdXBsb2Fkc1wvY3RlY1wvZW5naW5lZXJpbmdcL29wdGljYWxcL21pcnJvcl9pbnRlZ3JhdGlvbi53ZWJwIn0%3D\">\n\t\t\t\t\t\t\t<img decoding=\"async\" width=\"766\" height=\"447\" src=\"https:\/\/cedrat-technologies.com\/wp-content\/uploads\/ctec\/engineering\/optical\/mirror_integration.webp\" class=\"attachment-large size-large wp-image-27578\" alt=\"Photography showing\" srcset=\"https:\/\/cedrat-technologies.com\/wp-content\/uploads\/ctec\/engineering\/optical\/mirror_integration.webp 766w, https:\/\/cedrat-technologies.com\/wp-content\/uploads\/ctec\/engineering\/optical\/mirror_integration-600x350.webp 600w\" sizes=\"(max-width: 766px) 100vw, 766px\" \/>\t\t\t\t\t\t\t\t<\/a>\n\t\t\t\t\t\t\t\t\t\t\t<figcaption class=\"widget-image-caption wp-caption-text\">Int\u00e9gration d'un miroir sur un m\u00e9canisme tip-tilt<\/figcaption>\n\t\t\t\t\t\t\t\t\t\t<\/figure>\n\t\t\t\t\t\t\t\t\t<\/div>\n\t\t\t\t<\/div>\n\t\t\t\t<div class=\"elementor-element elementor-element-b1f381d elementor-widget__width-initial elementor-widget-mobile__width-inherit elementor-widget elementor-widget-image\" data-id=\"b1f381d\" data-element_type=\"widget\" data-e-type=\"widget\" data-widget_type=\"image.default\">\n\t\t\t\t<div class=\"elementor-widget-container\">\n\t\t\t\t\t\t\t\t\t\t\t\t<figure class=\"wp-caption\">\n\t\t\t\t\t\t\t\t\t\t\t<a href=\"https:\/\/cedrat-technologies.com\/wp-content\/uploads\/ctec\/engineering\/optical\/silver_coating_mirror.webp\" data-elementor-open-lightbox=\"yes\" data-e-action-hash=\"#elementor-action%3Aaction%3Dlightbox%26settings%3DeyJpZCI6Mjc1ODIsInVybCI6Imh0dHBzOlwvXC9jZWRyYXQtdGVjaG5vbG9naWVzLmNvbVwvd3AtY29udGVudFwvdXBsb2Fkc1wvY3RlY1wvZW5naW5lZXJpbmdcL29wdGljYWxcL3NpbHZlcl9jb2F0aW5nX21pcnJvci53ZWJwIn0%3D\">\n\t\t\t\t\t\t\t<img decoding=\"async\" width=\"1535\" height=\"1123\" src=\"https:\/\/cedrat-technologies.com\/wp-content\/uploads\/ctec\/engineering\/optical\/silver_coating_mirror.webp\" class=\"attachment-large size-large wp-image-27582\" alt=\"A hand holding a silver coated mirror\" srcset=\"https:\/\/cedrat-technologies.com\/wp-content\/uploads\/ctec\/engineering\/optical\/silver_coating_mirror.webp 1535w, https:\/\/cedrat-technologies.com\/wp-content\/uploads\/ctec\/engineering\/optical\/silver_coating_mirror-768x562.webp 768w, https:\/\/cedrat-technologies.com\/wp-content\/uploads\/ctec\/engineering\/optical\/silver_coating_mirror-600x439.webp 600w\" sizes=\"(max-width: 1535px) 100vw, 1535px\" \/>\t\t\t\t\t\t\t\t<\/a>\n\t\t\t\t\t\t\t\t\t\t\t<figcaption class=\"widget-image-caption wp-caption-text\">Miroir de P-FSM150S avec rev\u00eatement argent<\/figcaption>\n\t\t\t\t\t\t\t\t\t\t<\/figure>\n\t\t\t\t\t\t\t\t\t<\/div>\n\t\t\t\t<\/div>\n\t\t\t\t<div class=\"elementor-element elementor-element-438808c elementor-widget__width-initial elementor-widget-mobile__width-inherit elementor-widget elementor-widget-image\" data-id=\"438808c\" data-element_type=\"widget\" data-e-type=\"widget\" data-widget_type=\"image.default\">\n\t\t\t\t<div class=\"elementor-widget-container\">\n\t\t\t\t\t\t\t\t\t\t\t\t<figure class=\"wp-caption\">\n\t\t\t\t\t\t\t\t\t\t\t<a href=\"https:\/\/cedrat-technologies.com\/wp-content\/uploads\/ctec\/engineering\/optical\/rwe_test.webp\" data-elementor-open-lightbox=\"yes\" data-e-action-hash=\"#elementor-action%3Aaction%3Dlightbox%26settings%3DeyJpZCI6Mjc1ODAsInVybCI6Imh0dHBzOlwvXC9jZWRyYXQtdGVjaG5vbG9naWVzLmNvbVwvd3AtY29udGVudFwvdXBsb2Fkc1wvY3RlY1wvZW5naW5lZXJpbmdcL29wdGljYWxcL3J3ZV90ZXN0LndlYnAifQ%3D%3D\">\n\t\t\t\t\t\t\t<img loading=\"lazy\" decoding=\"async\" width=\"1530\" height=\"1248\" src=\"https:\/\/cedrat-technologies.com\/wp-content\/uploads\/ctec\/engineering\/optical\/rwe_test.webp\" class=\"attachment-large size-large wp-image-27580\" alt=\"Photography showing\" srcset=\"https:\/\/cedrat-technologies.com\/wp-content\/uploads\/ctec\/engineering\/optical\/rwe_test.webp 1530w, https:\/\/cedrat-technologies.com\/wp-content\/uploads\/ctec\/engineering\/optical\/rwe_test-768x626.webp 768w, https:\/\/cedrat-technologies.com\/wp-content\/uploads\/ctec\/engineering\/optical\/rwe_test-600x489.webp 600w\" sizes=\"(max-width: 1530px) 100vw, 1530px\" \/>\t\t\t\t\t\t\t\t<\/a>\n\t\t\t\t\t\t\t\t\t\t\t<figcaption class=\"widget-image-caption wp-caption-text\">Tests RWE avant et apr\u00e8s int\u00e9gration<\/figcaption>\n\t\t\t\t\t\t\t\t\t\t<\/figure>\n\t\t\t\t\t\t\t\t\t<\/div>\n\t\t\t\t<\/div>\n\t\t\t\t\t<\/div>\n\t\t\t\t<\/div>\n\t\t<div class=\"elementor-element elementor-element-4649b34 e-flex e-con-boxed e-con e-parent\" data-id=\"4649b34\" data-element_type=\"container\" data-e-type=\"container\">\n\t\t\t\t\t<div class=\"e-con-inner\">\n\t\t\t\t<div class=\"elementor-element elementor-element-d458ef4 elementor-widget__width-inherit elementor-widget elementor-widget-text-editor\" data-id=\"d458ef4\" data-element_type=\"widget\" data-e-type=\"widget\" data-widget_type=\"text-editor.default\">\n\t\t\t\t<div class=\"elementor-widget-container\">\n\t\t\t\t\t\t\t\t\t<h2><span class=\"TextRun SCXW165513842 BCX8\" lang=\"FR-FR\" xml:lang=\"FR-FR\" data-contrast=\"auto\"><span class=\"NormalTextRun SCXW165513842 BCX8\">Echauffement du miroir<\/span><\/span><span class=\"EOP SCXW165513842 BCX8\" data-ccp-props=\"{}\">\u00a0<\/span><\/h2><p><span data-contrast=\"auto\">Les applications optroniques n\u00e9cessitent de plus en plus de puissance laser pour am\u00e9liorer leurs performances. Il en r\u00e9sulte un besoin accru de rev\u00eatement \u00e0 haute r\u00e9flectivit\u00e9 et une \u00e9valuation de l&rsquo;auto-\u00e9chauffement pour \u00e9viter la surchauffe des composants. CTEC a la capacit\u00e9 d&rsquo;inclure cette probl\u00e9matique dans votre projet par le biais de :<\/span><span data-ccp-props=\"{}\">\u00a0<\/span><\/p><ul><li><span data-contrast=\"auto\">Simulation FEM pour \u00e9valuer l&rsquo;auto-\u00e9chauffement du miroir d\u00fb \u00e0 l&rsquo;absorption de la puissance du laser. Cela entra\u00eene une \u00e9l\u00e9vation de la temp\u00e9rature et une d\u00e9formation du miroir avec la dilatation thermique.<\/span><span data-ccp-props=\"{}\">\u00a0<\/span><\/li><li><span data-contrast=\"auto\">Conception d&rsquo;un miroir et d&rsquo;un support sur mesure avec des mat\u00e9riaux adapt\u00e9s pour r\u00e9duire les \u00e9carts de dilatation thermique. Une technique de drainage thermique peut \u00e9galement \u00eatre propos\u00e9e pour g\u00e9rer l&rsquo;auto-\u00e9chauffement.<\/span><span data-ccp-props=\"{}\">\u00a0<\/span><\/li><li><span data-contrast=\"auto\">Test thermique avec les installations du laboratoire CTEC et contr\u00f4le de la temp\u00e9rature pour valider la conception.<\/span><span data-ccp-props=\"{}\">\u00a0<\/span><\/li><\/ul>\t\t\t\t\t\t\t\t<\/div>\n\t\t\t\t<\/div>\n\t\t\t\t<div class=\"elementor-element elementor-element-b0e9e32 elementor-widget__width-inherit elementor-widget-tablet__width-initial elementor-widget-mobile__width-inherit elementor-widget elementor-widget-image\" data-id=\"b0e9e32\" data-element_type=\"widget\" data-e-type=\"widget\" data-widget_type=\"image.default\">\n\t\t\t\t<div class=\"elementor-widget-container\">\n\t\t\t\t\t\t\t\t\t\t\t\t<figure class=\"wp-caption\">\n\t\t\t\t\t\t\t\t\t\t\t<a href=\"https:\/\/cedrat-technologies.com\/wp-content\/uploads\/ctec\/engineering\/optical\/mirror_temperature.webp\" data-elementor-open-lightbox=\"yes\" data-e-action-hash=\"#elementor-action%3Aaction%3Dlightbox%26settings%3DeyJpZCI6Mjc1ODQsInVybCI6Imh0dHBzOlwvXC9jZWRyYXQtdGVjaG5vbG9naWVzLmNvbVwvd3AtY29udGVudFwvdXBsb2Fkc1wvY3RlY1wvZW5naW5lZXJpbmdcL29wdGljYWxcL21pcnJvcl90ZW1wZXJhdHVyZS53ZWJwIn0%3D\">\n\t\t\t\t\t\t\t<img loading=\"lazy\" decoding=\"async\" width=\"480\" height=\"399\" src=\"https:\/\/cedrat-technologies.com\/wp-content\/uploads\/ctec\/engineering\/optical\/mirror_temperature.webp\" class=\"attachment-large size-large wp-image-27584\" alt=\"Figure showing\" \/>\t\t\t\t\t\t\t\t<\/a>\n\t\t\t\t\t\t\t\t\t\t\t<figcaption class=\"widget-image-caption wp-caption-text\">Gradient de temp\u00e9rature d'un miroir d\u00fb \u00e0 la puissance du laser <\/figcaption>\n\t\t\t\t\t\t\t\t\t\t<\/figure>\n\t\t\t\t\t\t\t\t\t<\/div>\n\t\t\t\t<\/div>\n\t\t\t\t<div class=\"elementor-element elementor-element-7a6a2e4 elementor-widget__width-inherit elementor-widget-tablet__width-initial elementor-widget-mobile__width-inherit elementor-widget elementor-widget-image\" data-id=\"7a6a2e4\" data-element_type=\"widget\" data-e-type=\"widget\" data-widget_type=\"image.default\">\n\t\t\t\t<div class=\"elementor-widget-container\">\n\t\t\t\t\t\t\t\t\t\t\t\t<figure class=\"wp-caption\">\n\t\t\t\t\t\t\t\t\t\t\t<a href=\"https:\/\/cedrat-technologies.com\/wp-content\/uploads\/ctec\/engineering\/optical\/mapping_mirror_flatness.webp\" data-elementor-open-lightbox=\"yes\" data-e-action-hash=\"#elementor-action%3Aaction%3Dlightbox%26settings%3DeyJpZCI6Mjc1ODYsInVybCI6Imh0dHBzOlwvXC9jZWRyYXQtdGVjaG5vbG9naWVzLmNvbVwvd3AtY29udGVudFwvdXBsb2Fkc1wvY3RlY1wvZW5naW5lZXJpbmdcL29wdGljYWxcL21hcHBpbmdfbWlycm9yX2ZsYXRuZXNzLndlYnAifQ%3D%3D\">\n\t\t\t\t\t\t\t<img loading=\"lazy\" decoding=\"async\" width=\"774\" height=\"520\" src=\"https:\/\/cedrat-technologies.com\/wp-content\/uploads\/ctec\/engineering\/optical\/mapping_mirror_flatness.webp\" class=\"attachment-large size-large wp-image-27586\" alt=\"\" srcset=\"https:\/\/cedrat-technologies.com\/wp-content\/uploads\/ctec\/engineering\/optical\/mapping_mirror_flatness.webp 774w, https:\/\/cedrat-technologies.com\/wp-content\/uploads\/ctec\/engineering\/optical\/mapping_mirror_flatness-768x516.webp 768w, https:\/\/cedrat-technologies.com\/wp-content\/uploads\/ctec\/engineering\/optical\/mapping_mirror_flatness-600x403.webp 600w\" sizes=\"(max-width: 774px) 100vw, 774px\" \/>\t\t\t\t\t\t\t\t<\/a>\n\t\t\t\t\t\t\t\t\t\t\t<figcaption class=\"widget-image-caption wp-caption-text\">Cartographie de la plan\u00e9it\u00e9 obtenue du miroir<\/figcaption>\n\t\t\t\t\t\t\t\t\t\t<\/figure>\n\t\t\t\t\t\t\t\t\t<\/div>\n\t\t\t\t<\/div>\n\t\t\t\t\t<\/div>\n\t\t\t\t<\/div>\n\t\t<div class=\"elementor-element elementor-element-53c511c e-flex e-con-boxed e-con e-parent\" data-id=\"53c511c\" data-element_type=\"container\" data-e-type=\"container\" data-settings=\"{&quot;background_background&quot;:&quot;classic&quot;}\">\n\t\t\t\t\t<div class=\"e-con-inner\">\n\t\t\t\t<div class=\"elementor-element elementor-element-98f4033 elementor-widget__width-initial elementor-widget-tablet__width-initial elementor-widget elementor-widget-image\" data-id=\"98f4033\" data-element_type=\"widget\" data-e-type=\"widget\" data-widget_type=\"image.default\">\n\t\t\t\t<div class=\"elementor-widget-container\">\n\t\t\t\t\t\t\t\t\t\t\t\t\t\t\t<img loading=\"lazy\" decoding=\"async\" width=\"1388\" height=\"896\" src=\"https:\/\/cedrat-technologies.com\/wp-content\/uploads\/ctec\/engineering\/optical\/custom_mirrors_2.webp\" class=\"attachment-large size-large wp-image-27594\" alt=\"\" srcset=\"https:\/\/cedrat-technologies.com\/wp-content\/uploads\/ctec\/engineering\/optical\/custom_mirrors_2.webp 1388w, https:\/\/cedrat-technologies.com\/wp-content\/uploads\/ctec\/engineering\/optical\/custom_mirrors_2-768x496.webp 768w, https:\/\/cedrat-technologies.com\/wp-content\/uploads\/ctec\/engineering\/optical\/custom_mirrors_2-600x387.webp 600w\" sizes=\"(max-width: 1388px) 100vw, 1388px\" \/>\t\t\t\t\t\t\t\t\t\t\t\t\t\t\t<\/div>\n\t\t\t\t<\/div>\n\t\t\t\t<div class=\"elementor-element elementor-element-7bb124a elementor-widget__width-initial elementor-widget elementor-widget-text-editor\" data-id=\"7bb124a\" data-element_type=\"widget\" data-e-type=\"widget\" data-widget_type=\"text-editor.default\">\n\t\t\t\t<div class=\"elementor-widget-container\">\n\t\t\t\t\t\t\t\t\t<h2><span class=\"TextRun SCXW50792835 BCX8\" lang=\"FR-FR\" xml:lang=\"FR-FR\" data-contrast=\"auto\"><span class=\"NormalTextRun SCXW50792835 BCX8\">Substrat et rev\u00eatement<\/span><\/span><span class=\"EOP SCXW50792835 BCX8\" data-ccp-props=\"{}\">\u00a0<\/span><\/h2><p><span class=\"TextRun SCXW29987311 BCX8\" lang=\"FR-FR\" xml:lang=\"FR-FR\" data-contrast=\"auto\"><span class=\"NormalTextRun SCXW29987311 BCX8\">Nous travaillons depuis longtemps avec nos fournisseurs de miroirs et nos fabricants de rev\u00eatements, avec lesquels nous d\u00e9veloppons des composants optiques en <\/span><span class=\"NormalTextRun SpellingErrorV2Themed SCXW29987311 BCX8\">co-conception<\/span><span class=\"NormalTextRun SCXW29987311 BCX8\"> pour r\u00e9pondre au mieux aux besoins du client. Nous avons l&rsquo;habitude de travailler avec des substrats tels que le carbure de silicium, la silice fondue et autres. Des cha\u00eenes d&rsquo;approvisionnement ont \u00e9t\u00e9 \u00e9tablies avec nos fournisseurs. Pour les sp\u00e9cifications exigeantes des composants optiques, nous pouvons r\u00e9aliser <\/span><span class=\"NormalTextRun SCXW29987311 BCX8\">des <\/span><span class=\"NormalTextRun SCXW29987311 BCX8\">prototypes<\/span><span class=\"NormalTextRun SCXW29987311 BCX8\"> pour mesurer et valider les performances optiques avant de s&rsquo;engager avec un mod\u00e8le qualifi\u00e9.<\/span><\/span><span class=\"EOP SCXW29987311 BCX8\" data-ccp-props=\"{}\">\u00a0<\/span><\/p>\t\t\t\t\t\t\t\t<\/div>\n\t\t\t\t<\/div>\n\t\t\t\t\t<\/div>\n\t\t\t\t<\/div>\n\t\t<div class=\"elementor-element elementor-element-d9c4e72 e-flex e-con-boxed e-con e-parent\" data-id=\"d9c4e72\" data-element_type=\"container\" data-e-type=\"container\">\n\t\t\t\t\t<div class=\"e-con-inner\">\n\t\t\t\t<div class=\"elementor-element elementor-element-97a6354 elementor-widget elementor-widget-text-editor\" data-id=\"97a6354\" data-element_type=\"widget\" data-e-type=\"widget\" data-widget_type=\"text-editor.default\">\n\t\t\t\t<div class=\"elementor-widget-container\">\n\t\t\t\t\t\t\t\t\t<p><strong><span class=\"TextRun SCXW252749531 BCX8\" lang=\"FR-FR\" xml:lang=\"FR-FR\" data-contrast=\"auto\"><span class=\"NormalTextRun SCXW252749531 BCX8\">CTEC a la capacit\u00e9 d&rsquo;int\u00e9grer vos composants optiques tout en tenant compte de l&rsquo;impact du m\u00e9canisme sur les propri\u00e9t\u00e9s optiques, par le biais de simulations \u00e9lectrom\u00e9caniques et thermiques. Nous travaillons en \u00e9troite collaboration avec nos partenaires <\/span><span class=\"NormalTextRun SCXW252749531 BCX8\">optiques <\/span><span class=\"NormalTextRun SCXW252749531 BCX8\">afin de concevoir les meilleures solutions <\/span><span class=\"NormalTextRun SpellingErrorV2Themed SCXW252749531 BCX8\">opto<\/span><span class=\"NormalTextRun SCXW252749531 BCX8\">-m\u00e9caniques.<\/span><\/span><span class=\"EOP SCXW252749531 BCX8\" data-ccp-props=\"{&quot;335551550&quot;:2,&quot;335551620&quot;:2}\">\u00a0<\/span><\/strong><\/p>\t\t\t\t\t\t\t\t<\/div>\n\t\t\t\t<\/div>\n\t\t\t\t\t<\/div>\n\t\t\t\t<\/div>\n\t\t\t\t<\/div>\n\t\t","protected":false},"excerpt":{"rendered":"<p>L&rsquo;int\u00e9gration de composants optiques dans les m\u00e9canismes est devenue essentielle dans de nombreux secteurs, notamment pour l&rsquo;instrumentation scientifique, l&rsquo;a\u00e9rospatiale et la d\u00e9fense : c&rsquo;est ce que l&rsquo;on appelle l&rsquo;optronique. Ce besoin r\u00e9sulte de la demande de syst\u00e8mes optiques compacts, pr\u00e9cis et polyvalents. Il est destin\u00e9 \u00e0 r\u00e9pondre aux fonctions de pointage et de stabilisation. Afin &#8230; <a title=\"Ing\u00e9nierie opto-m\u00e9canique\" class=\"read-more\" href=\"https:\/\/cedrat-technologies.com\/fr\/ingenierie-systeme\/ingenierie-opto-mecanique\/\" aria-label=\"En savoir plus sur Ing\u00e9nierie opto-m\u00e9canique\">Lire la suite<\/a><\/p>\n","protected":false},"author":1,"featured_media":0,"parent":25323,"menu_order":0,"comment_status":"closed","ping_status":"closed","template":"","meta":{"_acf_changed":false,"_seopress_robots_primary_cat":"","_seopress_titles_title":"","_seopress_titles_desc":"","_seopress_robots_index":"","footnotes":""},"class_list":["post-27883","page","type-page","status-publish"],"acf":[],"_links":{"self":[{"href":"https:\/\/cedrat-technologies.com\/fr\/wp-json\/wp\/v2\/pages\/27883","targetHints":{"allow":["GET"]}}],"collection":[{"href":"https:\/\/cedrat-technologies.com\/fr\/wp-json\/wp\/v2\/pages"}],"about":[{"href":"https:\/\/cedrat-technologies.com\/fr\/wp-json\/wp\/v2\/types\/page"}],"author":[{"embeddable":true,"href":"https:\/\/cedrat-technologies.com\/fr\/wp-json\/wp\/v2\/users\/1"}],"replies":[{"embeddable":true,"href":"https:\/\/cedrat-technologies.com\/fr\/wp-json\/wp\/v2\/comments?post=27883"}],"version-history":[{"count":0,"href":"https:\/\/cedrat-technologies.com\/fr\/wp-json\/wp\/v2\/pages\/27883\/revisions"}],"up":[{"embeddable":true,"href":"https:\/\/cedrat-technologies.com\/fr\/wp-json\/wp\/v2\/pages\/25323"}],"wp:attachment":[{"href":"https:\/\/cedrat-technologies.com\/fr\/wp-json\/wp\/v2\/media?parent=27883"}],"curies":[{"name":"wp","href":"https:\/\/api.w.org\/{rel}","templated":true}]}}