{"id":27149,"date":"2024-11-21T13:58:02","date_gmt":"2024-11-21T12:58:02","guid":{"rendered":"https:\/\/cedrat-technologies.com\/?page_id=27149"},"modified":"2025-04-08T12:08:12","modified_gmt":"2025-04-08T10:08:12","slug":"equipe-developpement-electronique","status":"publish","type":"page","link":"https:\/\/cedrat-technologies.com\/fr\/equipe-developpement-electronique\/","title":{"rendered":"Equipe d\u00e9veloppement \u00e9lectronique"},"content":{"rendered":"\t\t<div data-elementor-type=\"wp-page\" data-elementor-id=\"27149\" class=\"elementor elementor-27149\" data-elementor-post-type=\"page\">\n\t\t\t\t<div class=\"elementor-element elementor-element-451ed71 e-flex e-con-boxed e-con e-parent\" data-id=\"451ed71\" data-element_type=\"container\" data-e-type=\"container\">\n\t\t\t\t\t<div class=\"e-con-inner\">\n\t\t\t\t<div class=\"elementor-element elementor-element-909ab83 elementor-widget elementor-widget-heading\" data-id=\"909ab83\" data-element_type=\"widget\" data-e-type=\"widget\" data-widget_type=\"heading.default\">\n\t\t\t\t<div class=\"elementor-widget-container\">\n\t\t\t\t\t<h1 class=\"elementor-heading-title elementor-size-default\">Equipe d\u00e9veloppement \u00e9lectronique<\/h1>\t\t\t\t<\/div>\n\t\t\t\t<\/div>\n\t\t\t\t<div class=\"elementor-element elementor-element-4f75476 elementor-widget elementor-widget-text-editor\" data-id=\"4f75476\" data-element_type=\"widget\" data-e-type=\"widget\" data-widget_type=\"text-editor.default\">\n\t\t\t\t<div class=\"elementor-widget-container\">\n\t\t\t\t\t\t\t\t\t<p>L&rsquo;\u00e9quipe couvre le cycle de d\u00e9veloppement de l&rsquo;\u00e9tude de faisabilit\u00e9 d&rsquo;un prototype jusqu&rsquo;aux tests de validation avant sa mise en production potentielle. Les grandes activit\u00e9s du bureau d&rsquo;\u00e9tudes sont les \u00e9tudes de faisabilit\u00e9, la conception, l&rsquo;approvisionnement de compostants destin\u00e9s aux prototypes et le testing. Le bureau d&rsquo;\u00e9tudes comprend diverses comp\u00e9tences et expertises sur des th\u00e8mes pr\u00e9cis comme l\u2019\u00e9lectronique analogique\/num\u00e9rique, la communication, l&rsquo;\u00e9lectronique de puissance, le contr\u00f4le commande, la conception et routage de PCB ou la gestion du firmware par exemple.<\/p>\t\t\t\t\t\t\t\t<\/div>\n\t\t\t\t<\/div>\n\t\t\t\t<div class=\"elementor-element elementor-element-59ff2e5 elementor-widget__width-initial elementor-widget-mobile__width-inherit elementor-widget elementor-widget-text-editor\" data-id=\"59ff2e5\" data-element_type=\"widget\" data-e-type=\"widget\" data-widget_type=\"text-editor.default\">\n\t\t\t\t<div class=\"elementor-widget-container\">\n\t\t\t\t\t\t\t\t\t<p>Les ing\u00e9nieurs du bureau d\u2019\u00e9tudes sont aussi souvent pr\u00e9sents dans le labo pour les essais des \u00e9lectroniques.<\/p><p>Les divers projets qui sont couverts par l\u2019\u00e9quipe r\u00e9pondent \u00e0 des besoins clients. Ces clients vont des TPE\/PME au laboratoire scientifique et organisme public. Il y a 3 axes de d\u00e9veloppement au sein du bureau d\u2019\u00e9tudes :<\/p><ul><li>Devenir Responsable technique de projet ;<\/li><li>D\u00e9velopper une expertise technique sur une th\u00e9matique ;<\/li><li>Devenir Responsable de groupe\u00a0et encadrer \u00e0 ce titre une petite \u00e9quipe.<\/li><\/ul><p>Par la diversit\u00e9 de nos clients, les projets sont multidisciplinaires. Cet aspect met en avant l\u2019importance du collectif et les interactions entre membre.<\/p><p>Dans le cadre de certains projets, il est possible de se d\u00e9placer sur le site du client ou dans des salons.<\/p>\t\t\t\t\t\t\t\t<\/div>\n\t\t\t\t<\/div>\n\t\t\t\t<div class=\"elementor-element elementor-element-53c77be elementor-widget__width-initial elementor-widget-mobile__width-inherit elementor-widget elementor-widget-image\" data-id=\"53c77be\" data-element_type=\"widget\" data-e-type=\"widget\" data-widget_type=\"image.default\">\n\t\t\t\t<div class=\"elementor-widget-container\">\n\t\t\t\t\t\t\t\t\t\t\t\t\t\t\t<img fetchpriority=\"high\" decoding=\"async\" width=\"1200\" height=\"800\" src=\"https:\/\/cedrat-technologies.com\/wp-content\/uploads\/ctec\/corporate\/electrical-engineer.webp\" class=\"attachment-large size-large wp-image-27864\" alt=\"Une ing\u00e9nieure travaillant sur une paillasse avec divers outils \u00e9l\u00e9ctroniques\" srcset=\"https:\/\/cedrat-technologies.com\/wp-content\/uploads\/ctec\/corporate\/electrical-engineer.webp 1200w, https:\/\/cedrat-technologies.com\/wp-content\/uploads\/ctec\/corporate\/electrical-engineer-768x512.webp 768w, https:\/\/cedrat-technologies.com\/wp-content\/uploads\/ctec\/corporate\/electrical-engineer-600x400.webp 600w\" sizes=\"(max-width: 1200px) 100vw, 1200px\" \/>\t\t\t\t\t\t\t\t\t\t\t\t\t\t\t<\/div>\n\t\t\t\t<\/div>\n\t\t\t\t<div class=\"elementor-element elementor-element-691c179 elementor-widget elementor-widget-heading\" data-id=\"691c179\" data-element_type=\"widget\" data-e-type=\"widget\" data-widget_type=\"heading.default\">\n\t\t\t\t<div class=\"elementor-widget-container\">\n\t\t\t\t\t<h2 class=\"elementor-heading-title elementor-size-default\">Quand nos salari\u00e9s racontent leur histoire<\/h2>\t\t\t\t<\/div>\n\t\t\t\t<\/div>\n\t\t\t\t<div class=\"elementor-element elementor-element-987afab elementor-testimonial--skin-bubble elementor-testimonial--layout-image_inline elementor-testimonial--align-center elementor-arrows-yes elementor-widget elementor-widget-testimonial-carousel\" data-id=\"987afab\" data-element_type=\"widget\" data-e-type=\"widget\" data-settings=\"{&quot;slides_per_view&quot;:&quot;1&quot;,&quot;show_arrows&quot;:&quot;yes&quot;,&quot;speed&quot;:500,&quot;loop&quot;:&quot;yes&quot;,&quot;space_between&quot;:{&quot;unit&quot;:&quot;px&quot;,&quot;size&quot;:10,&quot;sizes&quot;:[]},&quot;space_between_tablet&quot;:{&quot;unit&quot;:&quot;px&quot;,&quot;size&quot;:10,&quot;sizes&quot;:[]},&quot;space_between_mobile&quot;:{&quot;unit&quot;:&quot;px&quot;,&quot;size&quot;:10,&quot;sizes&quot;:[]}}\" data-widget_type=\"testimonial-carousel.default\">\n\t\t\t\t<div class=\"elementor-widget-container\">\n\t\t\t\t\t\t\t\t\t<div class=\"elementor-swiper\">\n\t\t\t\t\t<div class=\"elementor-main-swiper swiper\" role=\"region\" aria-roledescription=\"carousel\" aria-label=\"Diapositives\">\n\t\t\t\t<div class=\"swiper-wrapper\">\n\t\t\t\t\t\t\t\t\t\t\t<div class=\"swiper-slide\" role=\"group\" aria-roledescription=\"slide\">\n\t\t\t\t\t\t\t\t\t<div class=\"elementor-testimonial\">\n\t\t\t\t\t\t\t<div class=\"elementor-testimonial__content\">\n\t\t\t\t\t<div class=\"elementor-testimonial__text\">\n\t\t\t\t\t\tMon m\u00e9tier chez CTEC est passionnant et vari\u00e9, combinant r\u00e9glages th\u00e9oriques et pratiques des contr\u00f4leurs \u00e9lectroniques pour optimiser les m\u00e9canismes, et des essais pour qualifier ou diagnostiquer les syst\u00e8mes. Ce qui me pla\u00eet particuli\u00e8rement, c\u2019est la diversit\u00e9 des t\u00e2ches et des probl\u00e9matiques clients, qui rendent chaque projet unique. Travailler sur des technologies innovantes dans une ambiance conviviale au sein des bureaux d\u2019\u00e9tudes est tr\u00e8s enrichissant.\t\t\t\t\t<\/div>\n\t\t\t\t\t\t\t\t\t<\/div>\n\t\t\t\t\t\t<div class=\"elementor-testimonial__footer\">\n\t\t\t\t\t\t\t\t<cite class=\"elementor-testimonial__cite\"><span class=\"elementor-testimonial__name\">Cl\u00e9ment<\/span><span class=\"elementor-testimonial__title\">Ing\u00e9nieur contr\u00f4le-commande et essais<\/span><\/cite>\t\t\t<\/div>\n\t\t<\/div>\n\t\t\t\t\t\t\t\t<\/div>\n\t\t\t\t\t\t\t\t\t\t\t<div class=\"swiper-slide\" role=\"group\" aria-roledescription=\"slide\">\n\t\t\t\t\t\t\t\t\t<div class=\"elementor-testimonial\">\n\t\t\t\t\t\t\t<div class=\"elementor-testimonial__content\">\n\t\t\t\t\t<div class=\"elementor-testimonial__text\">\n\t\t\t\t\t\tEn tant qu\u2019Assistante Ing\u00e9nieure chez CTEC, j\u2019accompagne les ing\u00e9nieurs en testant les cartes \u00e9lectroniques, en autonomie totale ou partielle, pour all\u00e9ger leur charge de travail. Je m\u2019occupe \u00e9galement du routage des cartes, de la commande des PCB et des composants n\u00e9cessaires \u00e0 leur int\u00e9gration, ce qui implique une interaction r\u00e9guli\u00e8re avec les sous-traitants. Ce qui me pla\u00eet, c\u2019est la vari\u00e9t\u00e9 des routages : chaque projet est unique par sa taille, ses composants et les normes sp\u00e9cifiques (spatial, militaire, etc.). Les \u00e9changes avec les sous-traitants et les tests de fonctionnalit\u00e9 permettent \u00e9galement une am\u00e9lioration continue. Ce que j\u2019appr\u00e9cie particuli\u00e8rement \u00e0 CTEC, c\u2019est la possibilit\u00e9 de toucher \u00e0 des missions vari\u00e9es, la progression constante gr\u00e2ce au soutien des coll\u00e8gues et l\u2019entente conviviale au sein de l\u2019\u00e9quipe.\n\t\t\t\t\t<\/div>\n\t\t\t\t\t\t\t\t\t<\/div>\n\t\t\t\t\t\t<div class=\"elementor-testimonial__footer\">\n\t\t\t\t\t\t\t\t<cite class=\"elementor-testimonial__cite\"><span class=\"elementor-testimonial__name\">Jennifer<\/span><span class=\"elementor-testimonial__title\">Assistante Ing\u00e9nieure<\/span><\/cite>\t\t\t<\/div>\n\t\t<\/div>\n\t\t\t\t\t\t\t\t<\/div>\n\t\t\t\t\t\t\t\t\t<\/div>\n\t\t\t\t\t\t\t\t\t\t\t\t\t\t\t<div class=\"elementor-swiper-button elementor-swiper-button-prev\" role=\"button\" tabindex=\"0\" aria-label=\"Pr\u00e9c\u00e9dent\">\n\t\t\t\t\t\t\t<i aria-hidden=\"true\" class=\"eicon-chevron-left\"><\/i>\t\t\t\t\t\t<\/div>\n\t\t\t\t\t\t<div class=\"elementor-swiper-button elementor-swiper-button-next\" role=\"button\" tabindex=\"0\" aria-label=\"Suivant\">\n\t\t\t\t\t\t\t<i aria-hidden=\"true\" class=\"eicon-chevron-right\"><\/i>\t\t\t\t\t\t<\/div>\n\t\t\t\t\t\t\t\t\t\t\t\t\t\t\t\t\t<\/div>\n\t\t\t\t<\/div>\n\t\t\t\t\t\t\t\t<\/div>\n\t\t\t\t<\/div>\n\t\t\t\t\t<\/div>\n\t\t\t\t<\/div>\n\t\t<div class=\"elementor-element elementor-element-f28596d e-flex e-con-boxed e-con e-parent\" data-id=\"f28596d\" data-element_type=\"container\" data-e-type=\"container\" data-settings=\"{&quot;background_background&quot;:&quot;classic&quot;}\">\n\t\t\t\t\t<div class=\"e-con-inner\">\n\t\t\t\t<div class=\"elementor-element elementor-element-06f2abe elementor-widget__width-inherit elementor-widget elementor-widget-heading\" data-id=\"06f2abe\" data-element_type=\"widget\" data-e-type=\"widget\" data-widget_type=\"heading.default\">\n\t\t\t\t<div class=\"elementor-widget-container\">\n\t\t\t\t\t<h2 class=\"elementor-heading-title elementor-size-default\">D\u00e9couvrez CEDRAT TECHNOLOGIES<\/h2>\t\t\t\t<\/div>\n\t\t\t\t<\/div>\n\t\t\t\t<div class=\"elementor-element elementor-element-2094c1d elementor-widget elementor-widget-button\" data-id=\"2094c1d\" data-element_type=\"widget\" data-e-type=\"widget\" data-widget_type=\"button.default\">\n\t\t\t\t<div class=\"elementor-widget-container\">\n\t\t\t\t\t\t\t\t\t<div class=\"elementor-button-wrapper\">\n\t\t\t\t\t<a class=\"elementor-button elementor-button-link elementor-size-md\" href=\"https:\/\/cedrat-technologies.com\/fr\/carrieres\/\">\n\t\t\t\t\t\t<span class=\"elementor-button-content-wrapper\">\n\t\t\t\t\t\t\t\t\t<span class=\"elementor-button-text\">Notre structure<\/span>\n\t\t\t\t\t<\/span>\n\t\t\t\t\t<\/a>\n\t\t\t\t<\/div>\n\t\t\t\t\t\t\t\t<\/div>\n\t\t\t\t<\/div>\n\t\t\t\t<div class=\"elementor-element elementor-element-83fb3c9 elementor-widget elementor-widget-button\" data-id=\"83fb3c9\" data-element_type=\"widget\" data-e-type=\"widget\" data-widget_type=\"button.default\">\n\t\t\t\t<div class=\"elementor-widget-container\">\n\t\t\t\t\t\t\t\t\t<div class=\"elementor-button-wrapper\">\n\t\t\t\t\t<a class=\"elementor-button elementor-button-link elementor-size-md\" href=\"https:\/\/cedrat-technologies.com\/fr\/carrieres\/offres-d-emploi\/\">\n\t\t\t\t\t\t<span class=\"elementor-button-content-wrapper\">\n\t\t\t\t\t\t\t\t\t<span class=\"elementor-button-text\">Offres d'emploi<\/span>\n\t\t\t\t\t<\/span>\n\t\t\t\t\t<\/a>\n\t\t\t\t<\/div>\n\t\t\t\t\t\t\t\t<\/div>\n\t\t\t\t<\/div>\n\t\t\t\t<div class=\"elementor-element elementor-element-a95ab6f elementor-widget elementor-widget-button\" data-id=\"a95ab6f\" data-element_type=\"widget\" data-e-type=\"widget\" data-widget_type=\"button.default\">\n\t\t\t\t<div class=\"elementor-widget-container\">\n\t\t\t\t\t\t\t\t\t<div class=\"elementor-button-wrapper\">\n\t\t\t\t\t<a class=\"elementor-button elementor-button-link elementor-size-md\" href=\"https:\/\/cedrat-technologies.com\/fr\/carrieres\/notre-histoire\/\">\n\t\t\t\t\t\t<span class=\"elementor-button-content-wrapper\">\n\t\t\t\t\t\t\t\t\t<span class=\"elementor-button-text\">Notre histoire<\/span>\n\t\t\t\t\t<\/span>\n\t\t\t\t\t<\/a>\n\t\t\t\t<\/div>\n\t\t\t\t\t\t\t\t<\/div>\n\t\t\t\t<\/div>\n\t\t\t\t\t<\/div>\n\t\t\t\t<\/div>\n\t\t\t\t<\/div>\n\t\t","protected":false},"excerpt":{"rendered":"<p>L&rsquo;\u00e9quipe couvre le cycle de d\u00e9veloppement de l&rsquo;\u00e9tude de faisabilit\u00e9 d&rsquo;un prototype jusqu&rsquo;aux tests de validation avant sa mise en production potentielle. Les grandes activit\u00e9s du bureau d&rsquo;\u00e9tudes sont les \u00e9tudes de faisabilit\u00e9, la conception, l&rsquo;approvisionnement de compostants destin\u00e9s aux prototypes et le testing. Le bureau d&rsquo;\u00e9tudes comprend diverses comp\u00e9tences et expertises sur des th\u00e8mes &#8230; <a title=\"Equipe d\u00e9veloppement \u00e9lectronique\" class=\"read-more\" href=\"https:\/\/cedrat-technologies.com\/fr\/equipe-developpement-electronique\/\" aria-label=\"En savoir plus sur Equipe d\u00e9veloppement \u00e9lectronique\">Lire la suite<\/a><\/p>\n","protected":false},"author":1,"featured_media":0,"parent":0,"menu_order":0,"comment_status":"closed","ping_status":"closed","template":"","meta":{"_acf_changed":false,"_seopress_robots_primary_cat":"","_seopress_titles_title":"","_seopress_titles_desc":"","_seopress_robots_index":"","footnotes":""},"class_list":["post-27149","page","type-page","status-publish"],"acf":[],"_links":{"self":[{"href":"https:\/\/cedrat-technologies.com\/fr\/wp-json\/wp\/v2\/pages\/27149","targetHints":{"allow":["GET"]}}],"collection":[{"href":"https:\/\/cedrat-technologies.com\/fr\/wp-json\/wp\/v2\/pages"}],"about":[{"href":"https:\/\/cedrat-technologies.com\/fr\/wp-json\/wp\/v2\/types\/page"}],"author":[{"embeddable":true,"href":"https:\/\/cedrat-technologies.com\/fr\/wp-json\/wp\/v2\/users\/1"}],"replies":[{"embeddable":true,"href":"https:\/\/cedrat-technologies.com\/fr\/wp-json\/wp\/v2\/comments?post=27149"}],"version-history":[{"count":0,"href":"https:\/\/cedrat-technologies.com\/fr\/wp-json\/wp\/v2\/pages\/27149\/revisions"}],"wp:attachment":[{"href":"https:\/\/cedrat-technologies.com\/fr\/wp-json\/wp\/v2\/media?parent=27149"}],"curies":[{"name":"wp","href":"https:\/\/api.w.org\/{rel}","templated":true}]}}