{"id":25681,"date":"2024-06-10T14:53:50","date_gmt":"2024-06-10T12:53:50","guid":{"rendered":"https:\/\/cedrat-technologies.com\/demo-kits\/demokit-p-fsm150s\/"},"modified":"2024-12-04T11:49:16","modified_gmt":"2024-12-04T10:49:16","slug":"demokit-p-fsm150s","status":"publish","type":"page","link":"https:\/\/cedrat-technologies.com\/fr\/demo-kits\/demokit-p-fsm150s\/","title":{"rendered":"Demo kit P-FSM150S"},"content":{"rendered":"\t\t<div data-elementor-type=\"wp-page\" data-elementor-id=\"25681\" class=\"elementor elementor-25681 elementor-25510\" data-elementor-post-type=\"page\">\n\t\t\t\t<div class=\"elementor-element elementor-element-307508a e-flex e-con-boxed e-con e-parent\" data-id=\"307508a\" data-element_type=\"container\" data-e-type=\"container\">\n\t\t\t\t\t<div class=\"e-con-inner\">\n\t\t\t\t<div class=\"elementor-element elementor-element-5a10986 elementor-widget elementor-widget-heading\" data-id=\"5a10986\" data-element_type=\"widget\" data-e-type=\"widget\" data-widget_type=\"heading.default\">\n\t\t\t\t<div class=\"elementor-widget-container\">\n\t\t\t\t\t<h1 class=\"elementor-heading-title elementor-size-default\">Demokit P-FSM150S<\/h1>\t\t\t\t<\/div>\n\t\t\t\t<\/div>\n\t\t<div class=\"elementor-element elementor-element-30a022f e-flex e-con-boxed e-con e-child\" data-id=\"30a022f\" data-element_type=\"container\" data-e-type=\"container\">\n\t\t\t\t\t<div class=\"e-con-inner\">\n\t\t\t\t<div class=\"elementor-element elementor-element-19e1382 elementor-widget__width-inherit elementor-widget elementor-widget-text-editor\" data-id=\"19e1382\" data-element_type=\"widget\" data-e-type=\"widget\" data-widget_type=\"text-editor.default\">\n\t\t\t\t<div class=\"elementor-widget-container\">\n\t\t\t\t\t\t\t\t\t<p>Ce nouveau demo kit a \u00e9t\u00e9 cr\u00e9\u00e9 pour montrer l&rsquo;impl\u00e9mentation de nos Fast Steering Mirrors Pi\u00e9zo\u00e9lectriques (P-FSM). Ce kit vise \u00e0 d\u00e9montrer les capacit\u00e9s de CTEC \u00e0 d\u00e9velopper des m\u00e9canismes compacts et des \u00e9lectroniques de pilotage associ\u00e9es. Il utilise un <a href=\"https:\/\/cedrat-technologies.com\/fr\/produit\/p-fsm150s\/\">P-FSM150S<\/a>, un laser et des miroirs pour amplifier la d\u00e9flection du laser, la rendant visible sur un \u00e9cran dans un espace restreint.\u00a0<\/p><p>Ce FSM a \u00e9t\u00e9 d\u00e9velopp\u00e9 pour le march\u00e9 du New-Space avec une approche centr\u00e9e sur la standardisation et la r\u00e9duction du co\u00fbt de production. Il peut effectuer des fonctions de <strong>pointage<\/strong> et de <strong>stabilisation<\/strong>, fruits de 25 ans d&rsquo;h\u00e9ritage spatial.<\/p><p>L&rsquo;\u00e9lectronique utilis\u00e9e est la carte de contr\u00f4le compacte <a href=\"https:\/\/cedrat-technologies.com\/fr\/produit\/ccbu20\/\">CCBu20<\/a> qui est un contr\u00f4leur embarqu\u00e9 tout-en-un con\u00e7u pour les actionneurs pi\u00e9zo\u00e9lectriques. Elle inclut tout le n\u00e9cessaire pour contr\u00f4ler un m\u00e9canisme pi\u00e9zo 2 axes en boucle ferm\u00e9e. En tant que fonction standard, elle int\u00e8gre un conditionneur pour jauges de contraintes \u00e0 double canal, permettant la lecture de la position des deux axes du m\u00e9canisme.<\/p><p>Les deux axes du FSM sont actionn\u00e9es \u00e0 des fr\u00e9quences diff\u00e9rentes, cr\u00e9ant un effet visuel de rosace en rotation gr\u00e2ce \u00e0 la persistance r\u00e9tinienne.\u00a0<\/p>\t\t\t\t\t\t\t\t<\/div>\n\t\t\t\t<\/div>\n\t\t<div class=\"elementor-element elementor-element-7b5c936 e-flex e-con-boxed e-con e-child\" data-id=\"7b5c936\" data-element_type=\"container\" data-e-type=\"container\">\n\t\t\t\t\t<div class=\"e-con-inner\">\n\t\t\t\t<div class=\"elementor-element elementor-element-8c9707f elementor-widget__width-inherit elementor-widget elementor-widget-image\" data-id=\"8c9707f\" data-element_type=\"widget\" data-e-type=\"widget\" data-widget_type=\"image.default\">\n\t\t\t\t<div class=\"elementor-widget-container\">\n\t\t\t\t\t\t\t\t\t\t\t\t\t\t\t<img fetchpriority=\"high\" decoding=\"async\" width=\"1080\" height=\"772\" src=\"https:\/\/cedrat-technologies.com\/wp-content\/uploads\/products\/product_pictures\/demokit_pfsm-150s.webp\" class=\"attachment-large size-large wp-image-25515\" alt=\"View of the P-FSM150S demokit\" srcset=\"https:\/\/cedrat-technologies.com\/wp-content\/uploads\/products\/product_pictures\/demokit_pfsm-150s.webp 1080w, https:\/\/cedrat-technologies.com\/wp-content\/uploads\/products\/product_pictures\/demokit_pfsm-150s-768x549.webp 768w, https:\/\/cedrat-technologies.com\/wp-content\/uploads\/products\/product_pictures\/demokit_pfsm-150s-600x429.webp 600w\" sizes=\"(max-width: 1080px) 100vw, 1080px\" \/>\t\t\t\t\t\t\t\t\t\t\t\t\t\t\t<\/div>\n\t\t\t\t<\/div>\n\t\t\t\t<div class=\"elementor-element elementor-element-eb38ca4 elementor-align-center elementor-widget elementor-widget-button\" data-id=\"eb38ca4\" data-element_type=\"widget\" data-e-type=\"widget\" data-widget_type=\"button.default\">\n\t\t\t\t<div class=\"elementor-widget-container\">\n\t\t\t\t\t\t\t\t\t<div class=\"elementor-button-wrapper\">\n\t\t\t\t\t<a class=\"elementor-button elementor-button-link elementor-size-md\" href=\"https:\/\/cedrat-technologies.com\/wp-content\/uploads\/products\/datasheets\/demokit_p-fsm150s.pdf\">\n\t\t\t\t\t\t<span class=\"elementor-button-content-wrapper\">\n\t\t\t\t\t\t<span class=\"elementor-button-icon\">\n\t\t\t\t<i aria-hidden=\"true\" class=\"far fa-file-pdf\"><\/i>\t\t\t<\/span>\n\t\t\t\t\t\t\t\t\t<span class=\"elementor-button-text\">Fiche technique<\/span>\n\t\t\t\t\t<\/span>\n\t\t\t\t\t<\/a>\n\t\t\t\t<\/div>\n\t\t\t\t\t\t\t\t<\/div>\n\t\t\t\t<\/div>\n\t\t\t\t<div class=\"elementor-element elementor-element-e28834c elementor-align-center elementor-widget elementor-widget-button\" data-id=\"e28834c\" data-element_type=\"widget\" data-e-type=\"widget\" data-widget_type=\"button.default\">\n\t\t\t\t<div class=\"elementor-widget-container\">\n\t\t\t\t\t\t\t\t\t<div class=\"elementor-button-wrapper\">\n\t\t\t\t\t<a class=\"elementor-button elementor-button-link elementor-size-md\" href=\"\/contact\">\n\t\t\t\t\t\t<span class=\"elementor-button-content-wrapper\">\n\t\t\t\t\t\t\t\t\t<span class=\"elementor-button-text\">Commandez votre kit<\/span>\n\t\t\t\t\t<\/span>\n\t\t\t\t\t<\/a>\n\t\t\t\t<\/div>\n\t\t\t\t\t\t\t\t<\/div>\n\t\t\t\t<\/div>\n\t\t\t\t\t<\/div>\n\t\t\t\t<\/div>\n\t\t\t\t\t<\/div>\n\t\t\t\t<\/div>\n\t\t<div class=\"elementor-element elementor-element-25b6cf6 e-flex e-con-boxed e-con e-child\" data-id=\"25b6cf6\" data-element_type=\"container\" data-e-type=\"container\">\n\t\t\t\t\t<div class=\"e-con-inner\">\n\t\t\t\t<div class=\"elementor-element elementor-element-2d6a9eb elementor-widget__width-inherit elementor-widget elementor-widget-text-editor\" data-id=\"2d6a9eb\" data-element_type=\"widget\" data-e-type=\"widget\" data-widget_type=\"text-editor.default\">\n\t\t\t\t<div class=\"elementor-widget-container\">\n\t\t\t\t\t\t\t\t\t<h2><span style=\"font-size: inherit;\">Qu&rsquo;est-ce qui est inclus dans ce kit ?<\/span><\/h2><ul><li>Un Fast Steering Mirror Pi\u00e9zo\u00e9lectrique<\/li><li>Une \u00e9lectronique CBBu20<\/li><li>Un laser<\/li><li>2 miroirs fixes<\/li><li>Un miroir orientable<\/li><li>Un \u00e9cran de projection<\/li><li>Une table de support optique<\/li><li>Une alimentation secteur pour l&rsquo;\u00e9lectronique<\/li><li>Une alimentation secteur pour le laser<\/li><li>Une caisse de transport<\/li><\/ul>\t\t\t\t\t\t\t\t<\/div>\n\t\t\t\t<\/div>\n\t\t\t\t<div class=\"elementor-element elementor-element-3ef2206 elementor-widget__width-inherit elementor-widget elementor-widget-image\" data-id=\"3ef2206\" data-element_type=\"widget\" data-e-type=\"widget\" data-widget_type=\"image.default\">\n\t\t\t\t<div class=\"elementor-widget-container\">\n\t\t\t\t\t\t\t\t\t\t\t\t\t\t\t<img decoding=\"async\" width=\"1080\" height=\"746\" src=\"https:\/\/cedrat-technologies.com\/wp-content\/uploads\/products\/product_pictures\/demokit_pfsm-150s_bom.webp\" class=\"attachment-large size-large wp-image-25522\" alt=\"\" srcset=\"https:\/\/cedrat-technologies.com\/wp-content\/uploads\/products\/product_pictures\/demokit_pfsm-150s_bom.webp 1080w, https:\/\/cedrat-technologies.com\/wp-content\/uploads\/products\/product_pictures\/demokit_pfsm-150s_bom-768x530.webp 768w, https:\/\/cedrat-technologies.com\/wp-content\/uploads\/products\/product_pictures\/demokit_pfsm-150s_bom-600x414.webp 600w\" sizes=\"(max-width: 1080px) 100vw, 1080px\" \/>\t\t\t\t\t\t\t\t\t\t\t\t\t\t\t<\/div>\n\t\t\t\t<\/div>\n\t\t\t\t\t<\/div>\n\t\t\t\t<\/div>\n\t\t\t\t<div class=\"elementor-element elementor-element-c0c98b1 elementor-widget__width-initial elementor-widget-mobile__width-initial elementor-widget elementor-widget-video\" data-id=\"c0c98b1\" data-element_type=\"widget\" data-e-type=\"widget\" data-settings=\"{&quot;youtube_url&quot;:&quot;https:\\\/\\\/youtu.be\\\/JIZt3E9Drsw&quot;,&quot;video_type&quot;:&quot;youtube&quot;,&quot;controls&quot;:&quot;yes&quot;}\" data-widget_type=\"video.default\">\n\t\t\t\t<div class=\"elementor-widget-container\">\n\t\t\t\t\t\t\t<div class=\"elementor-wrapper elementor-open-inline\">\n\t\t\t<div class=\"elementor-video\"><\/div>\t\t<\/div>\n\t\t\t\t\t\t<\/div>\n\t\t\t\t<\/div>\n\t\t\t\t\t<\/div>\n\t\t\t\t<\/div>\n\t\t\t\t<\/div>\n\t\t","protected":false},"excerpt":{"rendered":"<p>Demokit P-FSM150S Ce nouveau demo kit a \u00e9t\u00e9 cr\u00e9\u00e9 pour montrer l&rsquo;impl\u00e9mentation de nos Fast Steering Mirrors Pi\u00e9zo\u00e9lectriques (P-FSM). Ce kit vise \u00e0 d\u00e9montrer les capacit\u00e9s de CTEC \u00e0 d\u00e9velopper des m\u00e9canismes compacts et des \u00e9lectroniques de pilotage associ\u00e9es. Il utilise un P-FSM150S, un laser et des miroirs pour amplifier la d\u00e9flection du laser, la &#8230; <a title=\"Demo kit P-FSM150S\" class=\"read-more\" href=\"https:\/\/cedrat-technologies.com\/fr\/demo-kits\/demokit-p-fsm150s\/\" aria-label=\"En savoir plus sur Demo kit P-FSM150S\">Lire la suite<\/a><\/p>\n","protected":false},"author":1,"featured_media":0,"parent":16532,"menu_order":0,"comment_status":"closed","ping_status":"closed","template":"","meta":{"_acf_changed":false,"_seopress_robots_primary_cat":"","_seopress_titles_title":"","_seopress_titles_desc":"","_seopress_robots_index":"","footnotes":""},"class_list":["post-25681","page","type-page","status-publish"],"acf":[],"_links":{"self":[{"href":"https:\/\/cedrat-technologies.com\/fr\/wp-json\/wp\/v2\/pages\/25681","targetHints":{"allow":["GET"]}}],"collection":[{"href":"https:\/\/cedrat-technologies.com\/fr\/wp-json\/wp\/v2\/pages"}],"about":[{"href":"https:\/\/cedrat-technologies.com\/fr\/wp-json\/wp\/v2\/types\/page"}],"author":[{"embeddable":true,"href":"https:\/\/cedrat-technologies.com\/fr\/wp-json\/wp\/v2\/users\/1"}],"replies":[{"embeddable":true,"href":"https:\/\/cedrat-technologies.com\/fr\/wp-json\/wp\/v2\/comments?post=25681"}],"version-history":[{"count":0,"href":"https:\/\/cedrat-technologies.com\/fr\/wp-json\/wp\/v2\/pages\/25681\/revisions"}],"up":[{"embeddable":true,"href":"https:\/\/cedrat-technologies.com\/fr\/wp-json\/wp\/v2\/pages\/16532"}],"wp:attachment":[{"href":"https:\/\/cedrat-technologies.com\/fr\/wp-json\/wp\/v2\/media?parent=25681"}],"curies":[{"name":"wp","href":"https:\/\/api.w.org\/{rel}","templated":true}]}}