{"id":22389,"date":"2023-10-09T10:09:24","date_gmt":"2023-10-09T08:09:24","guid":{"rendered":"https:\/\/cedrat-technologies.com\/?page_id=22389"},"modified":"2026-02-19T15:37:12","modified_gmt":"2026-02-19T14:37:12","slug":"notre-histoire","status":"publish","type":"page","link":"https:\/\/cedrat-technologies.com\/fr\/a-propos\/notre-histoire\/","title":{"rendered":"Notre histoire"},"content":{"rendered":"\t\t<div data-elementor-type=\"wp-page\" data-elementor-id=\"22389\" class=\"elementor elementor-22389\" data-elementor-post-type=\"page\">\n\t\t\t\t<div class=\"elementor-element elementor-element-376c27a e-flex e-con-boxed e-con e-parent\" data-id=\"376c27a\" data-element_type=\"container\" data-e-type=\"container\">\n\t\t\t\t\t<div class=\"e-con-inner\">\n\t\t\t\t<div class=\"elementor-element elementor-element-b483a47 elementor-widget elementor-widget-heading\" data-id=\"b483a47\" data-element_type=\"widget\" data-e-type=\"widget\" data-widget_type=\"heading.default\">\n\t\t\t\t<div class=\"elementor-widget-container\">\n\t\t\t\t\t<h1 class=\"elementor-heading-title elementor-size-default\">Notre histoire<\/h1>\t\t\t\t<\/div>\n\t\t\t\t<\/div>\n\t\t\t\t\t<\/div>\n\t\t\t\t<\/div>\n\t\t<div class=\"elementor-element elementor-element-613a570 espace-paragraphe e-flex e-con-boxed e-con e-parent\" data-id=\"613a570\" data-element_type=\"container\" data-e-type=\"container\">\n\t\t\t\t\t<div class=\"e-con-inner\">\n\t\t<div class=\"elementor-element elementor-element-0040c99 e-con-full e-flex e-con e-child\" data-id=\"0040c99\" data-element_type=\"container\" data-e-type=\"container\">\n\t\t\t\t<div class=\"elementor-element elementor-element-5bd8803 elementor-widget elementor-widget-text-editor\" data-id=\"5bd8803\" data-element_type=\"widget\" data-e-type=\"widget\" data-widget_type=\"text-editor.default\">\n\t\t\t\t<div class=\"elementor-widget-container\">\n\t\t\t\t\t\t\t\t\t<h2>GESTATION<\/h2><p><strong>1977<\/strong> : Cedrat Recherche, filiale de CEDRAT, est cr\u00e9\u00e9e pour commercialiser les logiciels de CAO en \u00e9lectrotechnique (FLUX) issus de Grenoble INP.<\/p><p><strong>1989<\/strong> : Dans Cedrat Recherche, Frank Claeyssen (actuel PDG) cr\u00e9e, \u00e0 son arriv\u00e9e, une activit\u00e9 de R&amp;D sous contrat exploitant la CAO et constituant l&#8217;embryon de CTEC.<\/p><p><strong>1995<\/strong> : Cedrat Recherche est lab\u00e9lis\u00e9e Soci\u00e9t\u00e9 de Recherche sous Contrat (SRC) par BPI et d\u00e9bute des activit\u00e9s spatiales avec le CNES ;<br \/>Ces activit\u00e9s conduisent \u00e0 l&rsquo;invention brevet\u00e9e de l&rsquo;Actionneur Pi\u00e9zo\u00e9lectrique Amplifi\u00e9 APA\u00ae.<\/p><p><strong>1998<\/strong> : Cedrat Recherche livre \u00e0 l&rsquo;ESA son 1ier mod\u00e8le de vol, un m\u00e9canisme pi\u00e9zo XYZ \u00e0 base d&rsquo;APA\u00ae pour la mission ROSETTA.<\/p>\t\t\t\t\t\t\t\t<\/div>\n\t\t\t\t<\/div>\n\t\t\t\t<\/div>\n\t\t<div class=\"elementor-element elementor-element-7b3a523 e-con-full e-flex e-con e-child\" data-id=\"7b3a523\" data-element_type=\"container\" data-e-type=\"container\">\n\t\t\t\t<div class=\"elementor-element elementor-element-e0bb7e6 elementor-widget elementor-widget-image\" data-id=\"e0bb7e6\" data-element_type=\"widget\" data-e-type=\"widget\" data-widget_type=\"image.default\">\n\t\t\t\t<div class=\"elementor-widget-container\">\n\t\t\t\t\t\t\t\t\t\t\t\t\t\t\t<img fetchpriority=\"high\" decoding=\"async\" width=\"1536\" height=\"1152\" src=\"https:\/\/cedrat-technologies.com\/wp-content\/uploads\/2023\/04\/XY_Rosetta_detouree-5-1536x1152.jpg\" class=\"attachment-1536x1536 size-1536x1536 wp-image-15176\" alt=\"XY stage ROSETTA Mission\" srcset=\"https:\/\/cedrat-technologies.com\/wp-content\/uploads\/2023\/04\/XY_Rosetta_detouree-5-1536x1152.jpg 1536w, https:\/\/cedrat-technologies.com\/wp-content\/uploads\/2023\/04\/XY_Rosetta_detouree-5-600x450.jpg 600w, https:\/\/cedrat-technologies.com\/wp-content\/uploads\/2023\/04\/XY_Rosetta_detouree-5-768x576.jpg 768w, https:\/\/cedrat-technologies.com\/wp-content\/uploads\/2023\/04\/XY_Rosetta_detouree-5.jpg 1618w\" sizes=\"(max-width: 1536px) 100vw, 1536px\" \/>\t\t\t\t\t\t\t\t\t\t\t\t\t\t\t<\/div>\n\t\t\t\t<\/div>\n\t\t\t\t<\/div>\n\t\t<div class=\"elementor-element elementor-element-b671659 e-con-full e-flex e-con e-child\" data-id=\"b671659\" data-element_type=\"container\" data-e-type=\"container\">\n\t\t\t\t<div class=\"elementor-element elementor-element-b694938 elementor-widget elementor-widget-image\" data-id=\"b694938\" data-element_type=\"widget\" data-e-type=\"widget\" data-widget_type=\"image.default\">\n\t\t\t\t<div class=\"elementor-widget-container\">\n\t\t\t\t\t\t\t\t\t\t\t\t\t\t\t<img decoding=\"async\" width=\"1504\" height=\"826\" src=\"https:\/\/cedrat-technologies.com\/wp-content\/uploads\/ctec\/corporate\/pharao_batch-e1698046266393.jpg\" class=\"attachment-full size-full wp-image-22713\" alt=\"pharao batch\" srcset=\"https:\/\/cedrat-technologies.com\/wp-content\/uploads\/ctec\/corporate\/pharao_batch-e1698046266393.jpg 1504w, https:\/\/cedrat-technologies.com\/wp-content\/uploads\/ctec\/corporate\/pharao_batch-e1698046266393-768x422.jpg 768w, https:\/\/cedrat-technologies.com\/wp-content\/uploads\/ctec\/corporate\/pharao_batch-e1698046266393-600x330.jpg 600w\" sizes=\"(max-width: 1504px) 100vw, 1504px\" \/>\t\t\t\t\t\t\t\t\t\t\t\t\t\t\t<\/div>\n\t\t\t\t<\/div>\n\t\t\t\t<\/div>\n\t\t<div class=\"elementor-element elementor-element-1689cbb e-con-full e-flex e-con e-child\" data-id=\"1689cbb\" data-element_type=\"container\" data-e-type=\"container\">\n\t\t\t\t<div class=\"elementor-element elementor-element-52e2668 elementor-widget elementor-widget-text-editor\" data-id=\"52e2668\" data-element_type=\"widget\" data-e-type=\"widget\" data-widget_type=\"text-editor.default\">\n\t\t\t\t<div class=\"elementor-widget-container\">\n\t\t\t\t\t\t\t\t\t<h2>NAISSANCE<\/h2><p><strong>2001<\/strong> : Cedrat Recherche change de nom et devient CEDRAT TECHNOLOGIES S.A. (CTEC) ;<br \/>Les activit\u00e9s de vente de logiciels de CAO sont transf\u00e9r\u00e9es \u00e0 CEDRAT, pour ne laisser dans CTEC que les activit\u00e9s technologiques.<br \/>CTEC d\u00e9bute la vente des APA\u00ae en produits standards ;<br \/>CTEC emploie 17 salari\u00e9s et fait un CA d&rsquo;1.5M\u20ac.<\/p><p><strong>2002<\/strong> : CTEC d\u00e9veloppe pour la mission PHARAO du CNES, son 1<sup>ier<\/sup> m\u00e9canisme pi\u00e9zo de pointage optique, le DTT35XS.<\/p><p><strong>2006<\/strong> : CTEC livre sa 1<sup>e<\/sup> s\u00e9rie de m\u00e9canismes pi\u00e9zo XY \u00e0 THALES pour des cam\u00e9ras IR.<\/p>\t\t\t\t\t\t\t\t<\/div>\n\t\t\t\t<\/div>\n\t\t\t\t<\/div>\n\t\t<div class=\"elementor-element elementor-element-d405e3f e-con-full e-flex e-con e-child\" data-id=\"d405e3f\" data-element_type=\"container\" data-e-type=\"container\">\n\t\t\t\t<div class=\"elementor-element elementor-element-6871669 elementor-widget elementor-widget-text-editor\" data-id=\"6871669\" data-element_type=\"widget\" data-e-type=\"widget\" data-widget_type=\"text-editor.default\">\n\t\t\t\t<div class=\"elementor-widget-container\">\n\t\t\t\t\t\t\t\t\t<h2>AUTONOMISATION\u00a0<\/h2><p><strong>2012<\/strong> : Frank Claeyssen rach\u00e8te CTEC via ASF, la holding, et devient le DG de CTEC ;<br \/>CTEC emploie 24 salari\u00e9s et fait un CA de 3M\u20ac dont 30% en vente de produits.<\/p><p><strong>2013<\/strong> : CTEC quitte les locaux de CEDRAT et s&rsquo;installe au 59 Ch. du Vieux Ch\u00eane, Meylan, pour doubler la surface. CTEC d\u00e9pose ses valeurs 3C\u00ae.<\/p><p><strong>2020<\/strong> : CTEC passe le seuil des 50 salari\u00e9s et \u00e9tend ses locaux en y incluant le 55 Ch. du Vieux Ch\u00eane, Meylan<\/p>\t\t\t\t\t\t\t\t<\/div>\n\t\t\t\t<\/div>\n\t\t\t\t<\/div>\n\t\t<div class=\"elementor-element elementor-element-ee7e871 e-con-full e-flex e-con e-child\" data-id=\"ee7e871\" data-element_type=\"container\" data-e-type=\"container\">\n\t\t\t\t<div class=\"elementor-element elementor-element-37b5fa7 elementor-widget elementor-widget-image\" data-id=\"37b5fa7\" data-element_type=\"widget\" data-e-type=\"widget\" data-widget_type=\"image.default\">\n\t\t\t\t<div class=\"elementor-widget-container\">\n\t\t\t\t\t\t\t\t\t\t\t\t\t\t\t<img decoding=\"async\" width=\"1315\" height=\"500\" src=\"https:\/\/cedrat-technologies.com\/wp-content\/uploads\/ctec\/corporate\/panorama_exterieur.jpg\" class=\"attachment-1536x1536 size-1536x1536 wp-image-22398\" alt=\"panorama exterieur\" srcset=\"https:\/\/cedrat-technologies.com\/wp-content\/uploads\/ctec\/corporate\/panorama_exterieur.jpg 1315w, https:\/\/cedrat-technologies.com\/wp-content\/uploads\/ctec\/corporate\/panorama_exterieur-768x292.jpg 768w, https:\/\/cedrat-technologies.com\/wp-content\/uploads\/ctec\/corporate\/panorama_exterieur-600x228.jpg 600w\" sizes=\"(max-width: 1315px) 100vw, 1315px\" \/>\t\t\t\t\t\t\t\t\t\t\t\t\t\t\t<\/div>\n\t\t\t\t<\/div>\n\t\t\t\t<\/div>\n\t\t<div class=\"elementor-element elementor-element-6a9250a e-con-full e-flex e-con e-child\" data-id=\"6a9250a\" data-element_type=\"container\" data-e-type=\"container\">\n\t\t\t\t<div class=\"elementor-element elementor-element-b37ec11 elementor-widget elementor-widget-image\" data-id=\"b37ec11\" data-element_type=\"widget\" data-e-type=\"widget\" data-widget_type=\"image.default\">\n\t\t\t\t<div class=\"elementor-widget-container\">\n\t\t\t\t\t\t\t\t\t\t\t\t\t\t\t<img loading=\"lazy\" decoding=\"async\" width=\"2048\" height=\"1368\" src=\"https:\/\/cedrat-technologies.com\/wp-content\/uploads\/ctec\/corporate\/salle_blanche-scaled.jpg\" class=\"attachment-large size-large wp-image-22353\" alt=\"salle blanche\" srcset=\"https:\/\/cedrat-technologies.com\/wp-content\/uploads\/ctec\/corporate\/salle_blanche-scaled.jpg 2048w, https:\/\/cedrat-technologies.com\/wp-content\/uploads\/ctec\/corporate\/salle_blanche-768x513.jpg 768w, https:\/\/cedrat-technologies.com\/wp-content\/uploads\/ctec\/corporate\/salle_blanche-1536x1026.jpg 1536w, https:\/\/cedrat-technologies.com\/wp-content\/uploads\/ctec\/corporate\/salle_blanche-600x401.jpg 600w\" sizes=\"(max-width: 2048px) 100vw, 2048px\" \/>\t\t\t\t\t\t\t\t\t\t\t\t\t\t\t<\/div>\n\t\t\t\t<\/div>\n\t\t\t\t<\/div>\n\t\t<div class=\"elementor-element elementor-element-6d5280c e-con-full e-flex e-con e-child\" data-id=\"6d5280c\" data-element_type=\"container\" data-e-type=\"container\">\n\t\t\t\t<div class=\"elementor-element elementor-element-3a25acd elementor-widget elementor-widget-text-editor\" data-id=\"3a25acd\" data-element_type=\"widget\" data-e-type=\"widget\" data-widget_type=\"text-editor.default\">\n\t\t\t\t<div class=\"elementor-widget-container\">\n\t\t\t\t\t\t\t\t\t<h2>\u00a0INDUSTRIALISATION<\/h2><p><strong>2022<\/strong> : CTEC triple sa surface de salle blanche : l\u2019objectif de cette extension est de couvrir les besoins accrus en produits m\u00e9catroniques propres dans les domaines de l\u2019espace et de l\u2019optronique<br \/>CTEC emploie 66 salari\u00e9s et fait un CA de 8.5M\u20ac dont 50% en vente de produits.<\/p><p class=\"MsoNormal\"><strong>2023<\/strong><i>: <\/i>CTEC continue son extension en augmentant de plus de 40% ses surfaces d\u2019assemblage\/int\u00e9gration\/tests afin de d\u00e9cupler ses<br \/>capacit\u00e9s de production en m\u00e9canismes et \u00e9lectroniques et r\u00e9pondre aux enjeux industriels futurs.<\/p><p class=\"MsoNormal\">\u00a0<\/p>\t\t\t\t\t\t\t\t<\/div>\n\t\t\t\t<\/div>\n\t\t\t\t<\/div>\n\t\t<div class=\"elementor-element elementor-element-b4eb797 e-con-full e-flex e-con e-child\" data-id=\"b4eb797\" data-element_type=\"container\" data-e-type=\"container\">\n\t\t\t\t<div class=\"elementor-element elementor-element-2c5de81 elementor-widget elementor-widget-text-editor\" data-id=\"2c5de81\" data-element_type=\"widget\" data-e-type=\"widget\" data-widget_type=\"text-editor.default\">\n\t\t\t\t<div class=\"elementor-widget-container\">\n\t\t\t\t\t\t\t\t\t<h2>EXPANSION INTERNATIONALE<\/h2><p data-start=\"362\" data-end=\"523\"><strong data-start=\"362\" data-end=\"372\">2018 :<\/strong> CTEC fonde une filiale en Inde, <a href=\"https:\/\/cedratec.in\/\">CEDRATEC India<\/a>, afin de renforcer sa pr\u00e9sence locale et accompagner ses partenaires sur ce march\u00e9 en forte croissance.<\/p><p data-start=\"525\" data-end=\"722\"><strong data-start=\"525\" data-end=\"535\">2025 :<\/strong> CTEC fonde une filiale en Chine, <a href=\"https:\/\/cedrat-technologies.cn\/\">CEDRAT TECHNOLOGIES (Shanghai)<\/a>, marquant une nouvelle \u00e9tape dans son d\u00e9veloppement international et sa proximit\u00e9 avec les acteurs industriels asiatiques.<\/p>\t\t\t\t\t\t\t\t<\/div>\n\t\t\t\t<\/div>\n\t\t\t\t<\/div>\n\t\t<div class=\"elementor-element elementor-element-76d5306 e-con-full e-flex e-con e-child\" data-id=\"76d5306\" data-element_type=\"container\" data-e-type=\"container\">\n\t\t\t\t<div class=\"elementor-element elementor-element-7ae9874 elementor-widget elementor-widget-image\" data-id=\"7ae9874\" data-element_type=\"widget\" data-e-type=\"widget\" data-widget_type=\"image.default\">\n\t\t\t\t<div class=\"elementor-widget-container\">\n\t\t\t\t\t\t\t\t\t\t\t\t\t\t\t<img loading=\"lazy\" decoding=\"async\" width=\"1200\" height=\"802\" src=\"https:\/\/cedrat-technologies.com\/wp-content\/uploads\/ctec\/corporate\/shanghai.jpg\" class=\"attachment-1536x1536 size-1536x1536 wp-image-31751\" alt=\"Far view of Shanghai\" srcset=\"https:\/\/cedrat-technologies.com\/wp-content\/uploads\/ctec\/corporate\/shanghai.jpg 1200w, https:\/\/cedrat-technologies.com\/wp-content\/uploads\/ctec\/corporate\/shanghai-768x513.jpg 768w, https:\/\/cedrat-technologies.com\/wp-content\/uploads\/ctec\/corporate\/shanghai-600x401.jpg 600w\" sizes=\"(max-width: 1200px) 100vw, 1200px\" \/>\t\t\t\t\t\t\t\t\t\t\t\t\t\t\t<\/div>\n\t\t\t\t<\/div>\n\t\t\t\t<\/div>\n\t\t\t\t\t<\/div>\n\t\t\t\t<\/div>\n\t\t<div class=\"elementor-element elementor-element-b0a3fcb e-flex e-con-boxed e-con e-parent\" data-id=\"b0a3fcb\" data-element_type=\"container\" data-e-type=\"container\">\n\t\t\t\t\t<div class=\"e-con-inner\">\n\t\t\t\t<div class=\"elementor-element elementor-element-e4a4ca9 elementor-widget elementor-widget-spacer\" data-id=\"e4a4ca9\" data-element_type=\"widget\" data-e-type=\"widget\" data-widget_type=\"spacer.default\">\n\t\t\t\t<div class=\"elementor-widget-container\">\n\t\t\t\t\t\t\t<div class=\"elementor-spacer\">\n\t\t\t<div class=\"elementor-spacer-inner\"><\/div>\n\t\t<\/div>\n\t\t\t\t\t\t<\/div>\n\t\t\t\t<\/div>\n\t\t\t\t\t<\/div>\n\t\t\t\t<\/div>\n\t\t<div class=\"elementor-element elementor-element-e7ee5b5 e-flex e-con-boxed e-con e-parent\" data-id=\"e7ee5b5\" data-element_type=\"container\" data-e-type=\"container\">\n\t\t\t\t\t<div class=\"e-con-inner\">\n\t\t\t\t<div class=\"elementor-element elementor-element-6d27f68 elementor-widget elementor-widget-html\" data-id=\"6d27f68\" data-element_type=\"widget\" data-e-type=\"widget\" data-widget_type=\"html.default\">\n\t\t\t\t<div class=\"elementor-widget-container\">\n\t\t\t\t\t<style>\n    strong{\n        color : #174f81;\n    }\n<\/style>\t\t\t\t<\/div>\n\t\t\t\t<\/div>\n\t\t\t\t\t<\/div>\n\t\t\t\t<\/div>\n\t\t\t\t<\/div>\n\t\t","protected":false},"excerpt":{"rendered":"<p>Notre histoire GESTATION 1977 : Cedrat Recherche, filiale de CEDRAT, est cr\u00e9\u00e9e pour commercialiser les logiciels de CAO en \u00e9lectrotechnique (FLUX) issus de Grenoble INP. 1989 : Dans Cedrat Recherche, Frank Claeyssen (actuel PDG) cr\u00e9e, \u00e0 son arriv\u00e9e, une activit\u00e9 de R&amp;D sous contrat exploitant la CAO et constituant l&#8217;embryon de CTEC. 1995 : Cedrat &#8230; <a title=\"Notre histoire\" class=\"read-more\" href=\"https:\/\/cedrat-technologies.com\/fr\/a-propos\/notre-histoire\/\" aria-label=\"En savoir plus sur Notre histoire\">Lire la suite<\/a><\/p>\n","protected":false},"author":1,"featured_media":0,"parent":16469,"menu_order":0,"comment_status":"closed","ping_status":"closed","template":"","meta":{"_acf_changed":false,"_seopress_robots_primary_cat":"","_seopress_titles_title":"D\u00e9couvrez l'histoire de Cedrat Technologies","_seopress_titles_desc":"Sous la direction de Frank Claeyssen depuis 2012, CTEC a connu une croissance significative, atteignant 70 employ\u00e9s et un CA de 8.5M\u20ac en 2022.","_seopress_robots_index":"","footnotes":""},"class_list":["post-22389","page","type-page","status-publish"],"acf":[],"_links":{"self":[{"href":"https:\/\/cedrat-technologies.com\/fr\/wp-json\/wp\/v2\/pages\/22389","targetHints":{"allow":["GET"]}}],"collection":[{"href":"https:\/\/cedrat-technologies.com\/fr\/wp-json\/wp\/v2\/pages"}],"about":[{"href":"https:\/\/cedrat-technologies.com\/fr\/wp-json\/wp\/v2\/types\/page"}],"author":[{"embeddable":true,"href":"https:\/\/cedrat-technologies.com\/fr\/wp-json\/wp\/v2\/users\/1"}],"replies":[{"embeddable":true,"href":"https:\/\/cedrat-technologies.com\/fr\/wp-json\/wp\/v2\/comments?post=22389"}],"version-history":[{"count":0,"href":"https:\/\/cedrat-technologies.com\/fr\/wp-json\/wp\/v2\/pages\/22389\/revisions"}],"up":[{"embeddable":true,"href":"https:\/\/cedrat-technologies.com\/fr\/wp-json\/wp\/v2\/pages\/16469"}],"wp:attachment":[{"href":"https:\/\/cedrat-technologies.com\/fr\/wp-json\/wp\/v2\/media?parent=22389"}],"curies":[{"name":"wp","href":"https:\/\/api.w.org\/{rel}","templated":true}]}}