{"id":22269,"date":"2023-10-09T15:54:56","date_gmt":"2023-10-09T13:54:56","guid":{"rendered":"https:\/\/cedrat-technologies.com\/?page_id=22269"},"modified":"2024-01-18T10:05:52","modified_gmt":"2024-01-18T09:05:52","slug":"offres-d-emploi","status":"publish","type":"page","link":"https:\/\/cedrat-technologies.com\/fr\/carrieres\/offres-d-emploi\/","title":{"rendered":"Offres d&#8217;emploi"},"content":{"rendered":"\t\t<div data-elementor-type=\"wp-page\" data-elementor-id=\"22269\" class=\"elementor elementor-22269\" data-elementor-post-type=\"page\">\n\t\t\t\t<div class=\"elementor-element elementor-element-d9cebea e-flex e-con-boxed e-con e-parent\" data-id=\"d9cebea\" data-element_type=\"container\" data-e-type=\"container\">\n\t\t\t\t\t<div class=\"e-con-inner\">\n\t\t\t\t<div class=\"elementor-element elementor-element-d6ba9aa elementor-widget elementor-widget-heading\" data-id=\"d6ba9aa\" data-element_type=\"widget\" data-e-type=\"widget\" data-widget_type=\"heading.default\">\n\t\t\t\t<div class=\"elementor-widget-container\">\n\t\t\t\t\t<h1 class=\"elementor-heading-title elementor-size-default\">Nos offres d'emploi<\/h1>\t\t\t\t<\/div>\n\t\t\t\t<\/div>\n\t\t\t\t<div class=\"elementor-element elementor-element-5db7996 elementor-widget elementor-widget-text-editor\" data-id=\"5db7996\" data-element_type=\"widget\" data-e-type=\"widget\" data-widget_type=\"text-editor.default\">\n\t\t\t\t<div class=\"elementor-widget-container\">\n\t\t\t\t\t\t\t\t\t<p>Si aucune des offres ci-dessous ne vous corresponds, n&rsquo;h\u00e9sitez pas \u00e0 nous envoyer une candidature spontan\u00e9e !\u00a0<\/p>\t\t\t\t\t\t\t\t<\/div>\n\t\t\t\t<\/div>\n\t\t\t\t<div class=\"elementor-element elementor-element-cff7a79 elementor-widget elementor-widget-button\" data-id=\"cff7a79\" data-element_type=\"widget\" data-e-type=\"widget\" data-widget_type=\"button.default\">\n\t\t\t\t<div class=\"elementor-widget-container\">\n\t\t\t\t\t\t\t\t\t<div class=\"elementor-button-wrapper\">\n\t\t\t\t\t<a class=\"elementor-button elementor-button-link elementor-size-sm\" href=\"https:\/\/taleez.com\/apply\/sp\/cedrat-technologies\">\n\t\t\t\t\t\t<span class=\"elementor-button-content-wrapper\">\n\t\t\t\t\t\t\t\t\t<span class=\"elementor-button-text\">Candidature spontan\u00e9e<\/span>\n\t\t\t\t\t<\/span>\n\t\t\t\t\t<\/a>\n\t\t\t\t<\/div>\n\t\t\t\t\t\t\t\t<\/div>\n\t\t\t\t<\/div>\n\t\t\t\t<div class=\"elementor-element elementor-element-c4ea6d1 elementor-widget__width-initial elementor-widget elementor-widget-html\" data-id=\"c4ea6d1\" data-element_type=\"widget\" data-e-type=\"widget\" data-widget_type=\"html.default\">\n\t\t\t\t<div class=\"elementor-widget-container\">\n\t\t\t\t\t<!-- Taleez Widget -->\r\n<script>\r\n    (function(w,d,s,k,c){\r\n        w.tlzKey=k;w.tlzCareer=c;var f=d.getElementsByTagName(s)[0],j=d.createElement(s);j.async=true;\r\n        j.src='https:\/\/taleez.com\/widgets\/'+ c +'\/widget.js';f.parentNode.insertBefore(j,f);\r\n    })(window, document, \"script\", \"pk_live_9231_1093ff21b4dc446f80b6b3af4898d0fd16999614426646aa81e8016894c\", \"cedrat-technologies\");\r\n<\/script>\r\n<!-- End Taleez Widget -->\r\n\r\n<style>\r\n    #tlz-jobs * {\r\n    font-family: Arial, sans-serif;\r\n    word-break: break-word;\r\n}\r\n\r\n#tlz-jobs {\r\n  container-type: inline-size;\r\n  container-name: jobs;\r\n}\r\n\r\n\r\n#tlz-jobs .tlz-job {\r\n    display: flex;\r\n    flex-direction: row;\r\n    align-items: center;\r\n    position: relative;\r\n    padding: 24px;\r\n    margin-bottom: 16px;\r\n    background: #fff;\r\n    box-shadow: rgba(0, 0, 0, 0.35) 0px 5px 15px;\r\n    transition: all .3s cubic-bezier(.77,0,.175,1);\r\n    border-radius : 10px;\r\n}\r\n\r\n#tlz-jobs .tlz-job .tlz-job-logo {\r\n    margin-right: 24px;\r\n    min-height: 75px;\r\n    min-width: 75px;\r\n    white-space: nowrap;\r\n    position: relative;\r\n}\r\n\r\n#tlz-jobs .tlz-job .tlz-job-logo img {\r\n    width: 100%;\r\n    height: 100%;\r\n    opacity: 1;\r\n    position: absolute;\r\n    -o-object-fit: contain;\r\n    object-fit: contain;\r\n    overflow: hidden;\r\n}\r\n\r\n#tlz-jobs .tlz-job .tlz-job-company {\r\n    margin-bottom: 4px;\r\n    color: #174f81;\r\n    font-size: 16px;\r\n}\r\n\r\n#tlz-jobs .tlz-job .tlz-job-content {\r\n    margin-right: 24px;\r\n}\r\n\r\n#tlz-jobs .tlz-job .tlz-job-label {\r\n    font-size: 18px;\r\n    font-weight: 500;\r\n    margin-bottom: 8px;\r\n}\r\n\r\n#tlz-jobs .tlz-job .tlz-job-infos {\r\n    display: flex;\r\n    flex-wrap: wrap;\r\n    gap: 8px;\r\n    font-size: 12px;\r\n    font-weight: 500;\r\n}\r\n\r\n#tlz-jobs .tlz-job .tlz-job-infos .tlz-job-city {\r\n\r\n}\r\n\r\n#tlz-jobs .tlz-job .tlz-job-infos .tlz-job-contract {\r\n\r\n}\r\n\r\n#tlz-jobs .tlz-job .tlz-job-infos .tlz-job-date {\r\n\r\n}\r\n\r\n#tlz-jobs .tlz-empty-job {\r\n    text-align: center;\r\n    font-size: 16px;\r\n    font-weight: 500;\r\n    padding: 24px;\r\n}\r\n\r\n#tlz-jobs .tlz-job a.tlz-job-button {\r\n    text-decoration: none;\r\n    font-size: 18px;\r\n    font-weight: 700;\r\n    cursor: pointer;\r\n    padding: 8px 24px;\r\n    color: #fff;\r\n    border: none;\r\n    border-radius: 4px;\r\n    background: #174f81;\r\n    white-space: nowrap;\r\n    margin-left: auto;\r\n}\r\n\r\n#tlz-jobs .tlz-job a.tlz-job-button:hover {\r\n    background: #1d71b8;\r\n    color: #fff;\r\n}\r\n\r\n\r\n@container jobs (max-width: 600px) {\r\n    #tlz-jobs .tlz-job {\r\n        flex-direction: column;\r\n        align-items: flex-start;\r\n        gap: 8px;\r\n    }\r\n\r\n    #tlz-jobs .tlz-job a.tlz-job-button {\r\n        margin-left: 0;\r\n    }\r\n}\r\n<\/style>\r\n\r\n<div id=\"tlz-jobs\"><\/div>\t\t\t\t<\/div>\n\t\t\t\t<\/div>\n\t\t\t\t\t<\/div>\n\t\t\t\t<\/div>\n\t\t\t\t<\/div>\n\t\t","protected":false},"excerpt":{"rendered":"<p>Nos offres d&#8217;emploi Si aucune des offres ci-dessous ne vous corresponds, n&rsquo;h\u00e9sitez pas \u00e0 nous envoyer une candidature spontan\u00e9e !\u00a0 Candidature spontan\u00e9e<\/p>\n","protected":false},"author":1,"featured_media":0,"parent":22179,"menu_order":0,"comment_status":"closed","ping_status":"closed","template":"","meta":{"_acf_changed":false,"_seopress_robots_primary_cat":"","_seopress_titles_title":"","_seopress_titles_desc":"","_seopress_robots_index":"","footnotes":""},"class_list":["post-22269","page","type-page","status-publish"],"acf":[],"_links":{"self":[{"href":"https:\/\/cedrat-technologies.com\/fr\/wp-json\/wp\/v2\/pages\/22269","targetHints":{"allow":["GET"]}}],"collection":[{"href":"https:\/\/cedrat-technologies.com\/fr\/wp-json\/wp\/v2\/pages"}],"about":[{"href":"https:\/\/cedrat-technologies.com\/fr\/wp-json\/wp\/v2\/types\/page"}],"author":[{"embeddable":true,"href":"https:\/\/cedrat-technologies.com\/fr\/wp-json\/wp\/v2\/users\/1"}],"replies":[{"embeddable":true,"href":"https:\/\/cedrat-technologies.com\/fr\/wp-json\/wp\/v2\/comments?post=22269"}],"version-history":[{"count":0,"href":"https:\/\/cedrat-technologies.com\/fr\/wp-json\/wp\/v2\/pages\/22269\/revisions"}],"up":[{"embeddable":true,"href":"https:\/\/cedrat-technologies.com\/fr\/wp-json\/wp\/v2\/pages\/22179"}],"wp:attachment":[{"href":"https:\/\/cedrat-technologies.com\/fr\/wp-json\/wp\/v2\/media?parent=22269"}],"curies":[{"name":"wp","href":"https:\/\/api.w.org\/{rel}","templated":true}]}}