{"id":20668,"date":"2023-07-06T14:32:37","date_gmt":"2023-07-06T12:32:37","guid":{"rendered":"https:\/\/cedrat-technologies.com\/?page_id=20668"},"modified":"2024-08-12T12:00:37","modified_gmt":"2024-08-12T10:00:37","slug":"manuels-utilisateur","status":"publish","type":"page","link":"https:\/\/cedrat-technologies.com\/fr\/telechargements\/manuels-utilisateur\/","title":{"rendered":"Manuels utilisateur"},"content":{"rendered":"\t\t<div data-elementor-type=\"wp-page\" data-elementor-id=\"20668\" class=\"elementor elementor-20668 elementor-19977\" data-elementor-post-type=\"page\">\n\t\t\t\t<div class=\"elementor-element elementor-element-2dd6a28e e-flex e-con-boxed e-con e-parent\" data-id=\"2dd6a28e\" data-element_type=\"container\" data-e-type=\"container\">\n\t\t\t\t\t<div class=\"e-con-inner\">\n\t\t\t\t<div class=\"elementor-element elementor-element-52e859cd elementor-widget elementor-widget-woocommerce-breadcrumb\" data-id=\"52e859cd\" data-element_type=\"widget\" data-e-type=\"widget\" data-widget_type=\"woocommerce-breadcrumb.default\">\n\t\t\t\t<div class=\"elementor-widget-container\">\n\t\t\t\t\t<nav class=\"woocommerce-breadcrumb\" aria-label=\"Breadcrumb\">Accueil<\/nav>\t\t\t\t<\/div>\n\t\t\t\t<\/div>\n\t\t\t\t<div class=\"elementor-element elementor-element-f1e11ae elementor-widget elementor-widget-heading\" data-id=\"f1e11ae\" data-element_type=\"widget\" data-e-type=\"widget\" data-widget_type=\"heading.default\">\n\t\t\t\t<div class=\"elementor-widget-container\">\n\t\t\t\t\t<h1 class=\"elementor-heading-title elementor-size-default\">Manuels utilisateur<\/h1>\t\t\t\t<\/div>\n\t\t\t\t<\/div>\n\t\t\t\t\t<\/div>\n\t\t\t\t<\/div>\n\t\t<div class=\"elementor-element elementor-element-2d6dc3ce e-flex e-con-boxed e-con e-parent\" data-id=\"2d6dc3ce\" data-element_type=\"container\" data-e-type=\"container\">\n\t\t\t\t\t<div class=\"e-con-inner\">\n\t\t\t\t<div class=\"elementor-element elementor-element-6dbbf51 elementor-widget__width-inherit elementor-widget elementor-widget-text-editor\" data-id=\"6dbbf51\" data-element_type=\"widget\" data-e-type=\"widget\" data-widget_type=\"text-editor.default\">\n\t\t\t\t<div class=\"elementor-widget-container\">\n\t\t\t\t\t\t\t\t\t<p><span style=\"color: #373636; font-family: 'Open Sans', sans-serif; background-color: #ffffff;\">Pour des raisons de s\u00e9curit\u00e9 <\/span><strong><span style=\"margin: 0px; padding: 0px; color: #373636; font-family: 'Open Sans', sans-serif; background-color: #ffffff;\">les manuels <\/span><\/strong><span style=\"color: #373636; font-family: 'Open Sans', sans-serif; background-color: #ffffff;\"><span style=\"color: #373636; font-family: Open Sans, sans-serif;\"><b>utilisateur<\/b>\u00a0doivent \u00eatre lus avant d&rsquo;utiliser nos produits.\u00a0<\/span><\/span><\/p>\t\t\t\t\t\t\t\t<\/div>\n\t\t\t\t<\/div>\n\t\t\t\t\t<\/div>\n\t\t\t\t<\/div>\n\t\t<div class=\"elementor-element elementor-element-2c39bd9 e-flex e-con-boxed e-con e-parent\" data-id=\"2c39bd9\" data-element_type=\"container\" data-e-type=\"container\">\n\t\t\t\t\t<div class=\"e-con-inner\">\n\t\t\t\t<div class=\"elementor-element elementor-element-52f5672 elementor-widget__width-initial elementor-widget elementor-widget-accordion\" data-id=\"52f5672\" data-element_type=\"widget\" data-e-type=\"widget\" data-widget_type=\"accordion.default\">\n\t\t\t\t<div class=\"elementor-widget-container\">\n\t\t\t\t\t\t\t<div class=\"elementor-accordion\">\n\t\t\t\t\t\t\t<div class=\"elementor-accordion-item\">\n\t\t\t\t\t<h2 id=\"elementor-tab-title-8691\" class=\"elementor-tab-title\" data-tab=\"1\" role=\"button\" aria-controls=\"elementor-tab-content-8691\" aria-expanded=\"false\">\n\t\t\t\t\t\t\t\t\t\t\t\t\t<span class=\"elementor-accordion-icon elementor-accordion-icon-right\" aria-hidden=\"true\">\n\t\t\t\t\t\t\t\t\t\t\t\t\t\t\t<span class=\"elementor-accordion-icon-closed\"><i class=\"fas fa-chevron-down\"><\/i><\/span>\n\t\t\t\t\t\t\t\t<span class=\"elementor-accordion-icon-opened\"><i class=\"fas fa-chevron-up\"><\/i><\/span>\n\t\t\t\t\t\t\t\t\t\t\t\t\t\t<\/span>\n\t\t\t\t\t\t\t\t\t\t\t\t<a class=\"elementor-accordion-title\" tabindex=\"0\">Actionneurs<\/a>\n\t\t\t\t\t<\/h2>\n\t\t\t\t\t<div id=\"elementor-tab-content-8691\" class=\"elementor-tab-content elementor-clearfix\" data-tab=\"1\" role=\"region\" aria-labelledby=\"elementor-tab-title-8691\"><ul><li><strong><a href=\"https:\/\/cedrat-technologies.com\/wp-content\/uploads\/2023\/07\/inst_man_blmm-1_v1.0.pdf\">Bistable Linear Moving Magnet BLMM\u00a0<\/a><\/strong><\/li><li><strong><a href=\"https:\/\/cedrat-technologies.com\/wp-content\/uploads\/2023\/07\/inst_man_actuator_v6.1.pdf\">Actionneurs Pi\u00e9zo\u00e9l\u00e9ctriques<\/a><\/strong><\/li><\/ul><\/div>\n\t\t\t\t<\/div>\n\t\t\t\t\t\t\t<div class=\"elementor-accordion-item\">\n\t\t\t\t\t<h2 id=\"elementor-tab-title-8692\" class=\"elementor-tab-title\" data-tab=\"2\" role=\"button\" aria-controls=\"elementor-tab-content-8692\" aria-expanded=\"false\">\n\t\t\t\t\t\t\t\t\t\t\t\t\t<span class=\"elementor-accordion-icon elementor-accordion-icon-right\" aria-hidden=\"true\">\n\t\t\t\t\t\t\t\t\t\t\t\t\t\t\t<span class=\"elementor-accordion-icon-closed\"><i class=\"fas fa-chevron-down\"><\/i><\/span>\n\t\t\t\t\t\t\t\t<span class=\"elementor-accordion-icon-opened\"><i class=\"fas fa-chevron-up\"><\/i><\/span>\n\t\t\t\t\t\t\t\t\t\t\t\t\t\t<\/span>\n\t\t\t\t\t\t\t\t\t\t\t\t<a class=\"elementor-accordion-title\" tabindex=\"0\">M\u00e9canismes<\/a>\n\t\t\t\t\t<\/h2>\n\t\t\t\t\t<div id=\"elementor-tab-content-8692\" class=\"elementor-tab-content elementor-clearfix\" data-tab=\"2\" role=\"region\" aria-labelledby=\"elementor-tab-title-8692\"><ul><li><a href=\"https:\/\/cedrat-technologies.com\/wp-content\/uploads\/2023\/07\/user_manual_fspa35xs_v12.pdf\"><strong>Actionneur Pi\u00e9zo \u00e0 Pas Fin FSPA35XS<\/strong><\/a><\/li><li><a href=\"https:\/\/cedrat-technologies.com\/wp-content\/uploads\/2023\/07\/user_manual_fps_faps_mechanisms_v22.pdf\"><strong>Obturateurs Pi\u00e9zo Rapides\u00a0<\/strong><\/a><\/li><li><a href=\"https:\/\/cedrat-technologies.com\/wp-content\/uploads\/2023\/07\/user_manual_lsps35xs_stage_v11.pdf\"><strong>Platine Pi\u00e9zo Motoris\u00e9e LSPS35XS<\/strong><\/a><\/li><li><a href=\"https:\/\/cedrat-technologies.com\/wp-content\/uploads\/2023\/07\/inst_man_optical_piezo_mechanism_v3.1.pdf\"><strong>M\u00e9canismes optiques pi\u00e9zo<\/strong><\/a><\/li><li><a href=\"https:\/\/cedrat-technologies.com\/wp-content\/uploads\/2023\/07\/inst_man_tt-dtt_v3.3.pdf\"><strong>Plateformes Tip &amp; Tip-tilt<\/strong><\/a><\/li><li><a href=\"https:\/\/cedrat-technologies.com\/wp-content\/uploads\/2023\/07\/inst_man_xystage_v3.pdf\"><strong>Platines Pi\u00e9zo\u00e9l\u00e9ctriques XY<\/strong><\/a><\/li><\/ul><\/div>\n\t\t\t\t<\/div>\n\t\t\t\t\t\t\t<div class=\"elementor-accordion-item\">\n\t\t\t\t\t<h2 id=\"elementor-tab-title-8693\" class=\"elementor-tab-title\" data-tab=\"3\" role=\"button\" aria-controls=\"elementor-tab-content-8693\" aria-expanded=\"false\">\n\t\t\t\t\t\t\t\t\t\t\t\t\t<span class=\"elementor-accordion-icon elementor-accordion-icon-right\" aria-hidden=\"true\">\n\t\t\t\t\t\t\t\t\t\t\t\t\t\t\t<span class=\"elementor-accordion-icon-closed\"><i class=\"fas fa-chevron-down\"><\/i><\/span>\n\t\t\t\t\t\t\t\t<span class=\"elementor-accordion-icon-opened\"><i class=\"fas fa-chevron-up\"><\/i><\/span>\n\t\t\t\t\t\t\t\t\t\t\t\t\t\t<\/span>\n\t\t\t\t\t\t\t\t\t\t\t\t<a class=\"elementor-accordion-title\" tabindex=\"0\">\u00c9lectroniques<\/a>\n\t\t\t\t\t<\/h2>\n\t\t\t\t\t<div id=\"elementor-tab-content-8693\" class=\"elementor-tab-content elementor-clearfix\" data-tab=\"3\" role=\"region\" aria-labelledby=\"elementor-tab-title-8693\"><ul><li><a href=\"https:\/\/cedrat-technologies.com\/wp-content\/uploads\/2023\/07\/enhanced_peak_output_current_for_linear_amplifiers_v10.2.pdf\"><strong>Notes d&rsquo;application pour l&rsquo;am\u00e9lioration du courant cr\u00eate pour les actionneurs lin\u00e9aires<\/strong><\/a><\/li><li><a href=\"https:\/\/cedrat-technologies.com\/wp-content\/uploads\/2023\/07\/position_control_of_piezo_actuators_v2.pdf\"><strong>Notes d&rsquo;application pour le contr\u00f4le de position des actionneurs pi\u00e9zo V2<\/strong><\/a><\/li><li><strong><a href=\"https:\/\/cedrat-technologies.com\/wp-content\/uploads\/2023\/07\/user_manual_cau10.pdf\">Amplificateur lin\u00e9aire miniature CAu10 pour actionneurs pi\u00e9zo\u00e9lectriques<\/a><\/strong><\/li><li><strong><a href=\"https:\/\/cedrat-technologies.com\/wp-content\/uploads\/downloads\/user_manuals\/ccbu40_user_manual_v1.23.pdf\">Carte de contr\u00f4le compacte CCBu40 pour m\u00e9canismes pi\u00e9zo\u00e9lectriques<\/a><br \/><\/strong>Ce manuel s\u2019applique \u00e0 la CCBu40 avec un PN\u00a0: 043415C ou PN\u00a0: 043417C. Pour les versions ant\u00e9rieures, veuillez nous contacter.<strong><br \/><\/strong><\/li><li><a href=\"https:\/\/cedrat-technologies.com\/wp-content\/uploads\/downloads\/user_manuals\/ccbu20-user_manual_v1.5.3.pdf\"><strong>Carte de contr\u00f4le compacte CCBu20 pour m\u00e9canismes pi\u00e9zo\u00e9lectriquesCCBu20<\/strong><\/a><br \/>Ce manuel s\u2019applique \u00e0 la CCBu20 avec un PN\u00a0: 043535C ou PN\u00a0: 043416C. Pour les versions ant\u00e9rieures, veuillez nous contacter.<\/li><li><strong><a href=\"https:\/\/cedrat-technologies.com\/wp-content\/uploads\/2023\/07\/inst_man_csa96v12_v1.0.8.pdf\">CSA96 Amplificateur de courant \u00e0 commutation<\/a><\/strong><\/li><li><strong><a href=\"https:\/\/cedrat-technologies.com\/wp-content\/uploads\/2023\/07\/inst_man_ecs75oem_v11.pdf\">ECS75 OEM Conditionneur autonome pour capteurs \u00e0 courants de Foucault<\/a><\/strong><\/li><li><strong><a href=\"https:\/\/cedrat-technologies.com\/wp-content\/uploads\/2023\/07\/ecsu10-installation_manual_v11.pdf\">ECSu10 Conditionneur de capteur \u00e0 courants de Foucault<\/a><\/strong><\/li><li><strong><a href=\"https:\/\/cedrat-technologies.com\/wp-content\/uploads\/2023\/07\/inst_man_la24_v1.1.1new.pdf\">LA24 Amplificateur lin\u00e9aire pour actionneurs magn\u00e9tiques<\/a><\/strong><\/li><li><a href=\"https:\/\/cedrat-technologies.com\/wp-content\/uploads\/2023\/07\/inst_man_la75_v3.2.3.pdf\"><strong>LA75 Amplificateur lin\u00e9aire pour actionneurs pi\u00e9zo\u00e9lectriques \/ CA45-Amplificateur autonome compact<\/strong><\/a><\/li><li><a href=\"https:\/\/cedrat-technologies.com\/wp-content\/uploads\/2023\/07\/inst_man_sa75v12_v1.2.3.pdf\"><strong>SA75 Amplificateur de commutation pour actionneurs pi\u00e9zo\u00e9lectriques<\/strong><\/a><\/li><li><a href=\"https:\/\/cedrat-technologies.com\/wp-content\/uploads\/2023\/07\/inst_man_sp75_v3.2.1_01.pdf\"><strong>SP75 Amplificateur de commutation pour actionneurs pi\u00e9zo\u00e9lectriques<\/strong><\/a><\/li><li><a href=\"https:\/\/cedrat-technologies.com\/wp-content\/uploads\/2023\/07\/inst_man_uc45_v14_new.pdf\"><strong>UC45 Controller for multi-channel actuators<\/strong><\/a><\/li><li><a href=\"https:\/\/cedrat-technologies.com\/wp-content\/uploads\/2023\/07\/inst_man_uc65_v11new.pdf\"><strong>UC65 Contr\u00f4leur pour commande num\u00e9rique d&rsquo;actionneurs<\/strong><\/a><\/li><li><a href=\"https:\/\/cedrat-technologies.com\/wp-content\/uploads\/2023\/07\/inst_man_uc75_v13.pdf\"><strong>UC75\/UC75-MC Contr\u00f4leur en temps r\u00e9el pour actionneurs multicanaux<\/strong><\/a><\/li><\/ul><\/div>\n\t\t\t\t<\/div>\n\t\t\t\t\t\t\t<div class=\"elementor-accordion-item\">\n\t\t\t\t\t<h2 id=\"elementor-tab-title-8694\" class=\"elementor-tab-title\" data-tab=\"4\" role=\"button\" aria-controls=\"elementor-tab-content-8694\" aria-expanded=\"false\">\n\t\t\t\t\t\t\t\t\t\t\t\t\t<span class=\"elementor-accordion-icon elementor-accordion-icon-right\" aria-hidden=\"true\">\n\t\t\t\t\t\t\t\t\t\t\t\t\t\t\t<span class=\"elementor-accordion-icon-closed\"><i class=\"fas fa-chevron-down\"><\/i><\/span>\n\t\t\t\t\t\t\t\t<span class=\"elementor-accordion-icon-opened\"><i class=\"fas fa-chevron-up\"><\/i><\/span>\n\t\t\t\t\t\t\t\t\t\t\t\t\t\t<\/span>\n\t\t\t\t\t\t\t\t\t\t\t\t<a class=\"elementor-accordion-title\" tabindex=\"0\">Demo kits<\/a>\n\t\t\t\t\t<\/h2>\n\t\t\t\t\t<div id=\"elementor-tab-content-8694\" class=\"elementor-tab-content elementor-clearfix\" data-tab=\"4\" role=\"region\" aria-labelledby=\"elementor-tab-title-8694\"><ul><li><strong><a href=\"https:\/\/cedrat-technologies.com\/wp-content\/uploads\/2023\/07\/ev_pack_product_informationnew.pdf\">Demo kit EP120S<\/a><\/strong><\/li><li><strong><a href=\"https:\/\/cedrat-technologies.com\/wp-content\/uploads\/2023\/07\/lspa30uxs_kit_instructions_v2.pdf\">D\u00e9veloppeur Kit LSPA30uXS<\/a><\/strong><\/li><\/ul><\/div>\n\t\t\t\t<\/div>\n\t\t\t\t\t\t\t\t<\/div>\n\t\t\t\t\t\t<\/div>\n\t\t\t\t<\/div>\n\t\t\t\t\t<\/div>\n\t\t\t\t<\/div>\n\t\t<div class=\"elementor-element elementor-element-db1d729 e-flex e-con-boxed e-con e-parent\" data-id=\"db1d729\" data-element_type=\"container\" data-e-type=\"container\">\n\t\t\t\t\t<div class=\"e-con-inner\">\n\t\t\t\t<div class=\"elementor-element elementor-element-d2cecda elementor-widget elementor-widget-spacer\" data-id=\"d2cecda\" data-element_type=\"widget\" data-e-type=\"widget\" data-widget_type=\"spacer.default\">\n\t\t\t\t<div class=\"elementor-widget-container\">\n\t\t\t\t\t\t\t<div class=\"elementor-spacer\">\n\t\t\t<div class=\"elementor-spacer-inner\"><\/div>\n\t\t<\/div>\n\t\t\t\t\t\t<\/div>\n\t\t\t\t<\/div>\n\t\t\t\t\t<\/div>\n\t\t\t\t<\/div>\n\t\t\t\t<\/div>\n\t\t","protected":false},"excerpt":{"rendered":"<p>Pour des raisons de s\u00e9curit\u00e9 les manuels utilisateur\u00a0doivent \u00eatre lus avant d&rsquo;utiliser nos produits.\u00a0 Actionneurs Bistable Linear Moving Magnet BLMM\u00a0 Actionneurs Pi\u00e9zo\u00e9l\u00e9ctriques M\u00e9canismes Actionneur Pi\u00e9zo \u00e0 Pas Fin FSPA35XS Obturateurs Pi\u00e9zo Rapides\u00a0 Platine Pi\u00e9zo Motoris\u00e9e LSPS35XS M\u00e9canismes optiques pi\u00e9zo Plateformes Tip &amp; Tip-tilt Platines Pi\u00e9zo\u00e9l\u00e9ctriques XY \u00c9lectroniques Notes d&#8217;application pour l&#8217;am\u00e9lioration du courant cr\u00eate pour &#8230; <a title=\"Manuels utilisateur\" class=\"read-more\" href=\"https:\/\/cedrat-technologies.com\/fr\/telechargements\/manuels-utilisateur\/\" aria-label=\"En savoir plus sur Manuels utilisateur\">Lire la suite<\/a><\/p>\n","protected":false},"author":1,"featured_media":0,"parent":16527,"menu_order":0,"comment_status":"closed","ping_status":"closed","template":"","meta":{"_acf_changed":false,"_seopress_robots_primary_cat":"","_seopress_titles_title":"T\u00e9l\u00e9charger nos manuels utilisateurs","_seopress_titles_desc":"Pour des raisons de s\u00e9curit\u00e9 ces instructions must doivent \u00eatre lues avant l'utilisation de nos produits.","_seopress_robots_index":"","footnotes":""},"class_list":["post-20668","page","type-page","status-publish"],"acf":[],"_links":{"self":[{"href":"https:\/\/cedrat-technologies.com\/fr\/wp-json\/wp\/v2\/pages\/20668","targetHints":{"allow":["GET"]}}],"collection":[{"href":"https:\/\/cedrat-technologies.com\/fr\/wp-json\/wp\/v2\/pages"}],"about":[{"href":"https:\/\/cedrat-technologies.com\/fr\/wp-json\/wp\/v2\/types\/page"}],"author":[{"embeddable":true,"href":"https:\/\/cedrat-technologies.com\/fr\/wp-json\/wp\/v2\/users\/1"}],"replies":[{"embeddable":true,"href":"https:\/\/cedrat-technologies.com\/fr\/wp-json\/wp\/v2\/comments?post=20668"}],"version-history":[{"count":0,"href":"https:\/\/cedrat-technologies.com\/fr\/wp-json\/wp\/v2\/pages\/20668\/revisions"}],"up":[{"embeddable":true,"href":"https:\/\/cedrat-technologies.com\/fr\/wp-json\/wp\/v2\/pages\/16527"}],"wp:attachment":[{"href":"https:\/\/cedrat-technologies.com\/fr\/wp-json\/wp\/v2\/media?parent=20668"}],"curies":[{"name":"wp","href":"https:\/\/api.w.org\/{rel}","templated":true}]}}