{"id":20652,"date":"2023-07-07T13:55:24","date_gmt":"2023-07-07T11:55:24","guid":{"rendered":"https:\/\/cedrat-technologies.com\/?page_id=20652"},"modified":"2023-07-26T15:05:27","modified_gmt":"2023-07-26T13:05:27","slug":"interface-graphique","status":"publish","type":"page","link":"https:\/\/cedrat-technologies.com\/fr\/interface-graphique\/","title":{"rendered":"Interface graphique"},"content":{"rendered":"\t\t<div data-elementor-type=\"wp-page\" data-elementor-id=\"20652\" class=\"elementor elementor-20652 elementor-20080\" data-elementor-post-type=\"page\">\n\t\t\t\t<div class=\"elementor-element elementor-element-ebea093 e-flex e-con-boxed e-con e-parent\" data-id=\"ebea093\" data-element_type=\"container\" data-e-type=\"container\">\n\t\t\t\t\t<div class=\"e-con-inner\">\n\t\t\t\t<div class=\"elementor-element elementor-element-5261827 elementor-widget elementor-widget-woocommerce-breadcrumb\" data-id=\"5261827\" data-element_type=\"widget\" data-e-type=\"widget\" data-widget_type=\"woocommerce-breadcrumb.default\">\n\t\t\t\t<div class=\"elementor-widget-container\">\n\t\t\t\t\t<nav class=\"woocommerce-breadcrumb\" aria-label=\"Breadcrumb\">Accueil<\/nav>\t\t\t\t<\/div>\n\t\t\t\t<\/div>\n\t\t\t\t<div class=\"elementor-element elementor-element-872e69d elementor-widget elementor-widget-heading\" data-id=\"872e69d\" data-element_type=\"widget\" data-e-type=\"widget\" data-widget_type=\"heading.default\">\n\t\t\t\t<div class=\"elementor-widget-container\">\n\t\t\t\t\t<h1 class=\"elementor-heading-title elementor-size-default\">Interface graphique<\/h1>\t\t\t\t<\/div>\n\t\t\t\t<\/div>\n\t\t\t\t<div class=\"elementor-element elementor-element-96c7fbf elementor-widget elementor-widget-text-editor\" data-id=\"96c7fbf\" data-element_type=\"widget\" data-e-type=\"widget\" data-widget_type=\"text-editor.default\">\n\t\t\t\t<div class=\"elementor-widget-container\">\n\t\t\t\t\t\t\t\t\t<p>Lorsqu&rsquo;une application n\u00e9cessite une boucle ferm\u00e9e, CEDRAT TECHNOLOGIES propose diff\u00e9rentes solutions bas\u00e9es sur des contr\u00f4leurs digitaux avec plus ou moins de polyvalence et de capacit\u00e9.<\/p><p>Le param\u00e9trage de la carte contr\u00f4leur UC55 sur un PC n\u00e9cessite l&rsquo;installation d&rsquo;un logiciel d\u00e9di\u00e9. Veuillez vous r\u00e9f\u00e9rer \u00e0 la liste ci-dessous pour t\u00e9l\u00e9charger l&rsquo;interface graphique appropri\u00e9e \u00e0 votre carte contr\u00f4leur. Un rappel technique peut \u00eatre obtenu pour la carte contr\u00f4leur <a href=\"https:\/\/cedrat-technologies.com\/fr\/produit\/uc55\/\">UC55<\/a>.<\/p><p><span style=\"text-align: var(--text-align); color: var( --e-global-color-dea41e4 );\">HDPM est notre interface graphique. HDPM permet de d\u00e9finir les lois de contr\u00f4le. (Param\u00e8tres Proportionnel Int\u00e9gral D\u00e9riv\u00e9 + Filtres additionnels s\u00e9lectionn\u00e9s parmi les filtres passe-bas standards ou les filtres \u00e0 bande d&rsquo;arr\u00eat avec des ordres allant jusqu&rsquo;\u00e0 4).<\/span><\/p>\t\t\t\t\t\t\t\t<\/div>\n\t\t\t\t<\/div>\n\t\t\t\t\t<\/div>\n\t\t\t\t<\/div>\n\t\t<div class=\"elementor-element elementor-element-b379bc3 e-flex e-con-boxed e-con e-parent\" data-id=\"b379bc3\" data-element_type=\"container\" data-e-type=\"container\">\n\t\t\t\t\t<div class=\"e-con-inner\">\n\t\t<div class=\"elementor-element elementor-element-5c0fd13 e-con-full e-flex e-con e-parent\" data-id=\"5c0fd13\" data-element_type=\"container\" data-e-type=\"container\">\n\t\t\t\t<div class=\"elementor-element elementor-element-be8eafd elementor-widget elementor-widget-heading\" data-id=\"be8eafd\" data-element_type=\"widget\" data-e-type=\"widget\" data-widget_type=\"heading.default\">\n\t\t\t\t<div class=\"elementor-widget-container\">\n\t\t\t\t\t<h2 class=\"elementor-heading-title elementor-size-default\">Stepping Piezo Controller<\/h2>\t\t\t\t<\/div>\n\t\t\t\t<\/div>\n\t\t\t\t<div class=\"elementor-element elementor-element-8581bc1 elementor-widget elementor-widget-image\" data-id=\"8581bc1\" data-element_type=\"widget\" data-e-type=\"widget\" data-widget_type=\"image.default\">\n\t\t\t\t<div class=\"elementor-widget-container\">\n\t\t\t\t\t\t\t\t\t\t\t\t\t\t\t<img fetchpriority=\"high\" decoding=\"async\" width=\"300\" height=\"300\" src=\"https:\/\/cedrat-technologies.com\/wp-content\/uploads\/products\/product_pictures\/spc45-web-300x300.webp\" class=\"attachment-woocommerce_thumbnail size-woocommerce_thumbnail wp-image-7744\" alt=\"\" srcset=\"https:\/\/cedrat-technologies.com\/wp-content\/uploads\/products\/product_pictures\/spc45-web-300x300.webp 300w, https:\/\/cedrat-technologies.com\/wp-content\/uploads\/products\/product_pictures\/spc45-web-100x100.webp 100w\" sizes=\"(max-width: 300px) 100vw, 300px\" \/>\t\t\t\t\t\t\t\t\t\t\t\t\t\t\t<\/div>\n\t\t\t\t<\/div>\n\t\t<div class=\"elementor-element elementor-element-33d89f0 e-con-full e-flex e-con e-parent\" data-id=\"33d89f0\" data-element_type=\"container\" data-e-type=\"container\">\n\t\t<div class=\"elementor-element elementor-element-0f6d122 e-con-full e-flex e-con e-parent\" data-id=\"0f6d122\" data-element_type=\"container\" data-e-type=\"container\">\n\t\t\t\t<div class=\"elementor-element elementor-element-ebc92ca elementor-widget__width-initial elementor-widget elementor-widget-heading\" data-id=\"ebc92ca\" data-element_type=\"widget\" data-e-type=\"widget\" data-widget_type=\"heading.default\">\n\t\t\t\t<div class=\"elementor-widget-container\">\n\t\t\t\t\t<p class=\"elementor-heading-title elementor-size-default\">Taille<\/p>\t\t\t\t<\/div>\n\t\t\t\t<\/div>\n\t\t\t\t<div class=\"elementor-element elementor-element-2b0e0fc elementor-widget__width-initial elementor-widget elementor-widget-text-editor\" data-id=\"2b0e0fc\" data-element_type=\"widget\" data-e-type=\"widget\" data-widget_type=\"text-editor.default\">\n\t\t\t\t<div class=\"elementor-widget-container\">\n\t\t\t\t\t\t\t\t\t<p>205 MByte<\/p>\t\t\t\t\t\t\t\t<\/div>\n\t\t\t\t<\/div>\n\t\t\t\t<\/div>\n\t\t<div class=\"elementor-element elementor-element-2b72a4f e-con-full e-flex e-con e-parent\" data-id=\"2b72a4f\" data-element_type=\"container\" data-e-type=\"container\">\n\t\t\t\t<div class=\"elementor-element elementor-element-3a0af29 elementor-widget__width-initial elementor-widget elementor-widget-heading\" data-id=\"3a0af29\" data-element_type=\"widget\" data-e-type=\"widget\" data-widget_type=\"heading.default\">\n\t\t\t\t<div class=\"elementor-widget-container\">\n\t\t\t\t\t<p class=\"elementor-heading-title elementor-size-default\">Description<\/p>\t\t\t\t<\/div>\n\t\t\t\t<\/div>\n\t\t\t\t<div class=\"elementor-element elementor-element-7e0fa12 elementor-widget__width-initial elementor-widget elementor-widget-text-editor\" data-id=\"7e0fa12\" data-element_type=\"widget\" data-e-type=\"widget\" data-widget_type=\"text-editor.default\">\n\t\t\t\t<div class=\"elementor-widget-container\">\n\t\t\t\t\t\t\t\t\t<p>IHM_SPC45_v23 est le logiciel pour le contr\u00f4leur SPC45. Il contient tous les pilotes et l&rsquo;interface Labview pour le contr\u00f4leur SPC45, d\u00e9di\u00e9 aux moteurs pi\u00e9zo, incluant le kit de d\u00e9veloppement LSPA30uXS et la platine pi\u00e9zo LSPS35XS.<\/p>\t\t\t\t\t\t\t\t<\/div>\n\t\t\t\t<\/div>\n\t\t\t\t<\/div>\n\t\t<div class=\"elementor-element elementor-element-3f800a4 e-con-full e-flex e-con e-parent\" data-id=\"3f800a4\" data-element_type=\"container\" data-e-type=\"container\">\n\t\t\t\t<div class=\"elementor-element elementor-element-af463da elementor-widget__width-initial elementor-widget elementor-widget-heading\" data-id=\"af463da\" data-element_type=\"widget\" data-e-type=\"widget\" data-widget_type=\"heading.default\">\n\t\t\t\t<div class=\"elementor-widget-container\">\n\t\t\t\t\t<p class=\"elementor-heading-title elementor-size-default\">Compatibilit\u00e9<\/p>\t\t\t\t<\/div>\n\t\t\t\t<\/div>\n\t\t\t\t<div class=\"elementor-element elementor-element-67833de elementor-widget__width-initial elementor-widget elementor-widget-text-editor\" data-id=\"67833de\" data-element_type=\"widget\" data-e-type=\"widget\" data-widget_type=\"text-editor.default\">\n\t\t\t\t<div class=\"elementor-widget-container\">\n\t\t\t\t\t\t\t\t\t<p>Windows<\/p>\t\t\t\t\t\t\t\t<\/div>\n\t\t\t\t<\/div>\n\t\t\t\t<\/div>\n\t\t\t\t<\/div>\n\t\t\t\t<div class=\"elementor-element elementor-element-d7e2745 elementor-align-center elementor-widget elementor-widget-button\" data-id=\"d7e2745\" data-element_type=\"widget\" data-e-type=\"widget\" data-widget_type=\"button.default\">\n\t\t\t\t<div class=\"elementor-widget-container\">\n\t\t\t\t\t\t\t\t\t<div class=\"elementor-button-wrapper\">\n\t\t\t\t\t<a class=\"elementor-button elementor-button-link elementor-size-sm\" href=\"https:\/\/cedrat-technologies.com\/wp-content\/uploads\/GUI\/IHM_SPC45_v23_230.zip\">\n\t\t\t\t\t\t<span class=\"elementor-button-content-wrapper\">\n\t\t\t\t\t\t<span class=\"elementor-button-icon\">\n\t\t\t\t<i aria-hidden=\"true\" class=\"fas fa-download\"><\/i>\t\t\t<\/span>\n\t\t\t\t\t\t\t\t\t<span class=\"elementor-button-text\">T\u00e9l\u00e9charger<\/span>\n\t\t\t\t\t<\/span>\n\t\t\t\t\t<\/a>\n\t\t\t\t<\/div>\n\t\t\t\t\t\t\t\t<\/div>\n\t\t\t\t<\/div>\n\t\t\t\t<\/div>\n\t\t<div class=\"elementor-element elementor-element-660777a e-con-full e-flex e-con e-parent\" data-id=\"660777a\" data-element_type=\"container\" data-e-type=\"container\">\n\t\t\t\t<div class=\"elementor-element elementor-element-f5dfe8e elementor-widget elementor-widget-heading\" data-id=\"f5dfe8e\" data-element_type=\"widget\" data-e-type=\"widget\" data-widget_type=\"heading.default\">\n\t\t\t\t<div class=\"elementor-widget-container\">\n\t\t\t\t\t<h2 class=\"elementor-heading-title elementor-size-default\">Contr\u00f4leurs digitaux UC55\/CCBu20\/CCBu40<\/h2>\t\t\t\t<\/div>\n\t\t\t\t<\/div>\n\t\t\t\t<div class=\"elementor-element elementor-element-c69a04a elementor-widget elementor-widget-image\" data-id=\"c69a04a\" data-element_type=\"widget\" data-e-type=\"widget\" data-widget_type=\"image.default\">\n\t\t\t\t<div class=\"elementor-widget-container\">\n\t\t\t\t\t\t\t\t\t\t\t\t\t\t\t<img decoding=\"async\" width=\"300\" height=\"300\" src=\"https:\/\/cedrat-technologies.com\/wp-content\/uploads\/2023\/02\/uc55_WEB-300x300.jpg\" class=\"attachment-woocommerce_thumbnail size-woocommerce_thumbnail wp-image-8255\" alt=\"\" srcset=\"https:\/\/cedrat-technologies.com\/wp-content\/uploads\/2023\/02\/uc55_WEB-300x300.jpg 300w, https:\/\/cedrat-technologies.com\/wp-content\/uploads\/2023\/02\/uc55_WEB-100x100.jpg 100w\" sizes=\"(max-width: 300px) 100vw, 300px\" \/>\t\t\t\t\t\t\t\t\t\t\t\t\t\t\t<\/div>\n\t\t\t\t<\/div>\n\t\t<div class=\"elementor-element elementor-element-3903be1 e-con-full e-flex e-con e-parent\" data-id=\"3903be1\" data-element_type=\"container\" data-e-type=\"container\">\n\t\t<div class=\"elementor-element elementor-element-cfc7746 e-con-full e-flex e-con e-parent\" data-id=\"cfc7746\" data-element_type=\"container\" data-e-type=\"container\">\n\t\t\t\t<div class=\"elementor-element elementor-element-fe62ec1 elementor-widget__width-initial elementor-widget elementor-widget-heading\" data-id=\"fe62ec1\" data-element_type=\"widget\" data-e-type=\"widget\" data-widget_type=\"heading.default\">\n\t\t\t\t<div class=\"elementor-widget-container\">\n\t\t\t\t\t<p class=\"elementor-heading-title elementor-size-default\">Taille<\/p>\t\t\t\t<\/div>\n\t\t\t\t<\/div>\n\t\t\t\t<div class=\"elementor-element elementor-element-3fa1561 elementor-widget__width-initial elementor-widget elementor-widget-text-editor\" data-id=\"3fa1561\" data-element_type=\"widget\" data-e-type=\"widget\" data-widget_type=\"text-editor.default\">\n\t\t\t\t<div class=\"elementor-widget-container\">\n\t\t\t\t\t\t\t\t\t<p>214 MByte<\/p>\t\t\t\t\t\t\t\t<\/div>\n\t\t\t\t<\/div>\n\t\t\t\t<\/div>\n\t\t<div class=\"elementor-element elementor-element-639f434 e-con-full e-flex e-con e-parent\" data-id=\"639f434\" data-element_type=\"container\" data-e-type=\"container\">\n\t\t\t\t<div class=\"elementor-element elementor-element-bd200bc elementor-widget__width-initial elementor-widget elementor-widget-heading\" data-id=\"bd200bc\" data-element_type=\"widget\" data-e-type=\"widget\" data-widget_type=\"heading.default\">\n\t\t\t\t<div class=\"elementor-widget-container\">\n\t\t\t\t\t<p class=\"elementor-heading-title elementor-size-default\">Description<\/p>\t\t\t\t<\/div>\n\t\t\t\t<\/div>\n\t\t\t\t<div class=\"elementor-element elementor-element-cf21322 elementor-widget__width-initial elementor-widget elementor-widget-text-editor\" data-id=\"cf21322\" data-element_type=\"widget\" data-e-type=\"widget\" data-widget_type=\"text-editor.default\">\n\t\t\t\t<div class=\"elementor-widget-container\">\n\t\t\t\t\t\t\t\t\t<p>HDPM est le logiciel pour le contr\u00f4leur num\u00e9rique <a href=\"https:\/\/cedrat-technologies.com\/fr\/produit\/uc55\/\">UC55<\/a> et pour les contr\u00f4leurs CCBu20 et <a href=\"https:\/\/cedrat-technologies.com\/fr\/produit\/ccbu40\/\">CCBu40<\/a>. Il contient tous les pilotes et l&rsquo;interface labview pour la carte UC55.<\/p>\t\t\t\t\t\t\t\t<\/div>\n\t\t\t\t<\/div>\n\t\t\t\t<\/div>\n\t\t<div class=\"elementor-element elementor-element-d411374 e-con-full e-flex e-con e-parent\" data-id=\"d411374\" data-element_type=\"container\" data-e-type=\"container\">\n\t\t\t\t<div class=\"elementor-element elementor-element-68f47ce elementor-widget__width-initial elementor-widget elementor-widget-heading\" data-id=\"68f47ce\" data-element_type=\"widget\" data-e-type=\"widget\" data-widget_type=\"heading.default\">\n\t\t\t\t<div class=\"elementor-widget-container\">\n\t\t\t\t\t<p class=\"elementor-heading-title elementor-size-default\">Compatibilit\u00e9<\/p>\t\t\t\t<\/div>\n\t\t\t\t<\/div>\n\t\t\t\t<div class=\"elementor-element elementor-element-2d03692 elementor-widget__width-initial elementor-widget elementor-widget-text-editor\" data-id=\"2d03692\" data-element_type=\"widget\" data-e-type=\"widget\" data-widget_type=\"text-editor.default\">\n\t\t\t\t<div class=\"elementor-widget-container\">\n\t\t\t\t\t\t\t\t\t<p>Windows<\/p>\t\t\t\t\t\t\t\t<\/div>\n\t\t\t\t<\/div>\n\t\t\t\t<\/div>\n\t\t\t\t<\/div>\n\t\t\t\t<div class=\"elementor-element elementor-element-bccddff elementor-align-center elementor-widget elementor-widget-button\" data-id=\"bccddff\" data-element_type=\"widget\" data-e-type=\"widget\" data-widget_type=\"button.default\">\n\t\t\t\t<div class=\"elementor-widget-container\">\n\t\t\t\t\t\t\t\t\t<div class=\"elementor-button-wrapper\">\n\t\t\t\t\t<a class=\"elementor-button elementor-button-link elementor-size-sm\" href=\"https:\/\/cedrat-technologies.com\/wp-content\/uploads\/GUI\/installer_HDPMv2-1.zip\">\n\t\t\t\t\t\t<span class=\"elementor-button-content-wrapper\">\n\t\t\t\t\t\t<span class=\"elementor-button-icon\">\n\t\t\t\t<i aria-hidden=\"true\" class=\"fas fa-download\"><\/i>\t\t\t<\/span>\n\t\t\t\t\t\t\t\t\t<span class=\"elementor-button-text\">T\u00e9l\u00e9charger<\/span>\n\t\t\t\t\t<\/span>\n\t\t\t\t\t<\/a>\n\t\t\t\t<\/div>\n\t\t\t\t\t\t\t\t<\/div>\n\t\t\t\t<\/div>\n\t\t\t\t<\/div>\n\t\t\t\t\t<\/div>\n\t\t\t\t<\/div>\n\t\t<div class=\"elementor-element elementor-element-5703c42 e-flex e-con-boxed e-con e-parent\" data-id=\"5703c42\" data-element_type=\"container\" data-e-type=\"container\">\n\t\t\t\t\t<div class=\"e-con-inner\">\n\t\t\t\t<div class=\"elementor-element elementor-element-61d8100 elementor-widget elementor-widget-spacer\" data-id=\"61d8100\" data-element_type=\"widget\" data-e-type=\"widget\" data-widget_type=\"spacer.default\">\n\t\t\t\t<div class=\"elementor-widget-container\">\n\t\t\t\t\t\t\t<div class=\"elementor-spacer\">\n\t\t\t<div class=\"elementor-spacer-inner\"><\/div>\n\t\t<\/div>\n\t\t\t\t\t\t<\/div>\n\t\t\t\t<\/div>\n\t\t\t\t\t<\/div>\n\t\t\t\t<\/div>\n\t\t\t\t<\/div>\n\t\t","protected":false},"excerpt":{"rendered":"<p>Lorsqu&rsquo;une application n\u00e9cessite une boucle ferm\u00e9e, CEDRAT TECHNOLOGIES propose diff\u00e9rentes solutions bas\u00e9es sur des contr\u00f4leurs digitaux avec plus ou moins de polyvalence et de capacit\u00e9. Le param\u00e9trage de la carte contr\u00f4leur UC55 sur un PC n\u00e9cessite l&rsquo;installation d&rsquo;un logiciel d\u00e9di\u00e9. Veuillez vous r\u00e9f\u00e9rer \u00e0 la liste ci-dessous pour t\u00e9l\u00e9charger l&rsquo;interface graphique appropri\u00e9e \u00e0 votre carte &#8230; <a title=\"Interface graphique\" class=\"read-more\" href=\"https:\/\/cedrat-technologies.com\/fr\/interface-graphique\/\" aria-label=\"En savoir plus sur Interface graphique\">Lire la suite<\/a><\/p>\n","protected":false},"author":1,"featured_media":0,"parent":0,"menu_order":0,"comment_status":"closed","ping_status":"closed","template":"","meta":{"_acf_changed":false,"_seopress_robots_primary_cat":"","_seopress_titles_title":"","_seopress_titles_desc":"","_seopress_robots_index":"","footnotes":""},"class_list":["post-20652","page","type-page","status-publish"],"acf":[],"_links":{"self":[{"href":"https:\/\/cedrat-technologies.com\/fr\/wp-json\/wp\/v2\/pages\/20652","targetHints":{"allow":["GET"]}}],"collection":[{"href":"https:\/\/cedrat-technologies.com\/fr\/wp-json\/wp\/v2\/pages"}],"about":[{"href":"https:\/\/cedrat-technologies.com\/fr\/wp-json\/wp\/v2\/types\/page"}],"author":[{"embeddable":true,"href":"https:\/\/cedrat-technologies.com\/fr\/wp-json\/wp\/v2\/users\/1"}],"replies":[{"embeddable":true,"href":"https:\/\/cedrat-technologies.com\/fr\/wp-json\/wp\/v2\/comments?post=20652"}],"version-history":[{"count":0,"href":"https:\/\/cedrat-technologies.com\/fr\/wp-json\/wp\/v2\/pages\/20652\/revisions"}],"wp:attachment":[{"href":"https:\/\/cedrat-technologies.com\/fr\/wp-json\/wp\/v2\/media?parent=20652"}],"curies":[{"name":"wp","href":"https:\/\/api.w.org\/{rel}","templated":true}]}}