{"id":17020,"date":"2023-04-20T14:33:05","date_gmt":"2023-04-20T12:33:05","guid":{"rendered":"http:\/\/cedrat-technologies.com\/legal-information\/"},"modified":"2024-08-26T11:27:05","modified_gmt":"2024-08-26T09:27:05","slug":"informations-legales","status":"publish","type":"page","link":"https:\/\/cedrat-technologies.com\/fr\/informations-legales\/","title":{"rendered":"Informations l\u00e9gales"},"content":{"rendered":"\t\t<div data-elementor-type=\"wp-page\" data-elementor-id=\"17020\" class=\"elementor elementor-17020 elementor-13198\" data-elementor-post-type=\"page\">\n\t\t\t\t<div class=\"elementor-element elementor-element-33a1085 e-flex e-con-boxed e-con e-parent\" data-id=\"33a1085\" data-element_type=\"container\" data-e-type=\"container\">\n\t\t\t\t\t<div class=\"e-con-inner\">\n\t\t\t\t<div class=\"elementor-element elementor-element-638713d elementor-widget elementor-widget-heading\" data-id=\"638713d\" data-element_type=\"widget\" data-e-type=\"widget\" data-widget_type=\"heading.default\">\n\t\t\t\t<div class=\"elementor-widget-container\">\n\t\t\t\t\t<h2 class=\"elementor-heading-title elementor-size-default\">Mentions l\u00e9gales<\/h2>\t\t\t\t<\/div>\n\t\t\t\t<\/div>\n\t\t\t\t<div class=\"elementor-element elementor-element-a0329db elementor-widget elementor-widget-text-editor\" data-id=\"a0329db\" data-element_type=\"widget\" data-e-type=\"widget\" data-widget_type=\"text-editor.default\">\n\t\t\t\t<div class=\"elementor-widget-container\">\n\t\t\t\t\t\t\t\t\t<h2>1. Pr\u00e9sentation du site.<\/h2>\n<p>Conform\u00e9ment \u00e0 l&rsquo;article 6 de la loi n\u00b0 2004-575 du 21 juin 2004 pour la confiance dans l&rsquo;\u00e9conomie num\u00e9rique, les utilisateurs du site http:\/\/www.cedrat-technologies.com\/ sont inform\u00e9s de l&rsquo;identit\u00e9 des diff\u00e9rents intervenants dans le cadre de sa r\u00e9alisation et de son suivi :<br>Propri\u00e9taire : CEDRAT TECHNOLOGIES &#8211; SA 31041633400046 &#8211; 59 CHE DU VIEUX CHENE 38240 MEYLAN<\/p>\n<p>Cr\u00e9ateur : Webiaprod<\/p>\n<p>Responsable publication : CEDRAT TECHNOLOGIES<\/p>\n<p>Le responsable publication est une personne physique ou une personne morale.<\/p>\n<p>Webmaster : Ewill- contact@ewill.fr<\/p>\n<p>H\u00e9bergeur : OVH &#8211; 2 rue Kellermann &#8211; 59100 Roubaix<\/p>\n<h2>2. Conditions g\u00e9n\u00e9rales d&rsquo;utilisation du site et des services propos\u00e9s.<\/h2>\n<p>L&rsquo;utilisation du site http:\/\/www.cedrat-technologies.com\/ implique l&rsquo;acceptation pleine et enti\u00e8re des conditions g\u00e9n\u00e9rales d&rsquo;utilisation ci-apr\u00e8s d\u00e9crites. Ces conditions d&rsquo;utilisation sont susceptibles d&rsquo;\u00eatre modifi\u00e9es ou compl\u00e9t\u00e9es \u00e0 tout moment, les utilisateurs du site http:\/\/www.cedrat-technologies.com\/ sont donc invit\u00e9s \u00e0 les consulter de mani\u00e8re r\u00e9guli\u00e8re.<br>Le site http:\/\/www.cedrat-technologies.com\/ est normalement accessible aux utilisateurs \u00e0 tout moment. CEDRAT TECHNOLOGIES peut toutefois d\u00e9cider de le mettre en interruption pour des raisons de maintenance technique. CEDRAT TECHNOLOGIES s&rsquo;efforcera alors de communiquer pr\u00e9alablement aux utilisateurs les dates et heures de l&rsquo;intervention.<\/p>\n<p>Le site http:\/\/www.cedrat-technologies.com\/ est r\u00e9guli\u00e8rement mis \u00e0 jour par Ewill. De la m\u00eame fa\u00e7on, les mentions l\u00e9gales peuvent \u00eatre modifi\u00e9es \u00e0 tout moment : elles s&rsquo;imposent n\u00e9anmoins \u00e0 l&rsquo;utilisateur qui est invit\u00e9 \u00e0 s&rsquo;y r\u00e9f\u00e9rer le plus souvent possible afin d&rsquo;en prendre connaissance.<\/p>\n<h2>3. Description des services fournis.<\/h2>\n<p>Le site http:\/\/www.cedrat-technologies.com\/ a pour objet de fournir une information concernant l&rsquo;ensemble des activit\u00e9s de la soci\u00e9t\u00e9.<br>CEDRAT TECHNOLOGIES s&rsquo;efforce de fournir sur le site http:\/\/www.cedrat-technologies.com\/ des informations aussi pr\u00e9cises que possible. Toutefois, il ne pourra \u00eatre tenu responsable des omissions, des inexactitudes et des carences dans la mise \u00e0 jour, qu&rsquo;elles soient de son fait ou du fait des tiers partenaires qui lui fournissent ces informations.<\/p>\n<p>Toutes les informations indiqu\u00e9es sur le site http:\/\/www.cedrat-technologies.com\/ sont donn\u00e9es \u00e0 titre indicatif, et sont susceptibles d&rsquo;\u00e9voluer. Par ailleurs, les informations figurant sur le site http:\/\/www.cedrat-technologies.com\/ ne sont pas exhaustives. Elles sont donn\u00e9es sous r\u00e9serve de modifications ayant \u00e9t\u00e9 apport\u00e9es depuis leur mise en ligne.<\/p>\n<h2>4. Limitations contractuelles sur les donn\u00e9es techniques.<\/h2>\n<p>Le site utilise la technologie WordPress.<br>Le site ne pourra \u00eatre tenu responsable de dommages mat\u00e9riels li\u00e9s \u00e0 l&rsquo;utilisation du site. De plus, l&rsquo;utilisateur du site s&rsquo;engage \u00e0 acc\u00e9der au site en utilisant un mat\u00e9riel r\u00e9cent, ne contenant pas de virus et avec un navigateur mis \u00e0 jour de derni\u00e8re g\u00e9n\u00e9ration.<\/p>\n<h2>5. Propri\u00e9t\u00e9 intellectuelle et contrefa\u00e7ons.<\/h2>\n<p>CEDRAT TECHNOLOGIES est propri\u00e9taire des droits de propri\u00e9t\u00e9 intellectuelle ou d\u00e9tient les droits d&rsquo;usage sur tous les \u00e9l\u00e9ments accessibles sur le site, notamment les textes, images, graphismes, logos, ic\u00f4nes, sons, logiciels.<br>Toute reproduction, repr\u00e9sentation, modification, publication, adaptation de tout ou partie des \u00e9l\u00e9ments du site, quel que soit le moyen ou le proc\u00e9d\u00e9 utilis\u00e9, est interdite, sauf autorisation \u00e9crite pr\u00e9alable de CEDRAT TECHNOLOGIES.<\/p>\n<p>Toute exploitation non autoris\u00e9e du site ou de l&rsquo;un quelconque des \u00e9l\u00e9ments qu&rsquo;il contient sera consid\u00e9r\u00e9e comme constitutive d&rsquo;une contrefa\u00e7on et poursuivie conform\u00e9ment aux dispositions des articles L.335-2 et suivants du Code de Propri\u00e9t\u00e9 Intellectuelle.<\/p>\n<h2>6. Limitations de responsabilit\u00e9.<\/h2>\n<p>CEDRAT TECHNOLOGIES ne pourra \u00eatre tenue responsable des dommages directs et indirects caus\u00e9s au mat\u00e9riel de l&rsquo;utilisateur, lors de l&rsquo;acc\u00e8s au site http:\/\/www.cedrat-technologies.com\/, et r\u00e9sultant soit de l&rsquo;utilisation d&rsquo;un mat\u00e9riel ne r\u00e9pondant pas aux sp\u00e9cifications indiqu\u00e9es au point 4, soit de l&rsquo;apparition d&rsquo;un bug ou d&rsquo;une incompatibilit\u00e9.<br>CEDRAT TECHNOLOGIES ne pourra \u00e9galement \u00eatre tenue responsable de dommages indirects (tels par exemple qu&rsquo;une perte de march\u00e9 ou perte d&rsquo;une chance) cons\u00e9cutifs \u00e0 l&rsquo;utilisation du site http:\/\/www.cedrat-technologies.com\/.<\/p>\n<p>Des espaces interactifs (possibilit\u00e9 de poser des questions dans l&rsquo;espace contact) sont \u00e0 la disposition des utilisateurs. CEDRAT TECHNOLOGIES se r\u00e9serve le droit de supprimer, sans mise en demeure pr\u00e9alable, tout contenu d\u00e9pos\u00e9 dans cet espace qui contreviendrait \u00e0 la l\u00e9gislation applicable en France, en particulier aux dispositions relatives \u00e0 la protection des donn\u00e9es. Le cas \u00e9ch\u00e9ant, CEDRAT TECHNOLOGIES se r\u00e9serve \u00e9galement la possibilit\u00e9 de mettre en cause la responsabilit\u00e9 civile et\/ou p\u00e9nale de l&rsquo;utilisateur, notamment en cas de message \u00e0 caract\u00e8re raciste, injurieux, diffamatoire ou pornographique, quel que soit le support utilis\u00e9 (texte, photographie&#8230;).<\/p>\n<h2>7. Gestion des donn\u00e9es personnelles.<\/h2>\n<p>En France, les donn\u00e9es personnelles sont notamment prot\u00e9g\u00e9es par la loi n\u00b0 78-87 du 6 janvier 1978, la loi n\u00b0 2004-801 du 6 ao\u00fbt 2004, l&rsquo;article L. 226-13 du Code p\u00e9nal et la Directive europ\u00e9enne du 24 octobre 1995.<br>Lors de l&rsquo;utilisation du site http:\/\/www.cedrat-technologies.com\/, peuvent \u00eatre recueillies : l&rsquo;URL des liens par l&rsquo;interm\u00e9diaire desquels l&rsquo;utilisateur a acc\u00e9d\u00e9 au site http:\/\/www.cedrat-technologies.com\/, le fournisseur d&rsquo;acc\u00e8s de l&rsquo;utilisateur, l&rsquo;adresse de protocole Internet (IP) de l&rsquo;utilisateur.<\/p>\n<p>En tout \u00e9tat de cause CEDRAT TECHNOLOGIES ne collecte des informations personnelles relatives \u00e0 l&rsquo;utilisateur que pour le besoin de certains services propos\u00e9s par le site http:\/\/www.cedrat-technologies.com\/.<br>L&rsquo;utilisateur fournit ces informations en toute connaissance de cause, notamment lorsqu&rsquo;il proc\u00e8de par lui-m\u00eame \u00e0 leur saisie. Il est alors pr\u00e9cis\u00e9 \u00e0 l&rsquo;utilisateur du site http:\/\/www.cedrat-technologies.com\/ l&rsquo;obligation ou non de fournir ces informations.<\/p>\n<p>Conform\u00e9ment aux dispositions des articles 38 et suivants de la loi 78-17 du 6 janvier 1978 relative \u00e0 l&rsquo;informatique, aux fichiers et aux libert\u00e9s, tout utilisateur dispose d&rsquo;un droit d&rsquo;acc\u00e8s, de rectification et d&rsquo;opposition aux donn\u00e9es personnelles le concernant, en effectuant sa demande \u00e9crite et sign\u00e9e, accompagn\u00e9e d&rsquo;une copie du titre d&rsquo;identit\u00e9 avec signature du titulaire de la pi\u00e8ce, en pr\u00e9cisant l&rsquo;adresse \u00e0 laquelle la r\u00e9ponse doit \u00eatre envoy\u00e9e.<\/p>\n<p>Aucune information personnelle de l&rsquo;utilisateur du site http:\/\/www.cedrat-technologies.com\/ n&rsquo;est publi\u00e9e \u00e0 l&rsquo;insu de l&rsquo;utilisateur, \u00e9chang\u00e9e, transf\u00e9r\u00e9e, c\u00e9d\u00e9e ou vendue sur un support quelconque \u00e0 des tiers. Seule l&rsquo;hypoth\u00e8se du rachat de CEDRAT TECHNOLOGIES et de ses droits permettrait la transmission desdites informations \u00e0 l&rsquo;\u00e9ventuel acqu\u00e9reur qui serait \u00e0 son tour tenu \u00e0 la m\u00eame obligation de conservation et de modification des donn\u00e9es vis-\u00e0-vis de l&rsquo;utilisateur du site http:\/\/www.cedrat-technologies.com\/.<\/p>\n<p>Les bases de donn\u00e9es sont prot\u00e9g\u00e9es par les dispositions de la loi du 1er juillet 1998 transposant la directive 96\/9 du 11 mars 1996 relative \u00e0 la protection juridique des bases de donn\u00e9es.<\/p>\n<h2>8. Liens hypertextes et cookies.<\/h2>\n<p>Le site http:\/\/www.cedrat-technologies.com\/ contient un certain nombre de liens hypertextes vers d&rsquo;autres sites, mis en place avec l&rsquo;autorisation de CEDRAT TECHNOLOGIES. Cependant, CEDRAT TECHNOLOGIES n&rsquo;a pas la possibilit\u00e9 de v\u00e9rifier le contenu des sites ainsi visit\u00e9s, et n&rsquo;assumera en cons\u00e9quence aucune responsabilit\u00e9 de ce fait.<br>La navigation sur le site http:\/\/www.cedrat-technologies.com\/ est susceptible de provoquer l&rsquo;installation de cookie(s) sur l&rsquo;ordinateur de l&rsquo;utilisateur. Un cookie est un fichier de petite taille, qui ne permet pas l&rsquo;identification de l&rsquo;utilisateur, mais qui enregistre des informations relatives \u00e0 la navigation d&rsquo;un ordinateur sur un site. Les donn\u00e9es ainsi obtenues visent \u00e0 faciliter la navigation ult\u00e9rieure sur le site, et ont \u00e9galement vocation \u00e0 permettre diverses mesures de fr\u00e9quentation.<\/p>\n<p>Le refus d&rsquo;installation d&rsquo;un cookie peut entra\u00eener l&rsquo;impossibilit\u00e9 d&rsquo;acc\u00e9der \u00e0 certains services. L&rsquo;utilisateur peut toutefois configurer son ordinateur de la mani\u00e8re suivante, pour refuser l&rsquo;installation des cookies :<\/p>\n<p>Sous Internet Explorer : onglet outil (pictogramme en forme de rouage en haut \u00e0 droite) \/ options internet. Cliquez sur Confidentialit\u00e9 et choisissez Bloquer tous les cookies. Validez sur Ok.<\/p>\n<p>Sous Firefox : en haut de la fen\u00eatre du navigateur, cliquez sur le bouton Firefox, puis aller dans le menu Options. Cliquer sur l&rsquo;onglet Vie priv\u00e9e.<br>Param\u00e9tre les R\u00e8gles de conservation \u00e0 : utiliser les param\u00e8tres personnalis\u00e9s pour l&rsquo;historique. Enfin d\u00e9cocher-le pour d\u00e9sactiver les cookies.<\/p>\n<p>Sous Safari : Cliquez en haut \u00e0 droite du navigateur sur le pictogramme de menu (symbolis\u00e9 par un rouage). S\u00e9lectionnez Param\u00e8tres. Cliquez sur Afficher les param\u00e8tres avanc\u00e9s. Dans la section \u00ab\u00a0Confidentialit\u00e9\u00a0\u00bb, cliquez sur Param\u00e8tres de contenu. Dans la section \u00ab\u00a0Cookies\u00a0\u00bb, vous pouvez bloquer les cookies.<\/p>\n<p>Sous Chrome : Cliquez en haut \u00e0 droite du navigateur sur le pictogramme de menu (symbolis\u00e9 par trois lignes horizontales). S\u00e9lectionnez Param\u00e8tres. Cliquez sur Afficher les param\u00e8tres avanc\u00e9s. Dans la section \u00ab\u00a0Confidentialit\u00e9\u00a0\u00bb, cliquez sur pr\u00e9f\u00e9rences. Dans l&rsquo;onglet \u00ab\u00a0Confidentialit\u00e9\u00a0\u00bb, vous pouvez bloquer les cookies.<\/p>\n<h2>9. Droit applicable et attribution de juridiction.<\/h2>\n<p>Tout litige en relation avec l&rsquo;utilisation du site http:\/\/www.cedrat-technologies.com\/ est soumis au droit fran\u00e7ais. Il est fait attribution exclusive de juridiction aux tribunaux comp\u00e9tents de Paris.<\/p>\n<h2>10. Les principales lois concern\u00e9es.<\/h2>\n<p>Loi n\u00b0 78-17 du 6 janvier 1978, notamment modifi\u00e9e par la loi n\u00b0 2004-801 du 6 ao\u00fbt 2004 relative \u00e0 l&rsquo;informatique, aux fichiers et aux libert\u00e9s.<br>Loi n\u00b0 2004-575 du 21 juin 2004 pour la confiance dans l&rsquo;\u00e9conomie num\u00e9rique.<\/p>\n<h2>11. Lexique.<\/h2>\n<p>Utilisateur : Internaute se connectant, utilisant le site susnomm\u00e9.<br>Informations personnelles : \u00ab les informations qui permettent, sous quelque forme que ce soit, directement ou non, l&rsquo;identification des personnes physiques auxquelles elles s&rsquo;appliquent \u00bb (article 4 de la loi n\u00b0 78-17 du 6 janvier 1978).<\/p>\t\t\t\t\t\t\t\t<\/div>\n\t\t\t\t<\/div>\n\t\t\t\t\t<\/div>\n\t\t\t\t<\/div>\n\t\t\t\t<\/div>\n\t\t","protected":false},"excerpt":{"rendered":"<p>Mentions l\u00e9gales 1. Pr\u00e9sentation du site. Conform\u00e9ment \u00e0 l&rsquo;article 6 de la loi n\u00b0 2004-575 du 21 juin 2004 pour la confiance dans l&rsquo;\u00e9conomie num\u00e9rique, les utilisateurs du site http:\/\/www.cedrat-technologies.com\/ sont inform\u00e9s de l&rsquo;identit\u00e9 des diff\u00e9rents intervenants dans le cadre de sa r\u00e9alisation et de son suivi :Propri\u00e9taire : CEDRAT TECHNOLOGIES &#8211; SA 31041633400046 &#8211; &#8230; <a title=\"Informations l\u00e9gales\" class=\"read-more\" href=\"https:\/\/cedrat-technologies.com\/fr\/informations-legales\/\" aria-label=\"En savoir plus sur Informations l\u00e9gales\">Lire la suite<\/a><\/p>\n","protected":false},"author":1,"featured_media":0,"parent":0,"menu_order":0,"comment_status":"closed","ping_status":"closed","template":"","meta":{"_acf_changed":false,"_seopress_robots_primary_cat":"","_seopress_titles_title":"","_seopress_titles_desc":"","_seopress_robots_index":"","footnotes":""},"class_list":["post-17020","page","type-page","status-publish"],"acf":[],"_links":{"self":[{"href":"https:\/\/cedrat-technologies.com\/fr\/wp-json\/wp\/v2\/pages\/17020","targetHints":{"allow":["GET"]}}],"collection":[{"href":"https:\/\/cedrat-technologies.com\/fr\/wp-json\/wp\/v2\/pages"}],"about":[{"href":"https:\/\/cedrat-technologies.com\/fr\/wp-json\/wp\/v2\/types\/page"}],"author":[{"embeddable":true,"href":"https:\/\/cedrat-technologies.com\/fr\/wp-json\/wp\/v2\/users\/1"}],"replies":[{"embeddable":true,"href":"https:\/\/cedrat-technologies.com\/fr\/wp-json\/wp\/v2\/comments?post=17020"}],"version-history":[{"count":0,"href":"https:\/\/cedrat-technologies.com\/fr\/wp-json\/wp\/v2\/pages\/17020\/revisions"}],"wp:attachment":[{"href":"https:\/\/cedrat-technologies.com\/fr\/wp-json\/wp\/v2\/media?parent=17020"}],"curies":[{"name":"wp","href":"https:\/\/api.w.org\/{rel}","templated":true}]}}