{"id":16999,"date":"2023-03-02T16:19:17","date_gmt":"2023-03-02T15:19:17","guid":{"rendered":"http:\/\/cedrat-technologies.com\/technologies\/capteurs\/magnetic-field-sensors\/"},"modified":"2024-02-06T14:13:44","modified_gmt":"2024-02-06T13:13:44","slug":"capteurs-de-champ-magnetique","status":"publish","type":"page","link":"https:\/\/cedrat-technologies.com\/fr\/technologies\/capteurs\/capteurs-de-champ-magnetique\/","title":{"rendered":"Capteurs de champ magn\u00e9tique"},"content":{"rendered":"\t\t<div data-elementor-type=\"wp-page\" data-elementor-id=\"16999\" class=\"elementor elementor-16999 elementor-6854\" data-elementor-post-type=\"page\">\n\t\t\t\t<div class=\"elementor-element elementor-element-6704084 e-flex e-con-boxed e-con e-parent\" data-id=\"6704084\" data-element_type=\"container\" data-e-type=\"container\">\n\t\t\t\t\t<div class=\"e-con-inner\">\n\t\t<div class=\"elementor-element elementor-element-cbc306a e-con-full e-flex e-con e-child\" data-id=\"cbc306a\" data-element_type=\"container\" data-e-type=\"container\">\n\t\t\t\t<div class=\"elementor-element elementor-element-7fbbf4b elementor-widget elementor-widget-heading\" data-id=\"7fbbf4b\" data-element_type=\"widget\" data-e-type=\"widget\" data-widget_type=\"heading.default\">\n\t\t\t\t<div class=\"elementor-widget-container\">\n\t\t\t\t\t<h1 class=\"elementor-heading-title elementor-size-default\">Capteurs de champ magn\u00e9tique<\/h1>\t\t\t\t<\/div>\n\t\t\t\t<\/div>\n\t\t\t\t<\/div>\n\t\t\t\t\t<\/div>\n\t\t\t\t<\/div>\n\t\t<div class=\"elementor-element elementor-element-7a4813e e-flex e-con-boxed e-con e-parent\" data-id=\"7a4813e\" data-element_type=\"container\" data-e-type=\"container\">\n\t\t\t\t\t<div class=\"e-con-inner\">\n\t\t<div class=\"elementor-element elementor-element-a69aca3 e-con-full e-flex e-con e-child\" data-id=\"a69aca3\" data-element_type=\"container\" data-e-type=\"container\">\n\t\t\t\t<div class=\"elementor-element elementor-element-0f2bd9a elementor-widget__width-inherit elementor-widget elementor-widget-heading\" data-id=\"0f2bd9a\" data-element_type=\"widget\" data-e-type=\"widget\" data-widget_type=\"heading.default\">\n\t\t\t\t<div class=\"elementor-widget-container\">\n\t\t\t\t\t<h2 class=\"elementor-heading-title elementor-size-default\">Capteurs \u00e0 r\u00e9sonance magn\u00e9tique<\/h2>\t\t\t\t<\/div>\n\t\t\t\t<\/div>\n\t\t<div class=\"elementor-element elementor-element-d5f86ef e-con-full e-flex e-con e-child\" data-id=\"d5f86ef\" data-element_type=\"container\" data-e-type=\"container\">\n\t\t\t\t<div class=\"elementor-element elementor-element-8cb710a elementor-widget elementor-widget-image\" data-id=\"8cb710a\" data-element_type=\"widget\" data-e-type=\"widget\" data-widget_type=\"image.default\">\n\t\t\t\t<div class=\"elementor-widget-container\">\n\t\t\t\t\t\t\t\t\t\t\t\t\t\t\t<img decoding=\"async\" src=\"https:\/\/cedrat-technologies.com\/wp-content\/uploads\/elementor\/thumbs\/csm_MRS_device_01_601edbdde7-qdr81zmgc3dbw15qielucx8uzebys5so8tsqdxtog8.jpg\" title=\"csm_MRS_device_01_601edbdde7\" alt=\"csm_MRS_device_01_601edbdde7\" loading=\"lazy\" \/>\t\t\t\t\t\t\t\t\t\t\t\t\t\t\t<\/div>\n\t\t\t\t<\/div>\n\t\t\t\t<div class=\"elementor-element elementor-element-aecb67e elementor-align-center elementor-widget__width-inherit elementor-widget elementor-widget-button\" data-id=\"aecb67e\" data-element_type=\"widget\" data-e-type=\"widget\" data-widget_type=\"button.default\">\n\t\t\t\t<div class=\"elementor-widget-container\">\n\t\t\t\t\t\t\t\t\t<div class=\"elementor-button-wrapper\">\n\t\t\t\t\t<a class=\"elementor-button elementor-button-link elementor-size-xs\" href=\"https:\/\/cedrat-technologies.com\/wp-content\/uploads\/2023\/03\/Magnetic_Resonant_Sensors.pdf\">\n\t\t\t\t\t\t<span class=\"elementor-button-content-wrapper\">\n\t\t\t\t\t\t<span class=\"elementor-button-icon\">\n\t\t\t\t<i aria-hidden=\"true\" class=\"far fa-file-pdf\"><\/i>\t\t\t<\/span>\n\t\t\t\t\t\t\t\t\t<span class=\"elementor-button-text\">En savoir plus<\/span>\n\t\t\t\t\t<\/span>\n\t\t\t\t\t<\/a>\n\t\t\t\t<\/div>\n\t\t\t\t\t\t\t\t<\/div>\n\t\t\t\t<\/div>\n\t\t\t\t<\/div>\n\t\t<div class=\"elementor-element elementor-element-77dbe0a e-con-full e-flex e-con e-child\" data-id=\"77dbe0a\" data-element_type=\"container\" data-e-type=\"container\">\n\t\t\t\t<div class=\"elementor-element elementor-element-e2a4d07 elementor-widget elementor-widget-text-editor\" data-id=\"e2a4d07\" data-element_type=\"widget\" data-e-type=\"widget\" data-widget_type=\"text-editor.default\">\n\t\t\t\t<div class=\"elementor-widget-container\">\n\t\t\t\t\t\t\t\t\t<p>Les capteurs \u00e0 r\u00e9sonance magn\u00e9tique sont des capteurs de champ magn\u00e9tique passif \u00e0 distance avec antenne int\u00e9gr\u00e9e pour le transfert de donn\u00e9es<\/p>\t\t\t\t\t\t\t\t<\/div>\n\t\t\t\t<\/div>\n\t\t\t\t<div class=\"elementor-element elementor-element-742d8bc elementor-widget elementor-widget-heading\" data-id=\"742d8bc\" data-element_type=\"widget\" data-e-type=\"widget\" data-widget_type=\"heading.default\">\n\t\t\t\t<div class=\"elementor-widget-container\">\n\t\t\t\t\t<h3 class=\"elementor-heading-title elementor-size-default\">Applications<\/h3>\t\t\t\t<\/div>\n\t\t\t\t<\/div>\n\t\t\t\t<div class=\"elementor-element elementor-element-cac950b elementor-widget elementor-widget-text-editor\" data-id=\"cac950b\" data-element_type=\"widget\" data-e-type=\"widget\" data-widget_type=\"text-editor.default\">\n\t\t\t\t<div class=\"elementor-widget-container\">\n\t\t\t\t\t\t\t\t\t<p>Capteur magn\u00e9tique, Syst\u00e8me de positionnement, Syst\u00e8me d\u2019identification\u2026<\/p>\t\t\t\t\t\t\t\t<\/div>\n\t\t\t\t<\/div>\n\t\t\t\t<div class=\"elementor-element elementor-element-50bc88b elementor-widget elementor-widget-heading\" data-id=\"50bc88b\" data-element_type=\"widget\" data-e-type=\"widget\" data-widget_type=\"heading.default\">\n\t\t\t\t<div class=\"elementor-widget-container\">\n\t\t\t\t\t<h3 class=\"elementor-heading-title elementor-size-default\">STATUT<\/h3>\t\t\t\t<\/div>\n\t\t\t\t<\/div>\n\t\t\t\t<div class=\"elementor-element elementor-element-537d37b elementor-widget elementor-widget-text-editor\" data-id=\"537d37b\" data-element_type=\"widget\" data-e-type=\"widget\" data-widget_type=\"text-editor.default\">\n\t\t\t\t<div class=\"elementor-widget-container\">\n\t\t\t\t\t\t\t\t\t<p>Proof of concept<\/p>\t\t\t\t\t\t\t\t<\/div>\n\t\t\t\t<\/div>\n\t\t\t\t<\/div>\n\t\t<div class=\"elementor-element elementor-element-4a773a9 e-con-full e-flex e-con e-child\" data-id=\"4a773a9\" data-element_type=\"container\" data-e-type=\"container\" data-settings=\"{&quot;background_background&quot;:&quot;classic&quot;,&quot;position&quot;:&quot;absolute&quot;}\">\n\t\t\t\t<\/div>\n\t\t\t\t<\/div>\n\t\t<div class=\"elementor-element elementor-element-8eeb3f2 e-con-full e-flex e-con e-child\" data-id=\"8eeb3f2\" data-element_type=\"container\" data-e-type=\"container\">\n\t\t\t\t<div class=\"elementor-element elementor-element-82900e8 elementor-widget__width-inherit elementor-widget elementor-widget-heading\" data-id=\"82900e8\" data-element_type=\"widget\" data-e-type=\"widget\" data-widget_type=\"heading.default\">\n\t\t\t\t<div class=\"elementor-widget-container\">\n\t\t\t\t\t<h2 class=\"elementor-heading-title elementor-size-default\">Capteur de d\u00e9tection de p\u00f4le<\/h2>\t\t\t\t<\/div>\n\t\t\t\t<\/div>\n\t\t<div class=\"elementor-element elementor-element-025d8e1 e-con-full e-flex e-con e-child\" data-id=\"025d8e1\" data-element_type=\"container\" data-e-type=\"container\">\n\t\t\t\t<div class=\"elementor-element elementor-element-a1841c4 elementor-widget elementor-widget-image\" data-id=\"a1841c4\" data-element_type=\"widget\" data-e-type=\"widget\" data-widget_type=\"image.default\">\n\t\t\t\t<div class=\"elementor-widget-container\">\n\t\t\t\t\t\t\t\t\t\t\t\t\t\t\t<img decoding=\"async\" src=\"https:\/\/cedrat-technologies.com\/wp-content\/uploads\/elementor\/thumbs\/csm_Mag_sensorS_02_ffb47b0af4-q2xfax8aibb94pxtfz3it3n97pndsfx4klm89rv19c.jpg\" title=\"csm_Mag_sensorS_02_ffb47b0af4\" alt=\"csm_Mag_sensorS_02_ffb47b0af4\" loading=\"lazy\" \/>\t\t\t\t\t\t\t\t\t\t\t\t\t\t\t<\/div>\n\t\t\t\t<\/div>\n\t\t\t\t<\/div>\n\t\t<div class=\"elementor-element elementor-element-6a13439 e-con-full e-flex e-con e-child\" data-id=\"6a13439\" data-element_type=\"container\" data-e-type=\"container\">\n\t\t\t\t<div class=\"elementor-element elementor-element-aff1cec elementor-widget elementor-widget-text-editor\" data-id=\"aff1cec\" data-element_type=\"widget\" data-e-type=\"widget\" data-widget_type=\"text-editor.default\">\n\t\t\t\t<div class=\"elementor-widget-container\">\n\t\t\t\t\t\t\t\t\t<p>Bo\u00eetier \u00e9lectronique pour la d\u00e9tection de p\u00f4le magn\u00e9tique<\/p>\t\t\t\t\t\t\t\t<\/div>\n\t\t\t\t<\/div>\n\t\t\t\t<div class=\"elementor-element elementor-element-b36002e elementor-widget elementor-widget-heading\" data-id=\"b36002e\" data-element_type=\"widget\" data-e-type=\"widget\" data-widget_type=\"heading.default\">\n\t\t\t\t<div class=\"elementor-widget-container\">\n\t\t\t\t\t<h3 class=\"elementor-heading-title elementor-size-default\">Applications<\/h3>\t\t\t\t<\/div>\n\t\t\t\t<\/div>\n\t\t\t\t<div class=\"elementor-element elementor-element-fe994bc elementor-widget elementor-widget-text-editor\" data-id=\"fe994bc\" data-element_type=\"widget\" data-e-type=\"widget\" data-widget_type=\"text-editor.default\">\n\t\t\t\t<div class=\"elementor-widget-container\">\n\t\t\t\t\t\t\t\t\t<p>D\u00e9tection de champ magn\u00e9tique\u2026<\/p>\t\t\t\t\t\t\t\t<\/div>\n\t\t\t\t<\/div>\n\t\t\t\t<div class=\"elementor-element elementor-element-308c58f elementor-widget elementor-widget-heading\" data-id=\"308c58f\" data-element_type=\"widget\" data-e-type=\"widget\" data-widget_type=\"heading.default\">\n\t\t\t\t<div class=\"elementor-widget-container\">\n\t\t\t\t\t<h3 class=\"elementor-heading-title elementor-size-default\">STATUT<\/h3>\t\t\t\t<\/div>\n\t\t\t\t<\/div>\n\t\t\t\t<div class=\"elementor-element elementor-element-1b438fa elementor-widget elementor-widget-text-editor\" data-id=\"1b438fa\" data-element_type=\"widget\" data-e-type=\"widget\" data-widget_type=\"text-editor.default\">\n\t\t\t\t<div class=\"elementor-widget-container\">\n\t\t\t\t\t\t\t\t\t<p>Prototype<\/p>\t\t\t\t\t\t\t\t<\/div>\n\t\t\t\t<\/div>\n\t\t\t\t<\/div>\n\t\t<div class=\"elementor-element elementor-element-e60a139 e-con-full e-flex e-con e-child\" data-id=\"e60a139\" data-element_type=\"container\" data-e-type=\"container\" data-settings=\"{&quot;background_background&quot;:&quot;classic&quot;,&quot;position&quot;:&quot;absolute&quot;}\">\n\t\t\t\t<\/div>\n\t\t\t\t<\/div>\n\t\t\t\t\t<\/div>\n\t\t\t\t<\/div>\n\t\t\t\t<\/div>\n\t\t","protected":false},"excerpt":{"rendered":"<p>Capteurs \u00e0 r\u00e9sonance magn\u00e9tique En savoir plus Les capteurs \u00e0 r\u00e9sonance magn\u00e9tique sont des capteurs de champ magn\u00e9tique passif \u00e0 distance avec antenne int\u00e9gr\u00e9e pour le transfert de donn\u00e9es Applications Capteur magn\u00e9tique, Syst\u00e8me de positionnement, Syst\u00e8me d\u2019identification\u2026 STATUT Proof of concept Capteur de d\u00e9tection de p\u00f4le Bo\u00eetier \u00e9lectronique pour la d\u00e9tection de p\u00f4le magn\u00e9tique Applications &#8230; <a title=\"Capteurs de champ magn\u00e9tique\" class=\"read-more\" href=\"https:\/\/cedrat-technologies.com\/fr\/technologies\/capteurs\/capteurs-de-champ-magnetique\/\" aria-label=\"En savoir plus sur Capteurs de champ magn\u00e9tique\">Lire la suite<\/a><\/p>\n","protected":false},"author":1,"featured_media":0,"parent":16988,"menu_order":0,"comment_status":"closed","ping_status":"closed","template":"","meta":{"_acf_changed":false,"_seopress_robots_primary_cat":"","_seopress_titles_title":"Capteurs de champ magn\u00e9tique - Cedrat Technologies","_seopress_titles_desc":"Explorez les capteurs de champ magn\u00e9tique de Cedrat Technologies, offrant des mesures pr\u00e9cises et sensibles des champs magn\u00e9tiques pour diff\u00e9rentes applications.","_seopress_robots_index":"","footnotes":""},"class_list":["post-16999","page","type-page","status-publish"],"acf":[],"_links":{"self":[{"href":"https:\/\/cedrat-technologies.com\/fr\/wp-json\/wp\/v2\/pages\/16999","targetHints":{"allow":["GET"]}}],"collection":[{"href":"https:\/\/cedrat-technologies.com\/fr\/wp-json\/wp\/v2\/pages"}],"about":[{"href":"https:\/\/cedrat-technologies.com\/fr\/wp-json\/wp\/v2\/types\/page"}],"author":[{"embeddable":true,"href":"https:\/\/cedrat-technologies.com\/fr\/wp-json\/wp\/v2\/users\/1"}],"replies":[{"embeddable":true,"href":"https:\/\/cedrat-technologies.com\/fr\/wp-json\/wp\/v2\/comments?post=16999"}],"version-history":[{"count":0,"href":"https:\/\/cedrat-technologies.com\/fr\/wp-json\/wp\/v2\/pages\/16999\/revisions"}],"up":[{"embeddable":true,"href":"https:\/\/cedrat-technologies.com\/fr\/wp-json\/wp\/v2\/pages\/16988"}],"wp:attachment":[{"href":"https:\/\/cedrat-technologies.com\/fr\/wp-json\/wp\/v2\/media?parent=16999"}],"curies":[{"name":"wp","href":"https:\/\/api.w.org\/{rel}","templated":true}]}}