{"id":16994,"date":"2023-03-02T15:59:44","date_gmt":"2023-03-02T14:59:44","guid":{"rendered":"http:\/\/cedrat-technologies.com\/technologies\/capteurs\/force-torque-sensors\/"},"modified":"2024-02-06T14:12:37","modified_gmt":"2024-02-06T13:12:37","slug":"capteurs-de-force-et-couple","status":"publish","type":"page","link":"https:\/\/cedrat-technologies.com\/fr\/technologies\/capteurs\/capteurs-de-force-et-couple\/","title":{"rendered":"Capteurs de force et couple"},"content":{"rendered":"\t\t<div data-elementor-type=\"wp-page\" data-elementor-id=\"16994\" class=\"elementor elementor-16994 elementor-6791\" data-elementor-post-type=\"page\">\n\t\t\t\t<div class=\"elementor-element elementor-element-6704084 e-flex e-con-boxed e-con e-parent\" data-id=\"6704084\" data-element_type=\"container\" data-e-type=\"container\">\n\t\t\t\t\t<div class=\"e-con-inner\">\n\t\t<div class=\"elementor-element elementor-element-cbc306a e-con-full e-flex e-con e-child\" data-id=\"cbc306a\" data-element_type=\"container\" data-e-type=\"container\">\n\t\t\t\t<div class=\"elementor-element elementor-element-fc87b08 elementor-widget elementor-widget-heading\" data-id=\"fc87b08\" data-element_type=\"widget\" data-e-type=\"widget\" data-widget_type=\"heading.default\">\n\t\t\t\t<div class=\"elementor-widget-container\">\n\t\t\t\t\t<h1 class=\"elementor-heading-title elementor-size-default\">Capteurs de force et couple<\/h1>\t\t\t\t<\/div>\n\t\t\t\t<\/div>\n\t\t\t\t<div class=\"elementor-element elementor-element-b17ee8c elementor-widget elementor-widget-text-editor\" data-id=\"b17ee8c\" data-element_type=\"widget\" data-e-type=\"widget\" data-widget_type=\"text-editor.default\">\n\t\t\t\t<div class=\"elementor-widget-container\">\n\t\t\t\t\t\t\t\t\t<p class=\"align-justify\">Les forces de d\u00e9tection et le couple sont utiles pour la plupart des applications m\u00e9catroniques et des syst\u00e8mes de d\u00e9tection, mais ne sont pas toujours faciles \u00e0 int\u00e9grer dans les applications, en particulier lorsqu\u2019il s\u2019agit de pi\u00e8ces mobiles ou vibrantes, d\u2019arbres rotatifs, etc.<\/p><p class=\"align-justify\">Gr\u00e2ce \u00e0 son expertise dans les effets magn\u00e9tiques et les mat\u00e9riaux intelligents (pi\u00e9zo\u00e9lectriques, magn\u00e9tostrictifs, magn\u00e9to\u00e9lastiques, r\u00e9sonance LC), CEDRAT TECHNOLOGIES a d\u00e9velopp\u00e9 divers capteurs de force, de contrainte et de couple (transducteurs r\u00e9cepteurs) pour ses clients, qui r\u00e9pondent aux exigences strictes des applications cit\u00e9es ci-dessus.<\/p><p class=\"align-justify\">Les exemples de capteurs ci-dessous incluent le capteur de couple sans contact CTS d\u00e9velopp\u00e9 pour les voitures avec PSA, un capteur de force magn\u00e9tique sans contact pour les syst\u00e8mes de manutention de mandrins et de palettes dans les machines-outils, un capteur de force magn\u00e9tostrictif d\u00e9velopp\u00e9 pour la surveillance de la sant\u00e9 du b\u00e9ton pr\u00e9contraint avec EDF et Freyssinet.<\/p><p class=\"align-justify\">D\u2019autres d\u00e9veloppements de CEDRAT TECHNOLOGIES dans la d\u00e9tection et la mesure comprennent les capteurs de contrainte des capteurs de charge pi\u00e9zo\u00e9lectriques, la\u00a0<a href=\"https:\/\/cedrat-technologies.com\/fr\/technologies\/systemes-mecatroniques\/recuperation-denergie\/\" target=\"_self\">r\u00e9cup\u00e9ration d\u2019\u00e9nergie<\/a>\u00a0magn\u00e9tique ou pi\u00e9zo\u00e9lectrique, les\u00a0<a href=\"https:\/\/www.cedrat-technologies.com\/fr\/technologies\/capteurs\/capteurs-de-champ-magnetique.html\" target=\"_self\">capteurs de champ magn\u00e9tique<\/a>, etc.<\/p><p>Pour en savoir plus sur nos capteurs, consultez \u00e9galement nos\u00a0<a href=\"https:\/\/cedrat-technologies.com\/fr\/demande-catalogue\/\" target=\"_self\">produits pi\u00e9zo\u00e9lectriques et magn\u00e9tiques<\/a>, notre\u00a0<a href=\"https:\/\/cedrat-technologies.com\/fr\/technologies\/systemes-de-detection\/\" target=\"_self\">syst\u00e8me de d\u00e9tection<\/a>\u00a0acoustique et magn\u00e9tique et nos publications connexes sur les capteurs.<\/p>\t\t\t\t\t\t\t\t<\/div>\n\t\t\t\t<\/div>\n\t\t\t\t<\/div>\n\t\t\t\t\t<\/div>\n\t\t\t\t<\/div>\n\t\t<div class=\"elementor-element elementor-element-488a53f e-flex e-con-boxed e-con e-parent\" data-id=\"488a53f\" data-element_type=\"container\" data-e-type=\"container\">\n\t\t\t\t\t<div class=\"e-con-inner\">\n\t\t<div class=\"elementor-element elementor-element-8fc5e6f e-con-full e-flex e-con e-child\" data-id=\"8fc5e6f\" data-element_type=\"container\" data-e-type=\"container\">\n\t\t\t\t<div class=\"elementor-element elementor-element-e42fac4 elementor-widget__width-inherit elementor-widget elementor-widget-heading\" data-id=\"e42fac4\" data-element_type=\"widget\" data-e-type=\"widget\" data-widget_type=\"heading.default\">\n\t\t\t\t<div class=\"elementor-widget-container\">\n\t\t\t\t\t<h2 class=\"elementor-heading-title elementor-size-default\">Capteurs de forces pour la surveillance de l'usinage<\/h2>\t\t\t\t<\/div>\n\t\t\t\t<\/div>\n\t\t<div class=\"elementor-element elementor-element-3d83f8a e-con-full e-flex e-con e-child\" data-id=\"3d83f8a\" data-element_type=\"container\" data-e-type=\"container\">\n\t\t\t\t<div class=\"elementor-element elementor-element-d458183 elementor-widget elementor-widget-image\" data-id=\"d458183\" data-element_type=\"widget\" data-e-type=\"widget\" data-widget_type=\"image.default\">\n\t\t\t\t<div class=\"elementor-widget-container\">\n\t\t\t\t\t\t\t\t\t\t\t\t\t\t\t<img decoding=\"async\" src=\"https:\/\/cedrat-technologies.com\/wp-content\/uploads\/elementor\/thumbs\/csm_force_feedback_table_only_17e7401d69-qdr82rtm14fxkc0rxqsnfq4osygz72wmcpdas8nvhc.jpg\" title=\"csm_force_feedback_table_only_17e7401d69\" alt=\"csm_force_feedback_table_only_17e7401d69\" loading=\"lazy\" \/>\t\t\t\t\t\t\t\t\t\t\t\t\t\t\t<\/div>\n\t\t\t\t<\/div>\n\t\t\t\t<div class=\"elementor-element elementor-element-f8ba985 elementor-align-center elementor-widget__width-inherit elementor-widget elementor-widget-button\" data-id=\"f8ba985\" data-element_type=\"widget\" data-e-type=\"widget\" data-widget_type=\"button.default\">\n\t\t\t\t<div class=\"elementor-widget-container\">\n\t\t\t\t\t\t\t\t\t<div class=\"elementor-button-wrapper\">\n\t\t\t\t\t<a class=\"elementor-button elementor-button-link elementor-size-xs\" href=\"https:\/\/cedrat-technologies.com\/wp-content\/uploads\/2023\/03\/mc_suite-1.pdf\">\n\t\t\t\t\t\t<span class=\"elementor-button-content-wrapper\">\n\t\t\t\t\t\t<span class=\"elementor-button-icon\">\n\t\t\t\t<i aria-hidden=\"true\" class=\"far fa-file-pdf\"><\/i>\t\t\t<\/span>\n\t\t\t\t\t\t\t\t\t<span class=\"elementor-button-text\">En savoir plus<\/span>\n\t\t\t\t\t<\/span>\n\t\t\t\t\t<\/a>\n\t\t\t\t<\/div>\n\t\t\t\t\t\t\t\t<\/div>\n\t\t\t\t<\/div>\n\t\t\t\t<div class=\"elementor-element elementor-element-b7d2713 elementor-align-center elementor-widget__width-inherit elementor-widget elementor-widget-button\" data-id=\"b7d2713\" data-element_type=\"widget\" data-e-type=\"widget\" data-widget_type=\"button.default\">\n\t\t\t\t<div class=\"elementor-widget-container\">\n\t\t\t\t\t\t\t\t\t<div class=\"elementor-button-wrapper\">\n\t\t\t\t\t<a class=\"elementor-button elementor-button-link elementor-size-xs\" href=\"https:\/\/www.youtube.com\/watch?v=G0ya0IQ-8k8\">\n\t\t\t\t\t\t<span class=\"elementor-button-content-wrapper\">\n\t\t\t\t\t\t<span class=\"elementor-button-icon\">\n\t\t\t\t<i aria-hidden=\"true\" class=\"fas fa-play-circle\"><\/i>\t\t\t<\/span>\n\t\t\t\t\t\t\t\t\t<span class=\"elementor-button-text\">Voir la vid\u00e9o<\/span>\n\t\t\t\t\t<\/span>\n\t\t\t\t\t<\/a>\n\t\t\t\t<\/div>\n\t\t\t\t\t\t\t\t<\/div>\n\t\t\t\t<\/div>\n\t\t\t\t<\/div>\n\t\t<div class=\"elementor-element elementor-element-f83c456 e-con-full e-flex e-con e-child\" data-id=\"f83c456\" data-element_type=\"container\" data-e-type=\"container\">\n\t\t\t\t<div class=\"elementor-element elementor-element-acff93c elementor-widget elementor-widget-text-editor\" data-id=\"acff93c\" data-element_type=\"widget\" data-e-type=\"widget\" data-widget_type=\"text-editor.default\">\n\t\t\t\t<div class=\"elementor-widget-container\">\n\t\t\t\t\t\t\t\t\t<p>Table de r\u00e9troaction de force \u00e0 un axe \u2013 Capable de mesurer les forces dans une seule direction avec une plage de 20kN, une r\u00e9solution de 12N et une pr\u00e9cision allant de 50N \u00e0 1kHz, la table a des dimensions de diam\u00e8tre 100mm et une hauteur de 70mm.<\/p>\t\t\t\t\t\t\t\t<\/div>\n\t\t\t\t<\/div>\n\t\t\t\t<div class=\"elementor-element elementor-element-b0fafdc elementor-widget elementor-widget-heading\" data-id=\"b0fafdc\" data-element_type=\"widget\" data-e-type=\"widget\" data-widget_type=\"heading.default\">\n\t\t\t\t<div class=\"elementor-widget-container\">\n\t\t\t\t\t<h3 class=\"elementor-heading-title elementor-size-default\">Applications<\/h3>\t\t\t\t<\/div>\n\t\t\t\t<\/div>\n\t\t\t\t<div class=\"elementor-element elementor-element-75f276d elementor-widget elementor-widget-text-editor\" data-id=\"75f276d\" data-element_type=\"widget\" data-e-type=\"widget\" data-widget_type=\"text-editor.default\">\n\t\t\t\t<div class=\"elementor-widget-container\">\n\t\t\t\t\t\t\t\t\t<p>Machines-outils<\/p>\t\t\t\t\t\t\t\t<\/div>\n\t\t\t\t<\/div>\n\t\t\t\t<div class=\"elementor-element elementor-element-d776502 elementor-widget elementor-widget-heading\" data-id=\"d776502\" data-element_type=\"widget\" data-e-type=\"widget\" data-widget_type=\"heading.default\">\n\t\t\t\t<div class=\"elementor-widget-container\">\n\t\t\t\t\t<h3 class=\"elementor-heading-title elementor-size-default\">STATUT<\/h3>\t\t\t\t<\/div>\n\t\t\t\t<\/div>\n\t\t\t\t<div class=\"elementor-element elementor-element-d4bc32e elementor-widget elementor-widget-text-editor\" data-id=\"d4bc32e\" data-element_type=\"widget\" data-e-type=\"widget\" data-widget_type=\"text-editor.default\">\n\t\t\t\t<div class=\"elementor-widget-container\">\n\t\t\t\t\t\t\t\t\t<p>Prototype<\/p>\t\t\t\t\t\t\t\t<\/div>\n\t\t\t\t<\/div>\n\t\t\t\t<\/div>\n\t\t<div class=\"elementor-element elementor-element-d65d9fa e-con-full e-flex e-con e-child\" data-id=\"d65d9fa\" data-element_type=\"container\" data-e-type=\"container\" data-settings=\"{&quot;background_background&quot;:&quot;classic&quot;,&quot;position&quot;:&quot;absolute&quot;}\">\n\t\t\t\t<\/div>\n\t\t\t\t<\/div>\n\t\t<div class=\"elementor-element elementor-element-550266a e-con-full e-flex e-con e-child\" data-id=\"550266a\" data-element_type=\"container\" data-e-type=\"container\">\n\t\t\t\t<div class=\"elementor-element elementor-element-773e6de elementor-widget__width-inherit elementor-widget elementor-widget-heading\" data-id=\"773e6de\" data-element_type=\"widget\" data-e-type=\"widget\" data-widget_type=\"heading.default\">\n\t\t\t\t<div class=\"elementor-widget-container\">\n\t\t\t\t\t<h2 class=\"elementor-heading-title elementor-size-default\">Capteurs de couple sans contact CTS<\/h2>\t\t\t\t<\/div>\n\t\t\t\t<\/div>\n\t\t<div class=\"elementor-element elementor-element-bbb4d93 e-con-full e-flex e-con e-child\" data-id=\"bbb4d93\" data-element_type=\"container\" data-e-type=\"container\">\n\t\t\t\t<div class=\"elementor-element elementor-element-1de8b3a elementor-widget elementor-widget-image\" data-id=\"1de8b3a\" data-element_type=\"widget\" data-e-type=\"widget\" data-widget_type=\"image.default\">\n\t\t\t\t<div class=\"elementor-widget-container\">\n\t\t\t\t\t\t\t\t\t\t\t\t\t\t\t<img decoding=\"async\" src=\"https:\/\/cedrat-technologies.com\/wp-content\/uploads\/elementor\/thumbs\/csm_CTS_with_shaft_01_8402cae170-q2xei5e5avx9qfqfgjcnhd1al3gw5zoxa6p5euivq8.jpg\" title=\"csm_CTS_with_shaft_01_8402cae170\" alt=\"csm_CTS_with_shaft_01_8402cae170\" loading=\"lazy\" \/>\t\t\t\t\t\t\t\t\t\t\t\t\t\t\t<\/div>\n\t\t\t\t<\/div>\n\t\t\t\t<div class=\"elementor-element elementor-element-64fde38 elementor-align-center elementor-widget__width-inherit elementor-widget elementor-widget-button\" data-id=\"64fde38\" data-element_type=\"widget\" data-e-type=\"widget\" data-widget_type=\"button.default\">\n\t\t\t\t<div class=\"elementor-widget-container\">\n\t\t\t\t\t\t\t\t\t<div class=\"elementor-button-wrapper\">\n\t\t\t\t\t<a class=\"elementor-button elementor-button-link elementor-size-xs\" href=\"https:\/\/cedrat-technologies.com\/wp-content\/uploads\/technologies\/sensors\/force_torque_sensors\/contactless_torque_sensor.pdf\">\n\t\t\t\t\t\t<span class=\"elementor-button-content-wrapper\">\n\t\t\t\t\t\t<span class=\"elementor-button-icon\">\n\t\t\t\t<i aria-hidden=\"true\" class=\"far fa-file-pdf\"><\/i>\t\t\t<\/span>\n\t\t\t\t\t\t\t\t\t<span class=\"elementor-button-text\">En savoir plus<\/span>\n\t\t\t\t\t<\/span>\n\t\t\t\t\t<\/a>\n\t\t\t\t<\/div>\n\t\t\t\t\t\t\t\t<\/div>\n\t\t\t\t<\/div>\n\t\t\t\t<\/div>\n\t\t<div class=\"elementor-element elementor-element-0d3d86e e-con-full e-flex e-con e-child\" data-id=\"0d3d86e\" data-element_type=\"container\" data-e-type=\"container\">\n\t\t\t\t<div class=\"elementor-element elementor-element-3e10b2a elementor-widget elementor-widget-text-editor\" data-id=\"3e10b2a\" data-element_type=\"widget\" data-e-type=\"widget\" data-widget_type=\"text-editor.default\">\n\t\t\t\t<div class=\"elementor-widget-container\">\n\t\t\t\t\t\t\t\t\t<p>CEDRAT TECHNOLOGIES propose de nouveaux capteurs brevet\u00e9s \u00e9conomiques sans contact. Le concept est tellement modulaire et polyvalent que les produits OEM personnalis\u00e9s peuvent \u00eatre rapidement d\u00e9velopp\u00e9s. \u00a0Le concept repose sur l\u2019utilisation d\u2019un convertisseur de torsion et d\u2019un capteur de proximit\u00e9.<\/p>\t\t\t\t\t\t\t\t<\/div>\n\t\t\t\t<\/div>\n\t\t\t\t<div class=\"elementor-element elementor-element-9439854 elementor-widget elementor-widget-heading\" data-id=\"9439854\" data-element_type=\"widget\" data-e-type=\"widget\" data-widget_type=\"heading.default\">\n\t\t\t\t<div class=\"elementor-widget-container\">\n\t\t\t\t\t<h3 class=\"elementor-heading-title elementor-size-default\">Applications<\/h3>\t\t\t\t<\/div>\n\t\t\t\t<\/div>\n\t\t\t\t<div class=\"elementor-element elementor-element-48ac2dc elementor-widget elementor-widget-text-editor\" data-id=\"48ac2dc\" data-element_type=\"widget\" data-e-type=\"widget\" data-widget_type=\"text-editor.default\">\n\t\t\t\t<div class=\"elementor-widget-container\">\n\t\t\t\t\t\t\t\t\t<p>Surveillance des processus de production, Machines-outils, Automobile\u2026<\/p>\t\t\t\t\t\t\t\t<\/div>\n\t\t\t\t<\/div>\n\t\t\t\t<div class=\"elementor-element elementor-element-d6be501 elementor-widget elementor-widget-heading\" data-id=\"d6be501\" data-element_type=\"widget\" data-e-type=\"widget\" data-widget_type=\"heading.default\">\n\t\t\t\t<div class=\"elementor-widget-container\">\n\t\t\t\t\t<h3 class=\"elementor-heading-title elementor-size-default\">STATUT<\/h3>\t\t\t\t<\/div>\n\t\t\t\t<\/div>\n\t\t\t\t<div class=\"elementor-element elementor-element-bd881a4 elementor-widget elementor-widget-text-editor\" data-id=\"bd881a4\" data-element_type=\"widget\" data-e-type=\"widget\" data-widget_type=\"text-editor.default\">\n\t\t\t\t<div class=\"elementor-widget-container\">\n\t\t\t\t\t\t\t\t\t<p>Prototype<\/p>\t\t\t\t\t\t\t\t<\/div>\n\t\t\t\t<\/div>\n\t\t\t\t<\/div>\n\t\t<div class=\"elementor-element elementor-element-edbabb0 e-con-full e-flex e-con e-child\" data-id=\"edbabb0\" data-element_type=\"container\" data-e-type=\"container\" data-settings=\"{&quot;background_background&quot;:&quot;classic&quot;,&quot;position&quot;:&quot;absolute&quot;}\">\n\t\t\t\t<\/div>\n\t\t\t\t<\/div>\n\t\t<div class=\"elementor-element elementor-element-7464a84 e-con-full e-flex e-con e-child\" data-id=\"7464a84\" data-element_type=\"container\" data-e-type=\"container\">\n\t\t\t\t<div class=\"elementor-element elementor-element-d3b4029 elementor-widget__width-inherit elementor-widget elementor-widget-heading\" data-id=\"d3b4029\" data-element_type=\"widget\" data-e-type=\"widget\" data-widget_type=\"heading.default\">\n\t\t\t\t<div class=\"elementor-widget-container\">\n\t\t\t\t\t<h2 class=\"elementor-heading-title elementor-size-default\">Capteur de stress magn\u00e9tostrictif<\/h2>\t\t\t\t<\/div>\n\t\t\t\t<\/div>\n\t\t<div class=\"elementor-element elementor-element-1238056 e-con-full e-flex e-con e-child\" data-id=\"1238056\" data-element_type=\"container\" data-e-type=\"container\">\n\t\t\t\t<div class=\"elementor-element elementor-element-1ac109b elementor-widget elementor-widget-image\" data-id=\"1ac109b\" data-element_type=\"widget\" data-e-type=\"widget\" data-widget_type=\"image.default\">\n\t\t\t\t<div class=\"elementor-widget-container\">\n\t\t\t\t\t\t\t\t\t\t\t\t\t\t\t<img decoding=\"async\" src=\"https:\/\/cedrat-technologies.com\/wp-content\/uploads\/elementor\/thumbs\/csm_Magnenostrictive_stress_sensor_07_a1ccb4e0c0-q2xejdkk83lqw3y9akg48jvyi7f57rkb49cyyupdls.jpg\" title=\"csm_Magnenostrictive_stress_sensor_07_a1ccb4e0c0\" alt=\"csm_Magnenostrictive_stress_sensor_07_a1ccb4e0c0\" loading=\"lazy\" \/>\t\t\t\t\t\t\t\t\t\t\t\t\t\t\t<\/div>\n\t\t\t\t<\/div>\n\t\t\t\t<div class=\"elementor-element elementor-element-5fc4d2a elementor-align-center elementor-widget__width-inherit elementor-widget elementor-widget-button\" data-id=\"5fc4d2a\" data-element_type=\"widget\" data-e-type=\"widget\" data-widget_type=\"button.default\">\n\t\t\t\t<div class=\"elementor-widget-container\">\n\t\t\t\t\t\t\t\t\t<div class=\"elementor-button-wrapper\">\n\t\t\t\t\t<a class=\"elementor-button elementor-button-link elementor-size-xs\" href=\"https:\/\/cedrat-technologies.com\/wp-content\/uploads\/2023\/03\/Magnetostrictive_Stress_Sensor.pdf\">\n\t\t\t\t\t\t<span class=\"elementor-button-content-wrapper\">\n\t\t\t\t\t\t<span class=\"elementor-button-icon\">\n\t\t\t\t<i aria-hidden=\"true\" class=\"far fa-file-pdf\"><\/i>\t\t\t<\/span>\n\t\t\t\t\t\t\t\t\t<span class=\"elementor-button-text\">En savoir plus<\/span>\n\t\t\t\t\t<\/span>\n\t\t\t\t\t<\/a>\n\t\t\t\t<\/div>\n\t\t\t\t\t\t\t\t<\/div>\n\t\t\t\t<\/div>\n\t\t\t\t<\/div>\n\t\t<div class=\"elementor-element elementor-element-5594342 e-con-full e-flex e-con e-child\" data-id=\"5594342\" data-element_type=\"container\" data-e-type=\"container\">\n\t\t\t\t<div class=\"elementor-element elementor-element-0a1e1e0 elementor-widget elementor-widget-text-editor\" data-id=\"0a1e1e0\" data-element_type=\"widget\" data-e-type=\"widget\" data-widget_type=\"text-editor.default\">\n\t\t\t\t<div class=\"elementor-widget-container\">\n\t\t\t\t\t\t\t\t\t<p>Ce capteur de contrainte sans contact utilise la magn\u00e9tostriction (magn\u00e9to\u00e9lasticit\u00e9) de la partie en acier ou du c\u00e2ble o\u00f9 il est situ\u00e9 pour mesurer les forces statiques et dynamiques. Il a \u00e9t\u00e9 d\u00e9velopp\u00e9 pour Freyssinet et EDF, pour la surveillance du b\u00e9ton pr\u00e9contraint.<\/p>\t\t\t\t\t\t\t\t<\/div>\n\t\t\t\t<\/div>\n\t\t\t\t<div class=\"elementor-element elementor-element-84f3cfb elementor-widget elementor-widget-heading\" data-id=\"84f3cfb\" data-element_type=\"widget\" data-e-type=\"widget\" data-widget_type=\"heading.default\">\n\t\t\t\t<div class=\"elementor-widget-container\">\n\t\t\t\t\t<h3 class=\"elementor-heading-title elementor-size-default\">Applications<\/h3>\t\t\t\t<\/div>\n\t\t\t\t<\/div>\n\t\t\t\t<div class=\"elementor-element elementor-element-c77f209 elementor-widget elementor-widget-text-editor\" data-id=\"c77f209\" data-element_type=\"widget\" data-e-type=\"widget\" data-widget_type=\"text-editor.default\">\n\t\t\t\t<div class=\"elementor-widget-container\">\n\t\t\t\t\t\t\t\t\t<p>Surveillance de l\u2019\u00e9tat de la structure du g\u00e9nie civil (pont), NDT, arbre rotatif\u2026<\/p>\t\t\t\t\t\t\t\t<\/div>\n\t\t\t\t<\/div>\n\t\t\t\t<div class=\"elementor-element elementor-element-7f78a27 elementor-widget elementor-widget-heading\" data-id=\"7f78a27\" data-element_type=\"widget\" data-e-type=\"widget\" data-widget_type=\"heading.default\">\n\t\t\t\t<div class=\"elementor-widget-container\">\n\t\t\t\t\t<h3 class=\"elementor-heading-title elementor-size-default\">STATUT<\/h3>\t\t\t\t<\/div>\n\t\t\t\t<\/div>\n\t\t\t\t<div class=\"elementor-element elementor-element-57e6edd elementor-widget elementor-widget-text-editor\" data-id=\"57e6edd\" data-element_type=\"widget\" data-e-type=\"widget\" data-widget_type=\"text-editor.default\">\n\t\t\t\t<div class=\"elementor-widget-container\">\n\t\t\t\t\t\t\t\t\t<p>Prototype<\/p>\t\t\t\t\t\t\t\t<\/div>\n\t\t\t\t<\/div>\n\t\t\t\t<\/div>\n\t\t<div class=\"elementor-element elementor-element-559e66f e-con-full e-flex e-con e-child\" data-id=\"559e66f\" data-element_type=\"container\" data-e-type=\"container\" data-settings=\"{&quot;background_background&quot;:&quot;classic&quot;,&quot;position&quot;:&quot;absolute&quot;}\">\n\t\t\t\t<\/div>\n\t\t\t\t<\/div>\n\t\t\t\t\t<\/div>\n\t\t\t\t<\/div>\n\t\t\t\t<\/div>\n\t\t","protected":false},"excerpt":{"rendered":"<p>Les forces de d\u00e9tection et le couple sont utiles pour la plupart des applications m\u00e9catroniques et des syst\u00e8mes de d\u00e9tection, mais ne sont pas toujours faciles \u00e0 int\u00e9grer dans les applications, en particulier lorsqu\u2019il s\u2019agit de pi\u00e8ces mobiles ou vibrantes, d\u2019arbres rotatifs, etc. Gr\u00e2ce \u00e0 son expertise dans les effets magn\u00e9tiques et les mat\u00e9riaux intelligents &#8230; <a title=\"Capteurs de force et couple\" class=\"read-more\" href=\"https:\/\/cedrat-technologies.com\/fr\/technologies\/capteurs\/capteurs-de-force-et-couple\/\" aria-label=\"En savoir plus sur Capteurs de force et couple\">Lire la suite<\/a><\/p>\n","protected":false},"author":1,"featured_media":0,"parent":16988,"menu_order":0,"comment_status":"closed","ping_status":"closed","template":"","meta":{"_acf_changed":false,"_seopress_robots_primary_cat":"","_seopress_titles_title":"Capteurs de force et de couple - Cedrat Technologies","_seopress_titles_desc":"D\u00e9couvrez les capteurs de force et de couple de Cedrat Technologies, offrant des mesures pr\u00e9cises et fiables pour les applications de force, de couple et de charge.","_seopress_robots_index":"","footnotes":""},"class_list":["post-16994","page","type-page","status-publish"],"acf":[],"_links":{"self":[{"href":"https:\/\/cedrat-technologies.com\/fr\/wp-json\/wp\/v2\/pages\/16994","targetHints":{"allow":["GET"]}}],"collection":[{"href":"https:\/\/cedrat-technologies.com\/fr\/wp-json\/wp\/v2\/pages"}],"about":[{"href":"https:\/\/cedrat-technologies.com\/fr\/wp-json\/wp\/v2\/types\/page"}],"author":[{"embeddable":true,"href":"https:\/\/cedrat-technologies.com\/fr\/wp-json\/wp\/v2\/users\/1"}],"replies":[{"embeddable":true,"href":"https:\/\/cedrat-technologies.com\/fr\/wp-json\/wp\/v2\/comments?post=16994"}],"version-history":[{"count":0,"href":"https:\/\/cedrat-technologies.com\/fr\/wp-json\/wp\/v2\/pages\/16994\/revisions"}],"up":[{"embeddable":true,"href":"https:\/\/cedrat-technologies.com\/fr\/wp-json\/wp\/v2\/pages\/16988"}],"wp:attachment":[{"href":"https:\/\/cedrat-technologies.com\/fr\/wp-json\/wp\/v2\/media?parent=16994"}],"curies":[{"name":"wp","href":"https:\/\/api.w.org\/{rel}","templated":true}]}}