{"id":16975,"date":"2023-03-02T15:23:21","date_gmt":"2023-03-02T14:23:21","guid":{"rendered":"http:\/\/cedrat-technologies.com\/technologies\/systemes-mecatroniques\/motion-control\/"},"modified":"2024-02-06T14:02:21","modified_gmt":"2024-02-06T13:02:21","slug":"controle-du-mouvement","status":"publish","type":"page","link":"https:\/\/cedrat-technologies.com\/fr\/technologies\/systemes-mecatroniques\/controle-du-mouvement\/","title":{"rendered":"Contr\u00f4le du mouvement"},"content":{"rendered":"\t\t<div data-elementor-type=\"wp-page\" data-elementor-id=\"16975\" class=\"elementor elementor-16975 elementor-6666\" data-elementor-post-type=\"page\">\n\t\t\t\t<div class=\"elementor-element elementor-element-6704084 e-flex e-con-boxed e-con e-parent\" data-id=\"6704084\" data-element_type=\"container\" data-e-type=\"container\">\n\t\t\t\t\t<div class=\"e-con-inner\">\n\t\t<div class=\"elementor-element elementor-element-cbc306a e-con-full e-flex e-con e-child\" data-id=\"cbc306a\" data-element_type=\"container\" data-e-type=\"container\">\n\t\t\t\t<div class=\"elementor-element elementor-element-57c7222 elementor-widget__width-inherit elementor-widget elementor-widget-heading\" data-id=\"57c7222\" data-element_type=\"widget\" data-e-type=\"widget\" data-widget_type=\"heading.default\">\n\t\t\t\t<div class=\"elementor-widget-container\">\n\t\t\t\t\t<h1 class=\"elementor-heading-title elementor-size-default\">Contr\u00f4le du mouvement<\/h1>\t\t\t\t<\/div>\n\t\t\t\t<\/div>\n\t\t\t\t<div class=\"elementor-element elementor-element-b17ee8c elementor-widget__width-inherit elementor-widget elementor-widget-text-editor\" data-id=\"b17ee8c\" data-element_type=\"widget\" data-e-type=\"widget\" data-widget_type=\"text-editor.default\">\n\t\t\t\t<div class=\"elementor-widget-container\">\n\t\t\t\t\t\t\t\t\t<p>CEDRAT TECHNOLOGIES d\u00e9veloppe ses propres \u00e9lectroniques pour piloter et contr\u00f4ler le mouvement de m\u00e9canismes pi\u00e9zo\u00e9lectriques ou magn\u00e9tiques. Boucles ouvertes, boucles ferm\u00e9es, compensations thermiques ou de lin\u00e9arit\u00e9, acquisitions rapides, amplificateurs \u00e0 faible bruit, etc., ces \u00e9lectroniques sont con\u00e7ues pour r\u00e9pondre aux besoins des clients en utilisant la solution la plus adapt\u00e9e. Ces fonctions de contr\u00f4le sont disponibles sur diff\u00e9rentes plateformes num\u00e9riques offrant des capacit\u00e9s de calcul rapide de haute pr\u00e9cision (16bits) : les <a href=\"https:\/\/cedrat-technologies.com\/fr\/categorie-produit\/controleurs-piezo\/amplificateurs-standalone-piezo-controleurs-piezo\/\">contr\u00f4leurs pi\u00e9zo compacts<\/a> et les <a href=\"https:\/\/cedrat-technologies.com\/fr\/categorie-produit\/controleurs-magnetiques\/\">contr\u00f4leurs magn\u00e9tiques<\/a> ou sa carte de contr\u00f4le <a href=\"https:\/\/cedrat-technologies.com\/fr\/categorie-produit\/controleurs-piezo\/controleurs-digitaux-controleurs-piezo\/\">UC55<\/a> pour les racks pi\u00e9zo de laboratoires.<\/p><p>Pour le contr\u00f4le en boucle ferm\u00e9e, un PID est mis en \u0153uvre dans des conditions standard car il offre un bon compromis entre les diff\u00e9rents besoins. Mais dans le cas d&rsquo;exigences s\u00e9v\u00e8res telles qu&rsquo;une bande passante \u00e9lev\u00e9e ou des perturbations externes, CEDRAT TECHNOLOGIES peut proposer des solutions de contr\u00f4le avanc\u00e9es bas\u00e9es sur un retour d&rsquo;\u00e9tat complet. La contrepartie du contr\u00f4le avanc\u00e9 en boucle ferm\u00e9e est qu&rsquo;il doit \u00eatre optimis\u00e9 en fonction de l&rsquo;application souhait\u00e9e : par exemple, une fonction de stabilisation ne n\u00e9cessitera pas la m\u00eame boucle ferm\u00e9e avanc\u00e9e qu&rsquo;une dent de scie rapide. De plus amples d\u00e9tails sont fournis dans notre <strong><a href=\"https:\/\/cedrat-technologies.com\/wp-content\/uploads\/downloads\/advanced-control-brochure.pdf\">brochure consacr\u00e9e au contr\u00f4le commande<\/a><\/strong>. Ce type de contr\u00f4le avanc\u00e9 est propos\u00e9 en tant que solution personnalis\u00e9e.\u00a0\u00a0<\/p>\t\t\t\t\t\t\t\t<\/div>\n\t\t\t\t<\/div>\n\t\t\t\t<\/div>\n\t\t\t\t\t<\/div>\n\t\t\t\t<\/div>\n\t\t<div class=\"elementor-element elementor-element-244a38b e-flex e-con-boxed e-con e-parent\" data-id=\"244a38b\" data-element_type=\"container\" data-e-type=\"container\">\n\t\t\t\t\t<div class=\"e-con-inner\">\n\t\t<div class=\"elementor-element elementor-element-3ce15c0 e-con-full e-flex e-con e-child\" data-id=\"3ce15c0\" data-element_type=\"container\" data-e-type=\"container\">\n\t\t\t\t<div class=\"elementor-element elementor-element-7efac6c elementor-widget__width-inherit elementor-widget elementor-widget-heading\" data-id=\"7efac6c\" data-element_type=\"widget\" data-e-type=\"widget\" data-widget_type=\"heading.default\">\n\t\t\t\t<div class=\"elementor-widget-container\">\n\t\t\t\t\t<h2 class=\"elementor-heading-title elementor-size-default\">Capteurs de jauges de contrainte pour actionneurs pi\u00e9zo\u00e9lectriques \u00e0 haute stabilit\u00e9<\/h2>\t\t\t\t<\/div>\n\t\t\t\t<\/div>\n\t\t<div class=\"elementor-element elementor-element-529c462 e-con-full e-flex e-con e-child\" data-id=\"529c462\" data-element_type=\"container\" data-e-type=\"container\">\n\t\t\t\t<div class=\"elementor-element elementor-element-8dbabf4 elementor-widget elementor-widget-image\" data-id=\"8dbabf4\" data-element_type=\"widget\" data-e-type=\"widget\" data-widget_type=\"image.default\">\n\t\t\t\t<div class=\"elementor-widget-container\">\n\t\t\t\t\t\t\t\t\t\t\t\t\t\t\t<img decoding=\"async\" src=\"https:\/\/cedrat-technologies.com\/wp-content\/uploads\/elementor\/thumbs\/csm_strain_gages_sensors_9e7f64f523-qdr84qbi9p4fr36di39o4qc9cuti8dohmeaprzrcio.jpg\" title=\"csm_strain_gages_sensors_9e7f64f523\" alt=\"csm_strain_gages_sensors_9e7f64f523\" loading=\"lazy\" \/>\t\t\t\t\t\t\t\t\t\t\t\t\t\t\t<\/div>\n\t\t\t\t<\/div>\n\t\t\t\t<div class=\"elementor-element elementor-element-2adde1e elementor-align-center elementor-widget__width-inherit elementor-widget elementor-widget-button\" data-id=\"2adde1e\" data-element_type=\"widget\" data-e-type=\"widget\" data-widget_type=\"button.default\">\n\t\t\t\t<div class=\"elementor-widget-container\">\n\t\t\t\t\t\t\t\t\t<div class=\"elementor-button-wrapper\">\n\t\t\t\t\t<a class=\"elementor-button elementor-button-link elementor-size-xs\" href=\"https:\/\/cedrat-technologies.com\/wp-content\/uploads\/2023\/03\/Strain_gages_sensors_for_high_stability_piezo_actuators-1.pdf\">\n\t\t\t\t\t\t<span class=\"elementor-button-content-wrapper\">\n\t\t\t\t\t\t<span class=\"elementor-button-icon\">\n\t\t\t\t<i aria-hidden=\"true\" class=\"far fa-file-pdf\"><\/i>\t\t\t<\/span>\n\t\t\t\t\t\t\t\t\t<span class=\"elementor-button-text\">En savoir plus<\/span>\n\t\t\t\t\t<\/span>\n\t\t\t\t\t<\/a>\n\t\t\t\t<\/div>\n\t\t\t\t\t\t\t\t<\/div>\n\t\t\t\t<\/div>\n\t\t\t\t<\/div>\n\t\t<div class=\"elementor-element elementor-element-46c06bc e-con-full e-flex e-con e-child\" data-id=\"46c06bc\" data-element_type=\"container\" data-e-type=\"container\">\n\t\t\t\t<div class=\"elementor-element elementor-element-c4acad5 elementor-widget elementor-widget-text-editor\" data-id=\"c4acad5\" data-element_type=\"widget\" data-e-type=\"widget\" data-widget_type=\"text-editor.default\">\n\t\t\t\t<div class=\"elementor-widget-container\">\n\t\t\t\t\t\t\t\t\t<p>Gr\u00e2ce \u00e0 son vaste savoir-faire en mati\u00e8re d\u2019int\u00e9gration de jauges de contrainte et de nouveaux \u00e9quipements d\u2019instrumentation (y compris les interf\u00e9rom\u00e8tres), CTEC est parvenu \u00e0 obtenir une stabilit\u00e9 de position nanom\u00e9trique des m\u00e9canismes pi\u00e9zo\u00e9lectriques \u00e0 boucle ferm\u00e9e avec des capteurs de jauges de contrainte int\u00e9gr\u00e9s.<\/p>\t\t\t\t\t\t\t\t<\/div>\n\t\t\t\t<\/div>\n\t\t\t\t<div class=\"elementor-element elementor-element-ef1b80d elementor-widget elementor-widget-heading\" data-id=\"ef1b80d\" data-element_type=\"widget\" data-e-type=\"widget\" data-widget_type=\"heading.default\">\n\t\t\t\t<div class=\"elementor-widget-container\">\n\t\t\t\t\t<h3 class=\"elementor-heading-title elementor-size-default\">Applications<\/h3>\t\t\t\t<\/div>\n\t\t\t\t<\/div>\n\t\t\t\t<div class=\"elementor-element elementor-element-7da284a elementor-widget elementor-widget-text-editor\" data-id=\"7da284a\" data-element_type=\"widget\" data-e-type=\"widget\" data-widget_type=\"text-editor.default\">\n\t\t\t\t<div class=\"elementor-widget-container\">\n\t\t\t\t\t\t\t\t\t<p>Spatial, militaire, a\u00e9ronautique, industriel\u2026<\/p>\t\t\t\t\t\t\t\t<\/div>\n\t\t\t\t<\/div>\n\t\t\t\t<div class=\"elementor-element elementor-element-a4fc992 elementor-widget elementor-widget-heading\" data-id=\"a4fc992\" data-element_type=\"widget\" data-e-type=\"widget\" data-widget_type=\"heading.default\">\n\t\t\t\t<div class=\"elementor-widget-container\">\n\t\t\t\t\t<h3 class=\"elementor-heading-title elementor-size-default\">STATUS<\/h3>\t\t\t\t<\/div>\n\t\t\t\t<\/div>\n\t\t\t\t<div class=\"elementor-element elementor-element-a37fb7e elementor-widget elementor-widget-text-editor\" data-id=\"a37fb7e\" data-element_type=\"widget\" data-e-type=\"widget\" data-widget_type=\"text-editor.default\">\n\t\t\t\t<div class=\"elementor-widget-container\">\n\t\t\t\t\t\t\t\t\t<p>Product<\/p>\t\t\t\t\t\t\t\t<\/div>\n\t\t\t\t<\/div>\n\t\t\t\t<\/div>\n\t\t<div class=\"elementor-element elementor-element-1df5223 e-con-full e-flex e-con e-child\" data-id=\"1df5223\" data-element_type=\"container\" data-e-type=\"container\" data-settings=\"{&quot;background_background&quot;:&quot;classic&quot;,&quot;position&quot;:&quot;absolute&quot;}\">\n\t\t\t\t<\/div>\n\t\t\t\t<\/div>\n\t\t<div class=\"elementor-element elementor-element-5a9ab7c e-con-full e-flex e-con e-child\" data-id=\"5a9ab7c\" data-element_type=\"container\" data-e-type=\"container\">\n\t\t\t\t<div class=\"elementor-element elementor-element-80f8058 elementor-widget__width-inherit elementor-widget elementor-widget-heading\" data-id=\"80f8058\" data-element_type=\"widget\" data-e-type=\"widget\" data-widget_type=\"heading.default\">\n\t\t\t\t<div class=\"elementor-widget-container\">\n\t\t\t\t\t<h2 class=\"elementor-heading-title elementor-size-default\">Contr\u00f4le Avanc\u00e9 pour Applications M\u00e9chatroniques<\/h2>\t\t\t\t<\/div>\n\t\t\t\t<\/div>\n\t\t<div class=\"elementor-element elementor-element-a35004f e-con-full e-flex e-con e-child\" data-id=\"a35004f\" data-element_type=\"container\" data-e-type=\"container\">\n\t\t\t\t<div class=\"elementor-element elementor-element-25c5d80 elementor-widget elementor-widget-image\" data-id=\"25c5d80\" data-element_type=\"widget\" data-e-type=\"widget\" data-widget_type=\"image.default\">\n\t\t\t\t<div class=\"elementor-widget-container\">\n\t\t\t\t\t\t\t\t\t\t\t\t\t\t\t<img decoding=\"async\" src=\"https:\/\/cedrat-technologies.com\/wp-content\/uploads\/elementor\/thumbs\/advanced_control_technology-qh1en1dftsrwgidp7c9hur92hlax7tf7hfk7t4haho.jpg\" title=\"Fast steering mirror and its electronics\" alt=\"Fast steering mirror and its electronics\" loading=\"lazy\" \/>\t\t\t\t\t\t\t\t\t\t\t\t\t\t\t<\/div>\n\t\t\t\t<\/div>\n\t\t\t\t<div class=\"elementor-element elementor-element-ec72d8d elementor-align-center elementor-widget__width-inherit elementor-widget elementor-widget-button\" data-id=\"ec72d8d\" data-element_type=\"widget\" data-e-type=\"widget\" data-widget_type=\"button.default\">\n\t\t\t\t<div class=\"elementor-widget-container\">\n\t\t\t\t\t\t\t\t\t<div class=\"elementor-button-wrapper\">\n\t\t\t\t\t<a class=\"elementor-button elementor-button-link elementor-size-xs\" href=\"https:\/\/cedrat-technologies.com\/wp-content\/uploads\/downloads\/advanced-control-brochure.pdf\">\n\t\t\t\t\t\t<span class=\"elementor-button-content-wrapper\">\n\t\t\t\t\t\t<span class=\"elementor-button-icon\">\n\t\t\t\t<i aria-hidden=\"true\" class=\"far fa-file-pdf\"><\/i>\t\t\t<\/span>\n\t\t\t\t\t\t\t\t\t<span class=\"elementor-button-text\">En savoir plus<\/span>\n\t\t\t\t\t<\/span>\n\t\t\t\t\t<\/a>\n\t\t\t\t<\/div>\n\t\t\t\t\t\t\t\t<\/div>\n\t\t\t\t<\/div>\n\t\t\t\t<\/div>\n\t\t<div class=\"elementor-element elementor-element-9d817ea e-con-full e-flex e-con e-child\" data-id=\"9d817ea\" data-element_type=\"container\" data-e-type=\"container\">\n\t\t\t\t<div class=\"elementor-element elementor-element-57c9c44 elementor-widget elementor-widget-text-editor\" data-id=\"57c9c44\" data-element_type=\"widget\" data-e-type=\"widget\" data-widget_type=\"text-editor.default\">\n\t\t\t\t<div class=\"elementor-widget-container\">\n\t\t\t\t\t\t\t\t\t<p>Ce document pr\u00e9sente la d\u00e9finition, la r\u00e9alisation, les parties et lois cl\u00e9s ainsi que les installations de Cedrat Technologies (CTEC) pour effectuer un contr\u00f4le avanc\u00e9 de ses actionneurs pi\u00e9zo\u00e9lectriques et magn\u00e9tiques. Le PID est compar\u00e9 au contr\u00f4le avanc\u00e9, qui montre de meilleures performances pour des besoins sp\u00e9cifiques..<\/p>\t\t\t\t\t\t\t\t<\/div>\n\t\t\t\t<\/div>\n\t\t\t\t<div class=\"elementor-element elementor-element-ebb9124 elementor-widget elementor-widget-heading\" data-id=\"ebb9124\" data-element_type=\"widget\" data-e-type=\"widget\" data-widget_type=\"heading.default\">\n\t\t\t\t<div class=\"elementor-widget-container\">\n\t\t\t\t\t<h3 class=\"elementor-heading-title elementor-size-default\">Applications<\/h3>\t\t\t\t<\/div>\n\t\t\t\t<\/div>\n\t\t\t\t<div class=\"elementor-element elementor-element-85f27e7 elementor-widget elementor-widget-text-editor\" data-id=\"85f27e7\" data-element_type=\"widget\" data-e-type=\"widget\" data-widget_type=\"text-editor.default\">\n\t\t\t\t<div class=\"elementor-widget-container\">\n\t\t\t\t\t\t\t\t\t<p>Contr\u00f4le fin et rapide dans les domaines de l\u2019espace, de l\u2019optronique, des instruments de pr\u00e9cision<\/p>\t\t\t\t\t\t\t\t<\/div>\n\t\t\t\t<\/div>\n\t\t\t\t<div class=\"elementor-element elementor-element-61a1e21 elementor-widget elementor-widget-heading\" data-id=\"61a1e21\" data-element_type=\"widget\" data-e-type=\"widget\" data-widget_type=\"heading.default\">\n\t\t\t\t<div class=\"elementor-widget-container\">\n\t\t\t\t\t<h3 class=\"elementor-heading-title elementor-size-default\">STATUS<\/h3>\t\t\t\t<\/div>\n\t\t\t\t<\/div>\n\t\t\t\t<div class=\"elementor-element elementor-element-e81d0a1 elementor-widget elementor-widget-text-editor\" data-id=\"e81d0a1\" data-element_type=\"widget\" data-e-type=\"widget\" data-widget_type=\"text-editor.default\">\n\t\t\t\t<div class=\"elementor-widget-container\">\n\t\t\t\t\t\t\t\t\t<p>Projets ; produits sp\u00e9cifiques<\/p>\t\t\t\t\t\t\t\t<\/div>\n\t\t\t\t<\/div>\n\t\t\t\t<\/div>\n\t\t<div class=\"elementor-element elementor-element-8d90a80 e-con-full e-flex e-con e-child\" data-id=\"8d90a80\" data-element_type=\"container\" data-e-type=\"container\" data-settings=\"{&quot;background_background&quot;:&quot;classic&quot;,&quot;position&quot;:&quot;absolute&quot;}\">\n\t\t\t\t<\/div>\n\t\t\t\t<\/div>\n\t\t\t\t\t<\/div>\n\t\t\t\t<\/div>\n\t\t\t\t<\/div>\n\t\t","protected":false},"excerpt":{"rendered":"<p>CEDRAT TECHNOLOGIES d\u00e9veloppe ses propres \u00e9lectroniques pour piloter et contr\u00f4ler le mouvement de m\u00e9canismes pi\u00e9zo\u00e9lectriques ou magn\u00e9tiques. Boucles ouvertes, boucles ferm\u00e9es, compensations thermiques ou de lin\u00e9arit\u00e9, acquisitions rapides, amplificateurs \u00e0 faible bruit, etc., ces \u00e9lectroniques sont con\u00e7ues pour r\u00e9pondre aux besoins des clients en utilisant la solution la plus adapt\u00e9e. Ces fonctions de contr\u00f4le sont &#8230; <a title=\"Contr\u00f4le du mouvement\" class=\"read-more\" href=\"https:\/\/cedrat-technologies.com\/fr\/technologies\/systemes-mecatroniques\/controle-du-mouvement\/\" aria-label=\"En savoir plus sur Contr\u00f4le du mouvement\">Lire la suite<\/a><\/p>\n","protected":false},"author":1,"featured_media":0,"parent":16957,"menu_order":0,"comment_status":"closed","ping_status":"closed","template":"","meta":{"_acf_changed":false,"_seopress_robots_primary_cat":"","_seopress_titles_title":"Syst\u00e8mes de contr\u00f4le de mouvement - Cedrat Technologies","_seopress_titles_desc":"D\u00e9couvrez les syst\u00e8mes de contr\u00f4le de mouvement de Cedrat Technologies, offrant un contr\u00f4le pr\u00e9cis et fiable du mouvement m\u00e9canique pour diff\u00e9rentes applications.","_seopress_robots_index":"","footnotes":""},"class_list":["post-16975","page","type-page","status-publish"],"acf":[],"_links":{"self":[{"href":"https:\/\/cedrat-technologies.com\/fr\/wp-json\/wp\/v2\/pages\/16975","targetHints":{"allow":["GET"]}}],"collection":[{"href":"https:\/\/cedrat-technologies.com\/fr\/wp-json\/wp\/v2\/pages"}],"about":[{"href":"https:\/\/cedrat-technologies.com\/fr\/wp-json\/wp\/v2\/types\/page"}],"author":[{"embeddable":true,"href":"https:\/\/cedrat-technologies.com\/fr\/wp-json\/wp\/v2\/users\/1"}],"replies":[{"embeddable":true,"href":"https:\/\/cedrat-technologies.com\/fr\/wp-json\/wp\/v2\/comments?post=16975"}],"version-history":[{"count":0,"href":"https:\/\/cedrat-technologies.com\/fr\/wp-json\/wp\/v2\/pages\/16975\/revisions"}],"up":[{"embeddable":true,"href":"https:\/\/cedrat-technologies.com\/fr\/wp-json\/wp\/v2\/pages\/16957"}],"wp:attachment":[{"href":"https:\/\/cedrat-technologies.com\/fr\/wp-json\/wp\/v2\/media?parent=16975"}],"curies":[{"name":"wp","href":"https:\/\/api.w.org\/{rel}","templated":true}]}}