{"id":16969,"date":"2023-03-02T15:51:22","date_gmt":"2023-03-02T14:51:22","guid":{"rendered":"http:\/\/cedrat-technologies.com\/technologies\/systemes-mecatroniques\/energy-harvesting\/"},"modified":"2024-02-06T14:09:15","modified_gmt":"2024-02-06T13:09:15","slug":"recuperation-denergie","status":"publish","type":"page","link":"https:\/\/cedrat-technologies.com\/fr\/technologies\/systemes-mecatroniques\/recuperation-denergie\/","title":{"rendered":"R\u00e9cup\u00e9ration d&rsquo;\u00e9nergie"},"content":{"rendered":"\t\t<div data-elementor-type=\"wp-page\" data-elementor-id=\"16969\" class=\"elementor elementor-16969 elementor-6764\" data-elementor-post-type=\"page\">\n\t\t\t\t<div class=\"elementor-element elementor-element-6704084 e-flex e-con-boxed e-con e-parent\" data-id=\"6704084\" data-element_type=\"container\" data-e-type=\"container\">\n\t\t\t\t\t<div class=\"e-con-inner\">\n\t\t<div class=\"elementor-element elementor-element-cbc306a e-con-full e-flex e-con e-child\" data-id=\"cbc306a\" data-element_type=\"container\" data-e-type=\"container\">\n\t\t\t\t<div class=\"elementor-element elementor-element-c826000 elementor-widget elementor-widget-heading\" data-id=\"c826000\" data-element_type=\"widget\" data-e-type=\"widget\" data-widget_type=\"heading.default\">\n\t\t\t\t<div class=\"elementor-widget-container\">\n\t\t\t\t\t<h1 class=\"elementor-heading-title elementor-size-default\">R\u00e9cup\u00e9ration d&rsquo;\u00e9nergie<\/h1>\t\t\t\t<\/div>\n\t\t\t\t<\/div>\n\t\t\t\t<div class=\"elementor-element elementor-element-b17ee8c elementor-widget elementor-widget-text-editor\" data-id=\"b17ee8c\" data-element_type=\"widget\" data-e-type=\"widget\" data-widget_type=\"text-editor.default\">\n\t\t\t\t<div class=\"elementor-widget-container\">\n\t\t\t\t\t\t\t\t\t<p class=\"align-justify\">Les dispositifs de r\u00e9cup\u00e9ration d&rsquo;\u00e9nergie convertissent l&rsquo;\u00e9nergie m\u00e9canique en \u00e9nergie \u00e9lectrique. Ils pr\u00e9sentent un grand int\u00e9r\u00eat pour l&rsquo;alimentation de petits syst\u00e8mes autonomes tels que les capteurs int\u00e9gr\u00e9s.<\/p><p class=\"align-justify\">CEDRAT TECHNOLOGIES a d\u00e9velopp\u00e9 plusieurs types d&rsquo;actionneurs pi\u00e9zo\u00e9lectriques pr\u00e9sentant des propri\u00e9t\u00e9s int\u00e9ressantes pour la r\u00e9cup\u00e9ration de l&rsquo;\u00e9nergie des vibrations et des chocs. Parmi eux, les <a href=\"https:\/\/cedrat-technologies.com\/fr\/categorie-produit\/actionneurs-piezo\/actionneur-direct-et-parallele-actionneurs\/actionneur-piezo-amplifie-actionneurs-piezo\/\">actionneurs pi\u00e9zo\u00e9lectriques amplifi\u00e9s (APA\u00ae)<\/a> combin\u00e9s \u00e0 une masse fonctionnant en mode \u00ab\u00a0proof mass\u00a0\u00bb sont des g\u00e9n\u00e9rateurs pi\u00e9zo\u00e9lectriques particuli\u00e8rement int\u00e9ressants :<\/p><div class=\"align-justify\"><ul><li>Les APA\u00ae sont capables de supporter des vibrations externes importantes gr\u00e2ce \u00e0 leur pr\u00e9charge interne et \u00e0 leur facteur de couplage \u00e9lectrom\u00e9canique \u00e9lev\u00e9.<\/li><\/ul><\/div><div class=\"align-justify\"><ul><li>La fr\u00e9quence de r\u00e9sonance de la masse d&rsquo;\u00e9preuve peut \u00eatre ajust\u00e9e aux fr\u00e9quences de la source de vibration en s\u00e9lectionnant l&rsquo;APA\u00ae appropri\u00e9 parmi une large gamme de rigidit\u00e9s et en adaptant la masse ajout\u00e9e.<\/li><\/ul><\/div><p class=\"align-justify\">En utilisant cette approche et ses actionneurs standards, CEDRAT TECHNOLOGIES peut facilement d\u00e9finir des g\u00e9n\u00e9rateurs piezo personnalis\u00e9s pour la r\u00e9cup\u00e9ration de l&rsquo;\u00e9nergie des vibrations ou des chocs.<\/p><p class=\"align-justify\">CEDRAT TECHNOLOGIES a \u00e9galement d\u00e9velopp\u00e9 des dispositifs complets de r\u00e9cup\u00e9ration d&rsquo;\u00e9nergie, y compris l&rsquo;\u00e9lectronique. L&rsquo;un des exemples donn\u00e9s ci-apr\u00e8s consiste en un g\u00e9n\u00e9rateur pi\u00e9zo\u00e9lectrique utilis\u00e9 pour alimenter un capteur embarqu\u00e9 sur un avion et son \u00e9metteur RF pour diffuser le signal du capteur.<\/p><p class=\"align-justify\">Pour en savoir plus sur nos composants et syst\u00e8mes de r\u00e9cup\u00e9ration d&rsquo;\u00e9nergie, consultez nos <a href=\"https:\/\/cedrat-technologies.com\/fr\/categorie-produit\/publications-fr\/?filters=product_cat\/recuperateur-denergie\">publications connexes<\/a>.<\/p>\t\t\t\t\t\t\t\t<\/div>\n\t\t\t\t<\/div>\n\t\t\t\t<\/div>\n\t\t\t\t\t<\/div>\n\t\t\t\t<\/div>\n\t\t<div class=\"elementor-element elementor-element-e28f0b8 e-flex e-con-boxed e-con e-parent\" data-id=\"e28f0b8\" data-element_type=\"container\" data-e-type=\"container\">\n\t\t\t\t\t<div class=\"e-con-inner\">\n\t\t<div class=\"elementor-element elementor-element-6151429 e-con-full e-flex e-con e-child\" data-id=\"6151429\" data-element_type=\"container\" data-e-type=\"container\">\n\t\t\t\t<div class=\"elementor-element elementor-element-989a783 elementor-widget__width-inherit elementor-widget elementor-widget-heading\" data-id=\"989a783\" data-element_type=\"widget\" data-e-type=\"widget\" data-widget_type=\"heading.default\">\n\t\t\t\t<div class=\"elementor-widget-container\">\n\t\t\t\t\t<h2 class=\"elementor-heading-title elementor-size-default\">R\u00e9cup\u00e9ration d\u2019\u00e9nergie par vibration utilisant des actionneurs piezo amplifi\u00e9s<\/h2>\t\t\t\t<\/div>\n\t\t\t\t<\/div>\n\t\t<div class=\"elementor-element elementor-element-dcaa724 e-con-full e-flex e-con e-child\" data-id=\"dcaa724\" data-element_type=\"container\" data-e-type=\"container\">\n\t\t\t\t<div class=\"elementor-element elementor-element-5daef63 elementor-widget elementor-widget-image\" data-id=\"5daef63\" data-element_type=\"widget\" data-e-type=\"widget\" data-widget_type=\"image.default\">\n\t\t\t\t<div class=\"elementor-widget-container\">\n\t\t\t\t\t\t\t\t\t\t\t\t\t\t\t<img decoding=\"async\" src=\"https:\/\/cedrat-technologies.com\/wp-content\/uploads\/elementor\/thumbs\/csm_VEH_web_aae3739765-q2xe2qtdamu3gi3zevmrm8zc3rec0kjahxso9ld5pc.jpg\" title=\"csm_VEH_web_aae3739765\" alt=\"csm_VEH_web_aae3739765\" loading=\"lazy\" \/>\t\t\t\t\t\t\t\t\t\t\t\t\t\t\t<\/div>\n\t\t\t\t<\/div>\n\t\t\t\t<div class=\"elementor-element elementor-element-5cb71b1 elementor-align-center elementor-widget__width-inherit elementor-widget elementor-widget-button\" data-id=\"5cb71b1\" data-element_type=\"widget\" data-e-type=\"widget\" data-widget_type=\"button.default\">\n\t\t\t\t<div class=\"elementor-widget-container\">\n\t\t\t\t\t\t\t\t\t<div class=\"elementor-button-wrapper\">\n\t\t\t\t\t<a class=\"elementor-button elementor-button-link elementor-size-xs\" href=\"https:\/\/cedrat-technologies.com\/wp-content\/uploads\/2023\/03\/vibration_energy_harvester_using_APA.pdf\">\n\t\t\t\t\t\t<span class=\"elementor-button-content-wrapper\">\n\t\t\t\t\t\t<span class=\"elementor-button-icon\">\n\t\t\t\t<i aria-hidden=\"true\" class=\"far fa-file-pdf\"><\/i>\t\t\t<\/span>\n\t\t\t\t\t\t\t\t\t<span class=\"elementor-button-text\">En savoir plus<\/span>\n\t\t\t\t\t<\/span>\n\t\t\t\t\t<\/a>\n\t\t\t\t<\/div>\n\t\t\t\t\t\t\t\t<\/div>\n\t\t\t\t<\/div>\n\t\t\t\t<\/div>\n\t\t<div class=\"elementor-element elementor-element-25a29e2 e-con-full e-flex e-con e-child\" data-id=\"25a29e2\" data-element_type=\"container\" data-e-type=\"container\">\n\t\t\t\t<div class=\"elementor-element elementor-element-4ac27e6 elementor-widget elementor-widget-text-editor\" data-id=\"4ac27e6\" data-element_type=\"widget\" data-e-type=\"widget\" data-widget_type=\"text-editor.default\">\n\t\t\t\t<div class=\"elementor-widget-container\">\n\t\t\t\t\t\t\t\t\t<p>CEDRAT TECHNOLOGIES exploite des structures bistables brevet\u00e9es pour r\u00e9aliser une r\u00e9cup\u00e9ration d\u2019\u00e9nergie \u00e0 large bande et am\u00e9liorer l\u2019efficacit\u00e9 de la r\u00e9cup\u00e9ration d\u2019\u00e9nergie.<\/p>\t\t\t\t\t\t\t\t<\/div>\n\t\t\t\t<\/div>\n\t\t\t\t<div class=\"elementor-element elementor-element-411b5a5 elementor-widget elementor-widget-heading\" data-id=\"411b5a5\" data-element_type=\"widget\" data-e-type=\"widget\" data-widget_type=\"heading.default\">\n\t\t\t\t<div class=\"elementor-widget-container\">\n\t\t\t\t\t<h3 class=\"elementor-heading-title elementor-size-default\">Applications<\/h3>\t\t\t\t<\/div>\n\t\t\t\t<\/div>\n\t\t\t\t<div class=\"elementor-element elementor-element-8f4e310 elementor-widget elementor-widget-text-editor\" data-id=\"8f4e310\" data-element_type=\"widget\" data-e-type=\"widget\" data-widget_type=\"text-editor.default\">\n\t\t\t\t<div class=\"elementor-widget-container\">\n\t\t\t\t\t\t\t\t\t<p>R\u00e9cup\u00e9ration d\u2019\u00e9nergie \u00e9lectrique par vibration pour la s\u00e9curit\u00e9, le transport, la sant\u00e9\u2026<\/p>\t\t\t\t\t\t\t\t<\/div>\n\t\t\t\t<\/div>\n\t\t\t\t<div class=\"elementor-element elementor-element-dc7d402 elementor-widget elementor-widget-heading\" data-id=\"dc7d402\" data-element_type=\"widget\" data-e-type=\"widget\" data-widget_type=\"heading.default\">\n\t\t\t\t<div class=\"elementor-widget-container\">\n\t\t\t\t\t<h3 class=\"elementor-heading-title elementor-size-default\">STATUT<\/h3>\t\t\t\t<\/div>\n\t\t\t\t<\/div>\n\t\t\t\t<div class=\"elementor-element elementor-element-321bccc elementor-widget elementor-widget-text-editor\" data-id=\"321bccc\" data-element_type=\"widget\" data-e-type=\"widget\" data-widget_type=\"text-editor.default\">\n\t\t\t\t<div class=\"elementor-widget-container\">\n\t\t\t\t\t\t\t\t\t<p>Prototype<\/p>\t\t\t\t\t\t\t\t<\/div>\n\t\t\t\t<\/div>\n\t\t\t\t<\/div>\n\t\t<div class=\"elementor-element elementor-element-ed4b2c0 e-con-full e-flex e-con e-child\" data-id=\"ed4b2c0\" data-element_type=\"container\" data-e-type=\"container\" data-settings=\"{&quot;background_background&quot;:&quot;classic&quot;,&quot;position&quot;:&quot;absolute&quot;}\">\n\t\t\t\t<\/div>\n\t\t\t\t<\/div>\n\t\t<div class=\"elementor-element elementor-element-9858fc8 e-con-full e-flex e-con e-child\" data-id=\"9858fc8\" data-element_type=\"container\" data-e-type=\"container\">\n\t\t\t\t<div class=\"elementor-element elementor-element-587d585 elementor-widget__width-inherit elementor-widget elementor-widget-heading\" data-id=\"587d585\" data-element_type=\"widget\" data-e-type=\"widget\" data-widget_type=\"heading.default\">\n\t\t\t\t<div class=\"elementor-widget-container\">\n\t\t\t\t\t<h2 class=\"elementor-heading-title elementor-size-default\">R\u00e9cup\u00e9ration d\u2019\u00e9nergie par vibration avec l'APA400M-MD<\/h2>\t\t\t\t<\/div>\n\t\t\t\t<\/div>\n\t\t<div class=\"elementor-element elementor-element-f9bada7 e-con-full e-flex e-con e-child\" data-id=\"f9bada7\" data-element_type=\"container\" data-e-type=\"container\">\n\t\t\t\t<div class=\"elementor-element elementor-element-9f69187 elementor-widget elementor-widget-image\" data-id=\"9f69187\" data-element_type=\"widget\" data-e-type=\"widget\" data-widget_type=\"image.default\">\n\t\t\t\t<div class=\"elementor-widget-container\">\n\t\t\t\t\t\t\t\t\t\t\t\t\t\t\t<img decoding=\"async\" src=\"https:\/\/cedrat-technologies.com\/wp-content\/uploads\/elementor\/thumbs\/csm_APA400M-MD_2a5a76c348-q2xe4ez1g14g3jolnlmw1tsu4f5tp76427jqzavyn4.jpg\" title=\"csm_APA400M-MD_2a5a76c348\" alt=\"csm_APA400M-MD_2a5a76c348\" loading=\"lazy\" \/>\t\t\t\t\t\t\t\t\t\t\t\t\t\t\t<\/div>\n\t\t\t\t<\/div>\n\t\t\t\t<div class=\"elementor-element elementor-element-5c14967 elementor-align-center elementor-widget__width-inherit elementor-widget elementor-widget-button\" data-id=\"5c14967\" data-element_type=\"widget\" data-e-type=\"widget\" data-widget_type=\"button.default\">\n\t\t\t\t<div class=\"elementor-widget-container\">\n\t\t\t\t\t\t\t\t\t<div class=\"elementor-button-wrapper\">\n\t\t\t\t\t<a class=\"elementor-button elementor-button-link elementor-size-xs\" href=\"https:\/\/cedrat-technologies.com\/wp-content\/uploads\/2023\/03\/Vibration_Energy_Harvesting_with_APA400M-MD.pdf\">\n\t\t\t\t\t\t<span class=\"elementor-button-content-wrapper\">\n\t\t\t\t\t\t<span class=\"elementor-button-icon\">\n\t\t\t\t<i aria-hidden=\"true\" class=\"far fa-file-pdf\"><\/i>\t\t\t<\/span>\n\t\t\t\t\t\t\t\t\t<span class=\"elementor-button-text\">En savoir plus<\/span>\n\t\t\t\t\t<\/span>\n\t\t\t\t\t<\/a>\n\t\t\t\t<\/div>\n\t\t\t\t\t\t\t\t<\/div>\n\t\t\t\t<\/div>\n\t\t\t\t<\/div>\n\t\t<div class=\"elementor-element elementor-element-8efb789 e-con-full e-flex e-con e-child\" data-id=\"8efb789\" data-element_type=\"container\" data-e-type=\"container\">\n\t\t\t\t<div class=\"elementor-element elementor-element-de0df61 elementor-widget elementor-widget-text-editor\" data-id=\"de0df61\" data-element_type=\"widget\" data-e-type=\"widget\" data-widget_type=\"text-editor.default\">\n\t\t\t\t<div class=\"elementor-widget-container\">\n\t\t\t\t\t\t\t\t\t<p>Les actionneurs pi\u00e9zo\u00e9lectriques amplifi\u00e9s de CEDRAT TECHNOLOGIES sont consid\u00e9r\u00e9s comme candidats pour capter efficacement les vibrations m\u00e9caniques<\/p>\t\t\t\t\t\t\t\t<\/div>\n\t\t\t\t<\/div>\n\t\t\t\t<div class=\"elementor-element elementor-element-d9d78d1 elementor-widget elementor-widget-heading\" data-id=\"d9d78d1\" data-element_type=\"widget\" data-e-type=\"widget\" data-widget_type=\"heading.default\">\n\t\t\t\t<div class=\"elementor-widget-container\">\n\t\t\t\t\t<h3 class=\"elementor-heading-title elementor-size-default\">Applications<\/h3>\t\t\t\t<\/div>\n\t\t\t\t<\/div>\n\t\t\t\t<div class=\"elementor-element elementor-element-98cee73 elementor-widget elementor-widget-text-editor\" data-id=\"98cee73\" data-element_type=\"widget\" data-e-type=\"widget\" data-widget_type=\"text-editor.default\">\n\t\t\t\t<div class=\"elementor-widget-container\">\n\t\t\t\t\t\t\t\t\t<p>R\u00e9cup\u00e9ration d\u2019\u00e9nergie \u00e9lectrique par vibration\u2026<\/p>\t\t\t\t\t\t\t\t<\/div>\n\t\t\t\t<\/div>\n\t\t\t\t<div class=\"elementor-element elementor-element-b76983e elementor-widget elementor-widget-heading\" data-id=\"b76983e\" data-element_type=\"widget\" data-e-type=\"widget\" data-widget_type=\"heading.default\">\n\t\t\t\t<div class=\"elementor-widget-container\">\n\t\t\t\t\t<h3 class=\"elementor-heading-title elementor-size-default\">STATUT<\/h3>\t\t\t\t<\/div>\n\t\t\t\t<\/div>\n\t\t\t\t<div class=\"elementor-element elementor-element-502a9ef elementor-widget elementor-widget-text-editor\" data-id=\"502a9ef\" data-element_type=\"widget\" data-e-type=\"widget\" data-widget_type=\"text-editor.default\">\n\t\t\t\t<div class=\"elementor-widget-container\">\n\t\t\t\t\t\t\t\t\t<p>Prototype<\/p>\t\t\t\t\t\t\t\t<\/div>\n\t\t\t\t<\/div>\n\t\t\t\t<\/div>\n\t\t<div class=\"elementor-element elementor-element-cfb0f05 e-con-full e-flex e-con e-child\" data-id=\"cfb0f05\" data-element_type=\"container\" data-e-type=\"container\" data-settings=\"{&quot;background_background&quot;:&quot;classic&quot;,&quot;position&quot;:&quot;absolute&quot;}\">\n\t\t\t\t<\/div>\n\t\t\t\t<\/div>\n\t\t<div class=\"elementor-element elementor-element-a082187 e-con-full e-flex e-con e-child\" data-id=\"a082187\" data-element_type=\"container\" data-e-type=\"container\">\n\t\t\t\t<div class=\"elementor-element elementor-element-18555ce elementor-widget__width-inherit elementor-widget elementor-widget-heading\" data-id=\"18555ce\" data-element_type=\"widget\" data-e-type=\"widget\" data-widget_type=\"heading.default\">\n\t\t\t\t<div class=\"elementor-widget-container\">\n\t\t\t\t\t<h2 class=\"elementor-heading-title elementor-size-default\">R\u00e9cup\u00e9ration d\u2019\u00e9nergie de choc avec APA60SM<\/h2>\t\t\t\t<\/div>\n\t\t\t\t<\/div>\n\t\t<div class=\"elementor-element elementor-element-8b70f66 e-con-full e-flex e-con e-child\" data-id=\"8b70f66\" data-element_type=\"container\" data-e-type=\"container\">\n\t\t\t\t<div class=\"elementor-element elementor-element-a9179e7 elementor-widget elementor-widget-image\" data-id=\"a9179e7\" data-element_type=\"widget\" data-e-type=\"widget\" data-widget_type=\"image.default\">\n\t\t\t\t<div class=\"elementor-widget-container\">\n\t\t\t\t\t\t\t\t\t\t\t\t\t\t\t<img decoding=\"async\" src=\"https:\/\/cedrat-technologies.com\/wp-content\/uploads\/elementor\/thumbs\/csm_ShockEnergyHarvesting2_02_196747da3b-qdr82xgn64nnhzsl0t8euopgd9p6h9j0dha7nwfif6.jpg\" title=\"csm_ShockEnergyHarvesting2_02_196747da3b\" alt=\"csm_ShockEnergyHarvesting2_02_196747da3b\" loading=\"lazy\" \/>\t\t\t\t\t\t\t\t\t\t\t\t\t\t\t<\/div>\n\t\t\t\t<\/div>\n\t\t\t\t<div class=\"elementor-element elementor-element-f1f09ba elementor-align-center elementor-widget__width-inherit elementor-widget elementor-widget-button\" data-id=\"f1f09ba\" data-element_type=\"widget\" data-e-type=\"widget\" data-widget_type=\"button.default\">\n\t\t\t\t<div class=\"elementor-widget-container\">\n\t\t\t\t\t\t\t\t\t<div class=\"elementor-button-wrapper\">\n\t\t\t\t\t<a class=\"elementor-button elementor-button-link elementor-size-xs\" href=\"https:\/\/cedrat-technologies.com\/wp-content\/uploads\/2023\/03\/Shock_energy_harvesting_SEH-APA60SM.pdf\">\n\t\t\t\t\t\t<span class=\"elementor-button-content-wrapper\">\n\t\t\t\t\t\t<span class=\"elementor-button-icon\">\n\t\t\t\t<i aria-hidden=\"true\" class=\"far fa-file-pdf\"><\/i>\t\t\t<\/span>\n\t\t\t\t\t\t\t\t\t<span class=\"elementor-button-text\">En savoir plus<\/span>\n\t\t\t\t\t<\/span>\n\t\t\t\t\t<\/a>\n\t\t\t\t<\/div>\n\t\t\t\t\t\t\t\t<\/div>\n\t\t\t\t<\/div>\n\t\t\t\t<\/div>\n\t\t<div class=\"elementor-element elementor-element-48a4c22 e-con-full e-flex e-con e-child\" data-id=\"48a4c22\" data-element_type=\"container\" data-e-type=\"container\">\n\t\t\t\t<div class=\"elementor-element elementor-element-7c06db8 elementor-widget elementor-widget-text-editor\" data-id=\"7c06db8\" data-element_type=\"widget\" data-e-type=\"widget\" data-widget_type=\"text-editor.default\">\n\t\t\t\t<div class=\"elementor-widget-container\">\n\t\t\t\t\t\t\t\t\t<p>CEDRAT TECHNOLOGIES a con\u00e7u un m\u00e9canisme complet pour transformer l\u2019\u00e9nergie de choc en \u00e9nergie \u00e9lectrique, permettant d\u2019alimenter un \u00e9metteur<\/p>\t\t\t\t\t\t\t\t<\/div>\n\t\t\t\t<\/div>\n\t\t\t\t<div class=\"elementor-element elementor-element-7edd949 elementor-widget elementor-widget-heading\" data-id=\"7edd949\" data-element_type=\"widget\" data-e-type=\"widget\" data-widget_type=\"heading.default\">\n\t\t\t\t<div class=\"elementor-widget-container\">\n\t\t\t\t\t<h3 class=\"elementor-heading-title elementor-size-default\">Applications<\/h3>\t\t\t\t<\/div>\n\t\t\t\t<\/div>\n\t\t\t\t<div class=\"elementor-element elementor-element-16146e2 elementor-widget elementor-widget-text-editor\" data-id=\"16146e2\" data-element_type=\"widget\" data-e-type=\"widget\" data-widget_type=\"text-editor.default\">\n\t\t\t\t<div class=\"elementor-widget-container\">\n\t\t\t\t\t\t\t\t\t<p>Transmetteur de collecte d\u2019\u00e9nergie \u00e9lectrique de choc<\/p>\t\t\t\t\t\t\t\t<\/div>\n\t\t\t\t<\/div>\n\t\t\t\t<div class=\"elementor-element elementor-element-feb6032 elementor-widget elementor-widget-heading\" data-id=\"feb6032\" data-element_type=\"widget\" data-e-type=\"widget\" data-widget_type=\"heading.default\">\n\t\t\t\t<div class=\"elementor-widget-container\">\n\t\t\t\t\t<h3 class=\"elementor-heading-title elementor-size-default\">STATUT<\/h3>\t\t\t\t<\/div>\n\t\t\t\t<\/div>\n\t\t\t\t<div class=\"elementor-element elementor-element-cd046e4 elementor-widget elementor-widget-text-editor\" data-id=\"cd046e4\" data-element_type=\"widget\" data-e-type=\"widget\" data-widget_type=\"text-editor.default\">\n\t\t\t\t<div class=\"elementor-widget-container\">\n\t\t\t\t\t\t\t\t\t<p>Prototype<\/p>\t\t\t\t\t\t\t\t<\/div>\n\t\t\t\t<\/div>\n\t\t\t\t<\/div>\n\t\t<div class=\"elementor-element elementor-element-40dfe0e e-con-full e-flex e-con e-child\" data-id=\"40dfe0e\" data-element_type=\"container\" data-e-type=\"container\" data-settings=\"{&quot;background_background&quot;:&quot;classic&quot;,&quot;position&quot;:&quot;absolute&quot;}\">\n\t\t\t\t<\/div>\n\t\t\t\t<\/div>\n\t\t\t\t\t<\/div>\n\t\t\t\t<\/div>\n\t\t\t\t<\/div>\n\t\t","protected":false},"excerpt":{"rendered":"<p>Les dispositifs de r\u00e9cup\u00e9ration d&rsquo;\u00e9nergie convertissent l&rsquo;\u00e9nergie m\u00e9canique en \u00e9nergie \u00e9lectrique. Ils pr\u00e9sentent un grand int\u00e9r\u00eat pour l&rsquo;alimentation de petits syst\u00e8mes autonomes tels que les capteurs int\u00e9gr\u00e9s. CEDRAT TECHNOLOGIES a d\u00e9velopp\u00e9 plusieurs types d&rsquo;actionneurs pi\u00e9zo\u00e9lectriques pr\u00e9sentant des propri\u00e9t\u00e9s int\u00e9ressantes pour la r\u00e9cup\u00e9ration de l&rsquo;\u00e9nergie des vibrations et des chocs. Parmi eux, les actionneurs pi\u00e9zo\u00e9lectriques amplifi\u00e9s &#8230; <a title=\"R\u00e9cup\u00e9ration d&rsquo;\u00e9nergie\" class=\"read-more\" href=\"https:\/\/cedrat-technologies.com\/fr\/technologies\/systemes-mecatroniques\/recuperation-denergie\/\" aria-label=\"En savoir plus sur R\u00e9cup\u00e9ration d&rsquo;\u00e9nergie\">Lire la suite<\/a><\/p>\n","protected":false},"author":1,"featured_media":0,"parent":16957,"menu_order":0,"comment_status":"closed","ping_status":"closed","template":"","meta":{"_acf_changed":false,"_seopress_robots_primary_cat":"","_seopress_titles_title":"Syst\u00e8mes de r\u00e9cup\u00e9ration d&#039;\u00e9nergie - Cedrat Technologies","_seopress_titles_desc":"Explorez les syst\u00e8mes de r\u00e9cup\u00e9ration d&#039;\u00e9nergie de Cedrat Technologies, qui convertissent l&#039;\u00e9nergie ambiante en \u00e9nergie \u00e9lectrique utilisable pour des applications autonomes et sans fil.","_seopress_robots_index":"","footnotes":""},"class_list":["post-16969","page","type-page","status-publish"],"acf":[],"_links":{"self":[{"href":"https:\/\/cedrat-technologies.com\/fr\/wp-json\/wp\/v2\/pages\/16969","targetHints":{"allow":["GET"]}}],"collection":[{"href":"https:\/\/cedrat-technologies.com\/fr\/wp-json\/wp\/v2\/pages"}],"about":[{"href":"https:\/\/cedrat-technologies.com\/fr\/wp-json\/wp\/v2\/types\/page"}],"author":[{"embeddable":true,"href":"https:\/\/cedrat-technologies.com\/fr\/wp-json\/wp\/v2\/users\/1"}],"replies":[{"embeddable":true,"href":"https:\/\/cedrat-technologies.com\/fr\/wp-json\/wp\/v2\/comments?post=16969"}],"version-history":[{"count":0,"href":"https:\/\/cedrat-technologies.com\/fr\/wp-json\/wp\/v2\/pages\/16969\/revisions"}],"up":[{"embeddable":true,"href":"https:\/\/cedrat-technologies.com\/fr\/wp-json\/wp\/v2\/pages\/16957"}],"wp:attachment":[{"href":"https:\/\/cedrat-technologies.com\/fr\/wp-json\/wp\/v2\/media?parent=16969"}],"curies":[{"name":"wp","href":"https:\/\/api.w.org\/{rel}","templated":true}]}}