{"id":16957,"date":"2023-03-02T14:07:52","date_gmt":"2023-03-02T13:07:52","guid":{"rendered":"http:\/\/cedrat-technologies.com\/technologies\/mechatronic-systems\/"},"modified":"2024-10-02T11:30:41","modified_gmt":"2024-10-02T09:30:41","slug":"systemes-mecatroniques","status":"publish","type":"page","link":"https:\/\/cedrat-technologies.com\/fr\/technologies\/systemes-mecatroniques\/","title":{"rendered":"Syst\u00e8mes m\u00e9catroniques"},"content":{"rendered":"\t\t<div data-elementor-type=\"wp-page\" data-elementor-id=\"16957\" class=\"elementor elementor-16957 elementor-6342\" data-elementor-post-type=\"page\">\n\t\t\t\t<div class=\"elementor-element elementor-element-6704084 e-con-full e-flex e-con e-parent\" data-id=\"6704084\" data-element_type=\"container\" data-e-type=\"container\">\n\t\t<div class=\"elementor-element elementor-element-cbc306a e-con-full e-flex e-con e-child\" data-id=\"cbc306a\" data-element_type=\"container\" data-e-type=\"container\">\n\t\t\t\t<div class=\"elementor-element elementor-element-a709c07 elementor-widget elementor-widget-heading\" data-id=\"a709c07\" data-element_type=\"widget\" data-e-type=\"widget\" data-widget_type=\"heading.default\">\n\t\t\t\t<div class=\"elementor-widget-container\">\n\t\t\t\t\t<h1 class=\"elementor-heading-title elementor-size-default\">Syst\u00e8mes m\u00e9catroniques<\/h1>\t\t\t\t<\/div>\n\t\t\t\t<\/div>\n\t\t<div class=\"elementor-element elementor-element-cfef96d e-con-full e-flex e-con e-child\" data-id=\"cfef96d\" data-element_type=\"container\" data-e-type=\"container\">\n\t\t\t\t<div class=\"elementor-element elementor-element-b901859 elementor-align-justify elementor-widget elementor-widget-button\" data-id=\"b901859\" data-element_type=\"widget\" data-e-type=\"widget\" data-widget_type=\"button.default\">\n\t\t\t\t<div class=\"elementor-widget-container\">\n\t\t\t\t\t\t\t\t\t<div class=\"elementor-button-wrapper\">\n\t\t\t\t\t<a class=\"elementor-button elementor-button-link elementor-size-sm\" href=\"https:\/\/cedrat-technologies.com\/fr\/technologies\/systemes-mecatroniques\/controle-du-mouvement\/\">\n\t\t\t\t\t\t<span class=\"elementor-button-content-wrapper\">\n\t\t\t\t\t\t\t\t\t<span class=\"elementor-button-text\">Contr\u00f4le du mouvement<\/span>\n\t\t\t\t\t<\/span>\n\t\t\t\t\t<\/a>\n\t\t\t\t<\/div>\n\t\t\t\t\t\t\t\t<\/div>\n\t\t\t\t<\/div>\n\t\t\t\t<div class=\"elementor-element elementor-element-7f15204 elementor-align-justify elementor-widget elementor-widget-button\" data-id=\"7f15204\" data-element_type=\"widget\" data-e-type=\"widget\" data-widget_type=\"button.default\">\n\t\t\t\t<div class=\"elementor-widget-container\">\n\t\t\t\t\t\t\t\t\t<div class=\"elementor-button-wrapper\">\n\t\t\t\t\t<a class=\"elementor-button elementor-button-link elementor-size-sm\" href=\"https:\/\/cedrat-technologies.com\/fr\/technologies\/systemes-mecatroniques\/controle-de-vibrations\/\">\n\t\t\t\t\t\t<span class=\"elementor-button-content-wrapper\">\n\t\t\t\t\t\t\t\t\t<span class=\"elementor-button-text\">Contr\u00f4le de vibrations<\/span>\n\t\t\t\t\t<\/span>\n\t\t\t\t\t<\/a>\n\t\t\t\t<\/div>\n\t\t\t\t\t\t\t\t<\/div>\n\t\t\t\t<\/div>\n\t\t\t\t<div class=\"elementor-element elementor-element-6804fd8 elementor-align-justify elementor-widget elementor-widget-button\" data-id=\"6804fd8\" data-element_type=\"widget\" data-e-type=\"widget\" data-widget_type=\"button.default\">\n\t\t\t\t<div class=\"elementor-widget-container\">\n\t\t\t\t\t\t\t\t\t<div class=\"elementor-button-wrapper\">\n\t\t\t\t\t<a class=\"elementor-button elementor-button-link elementor-size-sm\" href=\"https:\/\/cedrat-technologies.com\/fr\/technologies\/systemes-mecatroniques\/recuperation-denergie\/\">\n\t\t\t\t\t\t<span class=\"elementor-button-content-wrapper\">\n\t\t\t\t\t\t\t\t\t<span class=\"elementor-button-text\">R\u00e9cup\u00e9ration d'\u00e9nergie<\/span>\n\t\t\t\t\t<\/span>\n\t\t\t\t\t<\/a>\n\t\t\t\t<\/div>\n\t\t\t\t\t\t\t\t<\/div>\n\t\t\t\t<\/div>\n\t\t\t\t<div class=\"elementor-element elementor-element-820b0c6 elementor-align-justify elementor-widget elementor-widget-button\" data-id=\"820b0c6\" data-element_type=\"widget\" data-e-type=\"widget\" data-widget_type=\"button.default\">\n\t\t\t\t<div class=\"elementor-widget-container\">\n\t\t\t\t\t\t\t\t\t<div class=\"elementor-button-wrapper\">\n\t\t\t\t\t<a class=\"elementor-button elementor-button-link elementor-size-sm\" href=\"https:\/\/cedrat-technologies.com\/fr\/technologies\/systemes-mecatroniques\/dispositifs-electro-fluidique\/\">\n\t\t\t\t\t\t<span class=\"elementor-button-content-wrapper\">\n\t\t\t\t\t\t\t\t\t<span class=\"elementor-button-text\">Dispositifs \u00e9lectro-fluidiques<\/span>\n\t\t\t\t\t<\/span>\n\t\t\t\t\t<\/a>\n\t\t\t\t<\/div>\n\t\t\t\t\t\t\t\t<\/div>\n\t\t\t\t<\/div>\n\t\t\t\t<\/div>\n\t\t\t\t<div class=\"elementor-element elementor-element-b17ee8c elementor-widget elementor-widget-text-editor\" data-id=\"b17ee8c\" data-element_type=\"widget\" data-e-type=\"widget\" data-widget_type=\"text-editor.default\">\n\t\t\t\t<div class=\"elementor-widget-container\">\n\t\t\t\t\t\t\t\t\t<p class=\"align-justify\">Les syst\u00e8mes m\u00e9catroniques d\u00e9velopp\u00e9s par CEDRAT TECHNOLOGIES sont centr\u00e9s sur le m\u00e9canisme et l\u2019\u00e9lectronique qui, combin\u00e9s, permettent la r\u00e9alisation de syst\u00e8mes plus simples, versatiles, fiables et \u00e9conomiques.<\/p><p class=\"align-justify\">Ces syst\u00e8mes m\u00e9catroniques ne sont pas disponibles comme produits standards, mais comme \u2018briques technologiques\u2019. Ainsi, des produits similaires peuvent \u00eatre customis\u00e9s ou adapt\u00e9s \u00e0 partir des sp\u00e9cifications clients.<\/p><p class=\"align-justify\">D\u2019autres syst\u00e8mes m\u00e9catroniques peuvent \u00eatre con\u00e7us en utilisant les outils de conception CAO, les laboratoires et le savoir faire technologique.<\/p>\t\t\t\t\t\t\t\t<\/div>\n\t\t\t\t<\/div>\n\t\t\t\t<\/div>\n\t\t<div class=\"elementor-element elementor-element-5e37f90 e-con-full e-flex e-con e-child\" data-id=\"5e37f90\" data-element_type=\"container\" data-e-type=\"container\" data-settings=\"{&quot;background_background&quot;:&quot;classic&quot;}\">\n\t\t\t\t<\/div>\n\t\t\t\t<\/div>\n\t\t\t\t<\/div>\n\t\t","protected":false},"excerpt":{"rendered":"<p>Contr\u00f4le du mouvement Contr\u00f4le de vibrations R\u00e9cup\u00e9ration d&rsquo;\u00e9nergie Dispositifs \u00e9lectro-fluidiques Les syst\u00e8mes m\u00e9catroniques d\u00e9velopp\u00e9s par CEDRAT TECHNOLOGIES sont centr\u00e9s sur le m\u00e9canisme et l\u2019\u00e9lectronique qui, combin\u00e9s, permettent la r\u00e9alisation de syst\u00e8mes plus simples, versatiles, fiables et \u00e9conomiques. Ces syst\u00e8mes m\u00e9catroniques ne sont pas disponibles comme produits standards, mais comme \u2018briques technologiques\u2019. Ainsi, des produits similaires &#8230; <a title=\"Syst\u00e8mes m\u00e9catroniques\" class=\"read-more\" href=\"https:\/\/cedrat-technologies.com\/fr\/technologies\/systemes-mecatroniques\/\" aria-label=\"En savoir plus sur Syst\u00e8mes m\u00e9catroniques\">Lire la suite<\/a><\/p>\n","protected":false},"author":1,"featured_media":0,"parent":16842,"menu_order":0,"comment_status":"closed","ping_status":"closed","template":"","meta":{"_acf_changed":false,"_seopress_robots_primary_cat":"","_seopress_titles_title":"Syst\u00e8mes m\u00e9catroniques de Cedrat Technologies","_seopress_titles_desc":"D\u00e9couvrez les syst\u00e8mes m\u00e9catroniques de Cedrat Technologies, comprenant des solutions de r\u00e9cup\u00e9ration d&#039;\u00e9nergie, des syst\u00e8mes de contr\u00f4le de mouvement et des technologies de contr\u00f4le des vibrations.","_seopress_robots_index":"","footnotes":""},"class_list":["post-16957","page","type-page","status-publish"],"acf":[],"_links":{"self":[{"href":"https:\/\/cedrat-technologies.com\/fr\/wp-json\/wp\/v2\/pages\/16957","targetHints":{"allow":["GET"]}}],"collection":[{"href":"https:\/\/cedrat-technologies.com\/fr\/wp-json\/wp\/v2\/pages"}],"about":[{"href":"https:\/\/cedrat-technologies.com\/fr\/wp-json\/wp\/v2\/types\/page"}],"author":[{"embeddable":true,"href":"https:\/\/cedrat-technologies.com\/fr\/wp-json\/wp\/v2\/users\/1"}],"replies":[{"embeddable":true,"href":"https:\/\/cedrat-technologies.com\/fr\/wp-json\/wp\/v2\/comments?post=16957"}],"version-history":[{"count":0,"href":"https:\/\/cedrat-technologies.com\/fr\/wp-json\/wp\/v2\/pages\/16957\/revisions"}],"up":[{"embeddable":true,"href":"https:\/\/cedrat-technologies.com\/fr\/wp-json\/wp\/v2\/pages\/16842"}],"wp:attachment":[{"href":"https:\/\/cedrat-technologies.com\/fr\/wp-json\/wp\/v2\/media?parent=16957"}],"curies":[{"name":"wp","href":"https:\/\/api.w.org\/{rel}","templated":true}]}}