{"id":16950,"date":"2023-03-02T17:21:56","date_gmt":"2023-03-02T16:21:56","guid":{"rendered":"http:\/\/cedrat-technologies.com\/technologies\/ingenierie\/phases-dun-projet\/qualification\/"},"modified":"2023-08-16T16:12:13","modified_gmt":"2023-08-16T14:12:13","slug":"qualification","status":"publish","type":"page","link":"https:\/\/cedrat-technologies.com\/fr\/services\/phases-dun-projet\/qualification\/","title":{"rendered":"Qualification"},"content":{"rendered":"\t\t<div data-elementor-type=\"wp-page\" data-elementor-id=\"16950\" class=\"elementor elementor-16950 elementor-7197\" data-elementor-post-type=\"page\">\n\t\t\t\t<div class=\"elementor-element elementor-element-6704084 e-flex e-con-boxed e-con e-parent\" data-id=\"6704084\" data-element_type=\"container\" data-e-type=\"container\">\n\t\t\t\t\t<div class=\"e-con-inner\">\n\t\t<div class=\"elementor-element elementor-element-cbc306a e-con-full e-flex e-con e-parent\" data-id=\"cbc306a\" data-element_type=\"container\" data-e-type=\"container\">\n\t\t\t\t<div class=\"elementor-element elementor-element-7e1520a elementor-widget elementor-widget-heading\" data-id=\"7e1520a\" data-element_type=\"widget\" data-e-type=\"widget\" data-widget_type=\"heading.default\">\n\t\t\t\t<div class=\"elementor-widget-container\">\n\t\t\t\t\t<h1 class=\"elementor-heading-title elementor-size-default\">Qualification<\/h1>\t\t\t\t<\/div>\n\t\t\t\t<\/div>\n\t\t\t\t<div class=\"elementor-element elementor-element-b17ee8c elementor-widget elementor-widget-text-editor\" data-id=\"b17ee8c\" data-element_type=\"widget\" data-e-type=\"widget\" data-widget_type=\"text-editor.default\">\n\t\t\t\t<div class=\"elementor-widget-container\">\n\t\t\t\t\t\t\t\t\t<p class=\"align-justify\">CEDRAT TECHNOLOGIES\u00a0peut offrir son savoir faire et son\u00a0<a href=\"https:\/\/www.calameo.com\/read\/0070084558cde3fac27e8\" target=\"_self\">h\u00e9ritage a\u00e9rospatial<\/a>\u00a0pour qualifier des produits suivant diff\u00e9rents environnements spatiaux ou a\u00e9ronautiques (climatiques\u00a0et m\u00e9caniques) gr\u00e2ce \u00e0 ses \u00e9quipements de<\/p><p class=\"align-justify\">CEDRAT TECHNOLOGIES\u00a0a d\u00e9j\u00e0 fourni des produits a\u00e9rospatiaux et militaires depuis une dizaine d\u2019ann\u00e9es. Plusieurs produits ont \u00e9t\u00e9 sp\u00e9cialement d\u00e9velopp\u00e9s et test\u00e9s pour r\u00e9pondre \u00e0 des sp\u00e9cifications spatiales. Un processus de qualification inclut plusieurs \u00e9tapes :<\/p><ul><li><strong>Mod\u00e8le d\u2019ing\u00e9nierie<\/strong>\u00a0(MI) utilisant des mat\u00e9riaux compatibles et test\u00e9s fonctionnellement<\/li><li><strong>Mod\u00e8le de qualification<\/strong>\u00a0(MQ) incluant les tests de vibrations, vides, thermiques et dur\u00e9e de vie<\/li><li><strong>Mod\u00e8le de vol<\/strong>\u00a0(MV)<\/li><\/ul><p class=\"align-justify\">Jusqu\u2019\u00e0 pr\u00e9sent, plus de 2 000 actionneurs pi\u00e9zo\u00e9lectriques de CEDRAT TECHNOLOGIES ont \u00e9t\u00e9 livr\u00e9s \u00e0 ses clients prestigieux.<\/p>\t\t\t\t\t\t\t\t<\/div>\n\t\t\t\t<\/div>\n\t\t\t\t<div class=\"elementor-element elementor-element-ee31d0d elementor-widget elementor-widget-image\" data-id=\"ee31d0d\" data-element_type=\"widget\" data-e-type=\"widget\" data-widget_type=\"image.default\">\n\t\t\t\t<div class=\"elementor-widget-container\">\n\t\t\t\t\t\t\t\t\t\t\t\t\t\t\t<img fetchpriority=\"high\" decoding=\"async\" width=\"600\" height=\"174\" src=\"https:\/\/cedrat-technologies.com\/wp-content\/uploads\/2023\/05\/csm_photo_qualif_04_a40999f963.jpg\" class=\"attachment-full size-full wp-image-16952\" alt=\"\" \/>\t\t\t\t\t\t\t\t\t\t\t\t\t\t\t<\/div>\n\t\t\t\t<\/div>\n\t\t\t\t<div class=\"elementor-element elementor-element-09bc4d1 elementor-widget elementor-widget-text-editor\" data-id=\"09bc4d1\" data-element_type=\"widget\" data-e-type=\"widget\" data-widget_type=\"text-editor.default\">\n\t\t\t\t<div class=\"elementor-widget-container\">\n\t\t\t\t\t\t\t\t\t<p>Assembly under clean Hood, vibration test, voice coil space evaluation under thermal vaccum chamber.<\/p>\t\t\t\t\t\t\t\t<\/div>\n\t\t\t\t<\/div>\n\t\t\t\t<\/div>\n\t\t\t\t\t<\/div>\n\t\t\t\t<\/div>\n\t\t\t\t<\/div>\n\t\t","protected":false},"excerpt":{"rendered":"<p>CEDRAT TECHNOLOGIES\u00a0peut offrir son savoir faire et son\u00a0h\u00e9ritage a\u00e9rospatial\u00a0pour qualifier des produits suivant diff\u00e9rents environnements spatiaux ou a\u00e9ronautiques (climatiques\u00a0et m\u00e9caniques) gr\u00e2ce \u00e0 ses \u00e9quipements de CEDRAT TECHNOLOGIES\u00a0a d\u00e9j\u00e0 fourni des produits a\u00e9rospatiaux et militaires depuis une dizaine d\u2019ann\u00e9es. Plusieurs produits ont \u00e9t\u00e9 sp\u00e9cialement d\u00e9velopp\u00e9s et test\u00e9s pour r\u00e9pondre \u00e0 des sp\u00e9cifications spatiales. Un processus de &#8230; <a title=\"Qualification\" class=\"read-more\" href=\"https:\/\/cedrat-technologies.com\/fr\/services\/phases-dun-projet\/qualification\/\" aria-label=\"En savoir plus sur Qualification\">Lire la suite<\/a><\/p>\n","protected":false},"author":1,"featured_media":0,"parent":16920,"menu_order":0,"comment_status":"closed","ping_status":"closed","template":"","meta":{"_acf_changed":false,"_seopress_robots_primary_cat":"","_seopress_titles_title":"Phase de qualification - Cedrat Technologies","_seopress_titles_desc":"Explorez la phase de qualification des projets d&#039;ing\u00e9nierie de Cedrat Technologies, o\u00f9 les produits et les syst\u00e8mes sont soumis \u00e0 des tests et des validations rigoureux avant le d\u00e9ploiement.","_seopress_robots_index":"","footnotes":""},"class_list":["post-16950","page","type-page","status-publish"],"acf":[],"_links":{"self":[{"href":"https:\/\/cedrat-technologies.com\/fr\/wp-json\/wp\/v2\/pages\/16950","targetHints":{"allow":["GET"]}}],"collection":[{"href":"https:\/\/cedrat-technologies.com\/fr\/wp-json\/wp\/v2\/pages"}],"about":[{"href":"https:\/\/cedrat-technologies.com\/fr\/wp-json\/wp\/v2\/types\/page"}],"author":[{"embeddable":true,"href":"https:\/\/cedrat-technologies.com\/fr\/wp-json\/wp\/v2\/users\/1"}],"replies":[{"embeddable":true,"href":"https:\/\/cedrat-technologies.com\/fr\/wp-json\/wp\/v2\/comments?post=16950"}],"version-history":[{"count":0,"href":"https:\/\/cedrat-technologies.com\/fr\/wp-json\/wp\/v2\/pages\/16950\/revisions"}],"up":[{"embeddable":true,"href":"https:\/\/cedrat-technologies.com\/fr\/wp-json\/wp\/v2\/pages\/16920"}],"wp:attachment":[{"href":"https:\/\/cedrat-technologies.com\/fr\/wp-json\/wp\/v2\/media?parent=16950"}],"curies":[{"name":"wp","href":"https:\/\/api.w.org\/{rel}","templated":true}]}}