{"id":16943,"date":"2023-03-02T17:21:20","date_gmt":"2023-03-02T16:21:20","guid":{"rendered":"http:\/\/cedrat-technologies.com\/technologies\/ingenierie\/phases-dun-projet\/prototyping\/"},"modified":"2023-06-14T16:11:06","modified_gmt":"2023-06-14T14:11:06","slug":"prototypage","status":"publish","type":"page","link":"https:\/\/cedrat-technologies.com\/fr\/services\/phases-dun-projet\/prototypage\/","title":{"rendered":"Prototypage"},"content":{"rendered":"\t\t<div data-elementor-type=\"wp-page\" data-elementor-id=\"16943\" class=\"elementor elementor-16943 elementor-7192\" data-elementor-post-type=\"page\">\n\t\t\t\t<div class=\"elementor-element elementor-element-6704084 e-flex e-con-boxed e-con e-parent\" data-id=\"6704084\" data-element_type=\"container\" data-e-type=\"container\">\n\t\t\t\t\t<div class=\"e-con-inner\">\n\t\t<div class=\"elementor-element elementor-element-cbc306a e-con-full e-flex e-con e-parent\" data-id=\"cbc306a\" data-element_type=\"container\" data-e-type=\"container\">\n\t\t\t\t<div class=\"elementor-element elementor-element-8362de0 elementor-widget elementor-widget-heading\" data-id=\"8362de0\" data-element_type=\"widget\" data-e-type=\"widget\" data-widget_type=\"heading.default\">\n\t\t\t\t<div class=\"elementor-widget-container\">\n\t\t\t\t\t<h1 class=\"elementor-heading-title elementor-size-default\">Prototypage<\/h1>\t\t\t\t<\/div>\n\t\t\t\t<\/div>\n\t\t\t\t<div class=\"elementor-element elementor-element-b17ee8c elementor-widget elementor-widget-text-editor\" data-id=\"b17ee8c\" data-element_type=\"widget\" data-e-type=\"widget\" data-widget_type=\"text-editor.default\">\n\t\t\t\t<div class=\"elementor-widget-container\">\n\t\t\t\t\t\t\t\t\t<p class=\"align-justify\">Le prototypage\u00a0au sein de CEDRAT\u00a0TECHNOLOGIES\u00a0permet de r\u00e9aliser rapidement une maquette pour valider plusieurs aspects de la conception. Il illustre le concept et fournit au client un retour rapide. Le prototypage fournit une d\u00e9monstration fonctionnelle et r\u00e9duit le risque dans le projet.<\/p><p class=\"align-justify\">Gr\u00e2ce \u00e0 son r\u00e9seau de sous-traitance et de fournisseurs, CEDRAT TECHNOLOGIES\u00a0utilise son savoir faire en prototypage pour fournir toute l\u2019ann\u00e9e des d\u00e9monstrateurs.<\/p><p class=\"align-justify\">Quand le prototype est suffisamment repr\u00e9sentatif et satisfait aux sp\u00e9cifications fonctionnelles, le produit est pr\u00eat pour entrer en production.<\/p>\t\t\t\t\t\t\t\t<\/div>\n\t\t\t\t<\/div>\n\t\t\t\t<div class=\"elementor-element elementor-element-017f0e3 elementor-widget elementor-widget-image\" data-id=\"017f0e3\" data-element_type=\"widget\" data-e-type=\"widget\" data-widget_type=\"image.default\">\n\t\t\t\t<div class=\"elementor-widget-container\">\n\t\t\t\t\t\t\t\t\t\t\t\t\t\t\t<img fetchpriority=\"high\" decoding=\"async\" width=\"560\" height=\"170\" src=\"https:\/\/cedrat-technologies.com\/wp-content\/uploads\/2023\/05\/csm_prototypes_e8a9808ac4.jpg\" class=\"attachment-full size-full wp-image-16945\" alt=\"\" \/>\t\t\t\t\t\t\t\t\t\t\t\t\t\t\t<\/div>\n\t\t\t\t<\/div>\n\t\t\t\t<div class=\"elementor-element elementor-element-4b2d06c elementor-widget elementor-widget-text-editor\" data-id=\"4b2d06c\" data-element_type=\"widget\" data-e-type=\"widget\" data-widget_type=\"text-editor.default\">\n\t\t\t\t<div class=\"elementor-widget-container\">\n\t\t\t\t\t\t\t\t\t<p>Wireless piezo switch, Single phase micro-motor, Piezo circuit breaker.<\/p>\t\t\t\t\t\t\t\t<\/div>\n\t\t\t\t<\/div>\n\t\t\t\t<\/div>\n\t\t\t\t\t<\/div>\n\t\t\t\t<\/div>\n\t\t\t\t<\/div>\n\t\t","protected":false},"excerpt":{"rendered":"<p>Le prototypage\u00a0au sein de CEDRAT\u00a0TECHNOLOGIES\u00a0permet de r\u00e9aliser rapidement une maquette pour valider plusieurs aspects de la conception. Il illustre le concept et fournit au client un retour rapide. Le prototypage fournit une d\u00e9monstration fonctionnelle et r\u00e9duit le risque dans le projet. Gr\u00e2ce \u00e0 son r\u00e9seau de sous-traitance et de fournisseurs, CEDRAT TECHNOLOGIES\u00a0utilise son savoir faire &#8230; <a title=\"Prototypage\" class=\"read-more\" href=\"https:\/\/cedrat-technologies.com\/fr\/services\/phases-dun-projet\/prototypage\/\" aria-label=\"En savoir plus sur Prototypage\">Lire la suite<\/a><\/p>\n","protected":false},"author":1,"featured_media":0,"parent":16920,"menu_order":0,"comment_status":"closed","ping_status":"closed","template":"","meta":{"_acf_changed":false,"_seopress_robots_primary_cat":"","_seopress_titles_title":"Phase de prototypage - Cedrat Technologies","_seopress_titles_desc":"Apprenez-en davantage sur la phase de prototypage des projets d&#039;ing\u00e9nierie de Cedrat Technologies, o\u00f9 des prototypes physiques sont fabriqu\u00e9s et test\u00e9s pour valider les concepts de design.","_seopress_robots_index":"","footnotes":""},"class_list":["post-16943","page","type-page","status-publish"],"acf":[],"_links":{"self":[{"href":"https:\/\/cedrat-technologies.com\/fr\/wp-json\/wp\/v2\/pages\/16943","targetHints":{"allow":["GET"]}}],"collection":[{"href":"https:\/\/cedrat-technologies.com\/fr\/wp-json\/wp\/v2\/pages"}],"about":[{"href":"https:\/\/cedrat-technologies.com\/fr\/wp-json\/wp\/v2\/types\/page"}],"author":[{"embeddable":true,"href":"https:\/\/cedrat-technologies.com\/fr\/wp-json\/wp\/v2\/users\/1"}],"replies":[{"embeddable":true,"href":"https:\/\/cedrat-technologies.com\/fr\/wp-json\/wp\/v2\/comments?post=16943"}],"version-history":[{"count":0,"href":"https:\/\/cedrat-technologies.com\/fr\/wp-json\/wp\/v2\/pages\/16943\/revisions"}],"up":[{"embeddable":true,"href":"https:\/\/cedrat-technologies.com\/fr\/wp-json\/wp\/v2\/pages\/16920"}],"wp:attachment":[{"href":"https:\/\/cedrat-technologies.com\/fr\/wp-json\/wp\/v2\/media?parent=16943"}],"curies":[{"name":"wp","href":"https:\/\/api.w.org\/{rel}","templated":true}]}}