{"id":16941,"date":"2023-03-02T17:16:59","date_gmt":"2023-03-02T16:16:59","guid":{"rendered":"http:\/\/cedrat-technologies.com\/technologies\/ingenierie\/phases-dun-projet\/modelling-and-optimisation\/"},"modified":"2024-01-15T15:54:13","modified_gmt":"2024-01-15T14:54:13","slug":"modelisation-et-optimisation","status":"publish","type":"page","link":"https:\/\/cedrat-technologies.com\/fr\/services\/phases-dun-projet\/modelisation-et-optimisation\/","title":{"rendered":"Mod\u00e9lisation et optimisation"},"content":{"rendered":"\t\t<div data-elementor-type=\"wp-page\" data-elementor-id=\"16941\" class=\"elementor elementor-16941 elementor-7171\" data-elementor-post-type=\"page\">\n\t\t\t\t<div class=\"elementor-element elementor-element-6704084 e-flex e-con-boxed e-con e-parent\" data-id=\"6704084\" data-element_type=\"container\" data-e-type=\"container\">\n\t\t\t\t\t<div class=\"e-con-inner\">\n\t\t<div class=\"elementor-element elementor-element-cbc306a e-con-full e-flex e-con e-child\" data-id=\"cbc306a\" data-element_type=\"container\" data-e-type=\"container\">\n\t\t\t\t<div class=\"elementor-element elementor-element-0bc2793 elementor-widget elementor-widget-heading\" data-id=\"0bc2793\" data-element_type=\"widget\" data-e-type=\"widget\" data-widget_type=\"heading.default\">\n\t\t\t\t<div class=\"elementor-widget-container\">\n\t\t\t\t\t<h1 class=\"elementor-heading-title elementor-size-default\">Mod\u00e9lisation et optimisation<\/h1>\t\t\t\t<\/div>\n\t\t\t\t<\/div>\n\t\t\t\t<div class=\"elementor-element elementor-element-b17ee8c elementor-widget elementor-widget-text-editor\" data-id=\"b17ee8c\" data-element_type=\"widget\" data-e-type=\"widget\" data-widget_type=\"text-editor.default\">\n\t\t\t\t<div class=\"elementor-widget-container\">\n\t\t\t\t\t\t\t\t\t<p>Combinant des ann\u00e9es d&rsquo;exp\u00e9rience en ing\u00e9nierie \u00e9lectrique et m\u00e9catronique et un leadership dans la fabrication de logiciels \u00e9lectromagn\u00e9tiques, CEDRAT TECHNOLOGIES fournit des services avanc\u00e9s de mod\u00e9lisation et d&rsquo;optimisation.<\/p><p>Notre large connaissance des solutions de simulation d&rsquo;une part, et de l&rsquo;ing\u00e9nierie \u00e9lectrique et m\u00e9catronique d&rsquo;autre part, permet \u00e0 l&rsquo;\u00e9quipe d&rsquo;experts de CEDRAT TECHNOLOGIES de fournir des services de simulation innovants et de premier plan, depuis les calculs simples validant les hypoth\u00e8ses des clients jusqu&rsquo;aux \u00e9tudes d&rsquo;optimisation compl\u00e8tes.<\/p>\t\t\t\t\t\t\t\t<\/div>\n\t\t\t\t<\/div>\n\t\t\t\t<\/div>\n\t\t\t\t\t<\/div>\n\t\t\t\t<\/div>\n\t\t\t\t<\/div>\n\t\t","protected":false},"excerpt":{"rendered":"<p>Combinant des ann\u00e9es d&rsquo;exp\u00e9rience en ing\u00e9nierie \u00e9lectrique et m\u00e9catronique et un leadership dans la fabrication de logiciels \u00e9lectromagn\u00e9tiques, CEDRAT TECHNOLOGIES fournit des services avanc\u00e9s de mod\u00e9lisation et d&rsquo;optimisation. Notre large connaissance des solutions de simulation d&rsquo;une part, et de l&rsquo;ing\u00e9nierie \u00e9lectrique et m\u00e9catronique d&rsquo;autre part, permet \u00e0 l&rsquo;\u00e9quipe d&rsquo;experts de CEDRAT TECHNOLOGIES de fournir des &#8230; <a title=\"Mod\u00e9lisation et optimisation\" class=\"read-more\" href=\"https:\/\/cedrat-technologies.com\/fr\/services\/phases-dun-projet\/modelisation-et-optimisation\/\" aria-label=\"En savoir plus sur Mod\u00e9lisation et optimisation\">Lire la suite<\/a><\/p>\n","protected":false},"author":1,"featured_media":0,"parent":16920,"menu_order":0,"comment_status":"closed","ping_status":"closed","template":"","meta":{"_acf_changed":false,"_seopress_robots_primary_cat":"","_seopress_titles_title":"Phase de mod\u00e9lisation et d&#039;optimisation - Cedrat Technologies","_seopress_titles_desc":"Explorez la phase de mod\u00e9lisation et d&#039;optimisation des projets d&#039;ing\u00e9nierie de Cedrat Technologies, o\u00f9 des simulations avanc\u00e9es et des techniques d&#039;analyse sont utilis\u00e9es pour optimiser les designs.","_seopress_robots_index":"","footnotes":""},"class_list":["post-16941","page","type-page","status-publish"],"acf":[],"_links":{"self":[{"href":"https:\/\/cedrat-technologies.com\/fr\/wp-json\/wp\/v2\/pages\/16941","targetHints":{"allow":["GET"]}}],"collection":[{"href":"https:\/\/cedrat-technologies.com\/fr\/wp-json\/wp\/v2\/pages"}],"about":[{"href":"https:\/\/cedrat-technologies.com\/fr\/wp-json\/wp\/v2\/types\/page"}],"author":[{"embeddable":true,"href":"https:\/\/cedrat-technologies.com\/fr\/wp-json\/wp\/v2\/users\/1"}],"replies":[{"embeddable":true,"href":"https:\/\/cedrat-technologies.com\/fr\/wp-json\/wp\/v2\/comments?post=16941"}],"version-history":[{"count":0,"href":"https:\/\/cedrat-technologies.com\/fr\/wp-json\/wp\/v2\/pages\/16941\/revisions"}],"up":[{"embeddable":true,"href":"https:\/\/cedrat-technologies.com\/fr\/wp-json\/wp\/v2\/pages\/16920"}],"wp:attachment":[{"href":"https:\/\/cedrat-technologies.com\/fr\/wp-json\/wp\/v2\/media?parent=16941"}],"curies":[{"name":"wp","href":"https:\/\/api.w.org\/{rel}","templated":true}]}}