{"id":16934,"date":"2023-03-02T17:18:44","date_gmt":"2023-03-02T16:18:44","guid":{"rendered":"http:\/\/cedrat-technologies.com\/technologies\/ingenierie\/phases-dun-projet\/feasibility-and-pre-design\/"},"modified":"2023-06-14T16:10:49","modified_gmt":"2023-06-14T14:10:49","slug":"faisabilite-et-predimensionnement","status":"publish","type":"page","link":"https:\/\/cedrat-technologies.com\/fr\/services\/phases-dun-projet\/faisabilite-et-predimensionnement\/","title":{"rendered":"Faisabilit\u00e9 et pr\u00e9dimensionnement"},"content":{"rendered":"\t\t<div data-elementor-type=\"wp-page\" data-elementor-id=\"16934\" class=\"elementor elementor-16934 elementor-7179\" data-elementor-post-type=\"page\">\n\t\t\t\t<div class=\"elementor-element elementor-element-6704084 e-flex e-con-boxed e-con e-parent\" data-id=\"6704084\" data-element_type=\"container\" data-e-type=\"container\">\n\t\t\t\t\t<div class=\"e-con-inner\">\n\t\t<div class=\"elementor-element elementor-element-cbc306a e-con-full e-flex e-con e-parent\" data-id=\"cbc306a\" data-element_type=\"container\" data-e-type=\"container\">\n\t\t\t\t<div class=\"elementor-element elementor-element-6cf4a19 elementor-widget elementor-widget-heading\" data-id=\"6cf4a19\" data-element_type=\"widget\" data-e-type=\"widget\" data-widget_type=\"heading.default\">\n\t\t\t\t<div class=\"elementor-widget-container\">\n\t\t\t\t\t<h1 class=\"elementor-heading-title elementor-size-default\">Faisabilit\u00e9 et pr\u00e9dimensionnement<\/h1>\t\t\t\t<\/div>\n\t\t\t\t<\/div>\n\t\t\t\t<div class=\"elementor-element elementor-element-b17ee8c elementor-widget elementor-widget-text-editor\" data-id=\"b17ee8c\" data-element_type=\"widget\" data-e-type=\"widget\" data-widget_type=\"text-editor.default\">\n\t\t\t\t<div class=\"elementor-widget-container\">\n\t\t\t\t\t\t\t\t\t<p>Quand on adresse un nouveau besoin ambitieux, le Groupe CEDRAT propose souvent une\u00a0<b>\u00e9tude de faisabilit\u00e9<\/b>, avec l\u2019objectif\u00a0d\u2019anticiper les difficult\u00e9s. Cette \u00e9tude inclut la bibliographie, des calculs pr\u00e9liminaires, des investigations en technologies\u2026 Dans certains cas, l\u2019analyse de sp\u00e9cifications peut r\u00e9sulter en une matrice de compliance qui inclut un plan de tests avec l\u2019identification des risques associ\u00e9s.<\/p><p>Plus g\u00e9n\u00e9ralement, au d\u00e9but d\u2019un projet, un trade off technologique est r\u00e9alis\u00e9 pour prioriser les solutions possibles et explorer plusieurs concepts.<\/p><p>En r\u00e9sum\u00e9, cette phase vise \u00e0 r\u00e9duire les risques et proposer un concept faisable d\u2019un point de vue ing\u00e9nierie, compatible avec les sp\u00e9cifications du client et les attentes du march\u00e9.<\/p>\t\t\t\t\t\t\t\t<\/div>\n\t\t\t\t<\/div>\n\t\t\t\t<div class=\"elementor-element elementor-element-76f15d8 elementor-widget elementor-widget-image\" data-id=\"76f15d8\" data-element_type=\"widget\" data-e-type=\"widget\" data-widget_type=\"image.default\">\n\t\t\t\t<div class=\"elementor-widget-container\">\n\t\t\t\t\t\t\t\t\t\t\t\t\t\t\t<img fetchpriority=\"high\" decoding=\"async\" width=\"449\" height=\"230\" src=\"https:\/\/cedrat-technologies.com\/wp-content\/uploads\/2023\/05\/csm_graph_feasibility_04_70a185af23.jpg\" class=\"attachment-full size-full wp-image-16936\" alt=\"\" \/>\t\t\t\t\t\t\t\t\t\t\t\t\t\t\t<\/div>\n\t\t\t\t<\/div>\n\t\t\t\t<div class=\"elementor-element elementor-element-2924dff elementor-widget elementor-widget-text-editor\" data-id=\"2924dff\" data-element_type=\"widget\" data-e-type=\"widget\" data-widget_type=\"text-editor.default\">\n\t\t\t\t<div class=\"elementor-widget-container\">\n\t\t\t\t\t\t\t\t\t<p>Faisabilit\u00e9 &amp; Conception pr\u00e9liminaire<\/p>\t\t\t\t\t\t\t\t<\/div>\n\t\t\t\t<\/div>\n\t\t\t\t<\/div>\n\t\t\t\t\t<\/div>\n\t\t\t\t<\/div>\n\t\t\t\t<\/div>\n\t\t","protected":false},"excerpt":{"rendered":"<p>Quand on adresse un nouveau besoin ambitieux, le Groupe CEDRAT propose souvent une\u00a0\u00e9tude de faisabilit\u00e9, avec l\u2019objectif\u00a0d\u2019anticiper les difficult\u00e9s. Cette \u00e9tude inclut la bibliographie, des calculs pr\u00e9liminaires, des investigations en technologies\u2026 Dans certains cas, l\u2019analyse de sp\u00e9cifications peut r\u00e9sulter en une matrice de compliance qui inclut un plan de tests avec l\u2019identification des risques associ\u00e9s. &#8230; <a title=\"Faisabilit\u00e9 et pr\u00e9dimensionnement\" class=\"read-more\" href=\"https:\/\/cedrat-technologies.com\/fr\/services\/phases-dun-projet\/faisabilite-et-predimensionnement\/\" aria-label=\"En savoir plus sur Faisabilit\u00e9 et pr\u00e9dimensionnement\">Lire la suite<\/a><\/p>\n","protected":false},"author":1,"featured_media":0,"parent":16920,"menu_order":0,"comment_status":"closed","ping_status":"closed","template":"","meta":{"_acf_changed":false,"_seopress_robots_primary_cat":"","_seopress_titles_title":"Phase de faisabilit\u00e9 et de pr\u00e9-conception - Cedrat Technologies","_seopress_titles_desc":"D\u00e9couvrez la phase de faisabilit\u00e9 et de pr\u00e9-conception des projets d&#039;ing\u00e9nierie de Cedrat Technologies, o\u00f9 les concepts sont \u00e9valu\u00e9s et les \u00e9tudes de conception initiales sont r\u00e9alis\u00e9es.","_seopress_robots_index":"","footnotes":""},"class_list":["post-16934","page","type-page","status-publish"],"acf":[],"_links":{"self":[{"href":"https:\/\/cedrat-technologies.com\/fr\/wp-json\/wp\/v2\/pages\/16934","targetHints":{"allow":["GET"]}}],"collection":[{"href":"https:\/\/cedrat-technologies.com\/fr\/wp-json\/wp\/v2\/pages"}],"about":[{"href":"https:\/\/cedrat-technologies.com\/fr\/wp-json\/wp\/v2\/types\/page"}],"author":[{"embeddable":true,"href":"https:\/\/cedrat-technologies.com\/fr\/wp-json\/wp\/v2\/users\/1"}],"replies":[{"embeddable":true,"href":"https:\/\/cedrat-technologies.com\/fr\/wp-json\/wp\/v2\/comments?post=16934"}],"version-history":[{"count":0,"href":"https:\/\/cedrat-technologies.com\/fr\/wp-json\/wp\/v2\/pages\/16934\/revisions"}],"up":[{"embeddable":true,"href":"https:\/\/cedrat-technologies.com\/fr\/wp-json\/wp\/v2\/pages\/16920"}],"wp:attachment":[{"href":"https:\/\/cedrat-technologies.com\/fr\/wp-json\/wp\/v2\/media?parent=16934"}],"curies":[{"name":"wp","href":"https:\/\/api.w.org\/{rel}","templated":true}]}}