{"id":16925,"date":"2023-03-02T17:20:39","date_gmt":"2023-03-02T16:20:39","guid":{"rendered":"http:\/\/cedrat-technologies.com\/technologies\/ingenierie\/phases-dun-projet\/design\/"},"modified":"2024-01-15T16:00:50","modified_gmt":"2024-01-15T15:00:50","slug":"design","status":"publish","type":"page","link":"https:\/\/cedrat-technologies.com\/fr\/services\/phases-dun-projet\/design\/","title":{"rendered":"Design"},"content":{"rendered":"\t\t<div data-elementor-type=\"wp-page\" data-elementor-id=\"16925\" class=\"elementor elementor-16925 elementor-7187\" data-elementor-post-type=\"page\">\n\t\t\t\t<div class=\"elementor-element elementor-element-6704084 e-flex e-con-boxed e-con e-parent\" data-id=\"6704084\" data-element_type=\"container\" data-e-type=\"container\">\n\t\t\t\t\t<div class=\"e-con-inner\">\n\t\t<div class=\"elementor-element elementor-element-cbc306a e-con-full e-flex e-con e-child\" data-id=\"cbc306a\" data-element_type=\"container\" data-e-type=\"container\">\n\t\t\t\t<div class=\"elementor-element elementor-element-30991e5 elementor-widget elementor-widget-heading\" data-id=\"30991e5\" data-element_type=\"widget\" data-e-type=\"widget\" data-widget_type=\"heading.default\">\n\t\t\t\t<div class=\"elementor-widget-container\">\n\t\t\t\t\t<h1 class=\"elementor-heading-title elementor-size-default\">Design<\/h1>\t\t\t\t<\/div>\n\t\t\t\t<\/div>\n\t\t\t\t<div class=\"elementor-element elementor-element-b17ee8c elementor-widget elementor-widget-text-editor\" data-id=\"b17ee8c\" data-element_type=\"widget\" data-e-type=\"widget\" data-widget_type=\"text-editor.default\">\n\t\t\t\t<div class=\"elementor-widget-container\">\n\t\t\t\t\t\t\t\t\t<p>La conception de dispositifs industriels n\u00e9cessite des comp\u00e9tences dans des domaines multi-physiques et une solide expertise dans la technologie du dispositif. L&rsquo;\u00e9quipe d&rsquo;experts de CEDRAT TECHNOLOGIES capitalise sur de nombreuses ann\u00e9es d&rsquo;exp\u00e9rience dans le contexte industriel, avec un accent particulier sur l&rsquo;analyse \u00e9lectromagn\u00e9tique, \u00e9lectronique, structurelle et thermique.<\/p><p>Dans de nombreux cas, la conception n\u00e9cessite un travail collaboratif entre experts : int\u00e9gration d&rsquo;une fonction magn\u00e9tique dans un environnement m\u00e9caniquement contraint, respect de l&rsquo;espace des dispositifs, optimisation d&rsquo;un syst\u00e8me y compris son entra\u00eenement, conception optimale tenant compte des tol\u00e9rances de fabrication&#8230;<\/p><p>En outre, l&rsquo;\u00e9tude de conception peut \u00eatre suivie d&rsquo;une analyse fonctionnelle et d&rsquo;une analyse des risques telle que l&rsquo;AMDEC. De plus, des rapports de justification de la conception et des configurations d&rsquo;installation peuvent \u00eatre fournis.<\/p>\t\t\t\t\t\t\t\t<\/div>\n\t\t\t\t<\/div>\n\t\t\t\t<\/div>\n\t\t\t\t\t<\/div>\n\t\t\t\t<\/div>\n\t\t\t\t<\/div>\n\t\t","protected":false},"excerpt":{"rendered":"<p>La conception de dispositifs industriels n\u00e9cessite des comp\u00e9tences dans des domaines multi-physiques et une solide expertise dans la technologie du dispositif. L&rsquo;\u00e9quipe d&rsquo;experts de CEDRAT TECHNOLOGIES capitalise sur de nombreuses ann\u00e9es d&rsquo;exp\u00e9rience dans le contexte industriel, avec un accent particulier sur l&rsquo;analyse \u00e9lectromagn\u00e9tique, \u00e9lectronique, structurelle et thermique. Dans de nombreux cas, la conception n\u00e9cessite un &#8230; <a title=\"Design\" class=\"read-more\" href=\"https:\/\/cedrat-technologies.com\/fr\/services\/phases-dun-projet\/design\/\" aria-label=\"En savoir plus sur Design\">Lire la suite<\/a><\/p>\n","protected":false},"author":1,"featured_media":0,"parent":16920,"menu_order":0,"comment_status":"closed","ping_status":"closed","template":"","meta":{"_acf_changed":false,"_seopress_robots_primary_cat":"","_seopress_titles_title":"Design Phase - Cedrat Technologies","_seopress_titles_desc":"Explore the design phase of Cedrat Technologies&#039; engineering projects, where concepts and specifications are translated into detailed designs and models.","_seopress_robots_index":"","footnotes":""},"class_list":["post-16925","page","type-page","status-publish"],"acf":[],"_links":{"self":[{"href":"https:\/\/cedrat-technologies.com\/fr\/wp-json\/wp\/v2\/pages\/16925","targetHints":{"allow":["GET"]}}],"collection":[{"href":"https:\/\/cedrat-technologies.com\/fr\/wp-json\/wp\/v2\/pages"}],"about":[{"href":"https:\/\/cedrat-technologies.com\/fr\/wp-json\/wp\/v2\/types\/page"}],"author":[{"embeddable":true,"href":"https:\/\/cedrat-technologies.com\/fr\/wp-json\/wp\/v2\/users\/1"}],"replies":[{"embeddable":true,"href":"https:\/\/cedrat-technologies.com\/fr\/wp-json\/wp\/v2\/comments?post=16925"}],"version-history":[{"count":0,"href":"https:\/\/cedrat-technologies.com\/fr\/wp-json\/wp\/v2\/pages\/16925\/revisions"}],"up":[{"embeddable":true,"href":"https:\/\/cedrat-technologies.com\/fr\/wp-json\/wp\/v2\/pages\/16920"}],"wp:attachment":[{"href":"https:\/\/cedrat-technologies.com\/fr\/wp-json\/wp\/v2\/media?parent=16925"}],"curies":[{"name":"wp","href":"https:\/\/api.w.org\/{rel}","templated":true}]}}