{"id":16920,"date":"2023-03-02T17:14:50","date_gmt":"2023-03-02T16:14:50","guid":{"rendered":"http:\/\/cedrat-technologies.com\/technologies\/ingenierie\/project-phases\/"},"modified":"2024-01-15T15:44:47","modified_gmt":"2024-01-15T14:44:47","slug":"phases-dun-projet","status":"publish","type":"page","link":"https:\/\/cedrat-technologies.com\/fr\/services\/phases-dun-projet\/","title":{"rendered":"Phases d&rsquo;un Projet"},"content":{"rendered":"\t\t<div data-elementor-type=\"wp-page\" data-elementor-id=\"16920\" class=\"elementor elementor-16920 elementor-7163\" data-elementor-post-type=\"page\">\n\t\t\t\t<div class=\"elementor-element elementor-element-6704084 e-con-full e-flex e-con e-parent\" data-id=\"6704084\" data-element_type=\"container\" data-e-type=\"container\">\n\t\t<div class=\"elementor-element elementor-element-cbc306a e-con-full e-flex e-con e-child\" data-id=\"cbc306a\" data-element_type=\"container\" data-e-type=\"container\">\n\t\t\t\t<div class=\"elementor-element elementor-element-d30fec1 elementor-widget elementor-widget-heading\" data-id=\"d30fec1\" data-element_type=\"widget\" data-e-type=\"widget\" data-widget_type=\"heading.default\">\n\t\t\t\t<div class=\"elementor-widget-container\">\n\t\t\t\t\t<h1 class=\"elementor-heading-title elementor-size-default\">Phases d&rsquo;un Projet<\/h1>\t\t\t\t<\/div>\n\t\t\t\t<\/div>\n\t\t<div class=\"elementor-element elementor-element-cfef96d e-con-full e-flex e-con e-child\" data-id=\"cfef96d\" data-element_type=\"container\" data-e-type=\"container\" data-settings=\"{&quot;sticky&quot;:&quot;top&quot;,&quot;sticky_offset&quot;:120,&quot;sticky_parent&quot;:&quot;yes&quot;,&quot;sticky_on&quot;:[&quot;desktop&quot;],&quot;sticky_effects_offset&quot;:0,&quot;sticky_anchor_link_offset&quot;:0}\">\n\t\t\t\t<div class=\"elementor-element elementor-element-b901859 elementor-align-justify elementor-widget elementor-widget-button\" data-id=\"b901859\" data-element_type=\"widget\" data-e-type=\"widget\" data-widget_type=\"button.default\">\n\t\t\t\t<div class=\"elementor-widget-container\">\n\t\t\t\t\t\t\t\t\t<div class=\"elementor-button-wrapper\">\n\t\t\t\t\t<a class=\"elementor-button elementor-button-link elementor-size-sm\" href=\"https:\/\/cedrat-technologies.com\/fr\/services\/ingenierie\/phases-dun-projet\/modelisation-et-optimisation\/\">\n\t\t\t\t\t\t<span class=\"elementor-button-content-wrapper\">\n\t\t\t\t\t\t\t\t\t<span class=\"elementor-button-text\">Mod\u00e9lisation et optimisation<\/span>\n\t\t\t\t\t<\/span>\n\t\t\t\t\t<\/a>\n\t\t\t\t<\/div>\n\t\t\t\t\t\t\t\t<\/div>\n\t\t\t\t<\/div>\n\t\t\t\t<div class=\"elementor-element elementor-element-7f15204 elementor-align-justify elementor-widget elementor-widget-button\" data-id=\"7f15204\" data-element_type=\"widget\" data-e-type=\"widget\" data-widget_type=\"button.default\">\n\t\t\t\t<div class=\"elementor-widget-container\">\n\t\t\t\t\t\t\t\t\t<div class=\"elementor-button-wrapper\">\n\t\t\t\t\t<a class=\"elementor-button elementor-button-link elementor-size-sm\" href=\"https:\/\/cedrat-technologies.com\/fr\/services\/ingenierie\/phases-dun-projet\/faisabilite-et-predimensionnement\/\">\n\t\t\t\t\t\t<span class=\"elementor-button-content-wrapper\">\n\t\t\t\t\t\t\t\t\t<span class=\"elementor-button-text\">Faisabilit\u00e9 et pr\u00e9dimensionnement<\/span>\n\t\t\t\t\t<\/span>\n\t\t\t\t\t<\/a>\n\t\t\t\t<\/div>\n\t\t\t\t\t\t\t\t<\/div>\n\t\t\t\t<\/div>\n\t\t\t\t<div class=\"elementor-element elementor-element-6804fd8 elementor-align-justify elementor-widget elementor-widget-button\" data-id=\"6804fd8\" data-element_type=\"widget\" data-e-type=\"widget\" data-widget_type=\"button.default\">\n\t\t\t\t<div class=\"elementor-widget-container\">\n\t\t\t\t\t\t\t\t\t<div class=\"elementor-button-wrapper\">\n\t\t\t\t\t<a class=\"elementor-button elementor-button-link elementor-size-sm\" href=\"https:\/\/cedrat-technologies.com\/frservices\/ingenierie\/phases-dun-projet\/design\/\">\n\t\t\t\t\t\t<span class=\"elementor-button-content-wrapper\">\n\t\t\t\t\t\t\t\t\t<span class=\"elementor-button-text\">Design<\/span>\n\t\t\t\t\t<\/span>\n\t\t\t\t\t<\/a>\n\t\t\t\t<\/div>\n\t\t\t\t\t\t\t\t<\/div>\n\t\t\t\t<\/div>\n\t\t\t\t<div class=\"elementor-element elementor-element-65b73b3 elementor-align-justify elementor-widget elementor-widget-button\" data-id=\"65b73b3\" data-element_type=\"widget\" data-e-type=\"widget\" data-widget_type=\"button.default\">\n\t\t\t\t<div class=\"elementor-widget-container\">\n\t\t\t\t\t\t\t\t\t<div class=\"elementor-button-wrapper\">\n\t\t\t\t\t<a class=\"elementor-button elementor-button-link elementor-size-sm\" href=\"https:\/\/cedrat-technologies.com\/fr\/services\/ingenierie\/phases-dun-projet\/prototypage\/\">\n\t\t\t\t\t\t<span class=\"elementor-button-content-wrapper\">\n\t\t\t\t\t\t\t\t\t<span class=\"elementor-button-text\">Prototypage<\/span>\n\t\t\t\t\t<\/span>\n\t\t\t\t\t<\/a>\n\t\t\t\t<\/div>\n\t\t\t\t\t\t\t\t<\/div>\n\t\t\t\t<\/div>\n\t\t\t\t<div class=\"elementor-element elementor-element-83c8f8d elementor-align-justify elementor-widget elementor-widget-button\" data-id=\"83c8f8d\" data-element_type=\"widget\" data-e-type=\"widget\" data-widget_type=\"button.default\">\n\t\t\t\t<div class=\"elementor-widget-container\">\n\t\t\t\t\t\t\t\t\t<div class=\"elementor-button-wrapper\">\n\t\t\t\t\t<a class=\"elementor-button elementor-button-link elementor-size-sm\" href=\"https:\/\/cedrat-technologies.com\/fr\/services\/ingenierie\/phases-dun-projet\/qualification\/\">\n\t\t\t\t\t\t<span class=\"elementor-button-content-wrapper\">\n\t\t\t\t\t\t\t\t\t<span class=\"elementor-button-text\">Qualification<\/span>\n\t\t\t\t\t<\/span>\n\t\t\t\t\t<\/a>\n\t\t\t\t<\/div>\n\t\t\t\t\t\t\t\t<\/div>\n\t\t\t\t<\/div>\n\t\t\t\t<\/div>\n\t\t\t\t<div class=\"elementor-element elementor-element-b17ee8c elementor-widget elementor-widget-text-editor\" data-id=\"b17ee8c\" data-element_type=\"widget\" data-e-type=\"widget\" data-widget_type=\"text-editor.default\">\n\t\t\t\t<div class=\"elementor-widget-container\">\n\t\t\t\t\t\t\t\t\t<p class=\"align-justify\">L&rsquo;h\u00e9ritage de CEDRAT TECHNOLOGIES (CTEC) dans l&rsquo;industrie spatiale nous a donn\u00e9 l&rsquo;habitude de travailler sur des probl\u00e8mes complexes en \u00e9troite collaboration avec nos clients. De l&rsquo;interface sp\u00e9cifique \u00e0 la conception d\u00e9di\u00e9e, en passant par les tests, l&rsquo;int\u00e9gration du syst\u00e8me et l&rsquo;assistance, nos ing\u00e9nieurs technico-commerciaux vous accompagnent tout au long de votre projet.<\/p><p class=\"align-justify\">CTEC d\u00e9veloppe des m\u00e9canismes sur mesure pour votre fonction d&rsquo;actionnement ou de d\u00e9tection. Nous pouvons vous aider dans les domaines suivants :<\/p><ul><li>Conseil et \u00e9tudes de faisabilit\u00e9,<\/li><li>Mod\u00e9lisation, travaux de conception,<\/li><li>Prototypage et essais,<\/li><li>Projets industriels aboutissant \u00e0 une solution cl\u00e9 en main,<\/li><li>Projets collaboratifs de R&amp;D financ\u00e9s par la Commission europ\u00e9enne (projets H2020) ou d&rsquo;autres cadres (Eureka, projets nationaux),<\/li><li>Fabrication pour le compte de clients sous assurance qualit\u00e9 (ECSS, MILSTD, ANSI\/IPC3),<\/li><li>Transferts de technologie (Licences),<\/li><li>Gestion de la propri\u00e9t\u00e9 intellectuelle et soutien aux brevets<\/li><\/ul><p class=\"align-justify\">Le savoir-faire, les installations et l&rsquo;exp\u00e9rience de CTEC permettent \u00e0 son \u00e9quipe de d\u00e9velopper efficacement de nouveaux actionneurs, capteurs, m\u00e9canismes ou syst\u00e8mes m\u00e9catroniques de haut niveau.<\/p>\t\t\t\t\t\t\t\t<\/div>\n\t\t\t\t<\/div>\n\t\t\t\t<\/div>\n\t\t<div class=\"elementor-element elementor-element-5e37f90 e-con-full e-flex e-con e-child\" data-id=\"5e37f90\" data-element_type=\"container\" data-e-type=\"container\" data-settings=\"{&quot;background_background&quot;:&quot;classic&quot;}\">\n\t\t\t\t<\/div>\n\t\t\t\t<\/div>\n\t\t\t\t<\/div>\n\t\t","protected":false},"excerpt":{"rendered":"<p>Mod\u00e9lisation et optimisation Faisabilit\u00e9 et pr\u00e9dimensionnement Design Prototypage Qualification L&rsquo;h\u00e9ritage de CEDRAT TECHNOLOGIES (CTEC) dans l&rsquo;industrie spatiale nous a donn\u00e9 l&rsquo;habitude de travailler sur des probl\u00e8mes complexes en \u00e9troite collaboration avec nos clients. De l&rsquo;interface sp\u00e9cifique \u00e0 la conception d\u00e9di\u00e9e, en passant par les tests, l&rsquo;int\u00e9gration du syst\u00e8me et l&rsquo;assistance, nos ing\u00e9nieurs technico-commerciaux vous accompagnent &#8230; <a title=\"Phases d&rsquo;un Projet\" class=\"read-more\" href=\"https:\/\/cedrat-technologies.com\/fr\/services\/phases-dun-projet\/\" aria-label=\"En savoir plus sur Phases d&rsquo;un Projet\">Lire la suite<\/a><\/p>\n","protected":false},"author":1,"featured_media":0,"parent":16608,"menu_order":0,"comment_status":"closed","ping_status":"closed","template":"","meta":{"_acf_changed":false,"_seopress_robots_primary_cat":"","_seopress_titles_title":"Phases de projet - Cedrat Technologies","_seopress_titles_desc":"Apprenez-en davantage sur les diff\u00e9rentes phases de projet propos\u00e9es par Cedrat Technologies, comprenant la conception, la faisabilit\u00e9, la mod\u00e9lisation et l&#039;optimisation, le prototypage et la qualification.","_seopress_robots_index":"","footnotes":""},"class_list":["post-16920","page","type-page","status-publish"],"acf":[],"_links":{"self":[{"href":"https:\/\/cedrat-technologies.com\/fr\/wp-json\/wp\/v2\/pages\/16920","targetHints":{"allow":["GET"]}}],"collection":[{"href":"https:\/\/cedrat-technologies.com\/fr\/wp-json\/wp\/v2\/pages"}],"about":[{"href":"https:\/\/cedrat-technologies.com\/fr\/wp-json\/wp\/v2\/types\/page"}],"author":[{"embeddable":true,"href":"https:\/\/cedrat-technologies.com\/fr\/wp-json\/wp\/v2\/users\/1"}],"replies":[{"embeddable":true,"href":"https:\/\/cedrat-technologies.com\/fr\/wp-json\/wp\/v2\/comments?post=16920"}],"version-history":[{"count":0,"href":"https:\/\/cedrat-technologies.com\/fr\/wp-json\/wp\/v2\/pages\/16920\/revisions"}],"up":[{"embeddable":true,"href":"https:\/\/cedrat-technologies.com\/fr\/wp-json\/wp\/v2\/pages\/16608"}],"wp:attachment":[{"href":"https:\/\/cedrat-technologies.com\/fr\/wp-json\/wp\/v2\/media?parent=16920"}],"curies":[{"name":"wp","href":"https:\/\/api.w.org\/{rel}","templated":true}]}}