{"id":16904,"date":"2023-03-02T16:27:45","date_gmt":"2023-03-02T15:27:45","guid":{"rendered":"http:\/\/cedrat-technologies.com\/technologies\/systemes-de-detection\/magnetic-acoustic-localisation\/"},"modified":"2024-02-06T14:19:02","modified_gmt":"2024-02-06T13:19:02","slug":"localisation-magnetique-et-acoustique","status":"publish","type":"page","link":"https:\/\/cedrat-technologies.com\/fr\/technologies\/systemes-de-detection\/localisation-magnetique-et-acoustique\/","title":{"rendered":"Localisation magn\u00e9tique et acoustique"},"content":{"rendered":"\t\t<div data-elementor-type=\"wp-page\" data-elementor-id=\"16904\" class=\"elementor elementor-16904 elementor-6892\" data-elementor-post-type=\"page\">\n\t\t\t\t<div class=\"elementor-element elementor-element-6704084 e-flex e-con-boxed e-con e-parent\" data-id=\"6704084\" data-element_type=\"container\" data-e-type=\"container\">\n\t\t\t\t\t<div class=\"e-con-inner\">\n\t\t<div class=\"elementor-element elementor-element-cbc306a e-con-full e-flex e-con e-child\" data-id=\"cbc306a\" data-element_type=\"container\" data-e-type=\"container\">\n\t\t\t\t<div class=\"elementor-element elementor-element-b09eab6 elementor-widget elementor-widget-heading\" data-id=\"b09eab6\" data-element_type=\"widget\" data-e-type=\"widget\" data-widget_type=\"heading.default\">\n\t\t\t\t<div class=\"elementor-widget-container\">\n\t\t\t\t\t<h1 class=\"elementor-heading-title elementor-size-default\">Localisation magn\u00e9tique et acoustique<\/h1>\t\t\t\t<\/div>\n\t\t\t\t<\/div>\n\t\t\t\t<div class=\"elementor-element elementor-element-b17ee8c elementor-widget elementor-widget-text-editor\" data-id=\"b17ee8c\" data-element_type=\"widget\" data-e-type=\"widget\" data-widget_type=\"text-editor.default\">\n\t\t\t\t<div class=\"elementor-widget-container\">\n\t\t\t\t\t\t\t\t\t<p>Les syst\u00e8mes de localisation sans fil visent \u00e0 trouver les positions 1D, 3D ou m\u00eame 6D d\u2019un ou plusieurs objets dans un espace de d\u00e9tection d\u00e9fini.\u00a0 Pour ces syst\u00e8mes, CEDRAT TECHNOLOGIES a d\u00e9velopp\u00e9 des techniques innovantes de d\u00e9tection active utilisant \u00e0 la fois des \u00e9metteurs et des r\u00e9cepteurs, bas\u00e9s sur des effets magn\u00e9tiques ou acoustiques.<\/p><p>Les nouvelles applications types sont les suivantes\u00a0:<\/p><ul><li>Localisation des conduites urbaines souterraines en fonction des \u00e9missions acoustiques \u00e0 basse fr\u00e9quence<\/li><li>Localisation et identification des objets \u00e0 l\u2019aide d\u2019\u00e9tiquettes bas\u00e9es sur des\u00a0capteurs \u00e0 r\u00e9sonance magn\u00e9tique<\/li><li>Localisation 6D pour les interventions m\u00e9dicales assist\u00e9es par ordinateur en chirurgie et robotique &#8230;<\/li><li>Syst\u00e8me de localisation et de suivi de l\u2019alignement magn\u00e9tique (MALT) 6D \u00e0 port\u00e9e de 1 m pour l\u2019imagerie radiographique\u00a0<\/li><\/ul><p>Pour toute information compl\u00e9mentaire, n\u2019h\u00e9sitez pas \u00e0 visiter notre\u00a0<a href=\"https:\/\/cedrat-technologies.com\/fr\/categorie-produit\/publications-fr\/\" target=\"_self\">section publications.<\/a><\/p>\t\t\t\t\t\t\t\t<\/div>\n\t\t\t\t<\/div>\n\t\t\t\t<\/div>\n\t\t\t\t\t<\/div>\n\t\t\t\t<\/div>\n\t\t<div class=\"elementor-element elementor-element-54380ce e-flex e-con-boxed e-con e-parent\" data-id=\"54380ce\" data-element_type=\"container\" data-e-type=\"container\">\n\t\t\t\t\t<div class=\"e-con-inner\">\n\t\t<div class=\"elementor-element elementor-element-d53f168 e-con-full e-flex e-con e-child\" data-id=\"d53f168\" data-element_type=\"container\" data-e-type=\"container\">\n\t\t\t\t<div class=\"elementor-element elementor-element-439f678 elementor-widget__width-inherit elementor-widget elementor-widget-heading\" data-id=\"439f678\" data-element_type=\"widget\" data-e-type=\"widget\" data-widget_type=\"heading.default\">\n\t\t\t\t<div class=\"elementor-widget-container\">\n\t\t\t\t\t<h2 class=\"elementor-heading-title elementor-size-default\">PROJET ROXTAR : SYST\u00c8ME DE LOCALISATION ET DE SUIVI DE L\u2019ALIGNEMENT MAGN\u00c9TIQUE (MALT)<\/h2>\t\t\t\t<\/div>\n\t\t\t\t<\/div>\n\t\t<div class=\"elementor-element elementor-element-bb169a5 e-con-full e-flex e-con e-child\" data-id=\"bb169a5\" data-element_type=\"container\" data-e-type=\"container\">\n\t\t\t\t<div class=\"elementor-element elementor-element-a97122a elementor-widget elementor-widget-image\" data-id=\"a97122a\" data-element_type=\"widget\" data-e-type=\"widget\" data-widget_type=\"image.default\">\n\t\t\t\t<div class=\"elementor-widget-container\">\n\t\t\t\t\t\t\t\t\t\t\t\t\t\t\t<img decoding=\"async\" src=\"https:\/\/cedrat-technologies.com\/wp-content\/uploads\/elementor\/thumbs\/csm_ROXTAR_01_17a4a7bb43-qdr3s2jv7qo0qqqgadg4k9il4yz7cfr0301ebs1hk0.png\" title=\"csm_ROXTAR_01_17a4a7bb43\" alt=\"csm_ROXTAR_01_17a4a7bb43\" loading=\"lazy\" \/>\t\t\t\t\t\t\t\t\t\t\t\t\t\t\t<\/div>\n\t\t\t\t<\/div>\n\t\t\t\t<div class=\"elementor-element elementor-element-6ecdeef elementor-align-center elementor-widget__width-inherit elementor-widget elementor-widget-button\" data-id=\"6ecdeef\" data-element_type=\"widget\" data-e-type=\"widget\" data-widget_type=\"button.default\">\n\t\t\t\t<div class=\"elementor-widget-container\">\n\t\t\t\t\t\t\t\t\t<div class=\"elementor-button-wrapper\">\n\t\t\t\t\t<a class=\"elementor-button elementor-button-link elementor-size-xs\" href=\"https:\/\/cedrat-technologies.com\/wp-content\/uploads\/2023\/03\/fiche-techno_malt-roxtar_2.pdf\">\n\t\t\t\t\t\t<span class=\"elementor-button-content-wrapper\">\n\t\t\t\t\t\t<span class=\"elementor-button-icon\">\n\t\t\t\t<i aria-hidden=\"true\" class=\"far fa-file-pdf\"><\/i>\t\t\t<\/span>\n\t\t\t\t\t\t\t\t\t<span class=\"elementor-button-text\">En savoir plus<\/span>\n\t\t\t\t\t<\/span>\n\t\t\t\t\t<\/a>\n\t\t\t\t<\/div>\n\t\t\t\t\t\t\t\t<\/div>\n\t\t\t\t<\/div>\n\t\t\t\t<div class=\"elementor-element elementor-element-0852499 elementor-align-center elementor-widget__width-inherit elementor-widget elementor-widget-button\" data-id=\"0852499\" data-element_type=\"widget\" data-e-type=\"widget\" data-widget_type=\"button.default\">\n\t\t\t\t<div class=\"elementor-widget-container\">\n\t\t\t\t\t\t\t\t\t<div class=\"elementor-button-wrapper\">\n\t\t\t\t\t<a class=\"elementor-button elementor-button-link elementor-size-xs\" href=\"https:\/\/www.youtube.com\/watch?v=z1c6PIy-k1Y\">\n\t\t\t\t\t\t<span class=\"elementor-button-content-wrapper\">\n\t\t\t\t\t\t<span class=\"elementor-button-icon\">\n\t\t\t\t<i aria-hidden=\"true\" class=\"fas fa-play-circle\"><\/i>\t\t\t<\/span>\n\t\t\t\t\t\t\t\t\t<span class=\"elementor-button-text\">Voir la vid\u00e9o<\/span>\n\t\t\t\t\t<\/span>\n\t\t\t\t\t<\/a>\n\t\t\t\t<\/div>\n\t\t\t\t\t\t\t\t<\/div>\n\t\t\t\t<\/div>\n\t\t\t\t<\/div>\n\t\t<div class=\"elementor-element elementor-element-0c5f6ed e-con-full e-flex e-con e-child\" data-id=\"0c5f6ed\" data-element_type=\"container\" data-e-type=\"container\">\n\t\t\t\t<div class=\"elementor-element elementor-element-cab4479 elementor-widget elementor-widget-text-editor\" data-id=\"cab4479\" data-element_type=\"widget\" data-e-type=\"widget\" data-widget_type=\"text-editor.default\">\n\t\t\t\t<div class=\"elementor-widget-container\">\n\t\t\t\t\t\t\t\t\t<p>Dans le cadre de ROXTAR, un projet MINALOGIC d\u00e9di\u00e9 au d\u00e9veloppement de la prochaine g\u00e9n\u00e9ration de capteurs de rayons X pour applications m\u00e9dicales, il a \u00e9t\u00e9 rep\u00e9r\u00e9 par notre partenaire TRIXELL l\u2019int\u00e9r\u00eat de d\u00e9velopper la capacit\u00e9 d\u2019un alignement aveugle entre l\u2019imageur et l\u2019\u00e9metteur de rayons X.\u00a0 Cedrat Technologies (CTEC) a con\u00e7u et d\u00e9velopp\u00e9 une fonction d\u2019alignement magn\u00e9tique \u00e0 longue port\u00e9e (1,5 m) sans contact, bas\u00e9e sur les technologies magn\u00e9tiques.<\/p>\t\t\t\t\t\t\t\t<\/div>\n\t\t\t\t<\/div>\n\t\t\t\t<div class=\"elementor-element elementor-element-519bd92 elementor-widget elementor-widget-heading\" data-id=\"519bd92\" data-element_type=\"widget\" data-e-type=\"widget\" data-widget_type=\"heading.default\">\n\t\t\t\t<div class=\"elementor-widget-container\">\n\t\t\t\t\t<h3 class=\"elementor-heading-title elementor-size-default\">Applications<\/h3>\t\t\t\t<\/div>\n\t\t\t\t<\/div>\n\t\t\t\t<div class=\"elementor-element elementor-element-6b86d5e elementor-widget elementor-widget-text-editor\" data-id=\"6b86d5e\" data-element_type=\"widget\" data-e-type=\"widget\" data-widget_type=\"text-editor.default\">\n\t\t\t\t<div class=\"elementor-widget-container\">\n\t\t\t\t\t\t\t\t\t<p>Alignement magn\u00e9tique, localisation, suivi, d\u00e9tection, appareils \u00e0 rayons X\u00a0<\/p>\t\t\t\t\t\t\t\t<\/div>\n\t\t\t\t<\/div>\n\t\t\t\t<div class=\"elementor-element elementor-element-0a81286 elementor-widget elementor-widget-heading\" data-id=\"0a81286\" data-element_type=\"widget\" data-e-type=\"widget\" data-widget_type=\"heading.default\">\n\t\t\t\t<div class=\"elementor-widget-container\">\n\t\t\t\t\t<h3 class=\"elementor-heading-title elementor-size-default\">STATUT<\/h3>\t\t\t\t<\/div>\n\t\t\t\t<\/div>\n\t\t\t\t<div class=\"elementor-element elementor-element-f7c2d72 elementor-widget elementor-widget-text-editor\" data-id=\"f7c2d72\" data-element_type=\"widget\" data-e-type=\"widget\" data-widget_type=\"text-editor.default\">\n\t\t\t\t<div class=\"elementor-widget-container\">\n\t\t\t\t\t\t\t\t\t<p>Prototype<\/p>\t\t\t\t\t\t\t\t<\/div>\n\t\t\t\t<\/div>\n\t\t\t\t<\/div>\n\t\t<div class=\"elementor-element elementor-element-bcbb0c8 e-con-full e-flex e-con e-child\" data-id=\"bcbb0c8\" data-element_type=\"container\" data-e-type=\"container\" data-settings=\"{&quot;background_background&quot;:&quot;classic&quot;,&quot;position&quot;:&quot;absolute&quot;}\">\n\t\t\t\t<\/div>\n\t\t\t\t<\/div>\n\t\t<div class=\"elementor-element elementor-element-972707b e-con-full e-flex e-con e-child\" data-id=\"972707b\" data-element_type=\"container\" data-e-type=\"container\">\n\t\t\t\t<div class=\"elementor-element elementor-element-4228fed elementor-widget__width-inherit elementor-widget elementor-widget-heading\" data-id=\"4228fed\" data-element_type=\"widget\" data-e-type=\"widget\" data-widget_type=\"heading.default\">\n\t\t\t\t<div class=\"elementor-widget-container\">\n\t\t\t\t\t<h2 class=\"elementor-heading-title elementor-size-default\">SURGIMAG : Chirurgie localisateur magn\u00e9tique<\/h2>\t\t\t\t<\/div>\n\t\t\t\t<\/div>\n\t\t<div class=\"elementor-element elementor-element-97f6ea8 e-con-full e-flex e-con e-child\" data-id=\"97f6ea8\" data-element_type=\"container\" data-e-type=\"container\">\n\t\t\t\t<div class=\"elementor-element elementor-element-05d61da elementor-widget elementor-widget-image\" data-id=\"05d61da\" data-element_type=\"widget\" data-e-type=\"widget\" data-widget_type=\"image.default\">\n\t\t\t\t<div class=\"elementor-widget-container\">\n\t\t\t\t\t\t\t\t\t\t\t\t\t\t\t<img decoding=\"async\" src=\"https:\/\/cedrat-technologies.com\/wp-content\/uploads\/elementor\/thumbs\/csm_Surgimag_03_963d6b284f-q2xfo8lzbtjhlulhoqb94qoc680ku2s8eibv0w49c2.jpg\" title=\"csm_Surgimag_03_963d6b284f\" alt=\"csm_Surgimag_03_963d6b284f\" loading=\"lazy\" \/>\t\t\t\t\t\t\t\t\t\t\t\t\t\t\t<\/div>\n\t\t\t\t<\/div>\n\t\t\t\t<div class=\"elementor-element elementor-element-e9c6eaf elementor-align-center elementor-widget__width-inherit elementor-widget elementor-widget-button\" data-id=\"e9c6eaf\" data-element_type=\"widget\" data-e-type=\"widget\" data-widget_type=\"button.default\">\n\t\t\t\t<div class=\"elementor-widget-container\">\n\t\t\t\t\t\t\t\t\t<div class=\"elementor-button-wrapper\">\n\t\t\t\t\t<a class=\"elementor-button elementor-button-link elementor-size-xs\" href=\"https:\/\/cedrat-technologies.com\/wp-content\/uploads\/2023\/03\/surgimag.pdf\">\n\t\t\t\t\t\t<span class=\"elementor-button-content-wrapper\">\n\t\t\t\t\t\t<span class=\"elementor-button-icon\">\n\t\t\t\t<i aria-hidden=\"true\" class=\"far fa-file-pdf\"><\/i>\t\t\t<\/span>\n\t\t\t\t\t\t\t\t\t<span class=\"elementor-button-text\">En savoir plus<\/span>\n\t\t\t\t\t<\/span>\n\t\t\t\t\t<\/a>\n\t\t\t\t<\/div>\n\t\t\t\t\t\t\t\t<\/div>\n\t\t\t\t<\/div>\n\t\t\t\t<\/div>\n\t\t<div class=\"elementor-element elementor-element-b390b2b e-con-full e-flex e-con e-child\" data-id=\"b390b2b\" data-element_type=\"container\" data-e-type=\"container\">\n\t\t\t\t<div class=\"elementor-element elementor-element-b89357c elementor-widget elementor-widget-text-editor\" data-id=\"b89357c\" data-element_type=\"widget\" data-e-type=\"widget\" data-widget_type=\"text-editor.default\">\n\t\t\t\t<div class=\"elementor-widget-container\">\n\t\t\t\t\t\t\t\t\t<p>SURGIMAG est un poste de travail pour les interventions m\u00e9dicales assist\u00e9es par ordinateur, visant \u00e0 la localisation sans fil en temps r\u00e9el 6dof par des champs \u00e9lectromagn\u00e9tiques. Dans SURGIMAG, CEDRAT TECHNOLOGIES a d\u00e9velopp\u00e9 les \u00e9metteurs de bobines magn\u00e9tiques multiaxes et les capteurs \u00e0 haute \u00e9lectronique SNR offrant une r\u00e9solution spatiale tr\u00e8s \u00e9lev\u00e9e<\/p>\t\t\t\t\t\t\t\t<\/div>\n\t\t\t\t<\/div>\n\t\t\t\t<div class=\"elementor-element elementor-element-1e1d2e2 elementor-widget elementor-widget-heading\" data-id=\"1e1d2e2\" data-element_type=\"widget\" data-e-type=\"widget\" data-widget_type=\"heading.default\">\n\t\t\t\t<div class=\"elementor-widget-container\">\n\t\t\t\t\t<h3 class=\"elementor-heading-title elementor-size-default\">Applications<\/h3>\t\t\t\t<\/div>\n\t\t\t\t<\/div>\n\t\t\t\t<div class=\"elementor-element elementor-element-cdfa08d elementor-widget elementor-widget-text-editor\" data-id=\"cdfa08d\" data-element_type=\"widget\" data-e-type=\"widget\" data-widget_type=\"text-editor.default\">\n\t\t\t\t<div class=\"elementor-widget-container\">\n\t\t\t\t\t\t\t\t\t<p>Localisation magn\u00e9tique en robotique de chirurgie, CAMI, mouvement guid\u00e9 magn\u00e9tique<\/p>\t\t\t\t\t\t\t\t<\/div>\n\t\t\t\t<\/div>\n\t\t\t\t<div class=\"elementor-element elementor-element-02406da elementor-widget elementor-widget-heading\" data-id=\"02406da\" data-element_type=\"widget\" data-e-type=\"widget\" data-widget_type=\"heading.default\">\n\t\t\t\t<div class=\"elementor-widget-container\">\n\t\t\t\t\t<h3 class=\"elementor-heading-title elementor-size-default\">STATUT<\/h3>\t\t\t\t<\/div>\n\t\t\t\t<\/div>\n\t\t\t\t<div class=\"elementor-element elementor-element-343b25f elementor-widget elementor-widget-text-editor\" data-id=\"343b25f\" data-element_type=\"widget\" data-e-type=\"widget\" data-widget_type=\"text-editor.default\">\n\t\t\t\t<div class=\"elementor-widget-container\">\n\t\t\t\t\t\t\t\t\t<p>Proof of concept<\/p>\t\t\t\t\t\t\t\t<\/div>\n\t\t\t\t<\/div>\n\t\t\t\t<\/div>\n\t\t<div class=\"elementor-element elementor-element-a62b2b2 e-con-full e-flex e-con e-child\" data-id=\"a62b2b2\" data-element_type=\"container\" data-e-type=\"container\" data-settings=\"{&quot;background_background&quot;:&quot;classic&quot;,&quot;position&quot;:&quot;absolute&quot;}\">\n\t\t\t\t<\/div>\n\t\t\t\t<\/div>\n\t\t<div class=\"elementor-element elementor-element-97d1000 e-con-full e-flex e-con e-child\" data-id=\"97d1000\" data-element_type=\"container\" data-e-type=\"container\">\n\t\t\t\t<div class=\"elementor-element elementor-element-6dbc50b elementor-widget__width-inherit elementor-widget elementor-widget-heading\" data-id=\"6dbc50b\" data-element_type=\"widget\" data-e-type=\"widget\" data-widget_type=\"heading.default\">\n\t\t\t\t<div class=\"elementor-widget-container\">\n\t\t\t\t\t<h2 class=\"elementor-heading-title elementor-size-default\">Capteurs \u00e0 r\u00e9sonance magn\u00e9tique<\/h2>\t\t\t\t<\/div>\n\t\t\t\t<\/div>\n\t\t<div class=\"elementor-element elementor-element-bb09648 e-con-full e-flex e-con e-child\" data-id=\"bb09648\" data-element_type=\"container\" data-e-type=\"container\">\n\t\t\t\t<div class=\"elementor-element elementor-element-d7064a0 elementor-widget elementor-widget-image\" data-id=\"d7064a0\" data-element_type=\"widget\" data-e-type=\"widget\" data-widget_type=\"image.default\">\n\t\t\t\t<div class=\"elementor-widget-container\">\n\t\t\t\t\t\t\t\t\t\t\t\t\t\t\t<img decoding=\"async\" src=\"https:\/\/cedrat-technologies.com\/wp-content\/uploads\/elementor\/thumbs\/csm_MRS_device_01_601edbdde7-1-qdr80zwl4e0fmulmaz60q69cer80nnuvfx0a5fan0o.jpg\" title=\"csm_MRS_device_01_601edbdde7\" alt=\"csm_MRS_device_01_601edbdde7\" loading=\"lazy\" \/>\t\t\t\t\t\t\t\t\t\t\t\t\t\t\t<\/div>\n\t\t\t\t<\/div>\n\t\t\t\t<div class=\"elementor-element elementor-element-c11ee15 elementor-align-center elementor-widget__width-inherit elementor-widget elementor-widget-button\" data-id=\"c11ee15\" data-element_type=\"widget\" data-e-type=\"widget\" data-widget_type=\"button.default\">\n\t\t\t\t<div class=\"elementor-widget-container\">\n\t\t\t\t\t\t\t\t\t<div class=\"elementor-button-wrapper\">\n\t\t\t\t\t<a class=\"elementor-button elementor-button-link elementor-size-xs\" href=\"https:\/\/cedrat-technologies.com\/wp-content\/uploads\/2023\/03\/Magnetic_Resonant_Sensors.pdf\">\n\t\t\t\t\t\t<span class=\"elementor-button-content-wrapper\">\n\t\t\t\t\t\t<span class=\"elementor-button-icon\">\n\t\t\t\t<i aria-hidden=\"true\" class=\"far fa-file-pdf\"><\/i>\t\t\t<\/span>\n\t\t\t\t\t\t\t\t\t<span class=\"elementor-button-text\">En savoir plus<\/span>\n\t\t\t\t\t<\/span>\n\t\t\t\t\t<\/a>\n\t\t\t\t<\/div>\n\t\t\t\t\t\t\t\t<\/div>\n\t\t\t\t<\/div>\n\t\t\t\t<\/div>\n\t\t<div class=\"elementor-element elementor-element-c91e49b e-con-full e-flex e-con e-child\" data-id=\"c91e49b\" data-element_type=\"container\" data-e-type=\"container\">\n\t\t\t\t<div class=\"elementor-element elementor-element-264b005 elementor-widget elementor-widget-text-editor\" data-id=\"264b005\" data-element_type=\"widget\" data-e-type=\"widget\" data-widget_type=\"text-editor.default\">\n\t\t\t\t<div class=\"elementor-widget-container\">\n\t\t\t\t\t\t\t\t\t<p>Les capteurs \u00e0 r\u00e9sonance magn\u00e9tique sont des capteurs de champ magn\u00e9tique passif \u00e0 distance avec antenne int\u00e9gr\u00e9e pour le transfert de donn\u00e9es<\/p>\t\t\t\t\t\t\t\t<\/div>\n\t\t\t\t<\/div>\n\t\t\t\t<div class=\"elementor-element elementor-element-50410b7 elementor-widget elementor-widget-heading\" data-id=\"50410b7\" data-element_type=\"widget\" data-e-type=\"widget\" data-widget_type=\"heading.default\">\n\t\t\t\t<div class=\"elementor-widget-container\">\n\t\t\t\t\t<h3 class=\"elementor-heading-title elementor-size-default\">Applications<\/h3>\t\t\t\t<\/div>\n\t\t\t\t<\/div>\n\t\t\t\t<div class=\"elementor-element elementor-element-7455c40 elementor-widget elementor-widget-text-editor\" data-id=\"7455c40\" data-element_type=\"widget\" data-e-type=\"widget\" data-widget_type=\"text-editor.default\">\n\t\t\t\t<div class=\"elementor-widget-container\">\n\t\t\t\t\t\t\t\t\t<p>Capteur magn\u00e9tique, Syst\u00e8me de positionnement, Syst\u00e8me d\u2019identification\u2026<\/p>\t\t\t\t\t\t\t\t<\/div>\n\t\t\t\t<\/div>\n\t\t\t\t<div class=\"elementor-element elementor-element-eb7a7f9 elementor-widget elementor-widget-heading\" data-id=\"eb7a7f9\" data-element_type=\"widget\" data-e-type=\"widget\" data-widget_type=\"heading.default\">\n\t\t\t\t<div class=\"elementor-widget-container\">\n\t\t\t\t\t<h3 class=\"elementor-heading-title elementor-size-default\">STATUT<\/h3>\t\t\t\t<\/div>\n\t\t\t\t<\/div>\n\t\t\t\t<div class=\"elementor-element elementor-element-f7b8e0d elementor-widget elementor-widget-text-editor\" data-id=\"f7b8e0d\" data-element_type=\"widget\" data-e-type=\"widget\" data-widget_type=\"text-editor.default\">\n\t\t\t\t<div class=\"elementor-widget-container\">\n\t\t\t\t\t\t\t\t\t<p>Proof of concept<\/p>\t\t\t\t\t\t\t\t<\/div>\n\t\t\t\t<\/div>\n\t\t\t\t<\/div>\n\t\t<div class=\"elementor-element elementor-element-f86dbfc e-con-full e-flex e-con e-child\" data-id=\"f86dbfc\" data-element_type=\"container\" data-e-type=\"container\" data-settings=\"{&quot;background_background&quot;:&quot;classic&quot;,&quot;position&quot;:&quot;absolute&quot;}\">\n\t\t\t\t<\/div>\n\t\t\t\t<\/div>\n\t\t<div class=\"elementor-element elementor-element-13fd663 e-con-full e-flex e-con e-child\" data-id=\"13fd663\" data-element_type=\"container\" data-e-type=\"container\">\n\t\t\t\t<div class=\"elementor-element elementor-element-35649fb elementor-widget__width-inherit elementor-widget elementor-widget-heading\" data-id=\"35649fb\" data-element_type=\"widget\" data-e-type=\"widget\" data-widget_type=\"heading.default\">\n\t\t\t\t<div class=\"elementor-widget-container\">\n\t\t\t\t\t<h2 class=\"elementor-heading-title elementor-size-default\">Water Tracker<\/h2>\t\t\t\t<\/div>\n\t\t\t\t<\/div>\n\t\t<div class=\"elementor-element elementor-element-87aa854 e-con-full e-flex e-con e-child\" data-id=\"87aa854\" data-element_type=\"container\" data-e-type=\"container\">\n\t\t\t\t<div class=\"elementor-element elementor-element-11eca14 elementor-widget elementor-widget-image\" data-id=\"11eca14\" data-element_type=\"widget\" data-e-type=\"widget\" data-widget_type=\"image.default\">\n\t\t\t\t<div class=\"elementor-widget-container\">\n\t\t\t\t\t\t\t\t\t\t\t\t\t\t\t<img decoding=\"async\" src=\"https:\/\/cedrat-technologies.com\/wp-content\/uploads\/elementor\/thumbs\/csm_Water-Tracker_230L_1_o_02_01861ef3a0-1-qdr80y0wqpxuzmoclycrl6qf7zha89nernpb6vdfca.jpg\" title=\"csm_Water-Tracker_230L_1_o_02_01861ef3a0\" alt=\"csm_Water-Tracker_230L_1_o_02_01861ef3a0\" loading=\"lazy\" \/>\t\t\t\t\t\t\t\t\t\t\t\t\t\t\t<\/div>\n\t\t\t\t<\/div>\n\t\t\t\t<div class=\"elementor-element elementor-element-c2d8fea elementor-align-center elementor-widget__width-inherit elementor-widget elementor-widget-button\" data-id=\"c2d8fea\" data-element_type=\"widget\" data-e-type=\"widget\" data-widget_type=\"button.default\">\n\t\t\t\t<div class=\"elementor-widget-container\">\n\t\t\t\t\t\t\t\t\t<div class=\"elementor-button-wrapper\">\n\t\t\t\t\t<a class=\"elementor-button elementor-button-link elementor-size-xs\" href=\"https:\/\/cedrat-technologies.com\/wp-content\/uploads\/2023\/03\/water_tracker-1.pdf\">\n\t\t\t\t\t\t<span class=\"elementor-button-content-wrapper\">\n\t\t\t\t\t\t<span class=\"elementor-button-icon\">\n\t\t\t\t<i aria-hidden=\"true\" class=\"far fa-file-pdf\"><\/i>\t\t\t<\/span>\n\t\t\t\t\t\t\t\t\t<span class=\"elementor-button-text\">En savoir plus<\/span>\n\t\t\t\t\t<\/span>\n\t\t\t\t\t<\/a>\n\t\t\t\t<\/div>\n\t\t\t\t\t\t\t\t<\/div>\n\t\t\t\t<\/div>\n\t\t\t\t<\/div>\n\t\t<div class=\"elementor-element elementor-element-1b5b0b9 e-con-full e-flex e-con e-child\" data-id=\"1b5b0b9\" data-element_type=\"container\" data-e-type=\"container\">\n\t\t\t\t<div class=\"elementor-element elementor-element-6f72eb6 elementor-widget elementor-widget-text-editor\" data-id=\"6f72eb6\" data-element_type=\"widget\" data-e-type=\"widget\" data-widget_type=\"text-editor.default\">\n\t\t\t\t<div class=\"elementor-widget-container\">\n\t\t\t\t\t\t\t\t\t<p>WATER TRACKER suit et localise les conduits d\u2019eau urbaines \u00e0 l\u2019aide d\u2019ondes acoustiques. L\u2019\u00e9metteur Water Tracker est un transducteur \u00e0 base d\u2019APA\u00ae fonctionnant \u00e0 basse fr\u00e9quence avec des vibrations d\u2019amplitude \u00e9lev\u00e9ee pour une \u00e9mission sonore \u00e0 longue port\u00e9e.<\/p>\t\t\t\t\t\t\t\t<\/div>\n\t\t\t\t<\/div>\n\t\t\t\t<div class=\"elementor-element elementor-element-5952f45 elementor-widget elementor-widget-heading\" data-id=\"5952f45\" data-element_type=\"widget\" data-e-type=\"widget\" data-widget_type=\"heading.default\">\n\t\t\t\t<div class=\"elementor-widget-container\">\n\t\t\t\t\t<h3 class=\"elementor-heading-title elementor-size-default\">Applications<\/h3>\t\t\t\t<\/div>\n\t\t\t\t<\/div>\n\t\t\t\t<div class=\"elementor-element elementor-element-5e9d8ad elementor-widget elementor-widget-text-editor\" data-id=\"5e9d8ad\" data-element_type=\"widget\" data-e-type=\"widget\" data-widget_type=\"text-editor.default\">\n\t\t\t\t<div class=\"elementor-widget-container\">\n\t\t\t\t\t\t\t\t\t<p>Localisation acoustique des tuyaux, Transducteur Haute Puissance, Basse Fr\u00e9quence\u2026<\/p>\t\t\t\t\t\t\t\t<\/div>\n\t\t\t\t<\/div>\n\t\t\t\t<div class=\"elementor-element elementor-element-41e0728 elementor-widget elementor-widget-heading\" data-id=\"41e0728\" data-element_type=\"widget\" data-e-type=\"widget\" data-widget_type=\"heading.default\">\n\t\t\t\t<div class=\"elementor-widget-container\">\n\t\t\t\t\t<h3 class=\"elementor-heading-title elementor-size-default\">STATUT<\/h3>\t\t\t\t<\/div>\n\t\t\t\t<\/div>\n\t\t\t\t<div class=\"elementor-element elementor-element-314e445 elementor-widget elementor-widget-text-editor\" data-id=\"314e445\" data-element_type=\"widget\" data-e-type=\"widget\" data-widget_type=\"text-editor.default\">\n\t\t\t\t<div class=\"elementor-widget-container\">\n\t\t\t\t\t\t\t\t\t<p>Produit<\/p>\t\t\t\t\t\t\t\t<\/div>\n\t\t\t\t<\/div>\n\t\t\t\t<\/div>\n\t\t<div class=\"elementor-element elementor-element-316e988 e-con-full e-flex e-con e-child\" data-id=\"316e988\" data-element_type=\"container\" data-e-type=\"container\" data-settings=\"{&quot;background_background&quot;:&quot;classic&quot;,&quot;position&quot;:&quot;absolute&quot;}\">\n\t\t\t\t<\/div>\n\t\t\t\t<\/div>\n\t\t\t\t\t<\/div>\n\t\t\t\t<\/div>\n\t\t\t\t<\/div>\n\t\t","protected":false},"excerpt":{"rendered":"<p>Les syst\u00e8mes de localisation sans fil visent \u00e0 trouver les positions 1D, 3D ou m\u00eame 6D d\u2019un ou plusieurs objets dans un espace de d\u00e9tection d\u00e9fini.\u00a0 Pour ces syst\u00e8mes, CEDRAT TECHNOLOGIES a d\u00e9velopp\u00e9 des techniques innovantes de d\u00e9tection active utilisant \u00e0 la fois des \u00e9metteurs et des r\u00e9cepteurs, bas\u00e9s sur des effets magn\u00e9tiques ou acoustiques. &#8230; <a title=\"Localisation magn\u00e9tique et acoustique\" class=\"read-more\" href=\"https:\/\/cedrat-technologies.com\/fr\/technologies\/systemes-de-detection\/localisation-magnetique-et-acoustique\/\" aria-label=\"En savoir plus sur Localisation magn\u00e9tique et acoustique\">Lire la suite<\/a><\/p>\n","protected":false},"author":1,"featured_media":0,"parent":16896,"menu_order":0,"comment_status":"closed","ping_status":"closed","template":"","meta":{"_acf_changed":false,"_seopress_robots_primary_cat":"","_seopress_titles_title":"Localisation acoustique magn\u00e9tique - Cedrat Technologies","_seopress_titles_desc":"Explorez la technologie de localisation acoustique magn\u00e9tique de Cedrat Technologies, permettant la localisation pr\u00e9cise et le suivi des sources magn\u00e9tiques \u00e0 l&#039;aide de capteurs acoustiques.","_seopress_robots_index":"","footnotes":""},"class_list":["post-16904","page","type-page","status-publish"],"acf":[],"_links":{"self":[{"href":"https:\/\/cedrat-technologies.com\/fr\/wp-json\/wp\/v2\/pages\/16904","targetHints":{"allow":["GET"]}}],"collection":[{"href":"https:\/\/cedrat-technologies.com\/fr\/wp-json\/wp\/v2\/pages"}],"about":[{"href":"https:\/\/cedrat-technologies.com\/fr\/wp-json\/wp\/v2\/types\/page"}],"author":[{"embeddable":true,"href":"https:\/\/cedrat-technologies.com\/fr\/wp-json\/wp\/v2\/users\/1"}],"replies":[{"embeddable":true,"href":"https:\/\/cedrat-technologies.com\/fr\/wp-json\/wp\/v2\/comments?post=16904"}],"version-history":[{"count":0,"href":"https:\/\/cedrat-technologies.com\/fr\/wp-json\/wp\/v2\/pages\/16904\/revisions"}],"up":[{"embeddable":true,"href":"https:\/\/cedrat-technologies.com\/fr\/wp-json\/wp\/v2\/pages\/16896"}],"wp:attachment":[{"href":"https:\/\/cedrat-technologies.com\/fr\/wp-json\/wp\/v2\/media?parent=16904"}],"curies":[{"name":"wp","href":"https:\/\/api.w.org\/{rel}","templated":true}]}}