{"id":16896,"date":"2023-03-02T14:10:25","date_gmt":"2023-03-02T13:10:25","guid":{"rendered":"http:\/\/cedrat-technologies.com\/technologies\/detection-systems\/"},"modified":"2023-07-05T11:58:01","modified_gmt":"2023-07-05T09:58:01","slug":"systemes-de-detection","status":"publish","type":"page","link":"https:\/\/cedrat-technologies.com\/fr\/technologies\/systemes-de-detection\/","title":{"rendered":"Syst\u00e8mes de d\u00e9tection"},"content":{"rendered":"\t\t<div data-elementor-type=\"wp-page\" data-elementor-id=\"16896\" class=\"elementor elementor-16896 elementor-6353\" data-elementor-post-type=\"page\">\n\t\t\t\t<div class=\"elementor-element elementor-element-6704084 e-con-full e-flex e-con e-parent\" data-id=\"6704084\" data-element_type=\"container\" data-e-type=\"container\">\n\t\t<div class=\"elementor-element elementor-element-cbc306a e-con-full e-flex e-con e-parent\" data-id=\"cbc306a\" data-element_type=\"container\" data-e-type=\"container\">\n\t\t\t\t<div class=\"elementor-element elementor-element-de3c05b elementor-widget elementor-widget-heading\" data-id=\"de3c05b\" data-element_type=\"widget\" data-e-type=\"widget\" data-widget_type=\"heading.default\">\n\t\t\t\t<div class=\"elementor-widget-container\">\n\t\t\t\t\t<h1 class=\"elementor-heading-title elementor-size-default\">Syst\u00e8mes de d\u00e9tection<\/h1>\t\t\t\t<\/div>\n\t\t\t\t<\/div>\n\t\t<div class=\"elementor-element elementor-element-cfef96d e-con-full e-flex e-con e-parent\" data-id=\"cfef96d\" data-element_type=\"container\" data-e-type=\"container\">\n\t\t\t\t<div class=\"elementor-element elementor-element-b901859 elementor-align-justify elementor-widget elementor-widget-button\" data-id=\"b901859\" data-element_type=\"widget\" data-e-type=\"widget\" data-widget_type=\"button.default\">\n\t\t\t\t<div class=\"elementor-widget-container\">\n\t\t\t\t\t\t\t\t\t<div class=\"elementor-button-wrapper\">\n\t\t\t\t\t<a class=\"elementor-button elementor-button-link elementor-size-sm\" href=\"https:\/\/cedrat-technologies.com\/fr\/technologies\/systemes-de-detection\/health-monitoring\/\">\n\t\t\t\t\t\t<span class=\"elementor-button-content-wrapper\">\n\t\t\t\t\t\t\t\t\t<span class=\"elementor-button-text\">Health monitoring<\/span>\n\t\t\t\t\t<\/span>\n\t\t\t\t\t<\/a>\n\t\t\t\t<\/div>\n\t\t\t\t\t\t\t\t<\/div>\n\t\t\t\t<\/div>\n\t\t\t\t<div class=\"elementor-element elementor-element-7f15204 elementor-align-justify elementor-widget elementor-widget-button\" data-id=\"7f15204\" data-element_type=\"widget\" data-e-type=\"widget\" data-widget_type=\"button.default\">\n\t\t\t\t<div class=\"elementor-widget-container\">\n\t\t\t\t\t\t\t\t\t<div class=\"elementor-button-wrapper\">\n\t\t\t\t\t<a class=\"elementor-button elementor-button-link elementor-size-sm\" href=\"https:\/\/cedrat-technologies.com\/fr\/technologies\/systemes-de-detection\/localisation-magnetique-et-acoustique\/\">\n\t\t\t\t\t\t<span class=\"elementor-button-content-wrapper\">\n\t\t\t\t\t\t\t\t\t<span class=\"elementor-button-text\">Localisation magn\u00e9tique et acoustique<\/span>\n\t\t\t\t\t<\/span>\n\t\t\t\t\t<\/a>\n\t\t\t\t<\/div>\n\t\t\t\t\t\t\t\t<\/div>\n\t\t\t\t<\/div>\n\t\t\t\t<\/div>\n\t\t\t\t<div class=\"elementor-element elementor-element-b17ee8c elementor-widget elementor-widget-text-editor\" data-id=\"b17ee8c\" data-element_type=\"widget\" data-e-type=\"widget\" data-widget_type=\"text-editor.default\">\n\t\t\t\t<div class=\"elementor-widget-container\">\n\t\t\t\t\t\t\t\t\t<p class=\"align-justify\">Le contr\u00f4le sant\u00e9 des syst\u00e8mes r\u00e9duit le co\u00fbt de maintenance, am\u00e9liore la fiabilit\u00e9 structurelle et augmente le nombre d\u2019heures op\u00e9rationnelles d\u2019une large gamme de syst\u00e8mes.<\/p><p class=\"align-justify\">CEDRAT TECHNOLOGIES a optimis\u00e9 et prototyp\u00e9 plusieurs solutions industrielles de transmissions sans fil, des capteurs pour le contr\u00f4le non destructif (CND).<\/p><p class=\"align-justify\">Les syst\u00e8mes de d\u00e9tection ne sont pas disponibles comme produits standards, mais comme \u2018briques technologiques\u2019. Ainsi, des produits similaires peuvent \u00eatre customis\u00e9s ou adapt\u00e9s \u00e0 partir des sp\u00e9cifications clients.<\/p><p class=\"align-justify\">D\u2019autres syst\u00e8mes de d\u00e9tection peuvent \u00eatre con\u00e7us par CEDRAT TECHNOLOGIES, en utilisant ses solutions logicielles, ses laboratoires et son savoir-faire technologique.<\/p>\t\t\t\t\t\t\t\t<\/div>\n\t\t\t\t<\/div>\n\t\t\t\t<\/div>\n\t\t<div class=\"elementor-element elementor-element-5e37f90 e-con-full e-flex e-con e-parent\" data-id=\"5e37f90\" data-element_type=\"container\" data-e-type=\"container\" data-settings=\"{&quot;background_background&quot;:&quot;classic&quot;}\">\n\t\t\t\t<\/div>\n\t\t\t\t<\/div>\n\t\t\t\t<\/div>\n\t\t","protected":false},"excerpt":{"rendered":"<p>Health monitoring Localisation magn\u00e9tique et acoustique Le contr\u00f4le sant\u00e9 des syst\u00e8mes r\u00e9duit le co\u00fbt de maintenance, am\u00e9liore la fiabilit\u00e9 structurelle et augmente le nombre d\u2019heures op\u00e9rationnelles d\u2019une large gamme de syst\u00e8mes. CEDRAT TECHNOLOGIES a optimis\u00e9 et prototyp\u00e9 plusieurs solutions industrielles de transmissions sans fil, des capteurs pour le contr\u00f4le non destructif (CND). Les syst\u00e8mes de &#8230; <a title=\"Syst\u00e8mes de d\u00e9tection\" class=\"read-more\" href=\"https:\/\/cedrat-technologies.com\/fr\/technologies\/systemes-de-detection\/\" aria-label=\"En savoir plus sur Syst\u00e8mes de d\u00e9tection\">Lire la suite<\/a><\/p>\n","protected":false},"author":1,"featured_media":0,"parent":16842,"menu_order":0,"comment_status":"closed","ping_status":"closed","template":"","meta":{"_acf_changed":false,"_seopress_robots_primary_cat":"","_seopress_titles_title":"Syst\u00e8mes de d\u00e9tection de Cedrat Technologies","_seopress_titles_desc":"D\u00e9couvrez les syst\u00e8mes de d\u00e9tection avanc\u00e9s de Cedrat Technologies, comprenant des solutions de surveillance de l&#039;\u00e9tat de sant\u00e9 et la localisation acoustique magn\u00e9tique pour des mesures pr\u00e9cises et fiables.","_seopress_robots_index":"","footnotes":""},"class_list":["post-16896","page","type-page","status-publish"],"acf":[],"_links":{"self":[{"href":"https:\/\/cedrat-technologies.com\/fr\/wp-json\/wp\/v2\/pages\/16896","targetHints":{"allow":["GET"]}}],"collection":[{"href":"https:\/\/cedrat-technologies.com\/fr\/wp-json\/wp\/v2\/pages"}],"about":[{"href":"https:\/\/cedrat-technologies.com\/fr\/wp-json\/wp\/v2\/types\/page"}],"author":[{"embeddable":true,"href":"https:\/\/cedrat-technologies.com\/fr\/wp-json\/wp\/v2\/users\/1"}],"replies":[{"embeddable":true,"href":"https:\/\/cedrat-technologies.com\/fr\/wp-json\/wp\/v2\/comments?post=16896"}],"version-history":[{"count":0,"href":"https:\/\/cedrat-technologies.com\/fr\/wp-json\/wp\/v2\/pages\/16896\/revisions"}],"up":[{"embeddable":true,"href":"https:\/\/cedrat-technologies.com\/fr\/wp-json\/wp\/v2\/pages\/16842"}],"wp:attachment":[{"href":"https:\/\/cedrat-technologies.com\/fr\/wp-json\/wp\/v2\/media?parent=16896"}],"curies":[{"name":"wp","href":"https:\/\/api.w.org\/{rel}","templated":true}]}}