{"id":16842,"date":"2023-03-02T09:53:45","date_gmt":"2023-03-02T08:53:45","guid":{"rendered":"http:\/\/cedrat-technologies.com\/technologies\/"},"modified":"2023-12-19T15:54:14","modified_gmt":"2023-12-19T14:54:14","slug":"technologies","status":"publish","type":"page","link":"https:\/\/cedrat-technologies.com\/fr\/technologies\/","title":{"rendered":"Technologies"},"content":{"rendered":"\t\t<div data-elementor-type=\"wp-page\" data-elementor-id=\"16842\" class=\"elementor elementor-16842 elementor-6135\" data-elementor-post-type=\"page\">\n\t\t\t\t<div class=\"elementor-element elementor-element-6704084 e-con-full e-flex e-con e-parent\" data-id=\"6704084\" data-element_type=\"container\" data-e-type=\"container\">\n\t\t<div class=\"elementor-element elementor-element-cbc306a e-con-full e-flex e-con e-child\" data-id=\"cbc306a\" data-element_type=\"container\" data-e-type=\"container\">\n\t\t\t\t<div class=\"elementor-element elementor-element-f1e480d elementor-widget elementor-widget-heading\" data-id=\"f1e480d\" data-element_type=\"widget\" data-e-type=\"widget\" data-widget_type=\"heading.default\">\n\t\t\t\t<div class=\"elementor-widget-container\">\n\t\t\t\t\t<h1 class=\"elementor-heading-title elementor-size-default\">Technologies<\/h1>\t\t\t\t<\/div>\n\t\t\t\t<\/div>\n\t\t<div class=\"elementor-element elementor-element-cfef96d e-con-full e-flex e-con e-child\" data-id=\"cfef96d\" data-element_type=\"container\" data-e-type=\"container\">\n\t\t\t\t<div class=\"elementor-element elementor-element-b901859 elementor-align-justify elementor-widget elementor-widget-button\" data-id=\"b901859\" data-element_type=\"widget\" data-e-type=\"widget\" data-widget_type=\"button.default\">\n\t\t\t\t<div class=\"elementor-widget-container\">\n\t\t\t\t\t\t\t\t\t<div class=\"elementor-button-wrapper\">\n\t\t\t\t\t<a class=\"elementor-button elementor-button-link elementor-size-sm\" href=\"https:\/\/cedrat-technologies.com\/fr\/technologies\/actionneurs\/\">\n\t\t\t\t\t\t<span class=\"elementor-button-content-wrapper\">\n\t\t\t\t\t\t\t\t\t<span class=\"elementor-button-text\">Actionneurs<\/span>\n\t\t\t\t\t<\/span>\n\t\t\t\t\t<\/a>\n\t\t\t\t<\/div>\n\t\t\t\t\t\t\t\t<\/div>\n\t\t\t\t<\/div>\n\t\t\t\t<div class=\"elementor-element elementor-element-7f15204 elementor-align-justify elementor-widget elementor-widget-button\" data-id=\"7f15204\" data-element_type=\"widget\" data-e-type=\"widget\" data-widget_type=\"button.default\">\n\t\t\t\t<div class=\"elementor-widget-container\">\n\t\t\t\t\t\t\t\t\t<div class=\"elementor-button-wrapper\">\n\t\t\t\t\t<a class=\"elementor-button elementor-button-link elementor-size-sm\" href=\"https:\/\/cedrat-technologies.com\/fr\/technologies\/systemes-mecatroniques\/\">\n\t\t\t\t\t\t<span class=\"elementor-button-content-wrapper\">\n\t\t\t\t\t\t\t\t\t<span class=\"elementor-button-text\">Syst\u00e8mes m\u00e9catroniques<\/span>\n\t\t\t\t\t<\/span>\n\t\t\t\t\t<\/a>\n\t\t\t\t<\/div>\n\t\t\t\t\t\t\t\t<\/div>\n\t\t\t\t<\/div>\n\t\t\t\t<div class=\"elementor-element elementor-element-6804fd8 elementor-align-justify elementor-widget elementor-widget-button\" data-id=\"6804fd8\" data-element_type=\"widget\" data-e-type=\"widget\" data-widget_type=\"button.default\">\n\t\t\t\t<div class=\"elementor-widget-container\">\n\t\t\t\t\t\t\t\t\t<div class=\"elementor-button-wrapper\">\n\t\t\t\t\t<a class=\"elementor-button elementor-button-link elementor-size-sm\" href=\"https:\/\/cedrat-technologies.com\/fr\/technologies\/capteurs\/\">\n\t\t\t\t\t\t<span class=\"elementor-button-content-wrapper\">\n\t\t\t\t\t\t\t\t\t<span class=\"elementor-button-text\">Capteurs<\/span>\n\t\t\t\t\t<\/span>\n\t\t\t\t\t<\/a>\n\t\t\t\t<\/div>\n\t\t\t\t\t\t\t\t<\/div>\n\t\t\t\t<\/div>\n\t\t\t\t<div class=\"elementor-element elementor-element-65b73b3 elementor-align-justify elementor-widget elementor-widget-button\" data-id=\"65b73b3\" data-element_type=\"widget\" data-e-type=\"widget\" data-widget_type=\"button.default\">\n\t\t\t\t<div class=\"elementor-widget-container\">\n\t\t\t\t\t\t\t\t\t<div class=\"elementor-button-wrapper\">\n\t\t\t\t\t<a class=\"elementor-button elementor-button-link elementor-size-sm\" href=\"https:\/\/cedrat-technologies.com\/fr\/technologies\/systemes-de-detection\/\">\n\t\t\t\t\t\t<span class=\"elementor-button-content-wrapper\">\n\t\t\t\t\t\t\t\t\t<span class=\"elementor-button-text\">Syst\u00e8mes de d\u00e9tection<\/span>\n\t\t\t\t\t<\/span>\n\t\t\t\t\t<\/a>\n\t\t\t\t<\/div>\n\t\t\t\t\t\t\t\t<\/div>\n\t\t\t\t<\/div>\n\t\t\t\t<\/div>\n\t\t\t\t<div class=\"elementor-element elementor-element-b17ee8c elementor-widget elementor-widget-text-editor\" data-id=\"b17ee8c\" data-element_type=\"widget\" data-e-type=\"widget\" data-widget_type=\"text-editor.default\">\n\t\t\t\t<div class=\"elementor-widget-container\">\n\t\t\t\t\t\t\t\t\t<p class=\"align-justify\">CEDRAT TECHNOLOGIES est un des\u00a0leaders\u00a0mondiaux\u00a0en\u00a0<a href=\"https:\/\/cedrat-technologies.com\/fr\/technologies\/actionneurs\/\" target=\"_top\">actionneurs<\/a>,\u00a0<a href=\"https:\/\/cedrat-technologies.com\/fr\/technologies\/capteurs\/\" target=\"_top\">capteurs intelligents,<\/a><a href=\"https:\/\/cedrat-technologies.com\/fr\/technologies\/systemes-mecatroniques\/\" target=\"_top\">m\u00e9catroniques<\/a>\u00a0et\u00a0<a href=\"https:\/\/cedrat-technologies.com\/fr\/technologies\/systemes-de-detection\/\" target=\"_top\">syst\u00e8mes de d\u00e9tection<\/a>.<\/p><p class=\"align-justify\">Entre ses\u00a0<a href=\"https:\/\/cedrat-technologies.com\/fr\/produits\/\" target=\"_top\">produits m\u00e9catroniques standards<\/a>\u00a0et sa large capacit\u00e9 en\u00a0<a href=\"https:\/\/cedrat-technologies.com\/fr\/services\/ingenierie\/\" target=\"_top\">ing\u00e9nierie<\/a>, CEDRAT\u00a0TECHNOLOGIES propose ses &lsquo;briques technologiques&rsquo; comme point de d\u00e9part pour d\u00e9velopper rapidement une solution adapt\u00e9e aux besoins du client. Les \u2018briques technologiques\u2019 sont des concepts techniques, qui ont \u00e9t\u00e9 explor\u00e9s par \u00a0CEDRAT TECHNOLOGIES\u00a0en projet\u00a0R&amp;D et qui pr\u00e9sentent un int\u00e9r\u00eat g\u00e9n\u00e9ral pour de nouvelles applications. G\u00e9n\u00e9ralement, elles ont \u00e9t\u00e9 valid\u00e9es exp\u00e9rimentalement par des d\u00e9monstrateurs permettant une premi\u00e8re validation ou par plusieurs prototypes. Dans certains cas, elles sont prot\u00e9g\u00e9es par des droits <a href=\"https:\/\/cedrat-technologies.com\/fr\/services\/propriete-intellectuelle\/\">IP<\/a> et des concessions de licences sont propos\u00e9es.<\/p><p>Ces \u2018briques technologiques\u2019 peuvent \u00eatre adapt\u00e9es pour concevoir des produits customis\u00e9s rapidement avec un investissement et un risque r\u00e9duit.<\/p>\t\t\t\t\t\t\t\t<\/div>\n\t\t\t\t<\/div>\n\t\t\t\t<\/div>\n\t\t<div class=\"elementor-element elementor-element-5e37f90 e-con-full e-flex e-con e-child\" data-id=\"5e37f90\" data-element_type=\"container\" data-e-type=\"container\" data-settings=\"{&quot;background_background&quot;:&quot;classic&quot;}\">\n\t\t\t\t<\/div>\n\t\t\t\t<\/div>\n\t\t\t\t<\/div>\n\t\t","protected":false},"excerpt":{"rendered":"<p>Actionneurs Syst\u00e8mes m\u00e9catroniques Capteurs Syst\u00e8mes de d\u00e9tection CEDRAT TECHNOLOGIES est un des\u00a0leaders\u00a0mondiaux\u00a0en\u00a0actionneurs,\u00a0capteurs intelligents,m\u00e9catroniques\u00a0et\u00a0syst\u00e8mes de d\u00e9tection. Entre ses\u00a0produits m\u00e9catroniques standards\u00a0et sa large capacit\u00e9 en\u00a0ing\u00e9nierie, CEDRAT\u00a0TECHNOLOGIES propose ses &lsquo;briques technologiques&rsquo; comme point de d\u00e9part pour d\u00e9velopper rapidement une solution adapt\u00e9e aux besoins du client. Les \u2018briques technologiques\u2019 sont des concepts techniques, qui ont \u00e9t\u00e9 explor\u00e9s par \u00a0CEDRAT &#8230; <a title=\"Technologies\" class=\"read-more\" href=\"https:\/\/cedrat-technologies.com\/fr\/technologies\/\" aria-label=\"En savoir plus sur Technologies\">Lire la suite<\/a><\/p>\n","protected":false},"author":1,"featured_media":0,"parent":0,"menu_order":0,"comment_status":"closed","ping_status":"closed","template":"","meta":{"_acf_changed":false,"_seopress_robots_primary_cat":"","_seopress_titles_title":"Technologies de Cedrat Technologies","_seopress_titles_desc":"D\u00e9couvrez les technologies de pointe d\u00e9velopp\u00e9es par Cedrat Technologies, comprenant des actionneurs, des capteurs, des syst\u00e8mes de d\u00e9tection et des solutions m\u00e9catroniques.","_seopress_robots_index":"","footnotes":""},"class_list":["post-16842","page","type-page","status-publish"],"acf":[],"_links":{"self":[{"href":"https:\/\/cedrat-technologies.com\/fr\/wp-json\/wp\/v2\/pages\/16842","targetHints":{"allow":["GET"]}}],"collection":[{"href":"https:\/\/cedrat-technologies.com\/fr\/wp-json\/wp\/v2\/pages"}],"about":[{"href":"https:\/\/cedrat-technologies.com\/fr\/wp-json\/wp\/v2\/types\/page"}],"author":[{"embeddable":true,"href":"https:\/\/cedrat-technologies.com\/fr\/wp-json\/wp\/v2\/users\/1"}],"replies":[{"embeddable":true,"href":"https:\/\/cedrat-technologies.com\/fr\/wp-json\/wp\/v2\/comments?post=16842"}],"version-history":[{"count":0,"href":"https:\/\/cedrat-technologies.com\/fr\/wp-json\/wp\/v2\/pages\/16842\/revisions"}],"wp:attachment":[{"href":"https:\/\/cedrat-technologies.com\/fr\/wp-json\/wp\/v2\/media?parent=16842"}],"curies":[{"name":"wp","href":"https:\/\/api.w.org\/{rel}","templated":true}]}}