{"id":16632,"date":"2023-03-14T16:49:32","date_gmt":"2023-03-14T15:49:32","guid":{"rendered":"http:\/\/cedrat-technologies.com\/services\/production\/"},"modified":"2023-06-14T15:57:32","modified_gmt":"2023-06-14T13:57:32","slug":"production","status":"publish","type":"page","link":"https:\/\/cedrat-technologies.com\/fr\/services\/production\/","title":{"rendered":"Production"},"content":{"rendered":"\t\t<div data-elementor-type=\"wp-page\" data-elementor-id=\"16632\" class=\"elementor elementor-16632 elementor-7822\" data-elementor-post-type=\"page\">\n\t\t\t\t<div class=\"elementor-element elementor-element-7a3d48e e-flex e-con-boxed e-con e-parent\" data-id=\"7a3d48e\" data-element_type=\"container\" data-e-type=\"container\">\n\t\t\t\t\t<div class=\"e-con-inner\">\n\t\t<div class=\"elementor-element elementor-element-a4a7bbc e-con-full e-flex e-con e-parent\" data-id=\"a4a7bbc\" data-element_type=\"container\" data-e-type=\"container\">\n\t\t\t\t<div class=\"elementor-element elementor-element-58300f0 elementor-widget elementor-widget-video\" data-id=\"58300f0\" data-element_type=\"widget\" data-e-type=\"widget\" data-settings=\"{&quot;youtube_url&quot;:&quot;https:\\\/\\\/www.youtube.com\\\/watch?v=H8dXUXlxG4M&quot;,&quot;video_type&quot;:&quot;youtube&quot;,&quot;controls&quot;:&quot;yes&quot;}\" data-widget_type=\"video.default\">\n\t\t\t\t<div class=\"elementor-widget-container\">\n\t\t\t\t\t\t\t<div class=\"elementor-wrapper elementor-open-inline\">\n\t\t\t<div class=\"elementor-video\"><\/div>\t\t<\/div>\n\t\t\t\t\t\t<\/div>\n\t\t\t\t<\/div>\n\t\t\t\t<\/div>\n\t\t<div class=\"elementor-element elementor-element-2648bfb e-con-full e-flex e-con e-parent\" data-id=\"2648bfb\" data-element_type=\"container\" data-e-type=\"container\">\n\t\t\t\t<div class=\"elementor-element elementor-element-29d1bf8 elementor-widget elementor-widget-heading\" data-id=\"29d1bf8\" data-element_type=\"widget\" data-e-type=\"widget\" data-widget_type=\"heading.default\">\n\t\t\t\t<div class=\"elementor-widget-container\">\n\t\t\t\t\t<h1 class=\"elementor-heading-title elementor-size-default\">Production<\/h1>\t\t\t\t<\/div>\n\t\t\t\t<\/div>\n\t\t\t\t<div class=\"elementor-element elementor-element-0dbe5af elementor-widget elementor-widget-text-editor\" data-id=\"0dbe5af\" data-element_type=\"widget\" data-e-type=\"widget\" data-widget_type=\"text-editor.default\">\n\t\t\t\t<div class=\"elementor-widget-container\">\n\t\t\t\t\t\t\t\t\t<p>Des prototypes aux livraisons r\u00e9currentes de produits m\u00e9catroniques,\u00a0<strong>CEDRAT TECHNOLOGIES (CTEC) s\u2019appuie en 2021 sur une \u00e9quipe de plus de 20 op\u00e9rateurs, techniciens et ing\u00e9nieurs qui maitrisent tout autant les produits \u00e9lectroniques que les produits \u00e9lectrom\u00e9caniques.<\/strong>\u00a0Cette \u00e9quipe en pleine croissance travaille en collaboration avec les \u00e9quipes d\u2019ing\u00e9nierie d\u00e8s la phase de conception initiale pour garantir le niveau de performances, la conception \u00e0 co\u00fbt objectif et la qualit\u00e9 exig\u00e9e par nos clients tout au long du processus de Fabrication, assemblage, int\u00e9gration et tests (FAIT) d\u2019un produit m\u00e9catronique. L\u2019\u00e9quipe, qui g\u00e8re la cha\u00eene d\u2019approvisionnement de fabrication, dispose de plus de 1\u00a0000\u00a0m2 d\u2019installations de production pour r\u00e9aliser le processus AIT de CTEC.<\/p><p>\u00c9tant donn\u00e9 le grand nombre de march\u00e9s desservis par leurs applications, dans des domaines tels que la science, l\u2019usinage, la m\u00e9decine, la d\u00e9fense et l\u2019espace, les \u00e9quipes de production ont la capacit\u00e9 et la flexibilit\u00e9 n\u00e9cessaires pour r\u00e9pondre \u00e0 diff\u00e9rents niveaux de normes de qualit\u00e9 de production (ISO9001, MIL, ECSS\u2026), dans diff\u00e9rents environnements (Salle blanche\u00a0ISO8 et 5) et pour des lots pouvant atteindre quelques milliers d\u2019unit\u00e9s en 2021.<\/p><p>Le processus d\u2019assemblage comprend des pi\u00e8ces m\u00e9caniques, des circuits imprim\u00e9s, des c\u00e9ramiques pi\u00e9zo\u00e9lectriques, des bobinages, des jauges de contrainte, des capteurs, le c\u00e2blage de composants \u00e9lectroniques, l\u2019int\u00e9gration de miroirs, pour n\u2019en citer que quelques exemples. CTEC a notamment d\u00e9velopp\u00e9 un savoir-faire technologique pour les proc\u00e9dures d\u2019assemblage (pr\u00e9contrainte, collage), la tribologie (comportement des mat\u00e9riaux d\u2019entra\u00eenement par friction), le montage, la s\u00e9curisation des c\u00e2bles, le nettoyage et le r\u00e9glage des applications de mat\u00e9riaux actifs et des dispositifs \u00e9lectriques, ainsi que le r\u00e9glage de l\u2019\u00e9lectronique d\u2019entra\u00eenement et de commande et les tests de performances complexes.<\/p>\t\t\t\t\t\t\t\t<\/div>\n\t\t\t\t<\/div>\n\t\t\t\t<\/div>\n\t\t\t\t\t<\/div>\n\t\t\t\t<\/div>\n\t\t<div class=\"elementor-element elementor-element-6b4545f e-flex e-con-boxed e-con e-parent\" data-id=\"6b4545f\" data-element_type=\"container\" data-e-type=\"container\" data-settings=\"{&quot;background_background&quot;:&quot;classic&quot;}\">\n\t\t\t\t\t<div class=\"e-con-inner\">\n\t\t\t\t<div class=\"elementor-element elementor-element-ab02cd7 elementor-widget elementor-widget-heading\" data-id=\"ab02cd7\" data-element_type=\"widget\" data-e-type=\"widget\" data-widget_type=\"heading.default\">\n\t\t\t\t<div class=\"elementor-widget-container\">\n\t\t\t\t\t<span class=\"elementor-heading-title elementor-size-default\">Innovation<\/span>\t\t\t\t<\/div>\n\t\t\t\t<\/div>\n\t\t\t\t\t<\/div>\n\t\t\t\t<\/div>\n\t\t<div class=\"elementor-element elementor-element-6158349 e-flex e-con-boxed e-con e-parent\" data-id=\"6158349\" data-element_type=\"container\" data-e-type=\"container\">\n\t\t\t\t\t<div class=\"e-con-inner\">\n\t\t<div class=\"elementor-element elementor-element-ec7188b e-flex e-con-boxed e-con e-parent\" data-id=\"ec7188b\" data-element_type=\"container\" data-e-type=\"container\">\n\t\t\t\t\t<div class=\"e-con-inner\">\n\t\t\t\t<div class=\"elementor-element elementor-element-e5fcb76 elementor-icon-list--layout-traditional elementor-list-item-link-full_width elementor-widget elementor-widget-icon-list\" data-id=\"e5fcb76\" data-element_type=\"widget\" data-e-type=\"widget\" data-widget_type=\"icon-list.default\">\n\t\t\t\t<div class=\"elementor-widget-container\">\n\t\t\t\t\t\t\t<ul class=\"elementor-icon-list-items\">\n\t\t\t\t\t\t\t<li class=\"elementor-icon-list-item\">\n\t\t\t\t\t\t\t\t\t\t\t<span class=\"elementor-icon-list-icon\">\n\t\t\t\t\t\t\t<i aria-hidden=\"true\" class=\"fas fa-arrow-right\"><\/i>\t\t\t\t\t\t<\/span>\n\t\t\t\t\t\t\t\t\t\t<span class=\"elementor-icon-list-text\">M\u00e9trologie dimensionnelle : M\u00e9trologie m\u00e9canique 3D DERBY, m\u00e9trologie optique 2D DERBY<\/span>\n\t\t\t\t\t\t\t\t\t<\/li>\n\t\t\t\t\t\t\t\t<li class=\"elementor-icon-list-item\">\n\t\t\t\t\t\t\t\t\t\t\t<span class=\"elementor-icon-list-icon\">\n\t\t\t\t\t\t\t<i aria-hidden=\"true\" class=\"fas fa-arrow-right\"><\/i>\t\t\t\t\t\t<\/span>\n\t\t\t\t\t\t\t\t\t\t<span class=\"elementor-icon-list-text\">Installations d\u2019inspection : cam\u00e9ra CCD, microscope, jumelles, loupe st\u00e9r\u00e9oscopique,<\/span>\n\t\t\t\t\t\t\t\t\t<\/li>\n\t\t\t\t\t\t\t\t<li class=\"elementor-icon-list-item\">\n\t\t\t\t\t\t\t\t\t\t\t<span class=\"elementor-icon-list-icon\">\n\t\t\t\t\t\t\t<i aria-hidden=\"true\" class=\"fas fa-arrow-right\"><\/i>\t\t\t\t\t\t<\/span>\n\t\t\t\t\t\t\t\t\t\t<span class=\"elementor-icon-list-text\">Int\u00e9gration et test de propret\u00e9 des installations : Salle blanche ISO 5 et 8 de 100 m2,<\/span>\n\t\t\t\t\t\t\t\t\t<\/li>\n\t\t\t\t\t\t\t\t<li class=\"elementor-icon-list-item\">\n\t\t\t\t\t\t\t\t\t\t\t<span class=\"elementor-icon-list-icon\">\n\t\t\t\t\t\t\t<i aria-hidden=\"true\" class=\"fas fa-arrow-right\"><\/i>\t\t\t\t\t\t<\/span>\n\t\t\t\t\t\t\t\t\t\t<span class=\"elementor-icon-list-text\">Installations de montage : presses pneumatiques et hydrauliques pour le collage et la pr\u00e9contrainte m\u00e9canique,<\/span>\n\t\t\t\t\t\t\t\t\t<\/li>\n\t\t\t\t\t\t\t\t<li class=\"elementor-icon-list-item\">\n\t\t\t\t\t\t\t\t\t\t\t<span class=\"elementor-icon-list-icon\">\n\t\t\t\t\t\t\t<i aria-hidden=\"true\" class=\"fas fa-arrow-right\"><\/i>\t\t\t\t\t\t<\/span>\n\t\t\t\t\t\t\t\t\t\t<span class=\"elementor-icon-list-text\">Installations d'assemblage \u00e9lectronique : \u00e9quipements SMD de soudage\/dessoudage, microscopes binoculaires,<\/span>\n\t\t\t\t\t\t\t\t\t<\/li>\n\t\t\t\t\t\t\t\t<li class=\"elementor-icon-list-item\">\n\t\t\t\t\t\t\t\t\t\t\t<span class=\"elementor-icon-list-icon\">\n\t\t\t\t\t\t\t<i aria-hidden=\"true\" class=\"fas fa-arrow-right\"><\/i>\t\t\t\t\t\t<\/span>\n\t\t\t\t\t\t\t\t\t\t<span class=\"elementor-icon-list-text\">Banc d'essais vibratoires : Vibrateur \u00e9lectrodynamique LDS, pot vibrant, haut-parleur,<\/span>\n\t\t\t\t\t\t\t\t\t<\/li>\n\t\t\t\t\t\t\t\t<li class=\"elementor-icon-list-item\">\n\t\t\t\t\t\t\t\t\t\t\t<span class=\"elementor-icon-list-icon\">\n\t\t\t\t\t\t\t<i aria-hidden=\"true\" class=\"fas fa-arrow-right\"><\/i>\t\t\t\t\t\t<\/span>\n\t\t\t\t\t\t\t\t\t\t<span class=\"elementor-icon-list-text\">Banc de chargement m\u00e9canique : bancs inertiels, frein \u00e0 hyst\u00e9r\u00e9sis.<\/span>\n\t\t\t\t\t\t\t\t\t<\/li>\n\t\t\t\t\t\t\t\t<li class=\"elementor-icon-list-item\">\n\t\t\t\t\t\t\t\t\t\t\t<span class=\"elementor-icon-list-icon\">\n\t\t\t\t\t\t\t<i aria-hidden=\"true\" class=\"fas fa-arrow-right\"><\/i>\t\t\t\t\t\t<\/span>\n\t\t\t\t\t\t\t\t\t\t<span class=\"elementor-icon-list-text\">Banc de chargement de fluides : bancs pneumatiques et hydrauliques,<\/span>\n\t\t\t\t\t\t\t\t\t<\/li>\n\t\t\t\t\t\t\t\t<li class=\"elementor-icon-list-item\">\n\t\t\t\t\t\t\t\t\t\t\t<span class=\"elementor-icon-list-icon\">\n\t\t\t\t\t\t\t<i aria-hidden=\"true\" class=\"fas fa-arrow-right\"><\/i>\t\t\t\t\t\t<\/span>\n\t\t\t\t\t\t\t\t\t\t<span class=\"elementor-icon-list-text\">Chambres \u00e0 vide thermiques permettant des tests \u00e0 des temp\u00e9ratures de -150 \u00b0C \u00e0 +150 \u00b0C et\/ou dans des environnements de vide partiel ou d\u2019ultravide<\/span>\n\t\t\t\t\t\t\t\t\t<\/li>\n\t\t\t\t\t\t\t\t<li class=\"elementor-icon-list-item\">\n\t\t\t\t\t\t\t\t\t\t\t<span class=\"elementor-icon-list-icon\">\n\t\t\t\t\t\t\t<i aria-hidden=\"true\" class=\"fas fa-arrow-right\"><\/i>\t\t\t\t\t\t<\/span>\n\t\t\t\t\t\t\t\t\t\t<span class=\"elementor-icon-list-text\">Chambre climatique \u00e0 humidit\u00e9 contr\u00f4l\u00e9e (HR de 20 % \u00e0 100 %)<\/span>\n\t\t\t\t\t\t\t\t\t<\/li>\n\t\t\t\t\t\t\t\t<li class=\"elementor-icon-list-item\">\n\t\t\t\t\t\t\t\t\t\t\t<span class=\"elementor-icon-list-icon\">\n\t\t\t\t\t\t\t<i aria-hidden=\"true\" class=\"fas fa-arrow-right\"><\/i>\t\t\t\t\t\t<\/span>\n\t\t\t\t\t\t\t\t\t\t<span class=\"elementor-icon-list-text\">Cartes d'acquisition multicanaux et logiciel de traitement LABVIEW\/PYTHON, cartes-enregistreurs de donn\u00e9es associ\u00e9es, scanners pour acquisitions multiple,<\/span>\n\t\t\t\t\t\t\t\t\t<\/li>\n\t\t\t\t\t\t\t\t<li class=\"elementor-icon-list-item\">\n\t\t\t\t\t\t\t\t\t\t\t<span class=\"elementor-icon-list-icon\">\n\t\t\t\t\t\t\t<i aria-hidden=\"true\" class=\"fas fa-arrow-right\"><\/i>\t\t\t\t\t\t<\/span>\n\t\t\t\t\t\t\t\t\t\t<span class=\"elementor-icon-list-text\">Alimentations, amplificateurs de puissance, g\u00e9n\u00e9rateurs de signaux, inducteurs,<\/span>\n\t\t\t\t\t\t\t\t\t<\/li>\n\t\t\t\t\t\t\t\t<li class=\"elementor-icon-list-item\">\n\t\t\t\t\t\t\t\t\t\t\t<span class=\"elementor-icon-list-icon\">\n\t\t\t\t\t\t\t<i aria-hidden=\"true\" class=\"fas fa-arrow-right\"><\/i>\t\t\t\t\t\t<\/span>\n\t\t\t\t\t\t\t\t\t\t<span class=\"elementor-icon-list-text\">Gaussm\u00e8tres, fluxm\u00e8tre et bobines de compensation pour les tests non magn\u00e9tiques,<\/span>\n\t\t\t\t\t\t\t\t\t<\/li>\n\t\t\t\t\t\t\t\t<li class=\"elementor-icon-list-item\">\n\t\t\t\t\t\t\t\t\t\t\t<span class=\"elementor-icon-list-icon\">\n\t\t\t\t\t\t\t<i aria-hidden=\"true\" class=\"fas fa-arrow-right\"><\/i>\t\t\t\t\t\t<\/span>\n\t\t\t\t\t\t\t\t\t\t<span class=\"elementor-icon-list-text\">Analyseur de signal HP35670A, imp\u00e9dancem\u00e8tre Keysight E4990 (avec identification automatique des circuits \u00e9quivalents) et bancs d\u2019analyse de puissance (wattm\u00e8tres),<\/span>\n\t\t\t\t\t\t\t\t\t<\/li>\n\t\t\t\t\t\t\t\t<li class=\"elementor-icon-list-item\">\n\t\t\t\t\t\t\t\t\t\t\t<span class=\"elementor-icon-list-icon\">\n\t\t\t\t\t\t\t<i aria-hidden=\"true\" class=\"fas fa-arrow-right\"><\/i>\t\t\t\t\t\t<\/span>\n\t\t\t\t\t\t\t\t\t\t<span class=\"elementor-icon-list-text\">Capteurs capacitifs MCC FOGALE, capteurs inductifs LVDT SENSOREX, encodeurs optiques, sondes thermiques,<\/span>\n\t\t\t\t\t\t\t\t\t<\/li>\n\t\t\t\t\t\t\t\t<li class=\"elementor-icon-list-item\">\n\t\t\t\t\t\t\t\t\t\t\t<span class=\"elementor-icon-list-icon\">\n\t\t\t\t\t\t\t<i aria-hidden=\"true\" class=\"fas fa-arrow-right\"><\/i>\t\t\t\t\t\t<\/span>\n\t\t\t\t\t\t\t\t\t\t<span class=\"elementor-icon-list-text\">Interf\u00e9rom\u00e8tres et vibrom\u00e8tres laser POLYTEC pour la mesure nanom\u00e9trique de la course de 0 Hz \u00e0 2 MHz,<\/span>\n\t\t\t\t\t\t\t\t\t<\/li>\n\t\t\t\t\t\t\t\t<li class=\"elementor-icon-list-item\">\n\t\t\t\t\t\t\t\t\t\t\t<span class=\"elementor-icon-list-icon\">\n\t\t\t\t\t\t\t<i aria-hidden=\"true\" class=\"fas fa-arrow-right\"><\/i>\t\t\t\t\t\t<\/span>\n\t\t\t\t\t\t\t\t\t\t<span class=\"elementor-icon-list-text\">Laser \u00e0 capteur interf\u00e9rom\u00e9trique \u00e0 fibre 3 canaux ATTOCUBE FPS3010 offrant une capacit\u00e9 de mesure picom\u00e9trique,  <\/span>\n\t\t\t\t\t\t\t\t\t<\/li>\n\t\t\t\t\t\t\t\t<li class=\"elementor-icon-list-item\">\n\t\t\t\t\t\t\t\t\t\t\t<span class=\"elementor-icon-list-icon\">\n\t\t\t\t\t\t\t<i aria-hidden=\"true\" class=\"fas fa-arrow-right\"><\/i>\t\t\t\t\t\t<\/span>\n\t\t\t\t\t\t\t\t\t\t<span class=\"elementor-icon-list-text\">Autocollimateur TRIOPTIC Tri-Angle donnant une pr\u00e9cision absolue &lt; 0,75 seconde d\u2019arc avec une r\u00e9p\u00e9tabilit\u00e9 de 0,1 seconde d\u2019arc,<\/span>\n\t\t\t\t\t\t\t\t\t<\/li>\n\t\t\t\t\t\t\t\t<li class=\"elementor-icon-list-item\">\n\t\t\t\t\t\t\t\t\t\t\t<span class=\"elementor-icon-list-icon\">\n\t\t\t\t\t\t\t<i aria-hidden=\"true\" class=\"fas fa-arrow-right\"><\/i>\t\t\t\t\t\t<\/span>\n\t\t\t\t\t\t\t\t\t\t<span class=\"elementor-icon-list-text\">Interf\u00e9rom\u00e8tres ZYGO<\/span>\n\t\t\t\t\t\t\t\t\t<\/li>\n\t\t\t\t\t\t\t\t<li class=\"elementor-icon-list-item\">\n\t\t\t\t\t\t\t\t\t\t\t<span class=\"elementor-icon-list-icon\">\n\t\t\t\t\t\t\t<i aria-hidden=\"true\" class=\"fas fa-arrow-right\"><\/i>\t\t\t\t\t\t<\/span>\n\t\t\t\t\t\t\t\t\t\t<span class=\"elementor-icon-list-text\">Table optique avec syst\u00e8me pneumatique d'isolation des vibrations et platines de translation et de rotation<\/span>\n\t\t\t\t\t\t\t\t\t<\/li>\n\t\t\t\t\t\t<\/ul>\n\t\t\t\t\t\t<\/div>\n\t\t\t\t<\/div>\n\t\t\t\t\t<\/div>\n\t\t\t\t<\/div>\n\t\t<div class=\"elementor-element elementor-element-8aa99cb e-flex e-con-boxed e-con e-parent\" data-id=\"8aa99cb\" data-element_type=\"container\" data-e-type=\"container\">\n\t\t\t\t\t<div class=\"e-con-inner\">\n\t\t\t\t<div class=\"elementor-element elementor-element-6656955 elementor-widget elementor-widget-gallery\" data-id=\"6656955\" data-element_type=\"widget\" data-e-type=\"widget\" data-settings=\"{&quot;columns&quot;:1,&quot;lazyload&quot;:&quot;yes&quot;,&quot;gallery_layout&quot;:&quot;grid&quot;,&quot;columns_tablet&quot;:2,&quot;columns_mobile&quot;:1,&quot;gap&quot;:{&quot;unit&quot;:&quot;px&quot;,&quot;size&quot;:10,&quot;sizes&quot;:[]},&quot;gap_tablet&quot;:{&quot;unit&quot;:&quot;px&quot;,&quot;size&quot;:10,&quot;sizes&quot;:[]},&quot;gap_mobile&quot;:{&quot;unit&quot;:&quot;px&quot;,&quot;size&quot;:10,&quot;sizes&quot;:[]},&quot;link_to&quot;:&quot;file&quot;,&quot;aspect_ratio&quot;:&quot;3:2&quot;,&quot;content_hover_animation&quot;:&quot;fade-in&quot;}\" data-widget_type=\"gallery.default\">\n\t\t\t\t<div class=\"elementor-widget-container\">\n\t\t\t\t\t\t\t<div class=\"elementor-gallery__container\">\n\t\t\t\t\t\t\t<a class=\"e-gallery-item elementor-gallery-item elementor-animated-content\" href=\"https:\/\/cedrat-technologies.com\/wp-content\/uploads\/2023\/03\/clean-room-image.webp\" data-elementor-open-lightbox=\"yes\" data-elementor-lightbox-slideshow=\"6656955\" data-elementor-lightbox-description=\"clean-room\" data-e-action-hash=\"#elementor-action%3Aaction%3Dlightbox%26settings%3DeyJpZCI6NzgzNSwidXJsIjoiaHR0cHM6XC9cL2NlZHJhdC10ZWNobm9sb2dpZXMuY29tXC93cC1jb250ZW50XC91cGxvYWRzXC8yMDIzXC8wM1wvY2xlYW4tcm9vbS1pbWFnZS53ZWJwIiwic2xpZGVzaG93IjoiNjY1Njk1NSJ9\">\n\t\t\t\t\t<div class=\"e-gallery-image elementor-gallery-item__image\" data-thumbnail=\"https:\/\/cedrat-technologies.com\/wp-content\/uploads\/2023\/03\/clean-room-image.webp\" data-width=\"800\" data-height=\"534\" aria-label=\"clean-room\" role=\"img\" ><\/div>\n\t\t\t\t\t\t\t\t\t\t\t\t\t\t<\/a>\n\t\t\t\t\t\t\t<a class=\"e-gallery-item elementor-gallery-item elementor-animated-content\" href=\"https:\/\/cedrat-technologies.com\/wp-content\/uploads\/2023\/03\/stages-oven-image.webp\" data-elementor-open-lightbox=\"yes\" data-elementor-lightbox-slideshow=\"6656955\" data-e-action-hash=\"#elementor-action%3Aaction%3Dlightbox%26settings%3DeyJpZCI6Nzg0MSwidXJsIjoiaHR0cHM6XC9cL2NlZHJhdC10ZWNobm9sb2dpZXMuY29tXC93cC1jb250ZW50XC91cGxvYWRzXC8yMDIzXC8wM1wvc3RhZ2VzLW92ZW4taW1hZ2Uud2VicCIsInNsaWRlc2hvdyI6IjY2NTY5NTUifQ%3D%3D\">\n\t\t\t\t\t<div class=\"e-gallery-image elementor-gallery-item__image\" data-thumbnail=\"https:\/\/cedrat-technologies.com\/wp-content\/uploads\/2023\/03\/stages-oven-image.webp\" data-width=\"800\" data-height=\"534\" aria-label=\"stages-oven\" role=\"img\" ><\/div>\n\t\t\t\t\t\t\t\t\t\t\t\t\t\t<\/a>\n\t\t\t\t\t\t\t<a class=\"e-gallery-item elementor-gallery-item elementor-animated-content\" href=\"https:\/\/cedrat-technologies.com\/wp-content\/uploads\/2023\/03\/csm-production-image.webp\" data-elementor-open-lightbox=\"yes\" data-elementor-lightbox-slideshow=\"6656955\" data-e-action-hash=\"#elementor-action%3Aaction%3Dlightbox%26settings%3DeyJpZCI6NzgzOCwidXJsIjoiaHR0cHM6XC9cL2NlZHJhdC10ZWNobm9sb2dpZXMuY29tXC93cC1jb250ZW50XC91cGxvYWRzXC8yMDIzXC8wM1wvY3NtLXByb2R1Y3Rpb24taW1hZ2Uud2VicCIsInNsaWRlc2hvdyI6IjY2NTY5NTUifQ%3D%3D\">\n\t\t\t\t\t<div class=\"e-gallery-image elementor-gallery-item__image\" data-thumbnail=\"https:\/\/cedrat-technologies.com\/wp-content\/uploads\/2023\/03\/csm-production-image.webp\" data-width=\"350\" data-height=\"237\" aria-label=\"csm-production-\" role=\"img\" ><\/div>\n\t\t\t\t\t\t\t\t\t\t\t\t\t\t<\/a>\n\t\t\t\t\t<\/div>\n\t\t\t\t\t<\/div>\n\t\t\t\t<\/div>\n\t\t\t\t\t<\/div>\n\t\t\t\t<\/div>\n\t\t\t\t\t<\/div>\n\t\t\t\t<\/div>\n\t\t\t\t<\/div>\n\t\t","protected":false},"excerpt":{"rendered":"<p>https:\/\/www.youtube.com\/watch?v=H8dXUXlxG4M Des prototypes aux livraisons r\u00e9currentes de produits m\u00e9catroniques,\u00a0CEDRAT TECHNOLOGIES (CTEC) s\u2019appuie en 2021 sur une \u00e9quipe de plus de 20 op\u00e9rateurs, techniciens et ing\u00e9nieurs qui maitrisent tout autant les produits \u00e9lectroniques que les produits \u00e9lectrom\u00e9caniques.\u00a0Cette \u00e9quipe en pleine croissance travaille en collaboration avec les \u00e9quipes d\u2019ing\u00e9nierie d\u00e8s la phase de conception initiale pour garantir &#8230; <a title=\"Production\" class=\"read-more\" href=\"https:\/\/cedrat-technologies.com\/fr\/services\/production\/\" aria-label=\"En savoir plus sur Production\">Lire la suite<\/a><\/p>\n","protected":false},"author":1,"featured_media":0,"parent":16608,"menu_order":0,"comment_status":"closed","ping_status":"closed","template":"","meta":{"_acf_changed":false,"_seopress_robots_primary_cat":"","_seopress_titles_title":"Services de production - Cedrat Technologies","_seopress_titles_desc":"D\u00e9couvrez les services de production de Cedrat Technologies, comprenant la production \u00e0 petite \u00e9chelle, l&#039;assemblage et les tests de syst\u00e8mes et de composants m\u00e9catroniques.","_seopress_robots_index":"","footnotes":""},"class_list":["post-16632","page","type-page","status-publish"],"acf":[],"_links":{"self":[{"href":"https:\/\/cedrat-technologies.com\/fr\/wp-json\/wp\/v2\/pages\/16632","targetHints":{"allow":["GET"]}}],"collection":[{"href":"https:\/\/cedrat-technologies.com\/fr\/wp-json\/wp\/v2\/pages"}],"about":[{"href":"https:\/\/cedrat-technologies.com\/fr\/wp-json\/wp\/v2\/types\/page"}],"author":[{"embeddable":true,"href":"https:\/\/cedrat-technologies.com\/fr\/wp-json\/wp\/v2\/users\/1"}],"replies":[{"embeddable":true,"href":"https:\/\/cedrat-technologies.com\/fr\/wp-json\/wp\/v2\/comments?post=16632"}],"version-history":[{"count":0,"href":"https:\/\/cedrat-technologies.com\/fr\/wp-json\/wp\/v2\/pages\/16632\/revisions"}],"up":[{"embeddable":true,"href":"https:\/\/cedrat-technologies.com\/fr\/wp-json\/wp\/v2\/pages\/16608"}],"wp:attachment":[{"href":"https:\/\/cedrat-technologies.com\/fr\/wp-json\/wp\/v2\/media?parent=16632"}],"curies":[{"name":"wp","href":"https:\/\/api.w.org\/{rel}","templated":true}]}}