{"id":16626,"date":"2023-03-14T16:40:24","date_gmt":"2023-03-14T15:40:24","guid":{"rendered":"http:\/\/cedrat-technologies.com\/services\/propriete-intellectuelle\/ip-production\/"},"modified":"2025-04-14T14:30:42","modified_gmt":"2025-04-14T12:30:42","slug":"production-de-propriete-intellectuelle","status":"publish","type":"page","link":"https:\/\/cedrat-technologies.com\/fr\/services\/propriete-intellectuelle\/production-de-propriete-intellectuelle\/","title":{"rendered":"Production de propri\u00e9t\u00e9 intellectuelle"},"content":{"rendered":"\t\t<div data-elementor-type=\"wp-page\" data-elementor-id=\"16626\" class=\"elementor elementor-16626 elementor-7806\" data-elementor-post-type=\"page\">\n\t\t\t\t<div class=\"elementor-element elementor-element-6704084 e-flex e-con-boxed e-con e-parent\" data-id=\"6704084\" data-element_type=\"container\" data-e-type=\"container\">\n\t\t\t\t\t<div class=\"e-con-inner\">\n\t\t<div class=\"elementor-element elementor-element-cbc306a e-con-full e-flex e-con e-child\" data-id=\"cbc306a\" data-element_type=\"container\" data-e-type=\"container\">\n\t\t\t\t<div class=\"elementor-element elementor-element-4179eda elementor-widget elementor-widget-heading\" data-id=\"4179eda\" data-element_type=\"widget\" data-e-type=\"widget\" data-widget_type=\"heading.default\">\n\t\t\t\t<div class=\"elementor-widget-container\">\n\t\t\t\t\t<h1 class=\"elementor-heading-title elementor-size-default\">Production de propri\u00e9t\u00e9 intellectuelle<\/h1>\t\t\t\t<\/div>\n\t\t\t\t<\/div>\n\t\t\t\t<div class=\"elementor-element elementor-element-b17ee8c elementor-widget elementor-widget-text-editor\" data-id=\"b17ee8c\" data-element_type=\"widget\" data-e-type=\"widget\" data-widget_type=\"text-editor.default\">\n\t\t\t\t<div class=\"elementor-widget-container\">\n\t\t\t\t\t\t\t\t\t<p class=\"align-justify\">La production de droits en propri\u00e9t\u00e9 intellectuelle (PI) est r\u00e9alis\u00e9e par CEDRAT TECHNOLOGIES pour un large r\u00e9seau de partenaires: les grandes soci\u00e9t\u00e9s, institutions gouvernementales incluant laboratoires de recherche ainsi que les Petites et Moyennes Entreprises (PME) de diff\u00e9rents pays (France et plusieurs pays europ\u00e9ens).<\/p><p class=\"align-justify\">Ces innovations sont couvertes par des brevets d\u00e9pos\u00e9s par le client, par le CEDRAT TECHNOLOGIES\u00a0ou les deux. Des exemples de brevets r\u00e9sultant des inventions de\u00a0CEDRAT TECHNOLOGIES\u00a0et de ses partenaires le cas \u00e9ch\u00e9ant sont donn\u00e9s ci-dessous :<\/p><ul><li>Actionneur Pi\u00e9zo\u00e9lectrique Amplifi\u00e9 (CNES, F),<\/li><li>Actionneur Magn\u00e9tique Controllable (OSEO, F),<\/li><li>Actionneur \u00e0 Fluide Magn\u00e9toRh\u00e9ologique (MRF) (Fraunhofer, D),<\/li><li>Moteur \u00e9lectrique avec \u00e9l\u00e9ments vibrants et coupleur \u00e9lastique (FIGEST, NL),<\/li><li>Moteur \u00e0 onde progressive (FIGEST, NL),<\/li><li>Moteur pi\u00e9zo\u00e9lectrique bas\u00e9 sur des modules statoriques ind\u00e9pendants\u00a0 (CNES, F),<\/li><li>Syst\u00e8me de positionnement bas\u00e9 sur des actionneurs pi\u00e9zo\u00e9lectriques amplifi\u00e9s,<\/li><li>Contacteur et disjoncteur bas\u00e9s sur un actionneur pi\u00e9zo\u00e9lectrique (NBF, PME, F)<\/li><li>Transformateur pi\u00e9zo\u00e9lectrique (ETA, CH),<\/li><li>Interrupteur sans fil bas\u00e9 sur un g\u00e9n\u00e9rateur pi\u00e9zo\u00e9lectrique (LEGRAND, F)<\/li><li>Syst\u00e8me de d\u00e9gazage bas\u00e9 sur des transducteurs ultrasonores (GEOLOG,\u00a0PME, IT)<\/li><li>Amortissement actif de skis (SKI ROSSIGNOL,\u00a0 F),<\/li><li>Syst\u00e8me de contr\u00f4le actif de vibration pour machine outils (ESTARTA RECTIFICADORA DANOBAT, ES),<\/li><li>Syst\u00e8me optom\u00e9canique de stabilisation optique\u00a0dans les cam\u00e9ras infra rouge\u00a0(SAGEM, F),<\/li><li>Capteur de couple sans contact (PSA, F).<\/li><\/ul><p class=\"align-justify\">Les inventions CEDRAT TECHNOLOGIES\u00a0portent sur des\u00a0actionneurs, moteurs, transducteurs, capteurs et syst\u00e8mes m\u00e9catroniques d\u00e9crites dans les pages\u00a0<a class=\"internal-link\" href=\"https:\/\/www.cedrat-technologies.com\/fr\/technologies.html\" target=\"_top\">Technologies<\/a>.<\/p><p class=\"align-justify\">Les inventions CEDRAT TECHNOLOGIES\u00a0donnent naissance \u00e0 des\u00a0<a class=\"internal-link\" href=\"https:\/\/www.cedrat-technologies.com\/fr\/services\/propriete-intellectuelle\/gestion-de-propriete-intellectuelle.html\" target=\"_top\">droits de propri\u00e9t\u00e9 et d&rsquo;exploitation g\u00e9r\u00e9s par contrat<\/a>\u00a0suivant la nature de la collaboration.<\/p>\t\t\t\t\t\t\t\t<\/div>\n\t\t\t\t<\/div>\n\t\t\t\t<\/div>\n\t\t\t\t\t<\/div>\n\t\t\t\t<\/div>\n\t\t\t\t<\/div>\n\t\t","protected":false},"excerpt":{"rendered":"<p>La production de droits en propri\u00e9t\u00e9 intellectuelle (PI) est r\u00e9alis\u00e9e par CEDRAT TECHNOLOGIES pour un large r\u00e9seau de partenaires: les grandes soci\u00e9t\u00e9s, institutions gouvernementales incluant laboratoires de recherche ainsi que les Petites et Moyennes Entreprises (PME) de diff\u00e9rents pays (France et plusieurs pays europ\u00e9ens). Ces innovations sont couvertes par des brevets d\u00e9pos\u00e9s par le client, &#8230; <a title=\"Production de propri\u00e9t\u00e9 intellectuelle\" class=\"read-more\" href=\"https:\/\/cedrat-technologies.com\/fr\/services\/propriete-intellectuelle\/production-de-propriete-intellectuelle\/\" aria-label=\"En savoir plus sur Production de propri\u00e9t\u00e9 intellectuelle\">Lire la suite<\/a><\/p>\n","protected":false},"author":1,"featured_media":0,"parent":16613,"menu_order":0,"comment_status":"closed","ping_status":"closed","template":"","meta":{"_acf_changed":false,"_seopress_robots_primary_cat":"","_seopress_titles_title":"Services de production de propri\u00e9t\u00e9 intellectuelle - Cedrat Technologies","_seopress_titles_desc":"Explorez les services de production de propri\u00e9t\u00e9 intellectuelle de Cedrat Technologies, comprenant le transfert de technologie, le prototypage et la fabrication de produits innovants.","_seopress_robots_index":"","footnotes":""},"class_list":["post-16626","page","type-page","status-publish"],"acf":[],"_links":{"self":[{"href":"https:\/\/cedrat-technologies.com\/fr\/wp-json\/wp\/v2\/pages\/16626","targetHints":{"allow":["GET"]}}],"collection":[{"href":"https:\/\/cedrat-technologies.com\/fr\/wp-json\/wp\/v2\/pages"}],"about":[{"href":"https:\/\/cedrat-technologies.com\/fr\/wp-json\/wp\/v2\/types\/page"}],"author":[{"embeddable":true,"href":"https:\/\/cedrat-technologies.com\/fr\/wp-json\/wp\/v2\/users\/1"}],"replies":[{"embeddable":true,"href":"https:\/\/cedrat-technologies.com\/fr\/wp-json\/wp\/v2\/comments?post=16626"}],"version-history":[{"count":0,"href":"https:\/\/cedrat-technologies.com\/fr\/wp-json\/wp\/v2\/pages\/16626\/revisions"}],"up":[{"embeddable":true,"href":"https:\/\/cedrat-technologies.com\/fr\/wp-json\/wp\/v2\/pages\/16613"}],"wp:attachment":[{"href":"https:\/\/cedrat-technologies.com\/fr\/wp-json\/wp\/v2\/media?parent=16626"}],"curies":[{"name":"wp","href":"https:\/\/api.w.org\/{rel}","templated":true}]}}