{"id":16619,"date":"2023-03-14T16:43:18","date_gmt":"2023-03-14T15:43:18","guid":{"rendered":"http:\/\/cedrat-technologies.com\/services\/propriete-intellectuelle\/ip-management\/"},"modified":"2023-06-14T15:57:07","modified_gmt":"2023-06-14T13:57:07","slug":"gestion-de-propriete-intellectuelle","status":"publish","type":"page","link":"https:\/\/cedrat-technologies.com\/fr\/services\/propriete-intellectuelle\/gestion-de-propriete-intellectuelle\/","title":{"rendered":"Gestion de propri\u00e9t\u00e9 intellectuelle"},"content":{"rendered":"\t\t<div data-elementor-type=\"wp-page\" data-elementor-id=\"16619\" class=\"elementor elementor-16619 elementor-7812\" data-elementor-post-type=\"page\">\n\t\t\t\t<div class=\"elementor-element elementor-element-6704084 e-flex e-con-boxed e-con e-parent\" data-id=\"6704084\" data-element_type=\"container\" data-e-type=\"container\" data-settings=\"{&quot;background_background&quot;:&quot;gradient&quot;}\">\n\t\t\t\t\t<div class=\"e-con-inner\">\n\t\t<div class=\"elementor-element elementor-element-cbc306a e-con-full e-flex e-con e-parent\" data-id=\"cbc306a\" data-element_type=\"container\" data-e-type=\"container\">\n\t\t\t\t<div class=\"elementor-element elementor-element-23bf9ef elementor-widget elementor-widget-heading\" data-id=\"23bf9ef\" data-element_type=\"widget\" data-e-type=\"widget\" data-widget_type=\"heading.default\">\n\t\t\t\t<div class=\"elementor-widget-container\">\n\t\t\t\t\t<h1 class=\"elementor-heading-title elementor-size-default\">Gestion de propri\u00e9t\u00e9 intellectuelle<\/h1>\t\t\t\t<\/div>\n\t\t\t\t<\/div>\n\t\t\t\t<div class=\"elementor-element elementor-element-b17ee8c elementor-widget elementor-widget-text-editor\" data-id=\"b17ee8c\" data-element_type=\"widget\" data-e-type=\"widget\" data-widget_type=\"text-editor.default\">\n\t\t\t\t<div class=\"elementor-widget-container\">\n\t\t\t\t\t\t\t\t\t<p class=\"align-justify\">La gestion des droits de Propri\u00e9t\u00e9 Intellectuelle (PI) impliqu\u00e9s dans une \u00e9tude ou un projet de R&amp;D est d\u00e9crite dans un\u00a0Contrat propos\u00e9 par CEDRAT TECHNOLOGIES\u00a0au Client couvrant trois aspects :<\/p><p class=\"align-justify\"><b>Gestion de la production de PI :<\/b>\u00a0La gestion des droits en PI distingue les droits IP r\u00e9sultant du projet (Droits G\u00e9n\u00e9r\u00e9s) des\u00a0droits existants (Droits ant\u00e9rieurs). Les droits ant\u00e9rieurs ne sont pas transf\u00e9r\u00e9s par le Contrat\u00a0(sauf cas particulier).\u00a0Les Droits G\u00e9n\u00e9r\u00e9s\u00a0d\u00e9pendent du type de projet comme suit,\u00a0mais peut \u00eatre adapt\u00e9e ou modifi\u00e9e.<\/p><ul dir=\"ltr\"><li><div>Dans un projet de Conception CAO, les Droits g\u00e9n\u00e9r\u00e9s sont int\u00e9gralement transf\u00e9r\u00e9s au Client.<\/div><\/li><li><div>Dans un projet de R&amp;D sous contrat, les Droits g\u00e9n\u00e9r\u00e9s sont transf\u00e9r\u00e9s au Client dans son domaine. CEDRAT TECHNOLOGIES conserve une\u00a0licence hors du domaine du client.<\/div><\/li><li><div>Dans un projet de R&amp;D collaboratif, CEDRAT TECHNOLOGIES conserve\u00a0les Droits g\u00e9n\u00e9r\u00e9s et offre des licences \u00e0 des conditions privil\u00e9gi\u00e9es aux partenaires du projet.<\/div><\/li><\/ul><p class=\"align-justify\"><b>Gestion de la protection de PI :<\/b>\u00a0CEDRAT TECHNOLOGIES\u00a0propose des services vari\u00e9s li\u00e9s \u00e0 la protection de la Propri\u00e9t\u00e9 Intellectuelle, dans ses domaines techniques:<\/p><ul><li><div>Etablissement de l\u2019\u00e9tat de l\u2019art ant\u00e9rieur bas\u00e9 sur ses connaissances du paysage en brevets existants,<\/div><\/li><li><div>Recherche de brevets et analyse,<\/div><\/li><li><div>Identification des innovations pour une brevetabilit\u00e9,<\/div><\/li><li><div>Pr\u00e9paration de demandes de brevets (description , revendications, \u2026)<\/div><\/li><\/ul><p class=\"align-justify\">Dans le cadre de ses projets de R&amp;D, CEDRAT TECHNOLOGIES\u00a0peut fournir de tels services en PI \u00e0 ses clients. La gestion de la PI dans les projets de R&amp;D est particuli\u00e8rement importante dans de nouveaux domaines techniques dans lesquels CEDRAT TECHNOLOGIES\u00a0op\u00e8re, car ils g\u00e9n\u00e8rent beaucoup d\u2019opportunit\u00e9s d\u2019inventions. Cependant, l\u2019existence de droits en PI doit aussi \u00eatre \u00e9tudi\u00e9e au d\u00e9part des travaux\u00a0de R&amp;D. En combinant son expertise technique et sa capacit\u00e9 \u00e0 g\u00e9rer la Propri\u00e9t\u00e9 Intellectuelle, CEDRAT TECHNOLOGIES\u00a0peut aider son client \u00e0 investir dans des applications libres de droits en PI, \u00e0 pr\u00e9parer des brevets efficaces (description, structure des revendications,\u2026) et\u00a0\u00e0 conseiller le repr\u00e9sentant en PI pour le d\u00e9p\u00f4t formel. Ces services en PI sont souvent tr\u00e8s utiles pour les PME qui n\u2019ont pas de service juridique.<\/p><p class=\"align-justify\"><b>Gestion de l\u2019exploitation de PI :<\/b>\u00a0L\u2019exploitation des droits en PI est r\u00e9alis\u00e9e par CEDRAT TECHNOLOGIES\u00a0de diff\u00e9rentes fa\u00e7ons:<\/p><ul dir=\"ltr\"><li><div>R\u00e9alisation de nouveaux travaux de R&amp;D, bas\u00e9s sur ses technologies et ses droits en PI,<\/div><\/li><li><div>Fabrication et vente de produits pour les march\u00e9s professionnels,<\/div><\/li><li><div>Vente de licences sur les droits en PI d\u00e9tenus par CEDRAT TECHNOLOGIES.<\/div><\/li><\/ul><p class=\"align-justify\">CEDRAT TECHNOLOGIES\u00a0est int\u00e9ress\u00e9e\u00a0par la concession de licences de ses technologies (voir Production de PI) \u00e0 des industries vari\u00e9es, surtout dans la production de masse (automobile, biens de consommation \u2026). N\u2019h\u00e9sitez pas \u00e0 nous contacter pour plus de d\u00e9tails sur la gestion des droits en PI et la concession de licences.<\/p>\t\t\t\t\t\t\t\t<\/div>\n\t\t\t\t<\/div>\n\t\t\t\t<\/div>\n\t\t\t\t\t<\/div>\n\t\t\t\t<\/div>\n\t\t\t\t<\/div>\n\t\t","protected":false},"excerpt":{"rendered":"<p>La gestion des droits de Propri\u00e9t\u00e9 Intellectuelle (PI) impliqu\u00e9s dans une \u00e9tude ou un projet de R&amp;D est d\u00e9crite dans un\u00a0Contrat propos\u00e9 par CEDRAT TECHNOLOGIES\u00a0au Client couvrant trois aspects : Gestion de la production de PI :\u00a0La gestion des droits en PI distingue les droits IP r\u00e9sultant du projet (Droits G\u00e9n\u00e9r\u00e9s) des\u00a0droits existants (Droits ant\u00e9rieurs). &#8230; <a title=\"Gestion de propri\u00e9t\u00e9 intellectuelle\" class=\"read-more\" href=\"https:\/\/cedrat-technologies.com\/fr\/services\/propriete-intellectuelle\/gestion-de-propriete-intellectuelle\/\" aria-label=\"En savoir plus sur Gestion de propri\u00e9t\u00e9 intellectuelle\">Lire la suite<\/a><\/p>\n","protected":false},"author":1,"featured_media":0,"parent":16613,"menu_order":0,"comment_status":"closed","ping_status":"closed","template":"","meta":{"_acf_changed":false,"_seopress_robots_primary_cat":"","_seopress_titles_title":"Services de gestion de la propri\u00e9t\u00e9 intellectuelle - Cedrat Technologies","_seopress_titles_desc":"D\u00e9couvrez les services de gestion de la propri\u00e9t\u00e9 intellectuelle de Cedrat Technologies, comprenant la gestion de portefeuille de brevets, la veille technologique et le conseil strat\u00e9gique en PI.","_seopress_robots_index":"","footnotes":""},"class_list":["post-16619","page","type-page","status-publish"],"acf":[],"_links":{"self":[{"href":"https:\/\/cedrat-technologies.com\/fr\/wp-json\/wp\/v2\/pages\/16619","targetHints":{"allow":["GET"]}}],"collection":[{"href":"https:\/\/cedrat-technologies.com\/fr\/wp-json\/wp\/v2\/pages"}],"about":[{"href":"https:\/\/cedrat-technologies.com\/fr\/wp-json\/wp\/v2\/types\/page"}],"author":[{"embeddable":true,"href":"https:\/\/cedrat-technologies.com\/fr\/wp-json\/wp\/v2\/users\/1"}],"replies":[{"embeddable":true,"href":"https:\/\/cedrat-technologies.com\/fr\/wp-json\/wp\/v2\/comments?post=16619"}],"version-history":[{"count":0,"href":"https:\/\/cedrat-technologies.com\/fr\/wp-json\/wp\/v2\/pages\/16619\/revisions"}],"up":[{"embeddable":true,"href":"https:\/\/cedrat-technologies.com\/fr\/wp-json\/wp\/v2\/pages\/16613"}],"wp:attachment":[{"href":"https:\/\/cedrat-technologies.com\/fr\/wp-json\/wp\/v2\/media?parent=16619"}],"curies":[{"name":"wp","href":"https:\/\/api.w.org\/{rel}","templated":true}]}}